{"id":15,"date":"2021-02-08T14:26:20","date_gmt":"2021-02-08T13:26:20","guid":{"rendered":"http:\/\/cc.mathinic.nu\/?page_id=15"},"modified":"2025-06-24T11:43:35","modified_gmt":"2025-06-24T09:43:35","slug":"om-oss","status":"publish","type":"page","link":"https:\/\/conform.se\/de_de\/uber-uns\/","title":{"rendered":"\u00dcBER UNS"},"content":{"rendered":"<p>[et_pb_section fb_built=&#8221;1&#8243; _builder_version=&#8221;4.16&#8243; _module_preset=&#8221;_initial&#8221; global_colors_info=&#8221;{}&#8221;][et_pb_row column_structure=&#8221;2_5,3_5&#8243; use_custom_gutter=&#8221;on&#8221; gutter_width=&#8221;1&#8243; _builder_version=&#8221;4.16&#8243; _module_preset=&#8221;default&#8221; width=&#8221;100%&#8221; custom_margin=&#8221;15px||||false|false&#8221; custom_padding=&#8221;0px||||false|false&#8221; animation_style=&#8221;fade&#8221; global_colors_info=&#8221;{}&#8221;][et_pb_column type=&#8221;2_5&#8243; _builder_version=&#8221;4.16&#8243; _module_preset=&#8221;default&#8221; global_colors_info=&#8221;{}&#8221;][et_pb_text _builder_version=&#8221;4.16&#8243; _module_preset=&#8221;default&#8221; text_text_color=&#8221;#000000&#8243; text_font_size=&#8221;16px&#8221; text_letter_spacing=&#8221;0.2px&#8221; text_line_height=&#8221;1.4em&#8221; header_font=&#8221;||||||||&#8221; header_font_size=&#8221;55px&#8221; width=&#8221;450px&#8221; custom_margin=&#8221;50px|||50px|false|false&#8221; custom_margin_tablet=&#8221;&#8221; custom_margin_phone=&#8221;20px|20px|20px|20px|false|false&#8221; custom_margin_last_edited=&#8221;on|desktop&#8221; custom_padding=&#8221;||||false|false&#8221; header_font_size_tablet=&#8221;&#8221; header_font_size_phone=&#8221;30px&#8221; header_font_size_last_edited=&#8221;on|phone&#8221; global_colors_info=&#8221;{}&#8221;]<\/p>\n<h1>Products of<br \/>\na province.<\/h1>\n<p>[\/et_pb_text][et_pb_text _builder_version=&#8221;4.16&#8243; _module_preset=&#8221;default&#8221; text_text_color=&#8221;#000000&#8243; text_font_size=&#8221;16px&#8221; text_letter_spacing=&#8221;0.2px&#8221; text_line_height=&#8221;1.4em&#8221; header_font=&#8221;MillerBannerLight||||||||&#8221; header_font_size=&#8221;55px&#8221; width=&#8221;450px&#8221; width_tablet=&#8221;&#8221; width_phone=&#8221;&#8221; width_last_edited=&#8221;on|desktop&#8221; custom_margin=&#8221;50px|||50px|false|false&#8221; custom_margin_tablet=&#8221;&#8221; custom_margin_phone=&#8221;20px|20px|20px|20px|false|false&#8221; custom_margin_last_edited=&#8221;on|desktop&#8221; custom_padding=&#8221;||||false|false&#8221; header_font_size_tablet=&#8221;&#8221; header_font_size_phone=&#8221;30px&#8221; header_font_size_last_edited=&#8221;on|phone&#8221; global_colors_info=&#8221;{}&#8221;]T\u00e4t, gr\u00e5gr\u00f6n granskog \u00e4r din st\u00e4ndiga f\u00f6ljeslagare, oavsett vilken v\u00e4g du v\u00e4ljer genom Sm\u00e5land. Men h\u00e4r och var spricker det upp \u2013 och det som d\u00e5 m\u00f6ter dig \u00e4r sannolikt en m\u00f6belfabrik.<\/p>\n<p>In alten Zeiten forderte unsere Landschaft harte und mu\u0308hselige Arbeit. Dieses hat den Charakter der Bewohner Sm\u00e5lands geformtsensibel, ehrlich und ausdauernd- Qualit\u00e4ten welche auch den Rahmen der M\u00f6belherstellung\nbildeten. Sm\u00e5lands M\u00f6bel sagen nicht \u2018\u2018Hier bin ich\u2018\u2018 sondern \u2018\u2018Ich bin fu\u0308r dich da\u2018\u2018.<\/p>\n<p>Diese Einstellung hat ein ganzes M\u00f6belreich erschaffen und wir sind stolz ein Teil dieser Tradition zu sein.<br \/>\n[\/et_pb_text][\/et_pb_column][et_pb_column type=&#8221;3_5&#8243; _builder_version=&#8221;4.16&#8243; _module_preset=&#8221;default&#8221; background_enable_image=&#8221;off&#8221; global_colors_info=&#8221;{}&#8221;][et_pb_image src=&#8221;https:\/\/conform.se\/wp-content\/uploads\/2021\/04\/28_2014_CONFORM_Conform_torn_klar_1-1.jpg&#8221; title_text=&#8221;28_2014_CONFORM_Conform_torn_klar_1&#8243; _builder_version=&#8221;4.16&#8243; _module_preset=&#8221;default&#8221; custom_margin=&#8221;|||50px|false|false&#8221; custom_margin_tablet=&#8221;&#8221; custom_margin_phone=&#8221;auto|||auto|false|false&#8221; custom_margin_last_edited=&#8221;on|phone&#8221; global_colors_info=&#8221;{}&#8221;][\/et_pb_image][\/et_pb_column][\/et_pb_row][et_pb_row column_structure=&#8221;2_5,3_5&#8243; use_custom_gutter=&#8221;on&#8221; gutter_width=&#8221;1&#8243; _builder_version=&#8221;4.16&#8243; _module_preset=&#8221;default&#8221; width=&#8221;100%&#8221; custom_padding=&#8221;60px||||false|false&#8221; animation_style=&#8221;fade&#8221; global_colors_info=&#8221;{}&#8221;][et_pb_column type=&#8221;2_5&#8243; _builder_version=&#8221;4.16&#8243; _module_preset=&#8221;default&#8221; global_colors_info=&#8221;{}&#8221;][et_pb_image src=&#8221;https:\/\/conform.se\/wp-content\/uploads\/2021\/07\/Job_2879_adjusted-even-warmer-1-scaled.jpg&#8221; title_text=&#8221;Job_2879_adjusted even warmer (1)&#8221; _builder_version=&#8221;4.27.0&#8243; _module_preset=&#8221;default&#8221; width=&#8221;600px&#8221; width_tablet=&#8221;&#8221; width_phone=&#8221;100%&#8221; width_last_edited=&#8221;on|phone&#8221; custom_margin=&#8221;70px||||false|false&#8221; hover_enabled=&#8221;0&#8243; global_colors_info=&#8221;{}&#8221; sticky_enabled=&#8221;0&#8243;][\/et_pb_image][\/et_pb_column][et_pb_column type=&#8221;3_5&#8243; _builder_version=&#8221;4.16&#8243; _module_preset=&#8221;default&#8221; background_enable_image=&#8221;off&#8221; custom_padding=&#8221;||||false|false&#8221; global_colors_info=&#8221;{}&#8221;][et_pb_text _builder_version=&#8221;4.16&#8243; _module_preset=&#8221;default&#8221; text_text_color=&#8221;#000000&#8243; header_font=&#8221;MillerBannerLight||||||||&#8221; header_font_size=&#8221;55px&#8221; header_line_height=&#8221;1.1em&#8221; header_3_font_size=&#8221;55px&#8221; header_4_font=&#8221;||||||||&#8221; header_4_font_size=&#8221;55px&#8221; width=&#8221;450px&#8221; width_tablet=&#8221;&#8221; width_phone=&#8221;&#8221; width_last_edited=&#8221;on|phone&#8221; custom_margin=&#8221;|||150px|false|false&#8221; custom_margin_tablet=&#8221;&#8221; custom_margin_phone=&#8221;20px|20px|20px|20px|false|false&#8221; custom_margin_last_edited=&#8221;on|desktop&#8221; custom_padding=&#8221;||||false|false&#8221; header_font_size_tablet=&#8221;&#8221; header_font_size_phone=&#8221;30px&#8221; header_font_size_last_edited=&#8221;on|phone&#8221; global_colors_info=&#8221;{}&#8221;]<\/p>\n<h4>When we\u2019ve finished our work, you\u2019re the one who gets to relax.<\/h4>\n<p>[\/et_pb_text][et_pb_text _builder_version=&#8221;4.16&#8243; _module_preset=&#8221;default&#8221; text_text_color=&#8221;#000000&#8243; header_font=&#8221;MillerBannerLight||||||||&#8221; header_font_size=&#8221;55px&#8221; header_line_height=&#8221;1.1em&#8221; header_4_font=&#8221;MillerBannerLight||||||||&#8221; header_4_font_size=&#8221;20px&#8221; header_4_line_height=&#8221;1.6em&#8221; width=&#8221;450px&#8221; width_tablet=&#8221;&#8221; width_phone=&#8221;&#8221; width_last_edited=&#8221;on|phone&#8221; custom_margin=&#8221;40px||40px|150px|false|false&#8221; custom_margin_tablet=&#8221;&#8221; custom_margin_phone=&#8221;20px|20px|20px|20px|false|false&#8221; custom_margin_last_edited=&#8221;on|desktop&#8221; custom_padding=&#8221;||||false|false&#8221; global_colors_info=&#8221;{}&#8221;]<\/p>\n<h4>Jedes M\u00f6belstu\u0308ck von Conform wird entworfen um dir den bequemsten Platz in deinem Zuhause zu bieten. Je mehr Arbeit wir investieren, desto mehr Gefallen wirst du daran finden.<\/h4>\n<p>[\/et_pb_text][et_pb_text admin_label=&#8221;Text&#8221; _builder_version=&#8221;4.16&#8243; _module_preset=&#8221;default&#8221; text_text_color=&#8221;#000000&#8243; text_font_size=&#8221;16px&#8221; text_letter_spacing=&#8221;0.2px&#8221; text_line_height=&#8221;1.4em&#8221; header_font=&#8221;MillerBannerLight||||||||&#8221; header_font_size=&#8221;55px&#8221; header_line_height=&#8221;1.1em&#8221; header_4_line_height=&#8221;1.3em&#8221; width=&#8221;375px&#8221; width_tablet=&#8221;&#8221; width_phone=&#8221;&#8221; width_last_edited=&#8221;on|phone&#8221; custom_margin=&#8221;|||150px|false|false&#8221; custom_margin_tablet=&#8221;&#8221; custom_margin_phone=&#8221;20px|20px|20px|20px|false|false&#8221; custom_margin_last_edited=&#8221;on|desktop&#8221; custom_padding=&#8221;||||false|false&#8221; global_colors_info=&#8221;{}&#8221;]<\/p>\n<p>Det b\u00f6rjade f\u00f6r \u00f6ver fyrtio \u00e5r sedan. D\u00e5 var det 1978 och vi tillverkade f\u00e5t\u00f6ljer i sm\u00e5l\u00e4ndska Holsbybrunn. Nu \u00e4r det 2025 och vi tillverkar fortfarande f\u00e5t\u00f6ljer i sm\u00e5l\u00e4ndska Holsbybrunn.<\/p>\n<p>Auf den ersten Blick ist kein Unterschied ersichtlich, doch schau genau hin und du wirst eine bemerkenswerte Entwicklung in Bezug auf Materialien, Design und Herstellung finden.<\/p>\n<p>Sicher, wir k\u00f6nnten unser Sortiment erweitern, wir sind jedoch wunschlos glu\u0308cklich Sessel und Hocker herzustellen. Fu\u0308r uns ist Spezialisierung wertvoll. Es bedeutet, dass das was wir herstellen speziell ist.<\/p>\n<p>[\/et_pb_text][\/et_pb_column][\/et_pb_row][\/et_pb_section][et_pb_section fb_built=&#8221;1&#8243; specialty=&#8221;on&#8221; _builder_version=&#8221;4.16&#8243; _module_preset=&#8221;default&#8221; global_colors_info=&#8221;{}&#8221;][et_pb_column type=&#8221;2_3&#8243; specialty_columns=&#8221;2&#8243; _builder_version=&#8221;4.16&#8243; custom_padding=&#8221;|||&#8221; global_colors_info=&#8221;{}&#8221; custom_padding__hover=&#8221;|||&#8221;][et_pb_row_inner _builder_version=&#8221;4.16&#8243; _module_preset=&#8221;default&#8221; animation_style=&#8221;fade&#8221; global_colors_info=&#8221;{}&#8221;][et_pb_column_inner saved_specialty_column_type=&#8221;2_3&#8243; _builder_version=&#8221;4.16&#8243; _module_preset=&#8221;default&#8221; global_colors_info=&#8221;{}&#8221;][et_pb_text _builder_version=&#8221;4.16&#8243; _module_preset=&#8221;default&#8221; header_font=&#8221;MillerBannerLight||||||||&#8221; header_font_size=&#8221;55px&#8221; header_letter_spacing=&#8221;0.2px&#8221; header_line_height=&#8221;1.2em&#8221; header_4_font=&#8221;MillerBannerRoman||||||||&#8221; header_4_font_size=&#8221;55px&#8221; width=&#8221;300px&#8221; width_tablet=&#8221;&#8221; width_phone=&#8221;&#8221; width_last_edited=&#8221;on|phone&#8221; custom_margin=&#8221;|||150px|false|false&#8221; custom_margin_tablet=&#8221;&#8221; custom_margin_phone=&#8221;20px|20px|20px|20px|false|false&#8221; custom_margin_last_edited=&#8221;on|phone&#8221; header_font_size_tablet=&#8221;&#8221; header_font_size_phone=&#8221;30px&#8221; header_font_size_last_edited=&#8221;on|phone&#8221; global_colors_info=&#8221;{}&#8221;]<\/p>\n<h4>Following the<br \/>sitting curve.<\/h4>\n<p>[\/et_pb_text][\/et_pb_column_inner][\/et_pb_row_inner][et_pb_row_inner column_structure=&#8221;1_2,1_2&#8243; _builder_version=&#8221;4.16&#8243; _module_preset=&#8221;default&#8221; custom_margin=&#8221;0px||0px||false|false&#8221; custom_padding=&#8221;0px||0px||false|false&#8221; animation_style=&#8221;fade&#8221; global_colors_info=&#8221;{}&#8221;][et_pb_column_inner type=&#8221;1_2&#8243; saved_specialty_column_type=&#8221;2_3&#8243; _builder_version=&#8221;4.16&#8243; _module_preset=&#8221;default&#8221; global_colors_info=&#8221;{}&#8221;][et_pb_text _builder_version=&#8221;4.18.1&#8243; _module_preset=&#8221;default&#8221; text_text_color=&#8221;#000000&#8243; header_font=&#8221;MillerBannerLight||||||||&#8221; header_font_size=&#8221;55px&#8221; header_line_height=&#8221;1.1em&#8221; header_4_font=&#8221;MillerBannerLight||||||||&#8221; header_4_font_size=&#8221;20px&#8221; header_4_line_height=&#8221;1.6em&#8221; width=&#8221;100%&#8221; width_tablet=&#8221;&#8221; width_phone=&#8221;&#8221; width_last_edited=&#8221;on|phone&#8221; custom_margin=&#8221;|||150px|false|false&#8221; custom_margin_tablet=&#8221;&#8221; custom_margin_phone=&#8221;20px|20px|20px|20px|false|false&#8221; custom_margin_last_edited=&#8221;on|phone&#8221; custom_padding=&#8221;||||false|false&#8221; global_colors_info=&#8221;{}&#8221;]<\/p>\n<h4>Sehen und Sitzen sind die ersten zwei W\u00f6rter in Conform\u2018s W\u00f6rterbuch. Jeder einzelne Sessel soll so einladend aussehen, das du ihn einfach ausprobieren musst. Und hast du dich erst einmal niedergelassen, m\u00f6chtest du ungern wieder aufstehen.<\/h4>\n<h4>Design, Ergonomik und Finish sind eng miteinander verbunden \u2013 ja, sogar \u00e4u\u00dferst wichtig fu\u0308reinander.<\/h4>\n<p>[\/et_pb_text][\/et_pb_column_inner][et_pb_column_inner type=&#8221;1_2&#8243; saved_specialty_column_type=&#8221;2_3&#8243; _builder_version=&#8221;4.16&#8243; _module_preset=&#8221;default&#8221; global_colors_info=&#8221;{}&#8221;][et_pb_image src=&#8221;https:\/\/conform.se\/wp-content\/uploads\/2021\/04\/32_2014_CONFORM.jpg&#8221; title_text=&#8221;32_2014_CONFORM&#8221; _builder_version=&#8221;4.16&#8243; _module_preset=&#8221;default&#8221; width=&#8221;250px&#8221; width_tablet=&#8221;&#8221; width_phone=&#8221;&#8221; width_last_edited=&#8221;on|phone&#8221; module_alignment=&#8221;right&#8221; global_colors_info=&#8221;{}&#8221;][\/et_pb_image][\/et_pb_column_inner][\/et_pb_row_inner][et_pb_row_inner _builder_version=&#8221;4.16&#8243; _module_preset=&#8221;default&#8221; animation_style=&#8221;fade&#8221; global_colors_info=&#8221;{}&#8221;][et_pb_column_inner saved_specialty_column_type=&#8221;2_3&#8243; _builder_version=&#8221;4.16&#8243; _module_preset=&#8221;default&#8221; global_colors_info=&#8221;{}&#8221;][et_pb_image src=&#8221;https:\/\/conform.se\/wp-content\/uploads\/2021\/07\/C-O-N-F-O-R-M-M-I-M-I14871_vepa_Forstorad-200-scaled.jpg&#8221; title_text=&#8221;C O N F O R M &#8211; M I M I14871_vepa_F\u00f6rstorad-200&#8243; align=&#8221;right&#8221; align_tablet=&#8221;&#8221; align_phone=&#8221;center&#8221; align_last_edited=&#8221;on|phone&#8221; _builder_version=&#8221;4.27.0&#8243; _module_preset=&#8221;default&#8221; width=&#8221;550px&#8221; width_tablet=&#8221;&#8221; width_phone=&#8221;&#8221; width_last_edited=&#8221;on|phone&#8221; hover_enabled=&#8221;0&#8243; global_colors_info=&#8221;{}&#8221; sticky_enabled=&#8221;0&#8243;][\/et_pb_image][\/et_pb_column_inner][\/et_pb_row_inner][\/et_pb_column][et_pb_column type=&#8221;1_3&#8243; _builder_version=&#8221;4.16&#8243; custom_padding=&#8221;|||&#8221; global_colors_info=&#8221;{}&#8221; custom_padding__hover=&#8221;|||&#8221;][et_pb_text _builder_version=&#8221;4.16&#8243; _module_preset=&#8221;default&#8221; text_text_color=&#8221;#000000&#8243; text_font_size=&#8221;16px&#8221; text_letter_spacing=&#8221;0.2px&#8221; text_line_height=&#8221;1.6em&#8221; width=&#8221;330px&#8221; width_tablet=&#8221;&#8221; width_phone=&#8221;&#8221; width_last_edited=&#8221;on|phone&#8221; custom_margin=&#8221;300px||||false|false&#8221; custom_margin_tablet=&#8221;&#8221; custom_margin_phone=&#8221;20px||||false|false&#8221; custom_margin_last_edited=&#8221;on|phone&#8221; global_colors_info=&#8221;{}&#8221;]Det smidigaste s\u00e4ttet att tillverka en m\u00f6bel \u00e4r att anv\u00e4nda raka linjer och plana ytor. Allra enklast \u00e4r om den bara best\u00e5r av r\u00e4ta block, som \u00e4r l\u00e4tta att kl\u00e4 och foga samman.<\/p>\n<p>Das ist nicht der Conform Weg.<br \/>\nUnsere Sessel haben gebogene Fl\u00e4chen, lebendige Linien mit einer gediegenen Anordnung, sowie einer eingebauten Technologie welche deinen K\u00f6rper in jeder Position unterstu\u0308tzt.<\/p>\n<p>Zu verstehen, wie sich der Unterru\u0308cken ver\u00e4ndert und der Schwerpunkt verlagert ist essenziell in unserer Produktentwicklung. Wir nennen das fu\u0308r \u2018\u2018Sitzkurve\u2018\u2018, welche wir seit Jahrzehnten folgen und unsere Sessel zu einer der bequemsten weltweit macht.<\/p>\n<p>Um ein organisch geformtes M.belstu\u0308ck mit beweglichen Teilen zu erstellen, gebraucht es die Erfahrung von geschickten Handwerkern. Die Polsterung muss genau richtig aufgespannt werden, um Falten und Zwischenr\u00e4ume zu vermeiden. Oberfl\u00e4chen mu\u0308ssen pr\u00e4zise an einander gefu\u0308hrt werden.<\/p>\n<p>Aus diesem Grund kann Conform\u2018s Herstellung niemals komplett automatisch ausgefu\u0308hrt werden. Es gebraucht Menschenh\u00e4nde und Augen um zu polieren, polstern und montieren- Menschen die ein gutes Handwerk wiedererkennen- genau wie du.<br \/>\n[\/et_pb_text][\/et_pb_column][\/et_pb_section][et_pb_section fb_built=&#8221;1&#8243; _builder_version=&#8221;4.16&#8243; _module_preset=&#8221;default&#8221; background_color=&#8221;#E6E1DD&#8221; custom_margin=&#8221;||62px||false|false&#8221; custom_padding=&#8221;||40px||false|false&#8221; global_colors_info=&#8221;{}&#8221;][et_pb_row _builder_version=&#8221;4.16&#8243; _module_preset=&#8221;default&#8221; width=&#8221;955px&#8221; width_tablet=&#8221;&#8221; width_phone=&#8221;&#8221; width_last_edited=&#8221;on|phone&#8221; module_alignment=&#8221;center&#8221; animation_style=&#8221;fade&#8221; global_colors_info=&#8221;{}&#8221;][et_pb_column type=&#8221;4_4&#8243; _builder_version=&#8221;4.16&#8243; _module_preset=&#8221;default&#8221; global_colors_info=&#8221;{}&#8221;][et_pb_video src=&#8221;https:\/\/youtu.be\/OaWtu0FdZ7U&#8221; _builder_version=&#8221;4.16&#8243; _module_preset=&#8221;default&#8221; global_colors_info=&#8221;{}&#8221;][\/et_pb_video][\/et_pb_column][\/et_pb_row][\/et_pb_section]<\/p>","protected":false},"excerpt":{"rendered":"<p>Landskapad tradition. T\u00e4t, gr\u00e5gr\u00f6n granskog \u00e4r din st\u00e4ndiga f\u00f6ljeslagare, oavsett vilken v\u00e4g du v\u00e4ljer genom Sm\u00e5land. Men h\u00e4r och var spricker det upp \u2013 och det som d\u00e5 m\u00f6ter dig \u00e4r sannolikt en m\u00f6belfabrik. I forna dagar kr\u00e4vde v\u00e5rt landskap h\u00e5rt och idogt arbete. Det kom att forma sm\u00e5l\u00e4nningen, vars karakt\u00e4rsdrag i sin tur bildade [&hellip;]<\/p>","protected":false},"author":1,"featured_media":0,"parent":0,"menu_order":0,"comment_status":"closed","ping_status":"closed","template":"","meta":{"_acf_changed":false,"_et_pb_use_builder":"on","_et_pb_old_content":"","_et_gb_content_width":"","footnotes":""},"class_list":["post-15","page","type-page","status-publish","hentry"],"acf":[],"yoast_head":"<!-- This site is optimized with the Yoast SEO plugin v26.3 - https:\/\/yoast.com\/wordpress\/plugins\/seo\/ -->\n<title>OM OSS - Conform Collection AB<\/title>\n<meta name=\"robots\" content=\"index, follow, max-snippet:-1, max-image-preview:large, max-video-preview:-1\" \/>\n<link rel=\"canonical\" href=\"https:\/\/conform.se\/de_de\/uber-uns\/\" \/>\n<meta property=\"og:locale\" content=\"de_DE\" \/>\n<meta property=\"og:type\" content=\"article\" \/>\n<meta property=\"og:title\" content=\"OM OSS - Conform Collection AB\" \/>\n<meta property=\"og:description\" content=\"Landskapad tradition. T\u00e4t, gr\u00e5gr\u00f6n granskog \u00e4r din st\u00e4ndiga f\u00f6ljeslagare, oavsett vilken v\u00e4g du v\u00e4ljer genom Sm\u00e5land. Men h\u00e4r och var spricker det upp \u2013 och det som d\u00e5 m\u00f6ter dig \u00e4r sannolikt en m\u00f6belfabrik. I forna dagar kr\u00e4vde v\u00e5rt landskap h\u00e5rt och idogt arbete. Det kom att forma sm\u00e5l\u00e4nningen, vars karakt\u00e4rsdrag i sin tur bildade [&hellip;]\" \/>\n<meta property=\"og:url\" content=\"https:\/\/conform.se\/de_de\/uber-uns\/\" \/>\n<meta property=\"og:site_name\" content=\"Conform Collection AB\" \/>\n<meta property=\"article:modified_time\" content=\"2025-06-24T09:43:35+00:00\" \/>\n<meta name=\"twitter:card\" content=\"summary_large_image\" \/>\n<meta name=\"twitter:label1\" content=\"Gesch\u00e4tzte Lesezeit\" \/>\n\t<meta name=\"twitter:data1\" content=\"4\u00a0Minuten\" \/>\n<script type=\"application\/ld+json\" class=\"yoast-schema-graph\">{\"@context\":\"https:\/\/schema.org\",\"@graph\":[{\"@type\":\"WebPage\",\"@id\":\"https:\/\/conform.se\/om-oss\/\",\"url\":\"https:\/\/conform.se\/om-oss\/\",\"name\":\"OM OSS - Conform Collection AB\",\"isPartOf\":{\"@id\":\"https:\/\/conform.se\/#website\"},\"datePublished\":\"2021-02-08T13:26:20+00:00\",\"dateModified\":\"2025-06-24T09:43:35+00:00\",\"breadcrumb\":{\"@id\":\"https:\/\/conform.se\/om-oss\/#breadcrumb\"},\"inLanguage\":\"de\",\"potentialAction\":[{\"@type\":\"ReadAction\",\"target\":[\"https:\/\/conform.se\/om-oss\/\"]}]},{\"@type\":\"BreadcrumbList\",\"@id\":\"https:\/\/conform.se\/om-oss\/#breadcrumb\",\"itemListElement\":[{\"@type\":\"ListItem\",\"position\":1,\"name\":\"Hem\",\"item\":\"https:\/\/conform.se\/\"},{\"@type\":\"ListItem\",\"position\":2,\"name\":\"OM OSS\"}]},{\"@type\":\"WebSite\",\"@id\":\"https:\/\/conform.se\/#website\",\"url\":\"https:\/\/conform.se\/\",\"name\":\"Conform Collection AB\",\"description\":\"En f\u00e5t\u00f6lj fr\u00e5n Conform \u00e4r en v\u00e4lgjord f\u00e5t\u00f6lj av h\u00f6gsta kvalitet.\",\"potentialAction\":[{\"@type\":\"SearchAction\",\"target\":{\"@type\":\"EntryPoint\",\"urlTemplate\":\"https:\/\/conform.se\/?s={search_term_string}\"},\"query-input\":{\"@type\":\"PropertyValueSpecification\",\"valueRequired\":true,\"valueName\":\"search_term_string\"}}],\"inLanguage\":\"de\"}]}<\/script>\n<!-- \/ Yoast SEO plugin. -->","yoast_head_json":{"title":"OM OSS - Conform Collection AB","robots":{"index":"index","follow":"follow","max-snippet":"max-snippet:-1","max-image-preview":"max-image-preview:large","max-video-preview":"max-video-preview:-1"},"canonical":"https:\/\/conform.se\/de_de\/uber-uns\/","og_locale":"de_DE","og_type":"article","og_title":"OM OSS - Conform Collection AB","og_description":"Landskapad tradition. T\u00e4t, gr\u00e5gr\u00f6n granskog \u00e4r din st\u00e4ndiga f\u00f6ljeslagare, oavsett vilken v\u00e4g du v\u00e4ljer genom Sm\u00e5land. Men h\u00e4r och var spricker det upp \u2013 och det som d\u00e5 m\u00f6ter dig \u00e4r sannolikt en m\u00f6belfabrik. I forna dagar kr\u00e4vde v\u00e5rt landskap h\u00e5rt och idogt arbete. Det kom att forma sm\u00e5l\u00e4nningen, vars karakt\u00e4rsdrag i sin tur bildade [&hellip;]","og_url":"https:\/\/conform.se\/de_de\/uber-uns\/","og_site_name":"Conform Collection AB","article_modified_time":"2025-06-24T09:43:35+00:00","twitter_card":"summary_large_image","twitter_misc":{"Gesch\u00e4tzte Lesezeit":"4\u00a0Minuten"},"schema":{"@context":"https:\/\/schema.org","@graph":[{"@type":"WebPage","@id":"https:\/\/conform.se\/om-oss\/","url":"https:\/\/conform.se\/om-oss\/","name":"OM OSS - Conform Collection AB","isPartOf":{"@id":"https:\/\/conform.se\/#website"},"datePublished":"2021-02-08T13:26:20+00:00","dateModified":"2025-06-24T09:43:35+00:00","breadcrumb":{"@id":"https:\/\/conform.se\/om-oss\/#breadcrumb"},"inLanguage":"de","potentialAction":[{"@type":"ReadAction","target":["https:\/\/conform.se\/om-oss\/"]}]},{"@type":"BreadcrumbList","@id":"https:\/\/conform.se\/om-oss\/#breadcrumb","itemListElement":[{"@type":"ListItem","position":1,"name":"Hem","item":"https:\/\/conform.se\/"},{"@type":"ListItem","position":2,"name":"OM OSS"}]},{"@type":"WebSite","@id":"https:\/\/conform.se\/#website","url":"https:\/\/conform.se\/","name":"Conform Collection AB","description":"En f\u00e5t\u00f6lj fr\u00e5n Conform \u00e4r en v\u00e4lgjord f\u00e5t\u00f6lj av h\u00f6gsta kvalitet.","potentialAction":[{"@type":"SearchAction","target":{"@type":"EntryPoint","urlTemplate":"https:\/\/conform.se\/?s={search_term_string}"},"query-input":{"@type":"PropertyValueSpecification","valueRequired":true,"valueName":"search_term_string"}}],"inLanguage":"de"}]}},"_links":{"self":[{"href":"https:\/\/conform.se\/de_de\/wp-json\/wp\/v2\/pages\/15","targetHints":{"allow":["GET"]}}],"collection":[{"href":"https:\/\/conform.se\/de_de\/wp-json\/wp\/v2\/pages"}],"about":[{"href":"https:\/\/conform.se\/de_de\/wp-json\/wp\/v2\/types\/page"}],"author":[{"embeddable":true,"href":"https:\/\/conform.se\/de_de\/wp-json\/wp\/v2\/users\/1"}],"replies":[{"embeddable":true,"href":"https:\/\/conform.se\/de_de\/wp-json\/wp\/v2\/comments?post=15"}],"version-history":[{"count":6,"href":"https:\/\/conform.se\/de_de\/wp-json\/wp\/v2\/pages\/15\/revisions"}],"predecessor-version":[{"id":60258,"href":"https:\/\/conform.se\/de_de\/wp-json\/wp\/v2\/pages\/15\/revisions\/60258"}],"wp:attachment":[{"href":"https:\/\/conform.se\/de_de\/wp-json\/wp\/v2\/media?parent=15"}],"curies":[{"name":"wp","href":"https:\/\/api.w.org\/{rel}","templated":true}]}}