{"id":17,"date":"2021-02-08T14:26:37","date_gmt":"2021-02-08T13:26:37","guid":{"rendered":"http:\/\/cc.mathinic.nu\/?page_id=17"},"modified":"2025-11-06T09:47:06","modified_gmt":"2025-11-06T08:47:06","slug":"designers","status":"publish","type":"page","link":"https:\/\/conform.se\/de_de\/designers\/","title":{"rendered":"DESIGNER"},"content":{"rendered":"<p>[et_pb_section fb_built=&#8221;1&#8243; _builder_version=&#8221;4.18.1&#8243; _module_preset=&#8221;default&#8221; background_color=&#8221;#E6E1DD&#8221; width=&#8221;100%&#8221; max_width=&#8221;100%&#8221; global_colors_info=&#8221;{}&#8221;][et_pb_row _builder_version=&#8221;4.18.1&#8243; _module_preset=&#8221;default&#8221; width=&#8221;100%&#8221; custom_margin=&#8221;30px||||false|false&#8221; global_colors_info=&#8221;{}&#8221;][et_pb_column type=&#8221;4_4&#8243; _builder_version=&#8221;4.16&#8243; _module_preset=&#8221;default&#8221; global_colors_info=&#8221;{}&#8221;][et_pb_text admin_label=&#8221;Text&#8221; _builder_version=&#8221;4.18.1&#8243; _module_preset=&#8221;default&#8221; text_text_color=&#8221;#000000&#8243; header_font=&#8221;MillerBannerRoman||||||||&#8221; header_font_size=&#8221;70px&#8221; header_line_height=&#8221;1.2em&#8221; header_3_font=&#8221;MillerBannerLight||||||||&#8221; header_3_font_size=&#8221;20px&#8221; header_3_line_height=&#8221;1.4em&#8221; text_orientation=&#8221;center&#8221; width_tablet=&#8221;&#8221; width_phone=&#8221;&#8221; width_last_edited=&#8221;on|phone&#8221; max_width=&#8221;100%&#8221; module_alignment=&#8221;center&#8221; header_font_size_tablet=&#8221;70px&#8221; header_font_size_phone=&#8221;48px&#8221; header_font_size_last_edited=&#8221;on|phone&#8221; global_colors_info=&#8221;{}&#8221;]<\/p>\n<h1>DRIVEN<br \/>BY DESIGN.<\/h1>\n<p>[\/et_pb_text][et_pb_text _builder_version=&#8221;4.22.1&#8243; _module_preset=&#8221;default&#8221; text_text_color=&#8221;#000000&#8243; header_font=&#8221;MillerBannerLight||||||||&#8221; header_font_size=&#8221;70px&#8221; header_line_height=&#8221;1.2em&#8221; header_3_font=&#8221;MillerBannerLight||||||||&#8221; header_3_font_size=&#8221;20px&#8221; header_3_line_height=&#8221;1.4em&#8221; text_orientation=&#8221;center&#8221; max_width=&#8221;720px&#8221; max_width_tablet=&#8221;720px&#8221; max_width_phone=&#8221;88%&#8221; max_width_last_edited=&#8221;on|desktop&#8221; module_alignment=&#8221;center&#8221; global_colors_info=&#8221;{}&#8221;]<\/p>\n<h3 style=\"text-align: center;\">Eine nahe und langanhaltende Zusammenarbeit mit unseren externen Designern ist \u00e4u\u00dferst wichtig fu\u0308r unsere Produktentwicklung. Beim Verwirklichen der Skizzen und Ideen finden wir neue technische L\u00f6sungen, Materialien und Kombinationen.<\/h3>\n<p>[\/et_pb_text][et_pb_text _builder_version=&#8221;4.22.1&#8243; _module_preset=&#8221;default&#8221; text_font_size=&#8221;16px&#8221; width=&#8221;720px&#8221; width_tablet=&#8221;720px&#8221; width_phone=&#8221;88%&#8221; width_last_edited=&#8221;on|phone&#8221; module_alignment=&#8221;center&#8221; module_alignment_tablet=&#8221;center&#8221; module_alignment_phone=&#8221;center&#8221; module_alignment_last_edited=&#8221;on|desktop&#8221; global_colors_info=&#8221;{}&#8221;]<\/p>\n<p style=\"text-align: center;\">Das skandinavische Design liegt uns ganz natu\u0308rlich am Herzen. Mit sauberen Linien, gediegenem Handwerk und soliden Konstruktionen erh\u00e4ltst du ein M\u00f6belstu\u0308ck welches mit Wu\u0308rde altert. Vor allem ist uns bei Conform eine Form ganz besonders wichtig- deine K\u00f6rperform. Unabh\u00e4ngig von Stil und Funktion, jeder Sessel soll sich dieser annehmen.<\/p>\n<p>[\/et_pb_text][\/et_pb_column][\/et_pb_row][et_pb_row column_structure=&#8221;1_2,1_2&#8243; admin_label=&#8221;Jahn Aamodt&#8221; _builder_version=&#8221;4.27.0&#8243; _module_preset=&#8221;1a340d68-bb79-4bc8-be1f-e9c578620d59&#8243; width_phone=&#8221;100%&#8221; global_module=&#8221;50676&#8243; saved_tabs=&#8221;all&#8221; locked=&#8221;off&#8221; collapsed=&#8221;off&#8221; global_colors_info=&#8221;{}&#8221;][et_pb_column type=&#8221;1_2&#8243; _builder_version=&#8221;4.27.0&#8243; _module_preset=&#8221;default&#8221; global_colors_info=&#8221;{}&#8221;][et_pb_image src=&#8221;https:\/\/conform.se\/wp-content\/uploads\/2025\/01\/abt_2432249528390031604MjM4NDMw.jpg-m.jpg&#8221; title_text=&#8221;abt_2432249528390031604MjM4NDMw.jpg-m&#8221; admin_label=&#8221;Bild&#8221; _builder_version=&#8221;4.27.0&#8243; _module_preset=&#8221;78e3b363-6501-4b4b-b2aa-fa250c323c6d&#8221; global_colors_info=&#8221;{}&#8221;][\/et_pb_image][\/et_pb_column][et_pb_column type=&#8221;1_2&#8243; _builder_version=&#8221;4.22.1&#8243; _module_preset=&#8221;default&#8221; global_colors_info=&#8221;{}&#8221;][et_pb_text _builder_version=&#8221;4.27.0&#8243; _module_preset=&#8221;e45ffce1-9439-482b-87e8-fa625b31f1e6&#8243; width_tablet=&#8221;&#8221; width_phone=&#8221;100%&#8221; width_last_edited=&#8221;on|phone&#8221; custom_margin_phone=&#8221;20px|0px|0px|0px|false|false&#8221; custom_padding=&#8221;|30px||30px|false|false&#8221; text_orientation_tablet=&#8221;&#8221; text_orientation_phone=&#8221;center&#8221; text_orientation_last_edited=&#8221;on|phone&#8221; global_colors_info=&#8221;{}&#8221;]<\/p>\n<h4><span class=\"ui-provider eo bzm bzn bzo bzp bzq bzr bzs bzt bzu bzv bzw bzx bzy bzz caa cab cac cae caf cag cah cai caj cak cal cam can cao cap caq car cas cat cau\" dir=\"ltr\"><span style=\"vertical-align: inherit;\"><span style=\"vertical-align: inherit;\">Jahn Aamodt<\/span><\/span><\/span><br \/><span class=\"ui-provider eo bzm bzn bzo bzp bzq bzr bzs bzt bzu bzv bzw bzx bzy bzz caa cab cac cae caf cag cah cai caj cak cal cam can cao cap caq car cas cat cau\" dir=\"ltr\"><span style=\"vertical-align: inherit;\"><span style=\"vertical-align: inherit;\">Designer, Norway<\/span><\/span><\/span><span style=\"vertical-align: inherit;\"><span style=\"vertical-align: inherit;\">.<\/span><\/span><\/h4>\n<p><span style=\"vertical-align: inherit;\"><span style=\"vertical-align: inherit;\">&#8220;<\/span><\/span>The design needs to satisfy the desires of the user and the sur roundings, and perhaps also the society. I strive to create designs that have a personality and a character to survive long-lasting use.&#8221;<\/p>\n<p>[\/et_pb_text][\/et_pb_column][\/et_pb_row][et_pb_row column_structure=&#8221;1_2,1_2&#8243; admin_label=&#8221;Jan Ekstr\u00f6m&#8221; _builder_version=&#8221;4.18.1&#8243; _module_preset=&#8221;1a340d68-bb79-4bc8-be1f-e9c578620d59&#8243; custom_margin_tablet=&#8221;&#8221; custom_margin_phone=&#8221;0px||0px||false|false&#8221; custom_margin_last_edited=&#8221;on|phone&#8221; animation_direction=&#8221;left&#8221; animation_delay=&#8221;200ms&#8221; global_module=&#8221;51039&#8243; saved_tabs=&#8221;all&#8221; global_colors_info=&#8221;{}&#8221;][et_pb_column type=&#8221;1_2&#8243; _builder_version=&#8221;4.16&#8243; _module_preset=&#8221;default&#8221; global_colors_info=&#8221;{}&#8221;][et_pb_text _builder_version=&#8221;4.18.1&#8243; _module_preset=&#8221;default&#8221; text_text_color=&#8221;#000000&#8243; text_font_size=&#8221;16px&#8221; header_4_font_size=&#8221;24px&#8221; header_4_letter_spacing=&#8221;0.2px&#8221; header_4_line_height=&#8221;1.3em&#8221; text_orientation=&#8221;right&#8221; width_tablet=&#8221;&#8221; width_phone=&#8221;88%&#8221; width_last_edited=&#8221;on|phone&#8221; custom_margin=&#8221;80px|80px|||false|false&#8221; custom_margin_tablet=&#8221;&#8221; custom_margin_phone=&#8221;0px|80px|20px||false|false&#8221; custom_margin_last_edited=&#8221;on|phone&#8221; custom_padding=&#8221;||||false|false&#8221; text_orientation_tablet=&#8221;&#8221; text_orientation_phone=&#8221;left&#8221; text_orientation_last_edited=&#8221;on|phone&#8221; global_colors_info=&#8221;{}&#8221;]<\/p>\n<h4>Jan Ekstr\u00f6m<br \/>Designer, Schweden<\/h4>\n<p>&#8220;Det ska vara sp\u00e4nst i linjerna. Ett sj\u00e4lvklart kaxigt uttryck s\u00e5 det blir favoritf\u00e5t\u00f6ljer varje g\u00e5ng!\u201d<\/p>\n<p>[\/et_pb_text][\/et_pb_column][et_pb_column type=&#8221;1_2&#8243; _builder_version=&#8221;4.16&#8243; _module_preset=&#8221;default&#8221; global_colors_info=&#8221;{}&#8221;][et_pb_image src=&#8221;https:\/\/conform.se\/wp-content\/uploads\/2021\/04\/Jan_Ekstroom.jpg&#8221; title_text=&#8221;Jan_Ekstroom&#8221; _builder_version=&#8221;4.16&#8243; _module_preset=&#8221;default&#8221; global_colors_info=&#8221;{}&#8221;][\/et_pb_image][\/et_pb_column][\/et_pb_row][et_pb_row column_structure=&#8221;1_2,1_2&#8243; admin_label=&#8221;Lenka Teilmann&#8221; _builder_version=&#8221;4.9.4&#8243; _module_preset=&#8221;1a340d68-bb79-4bc8-be1f-e9c578620d59&#8243; animation_direction=&#8221;left&#8221; animation_delay=&#8221;600ms&#8221; global_module=&#8221;51119&#8243; saved_tabs=&#8221;all&#8221; global_colors_info=&#8221;{}&#8221;][et_pb_column type=&#8221;1_2&#8243; _builder_version=&#8221;4.16&#8243; _module_preset=&#8221;default&#8221; global_colors_info=&#8221;{}&#8221;][et_pb_image src=&#8221;https:\/\/conform.se\/wp-content\/uploads\/2021\/06\/Lenka_Teilmann_bw.jpg&#8221; title_text=&#8221;Lenka_Teilmann_bw&#8221; _builder_version=&#8221;4.16&#8243; _module_preset=&#8221;default&#8221; global_colors_info=&#8221;{}&#8221;][\/et_pb_image][\/et_pb_column][et_pb_column type=&#8221;1_2&#8243; _builder_version=&#8221;4.16&#8243; _module_preset=&#8221;default&#8221; global_colors_info=&#8221;{}&#8221;][et_pb_text _builder_version=&#8221;4.22.1&#8243; _module_preset=&#8221;default&#8221; text_text_color=&#8221;#000000&#8243; text_font_size=&#8221;16px&#8221; header_4_font_size=&#8221;24px&#8221; header_4_letter_spacing=&#8221;0.2px&#8221; header_4_line_height=&#8221;1.3em&#8221; text_orientation=&#8221;right&#8221; custom_margin=&#8221;80px|2px|||false|false&#8221; custom_margin_tablet=&#8221;&#8221; custom_margin_phone=&#8221;0px||20px||false|false&#8221; custom_margin_last_edited=&#8221;on|phone&#8221; custom_padding=&#8221;|||80px|false|false&#8221; text_font_tablet=&#8221;&#8221; text_font_phone=&#8221;&#8221; text_font_last_edited=&#8221;on|phone&#8221; text_orientation_tablet=&#8221;&#8221; text_orientation_phone=&#8221;left&#8221; text_orientation_last_edited=&#8221;on|phone&#8221; global_colors_info=&#8221;{}&#8221;]<\/p>\n<h4 style=\"text-align: left;\">Lenka Teilmann<br \/>Designer, Danmark.<\/h4>\n<p style=\"text-align: left;\">&#8220;Design ska representera tidl\u00f6s stil och visa hantverksm\u00e4ssiga detaljer. Design ska vara samtida och tilltala en bred publik.\u201d<\/p>\n<p>[\/et_pb_text][\/et_pb_column][\/et_pb_row][et_pb_row column_structure=&#8221;1_2,1_2&#8243; admin_label=&#8221;Niels Gammelgaard&#8221; _builder_version=&#8221;4.9.4&#8243; _module_preset=&#8221;1a340d68-bb79-4bc8-be1f-e9c578620d59&#8243; custom_margin=&#8221;||33px||false|false&#8221; animation_direction=&#8221;right&#8221; animation_delay=&#8221;1000ms&#8221; global_module=&#8221;51106&#8243; saved_tabs=&#8221;all&#8221; global_colors_info=&#8221;{}&#8221;][et_pb_column type=&#8221;1_2&#8243; _builder_version=&#8221;4.16&#8243; _module_preset=&#8221;default&#8221; global_colors_info=&#8221;{}&#8221;][et_pb_text _builder_version=&#8221;4.22.1&#8243; _module_preset=&#8221;default&#8221; text_text_color=&#8221;#000000&#8243; text_font_size=&#8221;16px&#8221; header_4_font_size=&#8221;24px&#8221; header_4_letter_spacing=&#8221;0.2px&#8221; header_4_line_height=&#8221;1.3em&#8221; custom_margin=&#8221;80px|||0px|false|false&#8221; custom_margin_tablet=&#8221;&#8221; custom_margin_phone=&#8221;20px|||0px|false|false&#8221; custom_margin_last_edited=&#8221;on|phone&#8221; custom_padding=&#8221;|80px|||false|false&#8221; global_colors_info=&#8221;{}&#8221;]<\/p>\n<h4 style=\"text-align: right;\">Niels Gammelgaard<br \/>Designer, Danmark.<\/h4>\n<p style=\"text-align: right;\">&#8220;Vi \u00e4r inte intresserade av att designa f\u00f6r designens skull. Vi vill utforska designens innersta k\u00e4rna. Inte g\u00f6ra mer av det som redan existerar, utan i st\u00e4llet g\u00f6ra mer av designens existens. Vi vill hitta designens grundl\u00e4ggande f\u00f6rdelar som g\u00f6r gott\u201d<\/p>\n<p>[\/et_pb_text][\/et_pb_column][et_pb_column type=&#8221;1_2&#8243; _builder_version=&#8221;4.16&#8243; _module_preset=&#8221;default&#8221; global_colors_info=&#8221;{}&#8221;][et_pb_image src=&#8221;https:\/\/conform.se\/wp-content\/uploads\/2021\/07\/Niels_Gammelgaard-sepia.jpg&#8221; title_text=&#8221;Niels_Gammelgaard (sepia)&#8221; _builder_version=&#8221;4.27.0&#8243; _module_preset=&#8221;default&#8221; global_colors_info=&#8221;{}&#8221;][\/et_pb_image][\/et_pb_column][\/et_pb_row][et_pb_row column_structure=&#8221;1_2,1_2&#8243; admin_label=&#8221;Eddie Gustafsson&#8221; _builder_version=&#8221;4.27.0&#8243; _module_preset=&#8221;1a340d68-bb79-4bc8-be1f-e9c578620d59&#8243; global_module=&#8221;57629&#8243; global_colors_info=&#8221;{}&#8221;][et_pb_column type=&#8221;1_2&#8243; _builder_version=&#8221;4.22.1&#8243; _module_preset=&#8221;default&#8221; global_colors_info=&#8221;{}&#8221;][et_pb_image src=&#8221;https:\/\/conform.se\/wp-content\/uploads\/2021\/07\/Eddie_Gustafsson_3-scaled.jpg&#8221; title_text=&#8221;Eddie_Gustafsson_3&#8243; _builder_version=&#8221;4.22.1&#8243; _module_preset=&#8221;78e3b363-6501-4b4b-b2aa-fa250c323c6d&#8221; global_colors_info=&#8221;{}&#8221;][\/et_pb_image][\/et_pb_column][et_pb_column type=&#8221;1_2&#8243; _builder_version=&#8221;4.22.1&#8243; _module_preset=&#8221;default&#8221; global_colors_info=&#8221;{}&#8221;][et_pb_text _builder_version=&#8221;4.27.0&#8243; _module_preset=&#8221;e45ffce1-9439-482b-87e8-fa625b31f1e6&#8243; width_tablet=&#8221;&#8221; width_phone=&#8221;100%&#8221; width_last_edited=&#8221;on|phone&#8221; custom_margin_phone=&#8221;20px|0px|0px|0px|false|false&#8221; custom_padding=&#8221;|30px||30px|false|false&#8221; text_orientation_tablet=&#8221;&#8221; text_orientation_phone=&#8221;center&#8221; text_orientation_last_edited=&#8221;on|phone&#8221; global_colors_info=&#8221;{}&#8221;]<\/p>\n<h4><span class=\"ui-provider eo bzm bzn bzo bzp bzq bzr bzs bzt bzu bzv bzw bzx bzy bzz caa cab cac cae caf cag cah cai caj cak cal cam can cao cap caq car cas cat cau\" dir=\"ltr\">Eddie Gustafsson<\/span><br \/><span class=\"ui-provider eo bzm bzn bzo bzp bzq bzr bzs bzt bzu bzv bzw bzx bzy bzz caa cab cac cae caf cag cah cai caj cak cal cam can cao cap caq car cas cat cau\" dir=\"ltr\">Designer, Schweden<\/span><\/h4>\n<p><span><span class=\"ui-provider eo bzm bzn bzo bzp bzq bzr bzs bzt bzu bzv bzw bzx bzy bzz caa cab cac cae caf cag cah cai caj cak cal cam can cao cap caq car cas cat cau\" dir=\"ltr\">\u201cIn my work I try to simplify and strip down the product, without losing depth and interest in the design. It\u2019s about creating a raw yet worked product.\u201d<\/span><\/span><\/p>\n<p>[\/et_pb_text][\/et_pb_column][\/et_pb_row][et_pb_row column_structure=&#8221;1_2,1_2&#8243; admin_label=&#8221;Kent &#8221; _builder_version=&#8221;4.27.0&#8243; _module_preset=&#8221;1a340d68-bb79-4bc8-be1f-e9c578620d59&#8243; width_phone=&#8221;100%&#8221; locked=&#8221;off&#8221; global_colors_info=&#8221;{}&#8221;][et_pb_column type=&#8221;1_2&#8243; admin_label=&#8221;Kolumn&#8221; _builder_version=&#8221;4.22.1&#8243; _module_preset=&#8221;default&#8221; global_colors_info=&#8221;{}&#8221;][et_pb_text _builder_version=&#8221;4.27.0&#8243; _module_preset=&#8221;e45ffce1-9439-482b-87e8-fa625b31f1e6&#8243; width_tablet=&#8221;&#8221; width_phone=&#8221;100%&#8221; width_last_edited=&#8221;on|phone&#8221; custom_margin=&#8221;||||false|false&#8221; custom_margin_phone=&#8221;20px|0px|0px|0px|false|false&#8221; custom_padding=&#8221;|80px|||false|false&#8221; text_orientation_tablet=&#8221;&#8221; text_orientation_phone=&#8221;center&#8221; text_orientation_last_edited=&#8221;on|phone&#8221; global_colors_info=&#8221;{}&#8221;]<\/p>\n<h4><span>Kent Thorsell<\/span><br \/><span><span class=\"ui-provider eo bzm bzn bzo bzp bzq bzr bzs bzt bzu bzv bzw bzx bzy bzz caa cab cac cae caf cag cah cai caj cak cal cam can cao cap caq car cas cat cau\" dir=\"ltr\"><span style=\"vertical-align: inherit;\"><span style=\"vertical-align: inherit;\">Designer, Sweden<\/span><\/span><\/span><\/span><span style=\"vertical-align: inherit;\"><span style=\"vertical-align: inherit;\">.<\/span><\/span><\/h4>\n<p><span style=\"vertical-align: inherit;\"><span style=\"vertical-align: inherit;\">&#8220;<span>I find inspiration in nature&#8217;s balance and structure. My design philosophy is rooted in flow &#8211; where all parts work together to create a harmonious and seamless whole. I strive to combine function and aesthetics in a way that feels natural and thoughtful.<\/span>&#8220;<\/span><\/span><\/p>\n<p>[\/et_pb_text][\/et_pb_column][et_pb_column type=&#8221;1_2&#8243; admin_label=&#8221;Kolumn&#8221; _builder_version=&#8221;4.22.1&#8243; _module_preset=&#8221;default&#8221; global_colors_info=&#8221;{}&#8221;][et_pb_image src=&#8221;https:\/\/conform.se\/wp-content\/uploads\/2021\/07\/KENT-PORTRATT-1584-scaled.jpg&#8221; title_text=&#8221;SONY A7R4&#8243; _builder_version=&#8221;4.27.0&#8243; _module_preset=&#8221;78e3b363-6501-4b4b-b2aa-fa250c323c6d&#8221; global_colors_info=&#8221;{}&#8221;][\/et_pb_image][\/et_pb_column][\/et_pb_row][\/et_pb_section]<\/p>","protected":false},"excerpt":{"rendered":"<p>DESIGNSOM DRIVKRAFT.Ett n\u00e4ra och l\u00e5ngsiktigt samarbete med olika formgivare driver p\u00e5 v\u00e5r livsviktiga produktutveckling. Under f\u00f6rverkligandet av deras skisser och id\u00e9er hittar vi de nya tekniska l\u00f6sningarna, materialen och kombinationerna.Skandinavisk design ligger oss naturligt nog varmast om hj\u00e4rtat. Med rena linjer, gediget hantverk och t\u00e5lig konstruktion f\u00e5r man m\u00f6bler som \u00e5ldras med v\u00e4rdighet, det vet [&hellip;]<\/p>","protected":false},"author":1,"featured_media":0,"parent":0,"menu_order":0,"comment_status":"closed","ping_status":"closed","template":"","meta":{"_acf_changed":false,"_et_pb_use_builder":"on","_et_pb_old_content":"","_et_gb_content_width":"","footnotes":""},"class_list":["post-17","page","type-page","status-publish","hentry"],"acf":[],"yoast_head":"<!-- This site is optimized with the Yoast SEO plugin v26.3 - https:\/\/yoast.com\/wordpress\/plugins\/seo\/ -->\n<title>DESIGNERS - Conform Collection AB<\/title>\n<meta name=\"robots\" content=\"index, follow, max-snippet:-1, max-image-preview:large, max-video-preview:-1\" \/>\n<link rel=\"canonical\" href=\"https:\/\/conform.se\/de_de\/designers\/\" \/>\n<meta property=\"og:locale\" content=\"de_DE\" \/>\n<meta property=\"og:type\" content=\"article\" \/>\n<meta property=\"og:title\" content=\"DESIGNERS - Conform Collection AB\" \/>\n<meta property=\"og:description\" content=\"DESIGNSOM DRIVKRAFT.Ett n\u00e4ra och l\u00e5ngsiktigt samarbete med olika formgivare driver p\u00e5 v\u00e5r livsviktiga produktutveckling. Under f\u00f6rverkligandet av deras skisser och id\u00e9er hittar vi de nya tekniska l\u00f6sningarna, materialen och kombinationerna.Skandinavisk design ligger oss naturligt nog varmast om hj\u00e4rtat. Med rena linjer, gediget hantverk och t\u00e5lig konstruktion f\u00e5r man m\u00f6bler som \u00e5ldras med v\u00e4rdighet, det vet [&hellip;]\" \/>\n<meta property=\"og:url\" content=\"https:\/\/conform.se\/de_de\/designers\/\" \/>\n<meta property=\"og:site_name\" content=\"Conform Collection AB\" \/>\n<meta property=\"article:modified_time\" content=\"2025-11-06T08:47:06+00:00\" \/>\n<meta name=\"twitter:card\" content=\"summary_large_image\" \/>\n<meta name=\"twitter:label1\" content=\"Gesch\u00e4tzte Lesezeit\" \/>\n\t<meta name=\"twitter:data1\" content=\"3\u00a0Minuten\" \/>\n<script type=\"application\/ld+json\" class=\"yoast-schema-graph\">{\"@context\":\"https:\/\/schema.org\",\"@graph\":[{\"@type\":\"WebPage\",\"@id\":\"https:\/\/conform.se\/designers\/\",\"url\":\"https:\/\/conform.se\/designers\/\",\"name\":\"DESIGNERS - Conform Collection AB\",\"isPartOf\":{\"@id\":\"https:\/\/conform.se\/#website\"},\"datePublished\":\"2021-02-08T13:26:37+00:00\",\"dateModified\":\"2025-11-06T08:47:06+00:00\",\"breadcrumb\":{\"@id\":\"https:\/\/conform.se\/designers\/#breadcrumb\"},\"inLanguage\":\"de\",\"potentialAction\":[{\"@type\":\"ReadAction\",\"target\":[\"https:\/\/conform.se\/designers\/\"]}]},{\"@type\":\"BreadcrumbList\",\"@id\":\"https:\/\/conform.se\/designers\/#breadcrumb\",\"itemListElement\":[{\"@type\":\"ListItem\",\"position\":1,\"name\":\"Hem\",\"item\":\"https:\/\/conform.se\/\"},{\"@type\":\"ListItem\",\"position\":2,\"name\":\"DESIGNERS\"}]},{\"@type\":\"WebSite\",\"@id\":\"https:\/\/conform.se\/#website\",\"url\":\"https:\/\/conform.se\/\",\"name\":\"Conform Collection AB\",\"description\":\"En f\u00e5t\u00f6lj fr\u00e5n Conform \u00e4r en v\u00e4lgjord f\u00e5t\u00f6lj av h\u00f6gsta kvalitet.\",\"potentialAction\":[{\"@type\":\"SearchAction\",\"target\":{\"@type\":\"EntryPoint\",\"urlTemplate\":\"https:\/\/conform.se\/?s={search_term_string}\"},\"query-input\":{\"@type\":\"PropertyValueSpecification\",\"valueRequired\":true,\"valueName\":\"search_term_string\"}}],\"inLanguage\":\"de\"}]}<\/script>\n<!-- \/ Yoast SEO plugin. -->","yoast_head_json":{"title":"DESIGNERS - Conform Collection AB","robots":{"index":"index","follow":"follow","max-snippet":"max-snippet:-1","max-image-preview":"max-image-preview:large","max-video-preview":"max-video-preview:-1"},"canonical":"https:\/\/conform.se\/de_de\/designers\/","og_locale":"de_DE","og_type":"article","og_title":"DESIGNERS - Conform Collection AB","og_description":"DESIGNSOM DRIVKRAFT.Ett n\u00e4ra och l\u00e5ngsiktigt samarbete med olika formgivare driver p\u00e5 v\u00e5r livsviktiga produktutveckling. Under f\u00f6rverkligandet av deras skisser och id\u00e9er hittar vi de nya tekniska l\u00f6sningarna, materialen och kombinationerna.Skandinavisk design ligger oss naturligt nog varmast om hj\u00e4rtat. Med rena linjer, gediget hantverk och t\u00e5lig konstruktion f\u00e5r man m\u00f6bler som \u00e5ldras med v\u00e4rdighet, det vet [&hellip;]","og_url":"https:\/\/conform.se\/de_de\/designers\/","og_site_name":"Conform Collection AB","article_modified_time":"2025-11-06T08:47:06+00:00","twitter_card":"summary_large_image","twitter_misc":{"Gesch\u00e4tzte Lesezeit":"3\u00a0Minuten"},"schema":{"@context":"https:\/\/schema.org","@graph":[{"@type":"WebPage","@id":"https:\/\/conform.se\/designers\/","url":"https:\/\/conform.se\/designers\/","name":"DESIGNERS - Conform Collection AB","isPartOf":{"@id":"https:\/\/conform.se\/#website"},"datePublished":"2021-02-08T13:26:37+00:00","dateModified":"2025-11-06T08:47:06+00:00","breadcrumb":{"@id":"https:\/\/conform.se\/designers\/#breadcrumb"},"inLanguage":"de","potentialAction":[{"@type":"ReadAction","target":["https:\/\/conform.se\/designers\/"]}]},{"@type":"BreadcrumbList","@id":"https:\/\/conform.se\/designers\/#breadcrumb","itemListElement":[{"@type":"ListItem","position":1,"name":"Hem","item":"https:\/\/conform.se\/"},{"@type":"ListItem","position":2,"name":"DESIGNERS"}]},{"@type":"WebSite","@id":"https:\/\/conform.se\/#website","url":"https:\/\/conform.se\/","name":"Conform Collection AB","description":"En f\u00e5t\u00f6lj fr\u00e5n Conform \u00e4r en v\u00e4lgjord f\u00e5t\u00f6lj av h\u00f6gsta kvalitet.","potentialAction":[{"@type":"SearchAction","target":{"@type":"EntryPoint","urlTemplate":"https:\/\/conform.se\/?s={search_term_string}"},"query-input":{"@type":"PropertyValueSpecification","valueRequired":true,"valueName":"search_term_string"}}],"inLanguage":"de"}]}},"_links":{"self":[{"href":"https:\/\/conform.se\/de_de\/wp-json\/wp\/v2\/pages\/17","targetHints":{"allow":["GET"]}}],"collection":[{"href":"https:\/\/conform.se\/de_de\/wp-json\/wp\/v2\/pages"}],"about":[{"href":"https:\/\/conform.se\/de_de\/wp-json\/wp\/v2\/types\/page"}],"author":[{"embeddable":true,"href":"https:\/\/conform.se\/de_de\/wp-json\/wp\/v2\/users\/1"}],"replies":[{"embeddable":true,"href":"https:\/\/conform.se\/de_de\/wp-json\/wp\/v2\/comments?post=17"}],"version-history":[{"count":34,"href":"https:\/\/conform.se\/de_de\/wp-json\/wp\/v2\/pages\/17\/revisions"}],"predecessor-version":[{"id":60474,"href":"https:\/\/conform.se\/de_de\/wp-json\/wp\/v2\/pages\/17\/revisions\/60474"}],"wp:attachment":[{"href":"https:\/\/conform.se\/de_de\/wp-json\/wp\/v2\/media?parent=17"}],"curies":[{"name":"wp","href":"https:\/\/api.w.org\/{rel}","templated":true}]}}