{"id":19,"date":"2021-02-08T14:26:46","date_gmt":"2021-02-08T13:26:46","guid":{"rendered":"http:\/\/cc.mathinic.nu\/?page_id=19"},"modified":"2025-08-08T08:44:07","modified_gmt":"2025-08-08T06:44:07","slug":"ladda-ner","status":"publish","type":"page","link":"https:\/\/conform.se\/de_de\/downloads\/","title":{"rendered":"DOWNLOADS"},"content":{"rendered":"<p>[et_pb_section fb_built=&#8221;1&#8243; _builder_version=&#8221;4.16&#8243; custom_margin=&#8221;0px||||false|false&#8221; custom_padding=&#8221;0px||0px||true|false&#8221; global_colors_info=&#8221;{}&#8221;][et_pb_row column_structure=&#8221;1_3,1_3,1_3&#8243; use_custom_gutter=&#8221;on&#8221; gutter_width=&#8221;1&#8243; make_equal=&#8221;on&#8221; _builder_version=&#8221;4.16&#8243; width=&#8221;100%&#8221; custom_margin=&#8221;15px||||false|false&#8221; custom_padding=&#8221;||||true|true&#8221; global_colors_info=&#8221;{}&#8221;][et_pb_column type=&#8221;1_3&#8243; _builder_version=&#8221;4.16&#8243; global_colors_info=&#8221;{}&#8221;][et_pb_text _builder_version=&#8221;4.27.0&#8243; text_font=&#8221;TradeGothicBold2||||||||&#8221; text_text_color=&#8221;#000000&#8243; background_enable_color=&#8221;off&#8221; use_background_color_gradient=&#8221;on&#8221; background_color_gradient_stops=&#8221;rgba(160,160,160,0.8) 0%|rgba(160,160,160,0.39) 100%&#8221; background_color_gradient_overlays_image=&#8221;on&#8221; background_color_gradient_start=&#8221;rgba(160,160,160,0.8)&#8221; background_color_gradient_end=&#8221;rgba(160,160,160,0.39)&#8221; background_image=&#8221;https:\/\/conform.se\/wp-content\/uploads\/2021\/07\/monteringsanvisning.jpg&#8221; custom_margin=&#8221;|10px|20px||false|false&#8221; custom_padding=&#8221;75%||50px|50px|false|false&#8221; link_option_url=&#8221;https:\/\/cld.bz\/LkPD4Pu &#8221; global_colors_info=&#8221;{}&#8221;]<a href=\"https:\/\/cld.bz\/LkPD4Pu \" target=\"_blank\" rel=\"noopener\">LESEN SIE UNSEREN KATALOG ONLINE<\/a>[\/et_pb_text][et_pb_text _builder_version=&#8221;4.16&#8243; _dynamic_attributes=&#8221;link_option_url&#8221; text_font=&#8221;TradeGothicBold2||||||||&#8221; text_text_color=&#8221;#000000&#8243; background_enable_color=&#8221;off&#8221; use_background_color_gradient=&#8221;on&#8221; background_color_gradient_stops=&#8221;rgba(230,225,221,0.84) 0%|rgba(240,240,240,0.55) 100%&#8221; background_color_gradient_overlays_image=&#8221;on&#8221; background_color_gradient_start=&#8221;rgba(230,225,221,0.84)&#8221; background_color_gradient_end=&#8221;rgba(240,240,240,0.55)&#8221; background_image=&#8221;https:\/\/conform.se\/wp-content\/uploads\/2021\/06\/order_documents.jpg&#8221; custom_margin=&#8221;|10px|0px||false|false&#8221; custom_padding=&#8221;50%||50px|50px|false|false&#8221; link_option_url=&#8221;@ET-DC@eyJkeW5hbWljIjp0cnVlLCJjb250ZW50IjoicG9zdF9saW5rX3VybF9wYWdlIiwic2V0dGluZ3MiOnsicG9zdF9pZCI6IjUwMTA0In19@&#8221; global_colors_info=&#8221;{}&#8221;]<\/p>\n<p>BESTELLFORMULARE<\/p>\n<p>[\/et_pb_text][\/et_pb_column][et_pb_column type=&#8221;1_3&#8243; _builder_version=&#8221;4.16&#8243; global_colors_info=&#8221;{}&#8221;][et_pb_text _builder_version=&#8221;4.27.0&#8243; _dynamic_attributes=&#8221;link_option_url&#8221; text_font=&#8221;TradeGothicBold2||||||||&#8221; text_text_color=&#8221;#000000&#8243; background_enable_color=&#8221;off&#8221; use_background_color_gradient=&#8221;on&#8221; background_color_gradient_stops=&#8221;rgba(160,160,160,0.76) 0%|rgba(160,160,160,0.44) 100%&#8221; background_color_gradient_overlays_image=&#8221;on&#8221; background_color_gradient_start=&#8221;rgba(160,160,160,0.76)&#8221; background_color_gradient_end=&#8221;rgba(160,160,160,0.44)&#8221; background_image=&#8221;https:\/\/conform.se\/wp-content\/uploads\/2021\/06\/productsheet.jpg&#8221; custom_margin=&#8221;|10px|0px|10px|false|true&#8221; custom_padding=&#8221;148%||50px|50px|false|false&#8221; link_option_url=&#8221;@ET-DC@eyJkeW5hbWljIjp0cnVlLCJjb250ZW50IjoicG9zdF9saW5rX3VybF9wYWdlIiwic2V0dGluZ3MiOnsicG9zdF9pZCI6IjUwMTA3In19@&#8221; global_colors_info=&#8221;{}&#8221;]<\/p>\n<p>PRODUKTBL\u00c4TTER<\/p>\n<p>[\/et_pb_text][\/et_pb_column][et_pb_column type=&#8221;1_3&#8243; _builder_version=&#8221;4.16&#8243; global_colors_info=&#8221;{}&#8221;][et_pb_text _builder_version=&#8221;4.27.0&#8243; text_font=&#8221;TradeGothicBold2||||||||&#8221; text_text_color=&#8221;#000000&#8243; background_enable_color=&#8221;off&#8221; use_background_color_gradient=&#8221;on&#8221; background_color_gradient_stops=&#8221;rgba(230,225,221,0.73) 0%|rgba(230,225,221,0.55) 100%&#8221; background_color_gradient_overlays_image=&#8221;on&#8221; background_color_gradient_start=&#8221;rgba(230,225,221,0.73)&#8221; background_color_gradient_end=&#8221;rgba(230,225,221,0.55)&#8221; background_image=&#8221;https:\/\/conform.se\/wp-content\/uploads\/2021\/07\/bildbank.jpg&#8221; custom_margin=&#8221;|10px|20px|10px|false|true&#8221; custom_margin_tablet=&#8221;20px||||false|false&#8221; custom_margin_phone=&#8221;20px||||false|false&#8221; custom_margin_last_edited=&#8221;on|desktop&#8221; custom_padding=&#8221;75%||50px|50px|false|false&#8221; link_option_url=&#8221;https:\/\/mediabank.tabergmediagroup.se\/conform&#8221; link_option_url_new_window=&#8221;on&#8221; global_colors_info=&#8221;{}&#8221;]<\/p>\n<p>PRESSEBILDER<\/p>\n<p>[\/et_pb_text][et_pb_text _builder_version=&#8221;4.16&#8243; _dynamic_attributes=&#8221;link_option_url&#8221; text_font=&#8221;TradeGothicBold2||||||||&#8221; text_text_color=&#8221;#000000&#8243; background_enable_color=&#8221;off&#8221; use_background_color_gradient=&#8221;on&#8221; background_color_gradient_stops=&#8221;rgba(255,255,255,0.75) 0%|rgba(255,255,255,0.6) 100%&#8221; background_color_gradient_overlays_image=&#8221;on&#8221; background_color_gradient_start=&#8221;rgba(255,255,255,0.75)&#8221; background_color_gradient_end=&#8221;rgba(255,255,255,0.6)&#8221; background_image=&#8221;https:\/\/conform.se\/wp-content\/uploads\/2021\/07\/function_movie.jpg&#8221; custom_margin=&#8221;|10px|0px|10px|false|true&#8221; custom_padding=&#8221;50%||50px|50px|false|false&#8221; link_option_url=&#8221;@ET-DC@eyJkeW5hbWljIjp0cnVlLCJjb250ZW50IjoicG9zdF9saW5rX3VybF9wYWdlIiwic2V0dGluZ3MiOnsicG9zdF9pZCI6IjUwMTEwIn19@&#8221; global_colors_info=&#8221;{}&#8221;]<\/p>\n<p>FUNKTIONSFILMER<\/p>\n<p>[\/et_pb_text][\/et_pb_column][\/et_pb_row][\/et_pb_section]<\/p>","protected":false},"excerpt":{"rendered":"<p>L\u00c4S V\u00c5R KATALOG ONLINEORDERDOKUMENTPRODUKTBLADPRESSBILDERFUNKTIONSFILMER<\/p>","protected":false},"author":1,"featured_media":0,"parent":0,"menu_order":0,"comment_status":"closed","ping_status":"closed","template":"","meta":{"_acf_changed":false,"_et_pb_use_builder":"on","_et_pb_old_content":"","_et_gb_content_width":"","footnotes":""},"class_list":["post-19","page","type-page","status-publish","hentry"],"acf":[],"yoast_head":"<!-- This site is optimized with the Yoast SEO plugin v26.3 - https:\/\/yoast.com\/wordpress\/plugins\/seo\/ -->\n<title>LADDA NER - Conform Collection AB<\/title>\n<meta name=\"robots\" content=\"index, follow, max-snippet:-1, max-image-preview:large, max-video-preview:-1\" \/>\n<link rel=\"canonical\" href=\"https:\/\/conform.se\/de_de\/downloads\/\" \/>\n<meta property=\"og:locale\" content=\"de_DE\" \/>\n<meta property=\"og:type\" content=\"article\" \/>\n<meta property=\"og:title\" content=\"LADDA NER - Conform Collection AB\" \/>\n<meta property=\"og:description\" content=\"L\u00c4S V\u00c5R KATALOG ONLINEORDERDOKUMENTPRODUKTBLADPRESSBILDERFUNKTIONSFILMER\" \/>\n<meta property=\"og:url\" content=\"https:\/\/conform.se\/de_de\/downloads\/\" \/>\n<meta property=\"og:site_name\" content=\"Conform Collection AB\" \/>\n<meta property=\"article:modified_time\" content=\"2025-08-08T06:44:07+00:00\" \/>\n<meta name=\"twitter:card\" content=\"summary_large_image\" \/>\n<meta name=\"twitter:label1\" content=\"Gesch\u00e4tzte Lesezeit\" \/>\n\t<meta name=\"twitter:data1\" content=\"1\u00a0Minute\" \/>\n<script type=\"application\/ld+json\" class=\"yoast-schema-graph\">{\"@context\":\"https:\/\/schema.org\",\"@graph\":[{\"@type\":\"WebPage\",\"@id\":\"https:\/\/conform.se\/ladda-ner\/\",\"url\":\"https:\/\/conform.se\/ladda-ner\/\",\"name\":\"LADDA NER - Conform Collection AB\",\"isPartOf\":{\"@id\":\"https:\/\/conform.se\/#website\"},\"datePublished\":\"2021-02-08T13:26:46+00:00\",\"dateModified\":\"2025-08-08T06:44:07+00:00\",\"breadcrumb\":{\"@id\":\"https:\/\/conform.se\/ladda-ner\/#breadcrumb\"},\"inLanguage\":\"de\",\"potentialAction\":[{\"@type\":\"ReadAction\",\"target\":[\"https:\/\/conform.se\/ladda-ner\/\"]}]},{\"@type\":\"BreadcrumbList\",\"@id\":\"https:\/\/conform.se\/ladda-ner\/#breadcrumb\",\"itemListElement\":[{\"@type\":\"ListItem\",\"position\":1,\"name\":\"Hem\",\"item\":\"https:\/\/conform.se\/\"},{\"@type\":\"ListItem\",\"position\":2,\"name\":\"LADDA NER\"}]},{\"@type\":\"WebSite\",\"@id\":\"https:\/\/conform.se\/#website\",\"url\":\"https:\/\/conform.se\/\",\"name\":\"Conform Collection AB\",\"description\":\"En f\u00e5t\u00f6lj fr\u00e5n Conform \u00e4r en v\u00e4lgjord f\u00e5t\u00f6lj av h\u00f6gsta kvalitet.\",\"potentialAction\":[{\"@type\":\"SearchAction\",\"target\":{\"@type\":\"EntryPoint\",\"urlTemplate\":\"https:\/\/conform.se\/?s={search_term_string}\"},\"query-input\":{\"@type\":\"PropertyValueSpecification\",\"valueRequired\":true,\"valueName\":\"search_term_string\"}}],\"inLanguage\":\"de\"}]}<\/script>\n<!-- \/ Yoast SEO plugin. -->","yoast_head_json":{"title":"LADDA NER - Conform Collection AB","robots":{"index":"index","follow":"follow","max-snippet":"max-snippet:-1","max-image-preview":"max-image-preview:large","max-video-preview":"max-video-preview:-1"},"canonical":"https:\/\/conform.se\/de_de\/downloads\/","og_locale":"de_DE","og_type":"article","og_title":"LADDA NER - Conform Collection AB","og_description":"L\u00c4S V\u00c5R KATALOG ONLINEORDERDOKUMENTPRODUKTBLADPRESSBILDERFUNKTIONSFILMER","og_url":"https:\/\/conform.se\/de_de\/downloads\/","og_site_name":"Conform Collection AB","article_modified_time":"2025-08-08T06:44:07+00:00","twitter_card":"summary_large_image","twitter_misc":{"Gesch\u00e4tzte Lesezeit":"1\u00a0Minute"},"schema":{"@context":"https:\/\/schema.org","@graph":[{"@type":"WebPage","@id":"https:\/\/conform.se\/ladda-ner\/","url":"https:\/\/conform.se\/ladda-ner\/","name":"LADDA NER - Conform Collection AB","isPartOf":{"@id":"https:\/\/conform.se\/#website"},"datePublished":"2021-02-08T13:26:46+00:00","dateModified":"2025-08-08T06:44:07+00:00","breadcrumb":{"@id":"https:\/\/conform.se\/ladda-ner\/#breadcrumb"},"inLanguage":"de","potentialAction":[{"@type":"ReadAction","target":["https:\/\/conform.se\/ladda-ner\/"]}]},{"@type":"BreadcrumbList","@id":"https:\/\/conform.se\/ladda-ner\/#breadcrumb","itemListElement":[{"@type":"ListItem","position":1,"name":"Hem","item":"https:\/\/conform.se\/"},{"@type":"ListItem","position":2,"name":"LADDA NER"}]},{"@type":"WebSite","@id":"https:\/\/conform.se\/#website","url":"https:\/\/conform.se\/","name":"Conform Collection AB","description":"En f\u00e5t\u00f6lj fr\u00e5n Conform \u00e4r en v\u00e4lgjord f\u00e5t\u00f6lj av h\u00f6gsta kvalitet.","potentialAction":[{"@type":"SearchAction","target":{"@type":"EntryPoint","urlTemplate":"https:\/\/conform.se\/?s={search_term_string}"},"query-input":{"@type":"PropertyValueSpecification","valueRequired":true,"valueName":"search_term_string"}}],"inLanguage":"de"}]}},"_links":{"self":[{"href":"https:\/\/conform.se\/de_de\/wp-json\/wp\/v2\/pages\/19","targetHints":{"allow":["GET"]}}],"collection":[{"href":"https:\/\/conform.se\/de_de\/wp-json\/wp\/v2\/pages"}],"about":[{"href":"https:\/\/conform.se\/de_de\/wp-json\/wp\/v2\/types\/page"}],"author":[{"embeddable":true,"href":"https:\/\/conform.se\/de_de\/wp-json\/wp\/v2\/users\/1"}],"replies":[{"embeddable":true,"href":"https:\/\/conform.se\/de_de\/wp-json\/wp\/v2\/comments?post=19"}],"version-history":[{"count":11,"href":"https:\/\/conform.se\/de_de\/wp-json\/wp\/v2\/pages\/19\/revisions"}],"predecessor-version":[{"id":60314,"href":"https:\/\/conform.se\/de_de\/wp-json\/wp\/v2\/pages\/19\/revisions\/60314"}],"wp:attachment":[{"href":"https:\/\/conform.se\/de_de\/wp-json\/wp\/v2\/media?parent=19"}],"curies":[{"name":"wp","href":"https:\/\/api.w.org\/{rel}","templated":true}]}}