{"id":50107,"date":"2021-05-26T07:56:16","date_gmt":"2021-05-26T05:56:16","guid":{"rendered":"http:\/\/cc.mathinic.nu\/?page_id=50107"},"modified":"2025-08-13T09:15:34","modified_gmt":"2025-08-13T07:15:34","slug":"manualer","status":"publish","type":"page","link":"https:\/\/conform.se\/de_de\/downloads\/manualer\/","title":{"rendered":"Handb\u00fccher"},"content":{"rendered":"<p>[et_pb_section fb_built=&#8221;1&#8243; _builder_version=&#8221;4.16&#8243; _module_preset=&#8221;default&#8221; global_colors_info=&#8221;{}&#8221;][et_pb_row column_structure=&#8221;1_4,3_4&#8243; _builder_version=&#8221;4.16&#8243; _module_preset=&#8221;default&#8221; global_colors_info=&#8221;{}&#8221;][et_pb_column type=&#8221;1_4&#8243; _builder_version=&#8221;4.16&#8243; _module_preset=&#8221;default&#8221; global_colors_info=&#8221;{}&#8221;][et_pb_text _builder_version=&#8221;4.16&#8243; _module_preset=&#8221;default&#8221; text_font=&#8221;TradeGothicBold2||||||||&#8221; text_font_size=&#8221;16px&#8221; global_colors_info=&#8221;{}&#8221;]<\/p>\n<p>DOWNLOADS<\/p>\n<p>[\/et_pb_text][et_pb_text admin_label=&#8221;laddaner_meny&#8221; _builder_version=&#8221;4.27.0&#8243; _module_preset=&#8221;default&#8221; text_font=&#8221;TradeGothicLight||||||||&#8221; text_font_size=&#8221;16px&#8221; text_line_height=&#8221;1em&#8221; global_module=&#8221;50117&#8243; saved_tabs=&#8221;all&#8221; global_colors_info=&#8221;{}&#8221;]<\/p>\n<p><a href=\"https:\/\/conform.se\/de_de\/downloads\/monteringsanvisningar\/\">MONTAGEANLEITUNGEN<\/a><\/p>\n<p><a href=\"https:\/\/cld.bz\/mL7VE0w\" target=\"_blank\" rel=\"noopener\">KATALOG ONLINE<\/a><\/p>\n<p><a href=\"https:\/\/mediabank.tabergmediagroup.se\/Conform\/Account\/LogOn?ReturnUrl=%2fConform%2fImageDB%2fIndex%2f0\" target=\"_blank\" rel=\"noopener\">PRESSEBILDER<\/a><\/p>\n<p><a href=\"\/de_de\/downloads\/orderdokument\/\">BESTELLFORMULARE<\/a><\/p>\n<p><a href=\"\/de_de\/downloads\/produktblad\/\">PRODUKTBL\u00c4TTER<\/a><\/p>\n<p><a href=\"\/de_de\/downloads\/funktionsfilme\/\">FUNKTIONSFILME<\/a><\/p>\n<p><a href=\"\/de_de\/downloads\/manuals\/\">HANDB\u00dcCHER<\/a><\/p>\n<p>[\/et_pb_text][\/et_pb_column][et_pb_column type=&#8221;3_4&#8243; _builder_version=&#8221;4.16&#8243; _module_preset=&#8221;default&#8221; global_colors_info=&#8221;{}&#8221;][et_pb_text _builder_version=&#8221;4.27.0&#8243; _module_preset=&#8221;default&#8221; header_line_height=&#8221;1.7em&#8221; hover_enabled=&#8221;0&#8243; global_colors_info=&#8221;{}&#8221; sticky_enabled=&#8221;0&#8243;]<\/p>\n<h1>Handb\u00fccher<\/h1>\n<p><a href=\"https:\/\/conform.se\/wp-content\/uploads\/2021\/07\/Motorized_chair_manual.pdf\" rel=\"attachment wp-att-60344\">Handb\u00fccher Avoria\/Nova<\/a>[\/et_pb_text][\/et_pb_column][\/et_pb_row][\/et_pb_section]<\/p>","protected":false},"excerpt":{"rendered":"<p>LADDA NERMONTERINGSANVISNINGAR KATALOG ON-LINE PRESSBILDER ORDERDOKUMENT PRODUKTBLAD FUNKTIONSFILM MANUALER Manualer Manualer Avoria\/Nova<\/p>","protected":false},"author":1,"featured_media":0,"parent":19,"menu_order":0,"comment_status":"closed","ping_status":"closed","template":"","meta":{"_acf_changed":false,"_et_pb_use_builder":"on","_et_pb_old_content":"","_et_gb_content_width":"","footnotes":""},"class_list":["post-50107","page","type-page","status-publish","hentry"],"acf":[],"yoast_head":"<!-- This site is optimized with the Yoast SEO plugin v26.3 - https:\/\/yoast.com\/wordpress\/plugins\/seo\/ -->\n<title>Manualer - Conform Collection AB<\/title>\n<meta name=\"robots\" content=\"index, follow, max-snippet:-1, max-image-preview:large, max-video-preview:-1\" \/>\n<link rel=\"canonical\" href=\"https:\/\/conform.se\/de_de\/downloads\/manualer\/\" \/>\n<meta property=\"og:locale\" content=\"de_DE\" \/>\n<meta property=\"og:type\" content=\"article\" \/>\n<meta property=\"og:title\" content=\"Manualer - Conform Collection AB\" \/>\n<meta property=\"og:description\" content=\"LADDA NERMONTERINGSANVISNINGAR KATALOG ON-LINE PRESSBILDER ORDERDOKUMENT PRODUKTBLAD FUNKTIONSFILM MANUALER Manualer Manualer Avoria\/Nova\" \/>\n<meta property=\"og:url\" content=\"https:\/\/conform.se\/de_de\/downloads\/manualer\/\" \/>\n<meta property=\"og:site_name\" content=\"Conform Collection AB\" \/>\n<meta property=\"article:modified_time\" content=\"2025-08-13T07:15:34+00:00\" \/>\n<meta name=\"twitter:card\" content=\"summary_large_image\" \/>\n<meta name=\"twitter:label1\" content=\"Gesch\u00e4tzte Lesezeit\" \/>\n\t<meta name=\"twitter:data1\" content=\"1\u00a0Minute\" \/>\n<script type=\"application\/ld+json\" class=\"yoast-schema-graph\">{\"@context\":\"https:\/\/schema.org\",\"@graph\":[{\"@type\":\"WebPage\",\"@id\":\"https:\/\/conform.se\/ladda-ner\/manualer\/\",\"url\":\"https:\/\/conform.se\/ladda-ner\/manualer\/\",\"name\":\"Manualer - Conform Collection AB\",\"isPartOf\":{\"@id\":\"https:\/\/conform.se\/#website\"},\"datePublished\":\"2021-05-26T05:56:16+00:00\",\"dateModified\":\"2025-08-13T07:15:34+00:00\",\"breadcrumb\":{\"@id\":\"https:\/\/conform.se\/ladda-ner\/manualer\/#breadcrumb\"},\"inLanguage\":\"de\",\"potentialAction\":[{\"@type\":\"ReadAction\",\"target\":[\"https:\/\/conform.se\/ladda-ner\/manualer\/\"]}]},{\"@type\":\"BreadcrumbList\",\"@id\":\"https:\/\/conform.se\/ladda-ner\/manualer\/#breadcrumb\",\"itemListElement\":[{\"@type\":\"ListItem\",\"position\":1,\"name\":\"Hem\",\"item\":\"https:\/\/conform.se\/\"},{\"@type\":\"ListItem\",\"position\":2,\"name\":\"LADDA NER\",\"item\":\"https:\/\/conform.se\/ladda-ner\/\"},{\"@type\":\"ListItem\",\"position\":3,\"name\":\"Manualer\"}]},{\"@type\":\"WebSite\",\"@id\":\"https:\/\/conform.se\/#website\",\"url\":\"https:\/\/conform.se\/\",\"name\":\"Conform Collection AB\",\"description\":\"En f\u00e5t\u00f6lj fr\u00e5n Conform \u00e4r en v\u00e4lgjord f\u00e5t\u00f6lj av h\u00f6gsta kvalitet.\",\"potentialAction\":[{\"@type\":\"SearchAction\",\"target\":{\"@type\":\"EntryPoint\",\"urlTemplate\":\"https:\/\/conform.se\/?s={search_term_string}\"},\"query-input\":{\"@type\":\"PropertyValueSpecification\",\"valueRequired\":true,\"valueName\":\"search_term_string\"}}],\"inLanguage\":\"de\"}]}<\/script>\n<!-- \/ Yoast SEO plugin. -->","yoast_head_json":{"title":"Manualer - Conform Collection AB","robots":{"index":"index","follow":"follow","max-snippet":"max-snippet:-1","max-image-preview":"max-image-preview:large","max-video-preview":"max-video-preview:-1"},"canonical":"https:\/\/conform.se\/de_de\/downloads\/manualer\/","og_locale":"de_DE","og_type":"article","og_title":"Manualer - Conform Collection AB","og_description":"LADDA NERMONTERINGSANVISNINGAR KATALOG ON-LINE PRESSBILDER ORDERDOKUMENT PRODUKTBLAD FUNKTIONSFILM MANUALER Manualer Manualer Avoria\/Nova","og_url":"https:\/\/conform.se\/de_de\/downloads\/manualer\/","og_site_name":"Conform Collection AB","article_modified_time":"2025-08-13T07:15:34+00:00","twitter_card":"summary_large_image","twitter_misc":{"Gesch\u00e4tzte Lesezeit":"1\u00a0Minute"},"schema":{"@context":"https:\/\/schema.org","@graph":[{"@type":"WebPage","@id":"https:\/\/conform.se\/ladda-ner\/manualer\/","url":"https:\/\/conform.se\/ladda-ner\/manualer\/","name":"Manualer - Conform Collection AB","isPartOf":{"@id":"https:\/\/conform.se\/#website"},"datePublished":"2021-05-26T05:56:16+00:00","dateModified":"2025-08-13T07:15:34+00:00","breadcrumb":{"@id":"https:\/\/conform.se\/ladda-ner\/manualer\/#breadcrumb"},"inLanguage":"de","potentialAction":[{"@type":"ReadAction","target":["https:\/\/conform.se\/ladda-ner\/manualer\/"]}]},{"@type":"BreadcrumbList","@id":"https:\/\/conform.se\/ladda-ner\/manualer\/#breadcrumb","itemListElement":[{"@type":"ListItem","position":1,"name":"Hem","item":"https:\/\/conform.se\/"},{"@type":"ListItem","position":2,"name":"LADDA NER","item":"https:\/\/conform.se\/ladda-ner\/"},{"@type":"ListItem","position":3,"name":"Manualer"}]},{"@type":"WebSite","@id":"https:\/\/conform.se\/#website","url":"https:\/\/conform.se\/","name":"Conform Collection AB","description":"En f\u00e5t\u00f6lj fr\u00e5n Conform \u00e4r en v\u00e4lgjord f\u00e5t\u00f6lj av h\u00f6gsta kvalitet.","potentialAction":[{"@type":"SearchAction","target":{"@type":"EntryPoint","urlTemplate":"https:\/\/conform.se\/?s={search_term_string}"},"query-input":{"@type":"PropertyValueSpecification","valueRequired":true,"valueName":"search_term_string"}}],"inLanguage":"de"}]}},"_links":{"self":[{"href":"https:\/\/conform.se\/de_de\/wp-json\/wp\/v2\/pages\/50107","targetHints":{"allow":["GET"]}}],"collection":[{"href":"https:\/\/conform.se\/de_de\/wp-json\/wp\/v2\/pages"}],"about":[{"href":"https:\/\/conform.se\/de_de\/wp-json\/wp\/v2\/types\/page"}],"author":[{"embeddable":true,"href":"https:\/\/conform.se\/de_de\/wp-json\/wp\/v2\/users\/1"}],"replies":[{"embeddable":true,"href":"https:\/\/conform.se\/de_de\/wp-json\/wp\/v2\/comments?post=50107"}],"version-history":[{"count":11,"href":"https:\/\/conform.se\/de_de\/wp-json\/wp\/v2\/pages\/50107\/revisions"}],"predecessor-version":[{"id":60399,"href":"https:\/\/conform.se\/de_de\/wp-json\/wp\/v2\/pages\/50107\/revisions\/60399"}],"up":[{"embeddable":true,"href":"https:\/\/conform.se\/de_de\/wp-json\/wp\/v2\/pages\/19"}],"wp:attachment":[{"href":"https:\/\/conform.se\/de_de\/wp-json\/wp\/v2\/media?parent=50107"}],"curies":[{"name":"wp","href":"https:\/\/api.w.org\/{rel}","templated":true}]}}