{"id":50963,"date":"2021-05-28T14:03:29","date_gmt":"2021-05-28T12:03:29","guid":{"rendered":"http:\/\/cc.mathinic.nu\/?page_id=50963"},"modified":"2021-06-23T09:56:55","modified_gmt":"2021-06-23T07:56:55","slug":"terms","status":"publish","type":"page","link":"https:\/\/conform.se\/de_de\/terms\/","title":{"rendered":"Terms"},"content":{"rendered":"<p>[et_pb_section fb_built=&#8221;1&#8243; _builder_version=&#8221;4.9.4&#8243; _module_preset=&#8221;default&#8221;][et_pb_row _builder_version=&#8221;4.9.4&#8243; _module_preset=&#8221;default&#8221; width=&#8221;955px&#8221; max_width=&#8221;955px&#8221; module_alignment=&#8221;center&#8221;][et_pb_column type=&#8221;4_4&#8243; _builder_version=&#8221;4.9.4&#8243; _module_preset=&#8221;default&#8221;][et_pb_text _builder_version=&#8221;4.9.4&#8243; _module_preset=&#8221;default&#8221; hover_enabled=&#8221;0&#8243; sticky_enabled=&#8221;0&#8243;]<\/p>\n<h2>Nutzungsbedingungen und Regeln conform.se<\/h2>\n<p><strong>Hier finden Sie spezifische Informationen zu unserer Website. Durch den Zugriff auf, bzw. die Nutzung der Website erkl\u00e4ren Sie sich mit unseren Nutzungsbedingungen einverstanden. Conform Collection AB beh\u00e4lt sich das Recht vor, jederzeit die Nutzungsbedingungen zu \u00e4ndern, die Website zu aktualisieren oder zu \u00e4ndern und deren Nutzung zu widerrufen oder anderweitig einzuschr\u00e4nken.<\/strong><\/p>\n<p><strong>Ausf\u00fchrlichere Informationen zu unseren Gesch\u00e4ftsbedingungen entnehmen Sie bitte hier:<\/strong><br \/><a href=\"\/de_de\/privacy\/\">Datenbehandlung gem\u00e4\u00df Datenschutzverordnung (DSGVO)<\/a><br \/>Bei conform.se verwenden wir Cookies.<\/p>\n<p><strong>Produkte und Dienstleistungen der Website<\/strong><br \/>Die Produkte oder Dienstleistungen, die \u00fcber die Website vermarktet oder bereitgestellt werden, sind in einigen F\u00e4llen nicht f\u00fcr alle Besucher oder M\u00e4rkte verf\u00fcgbar. F\u00fcr diese Abweichungen ist Conform Collection AB zu keinerlei Erkl\u00e4rungen verpflichtet.<br \/>Sollten die Bedingungen f\u00fcr die auf der Website angebotenen Produkte\/Dienstleistungen nicht mit den Nutzungsbedingungen der Website vereinbar sein, gelten die Bedingungen f\u00fcr diese Produkte\/Dienstleistungen vorrangig gegen\u00fcber den Nutzungsbedingungen der Website.<\/p>\n<p><strong>Haftungsbeschr\u00e4nkung<\/strong><br \/>Das auf der Website pr\u00e4sentierte Material dient nur zur allgemeinen Information. Diese Informationen sind nicht immer vollst\u00e4ndig oder komplett aktualisiert. Schreibfehler und technische M\u00e4ngel sind nicht 100-prozentig auszuschlie\u00dfen.<\/p>\n<p>Trotz unserer starken Bem\u00fchungen k\u00f6nnen wir nicht garantieren, dass die Website frei von Viren und anderen sch\u00e4dlichen Komponenten ist. Conform Collection AB haftet nicht f\u00fcr Sch\u00e4den, die direkt oder indirekt durch die Nutzung der Website verursacht werden.<\/p>\n<p><strong>Nutzungsrechte des Materials auf der Website<\/strong><br \/>Conform Collection AB\u00b4s varum\u00e4rke eller tj\u00e4nster f\u00e5r ej anv\u00e4ndas av annan \u00e4n den som godk\u00e4nts av Conform Collection AB. Varum\u00e4rke eller tj\u00e4nst f\u00e5r inte heller anv\u00e4ndas p\u00e5 s\u00e5 s\u00e4tt att det i en s\u00f6kmotor uppkommer som &#8220;felaktig tr\u00e4ff&#8221;.<br \/>In bestimmten F\u00e4llen sind die Texte und Fotos auf der Website urheberrechtlich gesch\u00fctzt. Es ist nicht gestattet, urheberrechtlich gesch\u00fctztes Material ohne die Zustimmung des Rechteinhabers zu vervielf\u00e4ltigen, zu verbreiten oder anderweitig zur Verf\u00fcgung zu stellen.<\/p>\n<p><strong>Das Recht auf eine Verkn\u00fcpfung zu und von der Website<\/strong><br \/>Conform Collection AB ist f\u00fcr Links von der Website zu externen Websites oder den Inhalt oder die Funktionalit\u00e4t der externen Websites nicht verantwortlich.<\/p>\n<p>Es ist erlaubt, von einer anderen Website auf die Website von Conform Collection AB zu verlinken. Der Link darf die Suchergebnisse auf der Website von Conform Collection AB jedoch nicht falsch darstellen oder verfehlen. Aus der Verlinkung muss immer deutlich hervorgehen, dass das Material von Conform Collection ABs Website stammt.<\/p>\n<p>Die Auslegung und Anwendung dieser Nutzungsbedingungen erfolgt nach schwedischem Recht.<\/p>\n<p>F\u00fcr diese Website ist Conform Collection AB verantwortlich.<\/p>\n<p><strong>Kontaktangaben<\/strong><br \/>Conform Collection AB, Vetlandav\u00e4gen 14, 570 15 Holsbybrunn<br \/><span class=\"textbold\">VAT:<\/span> SE556185797901<br \/>Telefon: +46 383-508 90<br \/><a href=\"mailto:info@conform.se\">Eine E-Mail senden<\/a><\/p>\n<p>[\/et_pb_text][\/et_pb_column][\/et_pb_row][\/et_pb_section]<\/p>","protected":false},"excerpt":{"rendered":"<p>Anv\u00e4ndarvillkor och regler f\u00f6r conform.se H\u00e4r hittar du specifik information om v\u00e5r webbplats. Genom att g\u00e5 in p\u00e5 och nyttja webbplatsen anses du ha accepterat v\u00e5ra anv\u00e4ndarvillkor. Conform Collection AB f\u00f6rbeh\u00e5ller sig r\u00e4tten att n\u00e4r som helst \u00e4ndra anv\u00e4ndarvillkoren, uppdatera eller \u00e4ndra webbplatsen samt avbryta eller p\u00e5 annat s\u00e4tt begr\u00e4nsa anv\u00e4ndandet av den. F\u00f6r dig [&hellip;]<\/p>","protected":false},"author":1,"featured_media":0,"parent":0,"menu_order":0,"comment_status":"closed","ping_status":"closed","template":"","meta":{"_acf_changed":false,"_et_pb_use_builder":"on","_et_pb_old_content":"","_et_gb_content_width":"","footnotes":""},"class_list":["post-50963","page","type-page","status-publish","hentry"],"acf":[],"yoast_head":"<!-- This site is optimized with the Yoast SEO plugin v26.3 - https:\/\/yoast.com\/wordpress\/plugins\/seo\/ -->\n<title>Terms - Conform Collection AB<\/title>\n<meta name=\"robots\" content=\"index, follow, max-snippet:-1, max-image-preview:large, max-video-preview:-1\" \/>\n<link rel=\"canonical\" href=\"https:\/\/conform.se\/de_de\/terms\/\" \/>\n<meta property=\"og:locale\" content=\"de_DE\" \/>\n<meta property=\"og:type\" content=\"article\" \/>\n<meta property=\"og:title\" content=\"Terms - Conform Collection AB\" \/>\n<meta property=\"og:description\" content=\"Anv\u00e4ndarvillkor och regler f\u00f6r conform.se H\u00e4r hittar du specifik information om v\u00e5r webbplats. Genom att g\u00e5 in p\u00e5 och nyttja webbplatsen anses du ha accepterat v\u00e5ra anv\u00e4ndarvillkor. Conform Collection AB f\u00f6rbeh\u00e5ller sig r\u00e4tten att n\u00e4r som helst \u00e4ndra anv\u00e4ndarvillkoren, uppdatera eller \u00e4ndra webbplatsen samt avbryta eller p\u00e5 annat s\u00e4tt begr\u00e4nsa anv\u00e4ndandet av den. F\u00f6r dig [&hellip;]\" \/>\n<meta property=\"og:url\" content=\"https:\/\/conform.se\/de_de\/terms\/\" \/>\n<meta property=\"og:site_name\" content=\"Conform Collection AB\" \/>\n<meta property=\"article:modified_time\" content=\"2021-06-23T07:56:55+00:00\" \/>\n<meta name=\"twitter:card\" content=\"summary_large_image\" \/>\n<meta name=\"twitter:label1\" content=\"Gesch\u00e4tzte Lesezeit\" \/>\n\t<meta name=\"twitter:data1\" content=\"3\u00a0Minuten\" \/>\n<script type=\"application\/ld+json\" class=\"yoast-schema-graph\">{\"@context\":\"https:\/\/schema.org\",\"@graph\":[{\"@type\":\"WebPage\",\"@id\":\"https:\/\/conform.se\/terms\/\",\"url\":\"https:\/\/conform.se\/terms\/\",\"name\":\"Terms - Conform Collection AB\",\"isPartOf\":{\"@id\":\"https:\/\/conform.se\/#website\"},\"datePublished\":\"2021-05-28T12:03:29+00:00\",\"dateModified\":\"2021-06-23T07:56:55+00:00\",\"breadcrumb\":{\"@id\":\"https:\/\/conform.se\/terms\/#breadcrumb\"},\"inLanguage\":\"de\",\"potentialAction\":[{\"@type\":\"ReadAction\",\"target\":[\"https:\/\/conform.se\/terms\/\"]}]},{\"@type\":\"BreadcrumbList\",\"@id\":\"https:\/\/conform.se\/terms\/#breadcrumb\",\"itemListElement\":[{\"@type\":\"ListItem\",\"position\":1,\"name\":\"Hem\",\"item\":\"https:\/\/conform.se\/\"},{\"@type\":\"ListItem\",\"position\":2,\"name\":\"Terms\"}]},{\"@type\":\"WebSite\",\"@id\":\"https:\/\/conform.se\/#website\",\"url\":\"https:\/\/conform.se\/\",\"name\":\"Conform Collection AB\",\"description\":\"En f\u00e5t\u00f6lj fr\u00e5n Conform \u00e4r en v\u00e4lgjord f\u00e5t\u00f6lj av h\u00f6gsta kvalitet.\",\"potentialAction\":[{\"@type\":\"SearchAction\",\"target\":{\"@type\":\"EntryPoint\",\"urlTemplate\":\"https:\/\/conform.se\/?s={search_term_string}\"},\"query-input\":{\"@type\":\"PropertyValueSpecification\",\"valueRequired\":true,\"valueName\":\"search_term_string\"}}],\"inLanguage\":\"de\"}]}<\/script>\n<!-- \/ Yoast SEO plugin. -->","yoast_head_json":{"title":"Terms - Conform Collection AB","robots":{"index":"index","follow":"follow","max-snippet":"max-snippet:-1","max-image-preview":"max-image-preview:large","max-video-preview":"max-video-preview:-1"},"canonical":"https:\/\/conform.se\/de_de\/terms\/","og_locale":"de_DE","og_type":"article","og_title":"Terms - Conform Collection AB","og_description":"Anv\u00e4ndarvillkor och regler f\u00f6r conform.se H\u00e4r hittar du specifik information om v\u00e5r webbplats. Genom att g\u00e5 in p\u00e5 och nyttja webbplatsen anses du ha accepterat v\u00e5ra anv\u00e4ndarvillkor. Conform Collection AB f\u00f6rbeh\u00e5ller sig r\u00e4tten att n\u00e4r som helst \u00e4ndra anv\u00e4ndarvillkoren, uppdatera eller \u00e4ndra webbplatsen samt avbryta eller p\u00e5 annat s\u00e4tt begr\u00e4nsa anv\u00e4ndandet av den. F\u00f6r dig [&hellip;]","og_url":"https:\/\/conform.se\/de_de\/terms\/","og_site_name":"Conform Collection AB","article_modified_time":"2021-06-23T07:56:55+00:00","twitter_card":"summary_large_image","twitter_misc":{"Gesch\u00e4tzte Lesezeit":"3\u00a0Minuten"},"schema":{"@context":"https:\/\/schema.org","@graph":[{"@type":"WebPage","@id":"https:\/\/conform.se\/terms\/","url":"https:\/\/conform.se\/terms\/","name":"Terms - Conform Collection AB","isPartOf":{"@id":"https:\/\/conform.se\/#website"},"datePublished":"2021-05-28T12:03:29+00:00","dateModified":"2021-06-23T07:56:55+00:00","breadcrumb":{"@id":"https:\/\/conform.se\/terms\/#breadcrumb"},"inLanguage":"de","potentialAction":[{"@type":"ReadAction","target":["https:\/\/conform.se\/terms\/"]}]},{"@type":"BreadcrumbList","@id":"https:\/\/conform.se\/terms\/#breadcrumb","itemListElement":[{"@type":"ListItem","position":1,"name":"Hem","item":"https:\/\/conform.se\/"},{"@type":"ListItem","position":2,"name":"Terms"}]},{"@type":"WebSite","@id":"https:\/\/conform.se\/#website","url":"https:\/\/conform.se\/","name":"Conform Collection AB","description":"En f\u00e5t\u00f6lj fr\u00e5n Conform \u00e4r en v\u00e4lgjord f\u00e5t\u00f6lj av h\u00f6gsta kvalitet.","potentialAction":[{"@type":"SearchAction","target":{"@type":"EntryPoint","urlTemplate":"https:\/\/conform.se\/?s={search_term_string}"},"query-input":{"@type":"PropertyValueSpecification","valueRequired":true,"valueName":"search_term_string"}}],"inLanguage":"de"}]}},"_links":{"self":[{"href":"https:\/\/conform.se\/de_de\/wp-json\/wp\/v2\/pages\/50963","targetHints":{"allow":["GET"]}}],"collection":[{"href":"https:\/\/conform.se\/de_de\/wp-json\/wp\/v2\/pages"}],"about":[{"href":"https:\/\/conform.se\/de_de\/wp-json\/wp\/v2\/types\/page"}],"author":[{"embeddable":true,"href":"https:\/\/conform.se\/de_de\/wp-json\/wp\/v2\/users\/1"}],"replies":[{"embeddable":true,"href":"https:\/\/conform.se\/de_de\/wp-json\/wp\/v2\/comments?post=50963"}],"version-history":[{"count":0,"href":"https:\/\/conform.se\/de_de\/wp-json\/wp\/v2\/pages\/50963\/revisions"}],"wp:attachment":[{"href":"https:\/\/conform.se\/de_de\/wp-json\/wp\/v2\/media?parent=50963"}],"curies":[{"name":"wp","href":"https:\/\/api.w.org\/{rel}","templated":true}]}}