{"id":51649,"date":"2021-06-09T09:35:52","date_gmt":"2021-06-09T07:35:52","guid":{"rendered":"http:\/\/cc.mathinic.nu\/?page_id=51649"},"modified":"2021-06-22T21:43:21","modified_gmt":"2021-06-22T19:43:21","slug":"obekvamt-testad","status":"publish","type":"page","link":"https:\/\/conform.se\/de_de\/produkte\/uncomfortable-testing\/","title":{"rendered":"OBEKV\u00c4MT TESTAD"},"content":{"rendered":"<p>[et_pb_section fb_built=&#8221;1&#8243; _builder_version=&#8221;4.9.4&#8243; _module_preset=&#8221;default&#8221; custom_margin=&#8221;||0px||false|false&#8221; custom_padding=&#8221;||0px||false|false&#8221;][et_pb_row column_structure=&#8221;1_2,1_2&#8243; _builder_version=&#8221;4.9.4&#8243; _module_preset=&#8221;default&#8221; custom_margin=&#8221;||0px||false|false&#8221; custom_padding=&#8221;||0px||false|false&#8221;][et_pb_column type=&#8221;1_2&#8243; _builder_version=&#8221;4.9.4&#8243; _module_preset=&#8221;default&#8221;][et_pb_text _builder_version=&#8221;4.9.4&#8243; _module_preset=&#8221;default&#8221; text_text_color=&#8221;#000000&#8243; text_font_size=&#8221;16px&#8221; text_letter_spacing=&#8221;0.2px&#8221; text_line_height=&#8221;1.4em&#8221; header_font=&#8221;MillerBannerRoman||||||||&#8221; header_font_size=&#8221;55px&#8221; width=&#8221;450px&#8221; width_tablet=&#8221;&#8221; width_phone=&#8221;&#8221; width_last_edited=&#8221;on|desktop&#8221; max_width=&#8221;450px&#8221; max_width_tablet=&#8221;&#8221; max_width_phone=&#8221;&#8221; max_width_last_edited=&#8221;on|phone&#8221; custom_margin=&#8221;50px|||50px|false|false&#8221; custom_margin_tablet=&#8221;&#8221; custom_margin_phone=&#8221;20px|20px|20px|20px|false|false&#8221; custom_margin_last_edited=&#8221;on|desktop&#8221; custom_padding=&#8221;||||false|false&#8221; hover_enabled=&#8221;0&#8243; header_font_size_tablet=&#8221;&#8221; header_font_size_phone=&#8221;30px&#8221; header_font_size_last_edited=&#8221;on|phone&#8221; sticky_enabled=&#8221;0&#8243;]<\/p>\n<h1>Uncomfortable testing for a comfortable life.<\/h1>\n<p>[\/et_pb_text][\/et_pb_column][et_pb_column type=&#8221;1_2&#8243; _builder_version=&#8221;4.9.4&#8243; _module_preset=&#8221;default&#8221;][et_pb_image src=&#8221;https:\/\/conform.se\/wp-content\/uploads\/2021\/06\/Conform_Testlabb_1.jpg&#8221; title_text=&#8221;Conform_Testlabb_1&#8243; _builder_version=&#8221;4.9.4&#8243; _module_preset=&#8221;default&#8221; width=&#8221;300px&#8221; custom_margin=&#8221;30px||||false|false&#8221; border_color_all=&#8221;#FFFFFF&#8221;][\/et_pb_image][\/et_pb_column][\/et_pb_row][\/et_pb_section][et_pb_section fb_built=&#8221;1&#8243; _builder_version=&#8221;4.9.4&#8243; _module_preset=&#8221;default&#8221; custom_margin=&#8221;0px||||false|false&#8221; custom_padding=&#8221;0px||||false|false&#8221;][et_pb_row column_structure=&#8221;1_3,1_3,1_3&#8243; _builder_version=&#8221;4.9.4&#8243; _module_preset=&#8221;default&#8221; custom_margin=&#8221;0px||||false|false&#8221; custom_padding=&#8221;0px||||false|false&#8221;][et_pb_column type=&#8221;1_3&#8243; _builder_version=&#8221;4.9.4&#8243; _module_preset=&#8221;default&#8221;][et_pb_image src=&#8221;https:\/\/conform.se\/wp-content\/uploads\/2021\/06\/Conform_Testlabb_2.jpg&#8221; title_text=&#8221;Conform_Testlabb_2&#8243; _builder_version=&#8221;4.9.4&#8243; _module_preset=&#8221;default&#8221; width=&#8221;200px&#8221; width_tablet=&#8221;&#8221; width_phone=&#8221;&#8221; width_last_edited=&#8221;on|desktop&#8221; max_width=&#8221;200px&#8221; module_alignment=&#8221;left&#8221; module_alignment_tablet=&#8221;&#8221; module_alignment_phone=&#8221;center&#8221; module_alignment_last_edited=&#8221;on|phone&#8221; custom_css_main_element=&#8221;display:block;&#8221;][\/et_pb_image][\/et_pb_column][et_pb_column type=&#8221;1_3&#8243; _builder_version=&#8221;4.9.4&#8243; _module_preset=&#8221;default&#8221;][et_pb_image src=&#8221;https:\/\/conform.se\/wp-content\/uploads\/2021\/06\/Conform_Testlabb_4.jpg&#8221; title_text=&#8221;Conform_Testlabb_4&#8243; _builder_version=&#8221;4.9.4&#8243; _module_preset=&#8221;default&#8221; width=&#8221;375px&#8221; width_tablet=&#8221;&#8221; width_phone=&#8221;&#8221; width_last_edited=&#8221;on|phone&#8221; max_width=&#8221;375px&#8221; max_width_tablet=&#8221;&#8221; max_width_phone=&#8221;&#8221; max_width_last_edited=&#8221;on|desktop&#8221; custom_margin=&#8221;0px|||-230px|false|false&#8221; custom_padding=&#8221;0px||||false|false&#8221;][\/et_pb_image][\/et_pb_column][et_pb_column type=&#8221;1_3&#8243; _builder_version=&#8221;4.9.4&#8243; _module_preset=&#8221;default&#8221;][et_pb_text _builder_version=&#8221;4.9.4&#8243; _module_preset=&#8221;default&#8221; text_text_color=&#8221;#000000&#8243; text_font_size=&#8221;16px&#8221; text_letter_spacing=&#8221;0.2px&#8221; text_line_height=&#8221;1.4em&#8221; header_font=&#8221;MillerBannerLight||||||||&#8221; header_font_size=&#8221;55px&#8221; width=&#8221;330px&#8221; width_tablet=&#8221;&#8221; width_phone=&#8221;&#8221; width_last_edited=&#8221;on|phone&#8221; max_width=&#8221;330px&#8221; max_width_tablet=&#8221;&#8221; max_width_phone=&#8221;&#8221; max_width_last_edited=&#8221;on|desktop&#8221; custom_margin=&#8221;70px|||-150px|false|false&#8221; custom_margin_tablet=&#8221;&#8221; custom_margin_phone=&#8221;20px|20px|20px|20px|false|false&#8221; custom_margin_last_edited=&#8221;on|desktop&#8221; custom_padding=&#8221;||||false|false&#8221; header_font_size_tablet=&#8221;&#8221; header_font_size_phone=&#8221;30px&#8221; header_font_size_last_edited=&#8221;on|phone&#8221;]<\/p>\n<p>Sobald ein Sessel zur Serienherstellung fertig ist, hat dieser nicht nur das Design und technische Perfektion erreicht wonach wir streben, sondern er hat auch unse-re Folterkammer \u2013 sorry, unsere Testwerkstatt \u00fcberlebt.<\/p>\n<p>Au\u00dfer der guten alten Haltbarkeitstests mit mecha-nischem Druck auf R\u00fccken, Sitz und Fuss haben wir eigene Testapparate im Auftrag, unsere Sessel aus jedem Winkel zu \u2018\u2018attackieren\u2018\u2018.<\/p>\n<p>Die Armlehnen werden einem 60 kg Druck ausgesetzt, ungef\u00e4hr 20.000 Mal. Es wird ein 120 kg schwerer Sack auf den Sitz fallen gelassen und der Verstellmechanismus des R\u00fcckens wird mit Hilfe eines starken Seilzuges getestet, welches wiederholend den R\u00fccken mit einem Gewicht von 40 kg nach hinten zieht \u2013 ca. 100.000 Mal.<\/p>\n<p>Immer mal wieder w\u00e4hlen wir einen nichtsahnenden Sessel aus unserer Produktion aus, um zu testen, ob unser Anspruch auf Qualit\u00e4t beibehalten wird.<\/p>\n<p>Ein wenig Stress muss ja ein Sessel aushalten k\u00f6nnen- besser gesagt \u2013 viel  aushalten, vor allem ein Conform Sessel.<\/p>\n<p>[\/et_pb_text][et_pb_image src=&#8221;https:\/\/conform.se\/wp-content\/uploads\/2021\/06\/Conform_Testlabb_3.jpg&#8221; title_text=&#8221;Conform_Testlabb_3&#8243; align=&#8221;right&#8221; align_phone=&#8221;center&#8221; align_last_edited=&#8221;off|desktop&#8221; _builder_version=&#8221;4.9.4&#8243; _module_preset=&#8221;default&#8221; width=&#8221;200px&#8221; width_tablet=&#8221;&#8221; width_phone=&#8221;&#8221; width_last_edited=&#8221;on|phone&#8221; max_width=&#8221;200px&#8221; max_width_tablet=&#8221;&#8221; max_width_phone=&#8221;&#8221; max_width_last_edited=&#8221;on|phone&#8221; custom_margin=&#8221;50px|||-240px|false|false&#8221; border_width_all=&#8221;3px&#8221; border_color_all=&#8221;#FFFFFF&#8221;][\/et_pb_image][\/et_pb_column][\/et_pb_row][\/et_pb_section][et_pb_section fb_built=&#8221;1&#8243; _builder_version=&#8221;4.9.4&#8243; _module_preset=&#8221;default&#8221; background_color=&#8221;#E6E1DD&#8221; custom_margin=&#8221;||62px||false|false&#8221; custom_padding=&#8221;||40px||false|false&#8221;][et_pb_row _builder_version=&#8221;4.9.4&#8243; _module_preset=&#8221;default&#8221; width=&#8221;955px&#8221; width_tablet=&#8221;&#8221; width_phone=&#8221;&#8221; width_last_edited=&#8221;on|phone&#8221; module_alignment=&#8221;center&#8221; animation_style=&#8221;fade&#8221;][et_pb_column type=&#8221;4_4&#8243; _builder_version=&#8221;4.9.2&#8243; _module_preset=&#8221;default&#8221;][et_pb_video src=&#8221;https:\/\/youtu.be\/OaWtu0FdZ7U&#8221; _builder_version=&#8221;4.9.2&#8243; _module_preset=&#8221;default&#8221;][\/et_pb_video][\/et_pb_column][\/et_pb_row][\/et_pb_section]<\/p>","protected":false},"excerpt":{"rendered":"<p>Obekv\u00e4mt testad f\u00f6r ett bekv\u00e4mt liv.N\u00e4r en ny f\u00e5t\u00f6lj \u00e4r klar f\u00f6r serietillverkning har den inte bara f\u00e5tt den formm\u00e4ssiga och tekniska perfektion vi str\u00e4var efter. Den har \u00e4ven \u00f6verlevt en vistelse i v\u00e5r tortyrkammare \u2026 f\u00f6rl\u00e5t, v\u00e5rt testlabb. F\u00f6rutom gamla goda h\u00e5llbarhetstester, med mekaniskt tryck mot rygg, sits och fot, har vi \u00e4ven byggt [&hellip;]<\/p>","protected":false},"author":1,"featured_media":0,"parent":9,"menu_order":0,"comment_status":"closed","ping_status":"closed","template":"","meta":{"_acf_changed":false,"_et_pb_use_builder":"on","_et_pb_old_content":"","_et_gb_content_width":"","footnotes":""},"class_list":["post-51649","page","type-page","status-publish","hentry"],"acf":[],"yoast_head":"<!-- This site is optimized with the Yoast SEO plugin v26.3 - https:\/\/yoast.com\/wordpress\/plugins\/seo\/ -->\n<title>OBEKV\u00c4MT TESTAD - Conform Collection AB<\/title>\n<meta name=\"robots\" content=\"index, follow, max-snippet:-1, max-image-preview:large, max-video-preview:-1\" \/>\n<link rel=\"canonical\" href=\"https:\/\/conform.se\/de_de\/produkte\/uncomfortable-testing\/\" \/>\n<meta property=\"og:locale\" content=\"de_DE\" \/>\n<meta property=\"og:type\" content=\"article\" \/>\n<meta property=\"og:title\" content=\"OBEKV\u00c4MT TESTAD - Conform Collection AB\" \/>\n<meta property=\"og:description\" content=\"Obekv\u00e4mt testad f\u00f6r ett bekv\u00e4mt liv.N\u00e4r en ny f\u00e5t\u00f6lj \u00e4r klar f\u00f6r serietillverkning har den inte bara f\u00e5tt den formm\u00e4ssiga och tekniska perfektion vi str\u00e4var efter. Den har \u00e4ven \u00f6verlevt en vistelse i v\u00e5r tortyrkammare \u2026 f\u00f6rl\u00e5t, v\u00e5rt testlabb. F\u00f6rutom gamla goda h\u00e5llbarhetstester, med mekaniskt tryck mot rygg, sits och fot, har vi \u00e4ven byggt [&hellip;]\" \/>\n<meta property=\"og:url\" content=\"https:\/\/conform.se\/de_de\/produkte\/uncomfortable-testing\/\" \/>\n<meta property=\"og:site_name\" content=\"Conform Collection AB\" \/>\n<meta property=\"article:modified_time\" content=\"2021-06-22T19:43:21+00:00\" \/>\n<meta name=\"twitter:card\" content=\"summary_large_image\" \/>\n<meta name=\"twitter:label1\" content=\"Gesch\u00e4tzte Lesezeit\" \/>\n\t<meta name=\"twitter:data1\" content=\"4\u00a0Minuten\" \/>\n<script type=\"application\/ld+json\" class=\"yoast-schema-graph\">{\"@context\":\"https:\/\/schema.org\",\"@graph\":[{\"@type\":\"WebPage\",\"@id\":\"https:\/\/conform.se\/produkter\/obekvamt-testad\/\",\"url\":\"https:\/\/conform.se\/produkter\/obekvamt-testad\/\",\"name\":\"OBEKV\u00c4MT TESTAD - Conform Collection AB\",\"isPartOf\":{\"@id\":\"https:\/\/conform.se\/#website\"},\"datePublished\":\"2021-06-09T07:35:52+00:00\",\"dateModified\":\"2021-06-22T19:43:21+00:00\",\"breadcrumb\":{\"@id\":\"https:\/\/conform.se\/produkter\/obekvamt-testad\/#breadcrumb\"},\"inLanguage\":\"de\",\"potentialAction\":[{\"@type\":\"ReadAction\",\"target\":[\"https:\/\/conform.se\/produkter\/obekvamt-testad\/\"]}]},{\"@type\":\"BreadcrumbList\",\"@id\":\"https:\/\/conform.se\/produkter\/obekvamt-testad\/#breadcrumb\",\"itemListElement\":[{\"@type\":\"ListItem\",\"position\":1,\"name\":\"Hem\",\"item\":\"https:\/\/conform.se\/\"},{\"@type\":\"ListItem\",\"position\":2,\"name\":\"PRODUKTER\",\"item\":\"https:\/\/conform.se\/de_de\/produkte\/\"},{\"@type\":\"ListItem\",\"position\":3,\"name\":\"OBEKV\u00c4MT TESTAD\"}]},{\"@type\":\"WebSite\",\"@id\":\"https:\/\/conform.se\/#website\",\"url\":\"https:\/\/conform.se\/\",\"name\":\"Conform Collection AB\",\"description\":\"En f\u00e5t\u00f6lj fr\u00e5n Conform \u00e4r en v\u00e4lgjord f\u00e5t\u00f6lj av h\u00f6gsta kvalitet.\",\"potentialAction\":[{\"@type\":\"SearchAction\",\"target\":{\"@type\":\"EntryPoint\",\"urlTemplate\":\"https:\/\/conform.se\/?s={search_term_string}\"},\"query-input\":{\"@type\":\"PropertyValueSpecification\",\"valueRequired\":true,\"valueName\":\"search_term_string\"}}],\"inLanguage\":\"de\"}]}<\/script>\n<!-- \/ Yoast SEO plugin. -->","yoast_head_json":{"title":"OBEKV\u00c4MT TESTAD - Conform Collection AB","robots":{"index":"index","follow":"follow","max-snippet":"max-snippet:-1","max-image-preview":"max-image-preview:large","max-video-preview":"max-video-preview:-1"},"canonical":"https:\/\/conform.se\/de_de\/produkte\/uncomfortable-testing\/","og_locale":"de_DE","og_type":"article","og_title":"OBEKV\u00c4MT TESTAD - Conform Collection AB","og_description":"Obekv\u00e4mt testad f\u00f6r ett bekv\u00e4mt liv.N\u00e4r en ny f\u00e5t\u00f6lj \u00e4r klar f\u00f6r serietillverkning har den inte bara f\u00e5tt den formm\u00e4ssiga och tekniska perfektion vi str\u00e4var efter. Den har \u00e4ven \u00f6verlevt en vistelse i v\u00e5r tortyrkammare \u2026 f\u00f6rl\u00e5t, v\u00e5rt testlabb. F\u00f6rutom gamla goda h\u00e5llbarhetstester, med mekaniskt tryck mot rygg, sits och fot, har vi \u00e4ven byggt [&hellip;]","og_url":"https:\/\/conform.se\/de_de\/produkte\/uncomfortable-testing\/","og_site_name":"Conform Collection AB","article_modified_time":"2021-06-22T19:43:21+00:00","twitter_card":"summary_large_image","twitter_misc":{"Gesch\u00e4tzte Lesezeit":"4\u00a0Minuten"},"schema":{"@context":"https:\/\/schema.org","@graph":[{"@type":"WebPage","@id":"https:\/\/conform.se\/produkter\/obekvamt-testad\/","url":"https:\/\/conform.se\/produkter\/obekvamt-testad\/","name":"OBEKV\u00c4MT TESTAD - Conform Collection AB","isPartOf":{"@id":"https:\/\/conform.se\/#website"},"datePublished":"2021-06-09T07:35:52+00:00","dateModified":"2021-06-22T19:43:21+00:00","breadcrumb":{"@id":"https:\/\/conform.se\/produkter\/obekvamt-testad\/#breadcrumb"},"inLanguage":"de","potentialAction":[{"@type":"ReadAction","target":["https:\/\/conform.se\/produkter\/obekvamt-testad\/"]}]},{"@type":"BreadcrumbList","@id":"https:\/\/conform.se\/produkter\/obekvamt-testad\/#breadcrumb","itemListElement":[{"@type":"ListItem","position":1,"name":"Hem","item":"https:\/\/conform.se\/"},{"@type":"ListItem","position":2,"name":"PRODUKTER","item":"https:\/\/conform.se\/de_de\/produkte\/"},{"@type":"ListItem","position":3,"name":"OBEKV\u00c4MT TESTAD"}]},{"@type":"WebSite","@id":"https:\/\/conform.se\/#website","url":"https:\/\/conform.se\/","name":"Conform Collection AB","description":"En f\u00e5t\u00f6lj fr\u00e5n Conform \u00e4r en v\u00e4lgjord f\u00e5t\u00f6lj av h\u00f6gsta kvalitet.","potentialAction":[{"@type":"SearchAction","target":{"@type":"EntryPoint","urlTemplate":"https:\/\/conform.se\/?s={search_term_string}"},"query-input":{"@type":"PropertyValueSpecification","valueRequired":true,"valueName":"search_term_string"}}],"inLanguage":"de"}]}},"_links":{"self":[{"href":"https:\/\/conform.se\/de_de\/wp-json\/wp\/v2\/pages\/51649","targetHints":{"allow":["GET"]}}],"collection":[{"href":"https:\/\/conform.se\/de_de\/wp-json\/wp\/v2\/pages"}],"about":[{"href":"https:\/\/conform.se\/de_de\/wp-json\/wp\/v2\/types\/page"}],"author":[{"embeddable":true,"href":"https:\/\/conform.se\/de_de\/wp-json\/wp\/v2\/users\/1"}],"replies":[{"embeddable":true,"href":"https:\/\/conform.se\/de_de\/wp-json\/wp\/v2\/comments?post=51649"}],"version-history":[{"count":0,"href":"https:\/\/conform.se\/de_de\/wp-json\/wp\/v2\/pages\/51649\/revisions"}],"up":[{"embeddable":true,"href":"https:\/\/conform.se\/de_de\/wp-json\/wp\/v2\/pages\/9"}],"wp:attachment":[{"href":"https:\/\/conform.se\/de_de\/wp-json\/wp\/v2\/media?parent=51649"}],"curies":[{"name":"wp","href":"https:\/\/api.w.org\/{rel}","templated":true}]}}