{"id":52537,"date":"2021-06-17T13:50:59","date_gmt":"2021-06-17T11:50:59","guid":{"rendered":"http:\/\/cc.mathinic.nu\/?page_id=52537"},"modified":"2022-03-17T16:28:05","modified_gmt":"2022-03-17T15:28:05","slug":"old_resellers","status":"publish","type":"page","link":"https:\/\/conform.se\/de_de\/vertrieb\/","title":{"rendered":"Old_RESELLERS"},"content":{"rendered":"<p>[et_pb_section fb_built=&#8221;1&#8243; _builder_version=&#8221;4.9.4&#8243; _module_preset=&#8221;default&#8221; custom_margin=&#8221;70px||||false|false&#8221; global_colors_info=&#8221;{}&#8221;][et_pb_row _builder_version=&#8221;4.9.4&#8243; _module_preset=&#8221;default&#8221; global_colors_info=&#8221;{}&#8221;][et_pb_column type=&#8221;4_4&#8243; _builder_version=&#8221;4.9.4&#8243; _module_preset=&#8221;default&#8221; global_colors_info=&#8221;{}&#8221;][et_pb_text _builder_version=&#8221;4.9.4&#8243; _module_preset=&#8221;default&#8221; text_font=&#8221;MillerBannerLight||||||||&#8221; text_font_size=&#8221;20px&#8221; header_text_align=&#8221;center&#8221; header_font_size=&#8221;55px&#8221; text_orientation=&#8221;center&#8221; width=&#8221;700px&#8221; width_tablet=&#8221;&#8221; width_phone=&#8221;&#8221; width_last_edited=&#8221;on|phone&#8221; module_alignment=&#8221;center&#8221; global_colors_info=&#8221;{}&#8221;]<\/p>\n<h1>Vertrieb<\/h1>\n<p>Sie haben Fragen oder Anmerkungen zu unseren M\u00f6beln, wo sie erh\u00e4ltlich sind oder welche M\u00f6glichkeiten Sie haben, diese nach Ihren W\u00fcnschen zu gestalten?<\/p>\n<p>Kontaktieren Sie uns, wir erz\u00e4hlen Ihnen gerne mehr.<br \/>\n[\/et_pb_text][\/et_pb_column][\/et_pb_row][\/et_pb_section][et_pb_section fb_built=&#8221;1&#8243; _builder_version=&#8221;4.9.4&#8243; _module_preset=&#8221;default&#8221; global_colors_info=&#8221;{}&#8221;][et_pb_row column_structure=&#8221;1_4,1_4,1_4,1_4&#8243; make_equal=&#8221;on&#8221; _builder_version=&#8221;4.9.4&#8243; _module_preset=&#8221;default&#8221; width=&#8221;1280px&#8221; custom_margin=&#8221;||0px||false|false&#8221; custom_padding=&#8221;||0px||false|false&#8221; global_colors_info=&#8221;{}&#8221;][et_pb_column type=&#8221;1_4&#8243; _builder_version=&#8221;4.9.4&#8243; _module_preset=&#8221;default&#8221; border_color_all=&#8221;#FFFFFF&#8221; global_colors_info=&#8221;{}&#8221;][s4s_person_plus image_max_width=&#8221;25%&#8221; name=&#8221;FURNIFLAIR-S\u00f6ren Fryd&#8221; position=&#8221;Austria&#8221; phone=&#8221;+49 461 807050&#8243; email=&#8221;office@furniflair.com&#8221; pre_bio_fields1_label=&#8221;Fax&#8221; pre_bio_fields1_text=&#8221;+49 461 8070510&#8243; shortbio=&#8221;<\/p>\n<p><strong>Address<\/strong><br \/>\nWerkstr. 4<br \/>\nD-24955 Harrislee<\/p>\n<p>&#8221; admin_label=&#8221;Austria&#8221; _builder_version=&#8221;4.9.4&#8243; _module_preset=&#8221;default&#8221; position_text_color=&#8221;#000000&#8243; custom_padding=&#8221;||||false|false&#8221; border_color_all=&#8221;#E6E1DD&#8221; global_colors_info=&#8221;{}&#8221;][\/s4s_person_plus][\/et_pb_column][et_pb_column type=&#8221;1_4&#8243; _builder_version=&#8221;4.9.4&#8243; _module_preset=&#8221;default&#8221; border_color_all=&#8221;#FFFFFF&#8221; global_colors_info=&#8221;{}&#8221;][s4s_person_plus name=&#8221;LEONIS-Huub van Leeuwe&#8221; position=&#8221;Belgium&#8221; phone=&#8221;+31 402426590&#8243; email=&#8221;info@leonisagenturen.nl&#8221; admin_label=&#8221;Belgium&#8221; _builder_version=&#8221;4.9.4&#8243; _module_preset=&#8221;default&#8221; position_text_color=&#8221;#000000&#8243; custom_padding=&#8221;||||false|false&#8221; border_color_all=&#8221;#E6E1DD&#8221; global_colors_info=&#8221;{}&#8221;][\/s4s_person_plus][\/et_pb_column][et_pb_column type=&#8221;1_4&#8243; _builder_version=&#8221;4.9.4&#8243; _module_preset=&#8221;default&#8221; border_color_all=&#8221;#FFFFFF&#8221; global_colors_info=&#8221;{}&#8221;][s4s_person_plus name=&#8221;Werner Disselkamp&#8221; position=&#8221;Canada&#8221; phone=&#8221;+1 613 878 1294&#8243; email=&#8221;werner@disselkamp.ca&#8221; admin_label=&#8221;Canada&#8221; _builder_version=&#8221;4.9.4&#8243; _module_preset=&#8221;default&#8221; position_text_color=&#8221;#000000&#8243; custom_padding=&#8221;||||false|false&#8221; border_color_all=&#8221;#E6E1DD&#8221; global_colors_info=&#8221;{}&#8221;][\/s4s_person_plus][\/et_pb_column][et_pb_column type=&#8221;1_4&#8243; _builder_version=&#8221;4.9.4&#8243; _module_preset=&#8221;default&#8221; border_color_all=&#8221;#FFFFFF&#8221; global_colors_info=&#8221;{}&#8221;][s4s_person_plus name=&#8221;JT AGENTURER Furniture4ever&#8221; position=&#8221;Denmark&#8221; phone=&#8221;+45 2166 9180&#8243; email=&#8221;JT@Furniture4ever.dk&#8221; admin_label=&#8221;Danmark&#8221; _builder_version=&#8221;4.10.6&#8243; _module_preset=&#8221;default&#8221; position_text_color=&#8221;#000000&#8243; custom_padding=&#8221;||||false|false&#8221; border_color_all=&#8221;#E6E1DD&#8221; global_colors_info=&#8221;{}&#8221;][\/s4s_person_plus][\/et_pb_column][\/et_pb_row][et_pb_row column_structure=&#8221;1_4,1_4,1_4,1_4&#8243; make_equal=&#8221;on&#8221; _builder_version=&#8221;4.9.4&#8243; _module_preset=&#8221;default&#8221; width=&#8221;1280px&#8221; custom_margin=&#8221;||0px||false|false&#8221; custom_padding=&#8221;||0px||false|false&#8221; global_colors_info=&#8221;{}&#8221;][et_pb_column type=&#8221;1_4&#8243; _builder_version=&#8221;4.9.4&#8243; _module_preset=&#8221;default&#8221; border_color_all=&#8221;#E6E1DD&#8221; global_colors_info=&#8221;{}&#8221;][s4s_person_plus name=&#8221;Olimo Oy&#8221; position=&#8221;Finland&#8221; phone=&#8221;+358 (0)981961200&#8243; email=&#8221;steen@olimo.fi&#8221; admin_label=&#8221;Finland&#8221; _builder_version=&#8221;4.14.7&#8243; _module_preset=&#8221;default&#8221; position_text_color=&#8221;#000000&#8243; custom_padding=&#8221;||||false|false&#8221; border_color_all=&#8221;#E6E1DD&#8221; global_colors_info=&#8221;{}&#8221;][\/s4s_person_plus][\/et_pb_column][et_pb_column type=&#8221;1_4&#8243; _builder_version=&#8221;4.9.4&#8243; _module_preset=&#8221;default&#8221; border_color_all=&#8221;#E6E1DD&#8221; global_colors_info=&#8221;{}&#8221;][s4s_person_plus name=&#8221;Atrium Nordic &#8211; S\u00f6ren Hannestad&#8221; position=&#8221;France&#8221; phone=&#8221;0033 6 47 15 09 00&#8243; email=&#8221;contact@atriumnordic.com&#8221; admin_label=&#8221;France&#8221; _builder_version=&#8221;4.10.6&#8243; _module_preset=&#8221;default&#8221; position_text_color=&#8221;#000000&#8243; custom_padding=&#8221;||||false|false&#8221; border_color_all=&#8221;#E6E1DD&#8221; global_colors_info=&#8221;{}&#8221;][\/s4s_person_plus][\/et_pb_column][et_pb_column type=&#8221;1_4&#8243; _builder_version=&#8221;4.9.4&#8243; _module_preset=&#8221;default&#8221; border_color_all=&#8221;#E6E1DD&#8221; global_colors_info=&#8221;{}&#8221;][s4s_person_plus name=&#8221;FURNIFLAIR-S\u00f6ren Fryd&#8221; position=&#8221;Germany&#8221; phone=&#8221;+49 461 807050&#8243; email=&#8221;office@furniflair.com&#8221; pre_bio_fields1_label=&#8221;Fax&#8221; pre_bio_fields1_text=&#8221;+49 461 8070510&#8243; admin_label=&#8221;Germany&#8221; _builder_version=&#8221;4.9.4&#8243; _module_preset=&#8221;default&#8221; position_text_color=&#8221;#000000&#8243; custom_padding=&#8221;||||false|false&#8221; border_color_all=&#8221;#E6E1DD&#8221; global_colors_info=&#8221;{}&#8221;][\/s4s_person_plus][\/et_pb_column][et_pb_column type=&#8221;1_4&#8243; _builder_version=&#8221;4.9.4&#8243; _module_preset=&#8221;default&#8221; border_color_all=&#8221;#E6E1DD&#8221; global_colors_info=&#8221;{}&#8221;][s4s_person_plus name=&#8221;MERCATUS Rickers &#038; Timmermann GmbH&#8221; position=&#8221;Hong Kong&#8221; phone=&#8221;+49 40 675 688 0&#8243; email=&#8221;J.Timmermann@Mercatus.de&#8221; admin_label=&#8221;Hong Kong&#8221; _builder_version=&#8221;4.9.4&#8243; _module_preset=&#8221;default&#8221; position_text_color=&#8221;#000000&#8243; custom_padding=&#8221;||||false|false&#8221; border_color_all=&#8221;#E6E1DD&#8221; global_colors_info=&#8221;{}&#8221;][\/s4s_person_plus][\/et_pb_column][\/et_pb_row][et_pb_row column_structure=&#8221;1_4,1_4,1_4,1_4&#8243; make_equal=&#8221;on&#8221; _builder_version=&#8221;4.9.4&#8243; _module_preset=&#8221;default&#8221; width=&#8221;1280%&#8221; custom_margin=&#8221;||0px||false|false&#8221; custom_padding=&#8221;||0px||false|false&#8221; global_colors_info=&#8221;{}&#8221;][et_pb_column type=&#8221;1_4&#8243; _builder_version=&#8221;4.9.4&#8243; _module_preset=&#8221;default&#8221; border_color_all=&#8221;#E6E1DD&#8221; global_colors_info=&#8221;{}&#8221;][s4s_person_plus name=&#8221;Schr\u00f6der M\u00f6bler-Bjarne Schr\u00f6der&#8221; position=&#8221;Iceland&#8221; phone=&#8221;+45 86804576&#8243; email=&#8221;schroeder.moebler@mail.dk&#8221; pre_bio_fields1_label=&#8221;Fax&#8221; pre_bio_fields1_text=&#8221;+45 40457977&#8243; admin_label=&#8221;Iceland&#8221; _builder_version=&#8221;4.10.6&#8243; _module_preset=&#8221;default&#8221; position_text_color=&#8221;#000000&#8243; custom_padding=&#8221;||||false|false&#8221; border_color_all=&#8221;#E6E1DD&#8221; global_colors_info=&#8221;{}&#8221;][\/s4s_person_plus][\/et_pb_column][et_pb_column type=&#8221;1_4&#8243; _builder_version=&#8221;4.9.4&#8243; _module_preset=&#8221;default&#8221; border_color_all=&#8221;#E6E1DD&#8221; global_colors_info=&#8221;{}&#8221;][s4s_person_plus name=&#8221;MERCATUS Rickers &#038; Timmermann GmbH&#8221; position=&#8221;Indonesia&#8221; phone=&#8221;+49 40 675 688 0&#8243; email=&#8221;H.Rickers@Mercatus.de&#8221; admin_label=&#8221;Indonesia&#8221; _builder_version=&#8221;4.9.4&#8243; _module_preset=&#8221;default&#8221; position_text_color=&#8221;#000000&#8243; custom_padding=&#8221;||||false|false&#8221; border_color_all=&#8221;#E6E1DD&#8221; global_colors_info=&#8221;{}&#8221;][\/s4s_person_plus][\/et_pb_column][et_pb_column type=&#8221;1_4&#8243; _builder_version=&#8221;4.9.4&#8243; _module_preset=&#8221;default&#8221; border_color_all=&#8221;#E6E1DD&#8221; global_colors_info=&#8221;{}&#8221;][s4s_person_plus name=&#8221;MERCATUS Rickers &#038; Timmermann GmbH&#8221; position=&#8221;Japan&#8221; phone=&#8221;+49 40 675 688 0&#8243; email=&#8221;H.Rickers@Mercatus.de&#8221; admin_label=&#8221;Japan&#8221; _builder_version=&#8221;4.9.4&#8243; _module_preset=&#8221;default&#8221; position_text_color=&#8221;#000000&#8243; custom_padding=&#8221;||||false|false&#8221; border_color_all=&#8221;#E6E1DD&#8221; global_colors_info=&#8221;{}&#8221;][\/s4s_person_plus][\/et_pb_column][et_pb_column type=&#8221;1_4&#8243; _builder_version=&#8221;4.9.4&#8243; _module_preset=&#8221;default&#8221; border_color_all=&#8221;#E6E1DD&#8221; global_colors_info=&#8221;{}&#8221;][s4s_person_plus name=&#8221;MERCATUS Rickers &#038; Timmermann GmbH&#8221; position=&#8221;Korea&#8221; phone=&#8221;+49 40 675 688 0&#8243; email=&#8221;H.Rickers@Mercatus.de&#8221; admin_label=&#8221;Korea&#8221; _builder_version=&#8221;4.9.4&#8243; _module_preset=&#8221;default&#8221; position_text_color=&#8221;#000000&#8243; custom_padding=&#8221;||||false|false&#8221; border_color_all=&#8221;#E6E1DD&#8221; global_colors_info=&#8221;{}&#8221;][\/s4s_person_plus][\/et_pb_column][\/et_pb_row][et_pb_row column_structure=&#8221;1_4,1_4,1_4,1_4&#8243; make_equal=&#8221;on&#8221; _builder_version=&#8221;4.9.4&#8243; _module_preset=&#8221;default&#8221; width=&#8221;1280px&#8221; custom_margin=&#8221;||0px||false|false&#8221; custom_padding=&#8221;||0px||false|false&#8221; global_colors_info=&#8221;{}&#8221;][et_pb_column type=&#8221;1_4&#8243; _builder_version=&#8221;4.9.4&#8243; _module_preset=&#8221;default&#8221; border_color_all=&#8221;#E6E1DD&#8221; global_colors_info=&#8221;{}&#8221;][s4s_person_plus name=&#8221;LEONIS-Huub van Leeuwe&#8221; position=&#8221;Luxemburg &#8221; phone=&#8221;+31 402426590&#8243; email=&#8221;info@leonisagenturen.nl&#8221; admin_label=&#8221;Luxemburg &#8221; _builder_version=&#8221;4.9.4&#8243; _module_preset=&#8221;default&#8221; position_text_color=&#8221;#000000&#8243; custom_padding=&#8221;||||false|false&#8221; border_color_all=&#8221;#E6E1DD&#8221; global_colors_info=&#8221;{}&#8221;][\/s4s_person_plus][\/et_pb_column][et_pb_column type=&#8221;1_4&#8243; _builder_version=&#8221;4.9.4&#8243; _module_preset=&#8221;default&#8221; border_color_all=&#8221;#E6E1DD&#8221; global_colors_info=&#8221;{}&#8221;][s4s_person_plus name=&#8221;LEONIS-Huub van Leeuwe&#8221; position=&#8221;Nederland&#8221; phone=&#8221;+31 402426590&#8243; email=&#8221;info@leonisagenturen.nl&#8221; admin_label=&#8221;Nederland&#8221; _builder_version=&#8221;4.9.4&#8243; _module_preset=&#8221;default&#8221; position_text_color=&#8221;#000000&#8243; custom_padding=&#8221;||||false|false&#8221; border_color_all=&#8221;#E6E1DD&#8221; global_colors_info=&#8221;{}&#8221;][\/s4s_person_plus][\/et_pb_column][et_pb_column type=&#8221;1_4&#8243; _builder_version=&#8221;4.9.4&#8243; _module_preset=&#8221;default&#8221; border_color_all=&#8221;#E6E1DD&#8221; global_colors_info=&#8221;{}&#8221;][s4s_person_plus name=&#8221;Rodney Olaussen&#8221; position=&#8221;Norway&#8221; phone=&#8221;+47 91790414&#8243; email=&#8221;rodney.olaussen@furninova.no&#8221; admin_label=&#8221;Norway&#8221; _builder_version=&#8221;4.9.4&#8243; _module_preset=&#8221;default&#8221; position_text_color=&#8221;#000000&#8243; custom_padding=&#8221;||||false|false&#8221; border_color_all=&#8221;#E6E1DD&#8221; global_colors_info=&#8221;{}&#8221;][\/s4s_person_plus][\/et_pb_column][et_pb_column type=&#8221;1_4&#8243; _builder_version=&#8221;4.9.4&#8243; _module_preset=&#8221;default&#8221; border_color_all=&#8221;#E6E1DD&#8221; global_colors_info=&#8221;{}&#8221;][s4s_person_plus name=&#8221;Pilma Disseny. S.A.U&#8221; position=&#8221;Spain&#8221; email=&#8221;import@pilma.com&#8221; admin_label=&#8221;Spain&#8221; _builder_version=&#8221;4.9.4&#8243; _module_preset=&#8221;default&#8221; position_text_color=&#8221;#000000&#8243; custom_padding=&#8221;||||false|false&#8221; border_color_all=&#8221;#E6E1DD&#8221; global_colors_info=&#8221;{}&#8221;][\/s4s_person_plus][\/et_pb_column][\/et_pb_row][et_pb_row column_structure=&#8221;1_4,1_4,1_4,1_4&#8243; make_equal=&#8221;on&#8221; _builder_version=&#8221;4.9.4&#8243; _module_preset=&#8221;default&#8221; width=&#8221;1280px&#8221; custom_margin=&#8221;||0px||false|false&#8221; custom_padding=&#8221;||0px||false|false&#8221; global_colors_info=&#8221;{}&#8221;][et_pb_column type=&#8221;1_4&#8243; _builder_version=&#8221;4.9.4&#8243; _module_preset=&#8221;default&#8221; border_width_all=&#8221;2px&#8221; border_color_all=&#8221;#FFFFFF&#8221; global_colors_info=&#8221;{}&#8221;][s4s_person_plus name=&#8221;bemo handels ag&#8221; position=&#8221;Switzerland &#8221; phone=&#8221;+41 34 460 50 50&#8243; email=&#8221;info@bemo-ag.ch&#8221; admin_label=&#8221;Switzerland &#8221; _builder_version=&#8221;4.9.4&#8243; _module_preset=&#8221;default&#8221; position_text_color=&#8221;#000000&#8243; custom_padding=&#8221;||||false|false&#8221; border_color_all=&#8221;#E6E1DD&#8221; global_colors_info=&#8221;{}&#8221;][\/s4s_person_plus][\/et_pb_column][et_pb_column type=&#8221;1_4&#8243; _builder_version=&#8221;4.9.4&#8243; _module_preset=&#8221;default&#8221; border_width_all=&#8221;2px&#8221; border_color_all=&#8221;#FFFFFF&#8221; global_colors_info=&#8221;{}&#8221;][s4s_person_plus name=&#8221;Skanfort&#8221; position=&#8221;Tjeckien&#8221; phone=&#8221;+420 77 66 22 552&#8243; email=&#8221;mailbox@skanfort.com&#8221; site1_url=&#8221;www.skanfort.com&#8221; site1_label=&#8221;Website&#8221; admin_label=&#8221;Tjeckien&#8221; _builder_version=&#8221;4.10.6&#8243; _module_preset=&#8221;default&#8221; position_text_color=&#8221;#000000&#8243; custom_padding=&#8221;||||false|false&#8221; border_color_all=&#8221;#E6E1DD&#8221; global_colors_info=&#8221;{}&#8221;][\/s4s_person_plus][\/et_pb_column][et_pb_column type=&#8221;1_4&#8243; _builder_version=&#8221;4.9.4&#8243; _module_preset=&#8221;default&#8221; border_color_all=&#8221;#E6E1DD&#8221; global_colors_info=&#8221;{}&#8221;][s4s_person_plus name=&#8221;Jason Tuck&#8221; position=&#8221;United Kingdom &#8221; phone=&#8221;02920753859&#8243; email=&#8221;Jason.tuck@me.com&#8221; pre_bio_fields1_label=&#8221;Fax&#8221; pre_bio_fields1_text=&#8221;07969869669&#8243; admin_label=&#8221;United Kingdom &#8221; _builder_version=&#8221;4.9.4&#8243; _module_preset=&#8221;default&#8221; position_text_color=&#8221;#000000&#8243; custom_padding=&#8221;||||false|false&#8221; border_color_all=&#8221;#E6E1DD&#8221; global_colors_info=&#8221;{}&#8221;][\/s4s_person_plus][\/et_pb_column][et_pb_column type=&#8221;1_4&#8243; _builder_version=&#8221;4.9.4&#8243; _module_preset=&#8221;default&#8221; border_color_all=&#8221;#E6E1DD&#8221; global_colors_info=&#8221;{}&#8221;][s4s_person_plus name=&#8221;MERCATUS Rickers &#038; Timmermann GmbH&#8221; position=&#8221;USA &#8221; phone=&#8221;+49 40 675 688 0&#8243; email=&#8221;H.Rickers@Mercatus.de&#8221; admin_label=&#8221;USA &#8221; _builder_version=&#8221;4.9.4&#8243; _module_preset=&#8221;default&#8221; position_text_color=&#8221;#000000&#8243; custom_padding=&#8221;||||false|false&#8221; border_color_all=&#8221;#E6E1DD&#8221; global_colors_info=&#8221;{}&#8221;][\/s4s_person_plus][\/et_pb_column][\/et_pb_row][\/et_pb_section]<\/p>","protected":false},"excerpt":{"rendered":"<p>Resellers Do you have any questions or comments about our furniture, where it can be purchased or the scope for you to design it in line with your requirements? Contact us, and we will be pleased to tell you more. <div class=\"et_pb_module s4s_person_plus s4s_person_plus_0\">\n\t\t\t\t\n\t\t\t\t\n\t\t\t\t\n\t\t\t\t\n\t\t\t\t\n\t\t\t\t\n\t\t\t\t<div class=\"et_pb_module_inner\">\n\t\t\t\t\t\n\t\t<div class=\"et_pb_module s4s_person_plus clearfix  et_pb_bg_layout_light\">\n\t\t\t<div class=\"person_plus_basic_card\">\n\t\t\t\t<div class=\"person_plus_image et-waypoint et_pb_animation_off et-animated\">\n\t\t\t\t\t<img decoding=\"async\" src=\"\" alt=\"\" sizes=\"(min-width: 0px) and (max-width: 480px) 480px, (min-width: 481px) 512px, 100vw\">\n\t\t\t\t<\/div>\n\t\t\t\t<div class=\"person_plus_basic_data\">\n\t\t\t\t\t<div class=\"person_plus_description\">\n\t\t\t\t\t\t<h3 class=\"et_pb_module_header person_plus_name\">&#8221;FURNIFLAIR-S\u00f6ren<\/h3>\n\t\t\t\t\t\t<h5 class=\"person_plus_position\">&#8221;Austria&#8221;<\/h5>\n\t\t\t\t\t\t<div class=\"person_plus_organisation\">\n\t\t\t\t\t\t\t<span class=\"organisation_level organisation_level1\"><\/span>\n\t\t\t\t\t\t\t<span class=\"organisation_level organisation_level2\"><\/span>\n\t\t\t\t\t\t\t<span class=\"organisation_level organisation_level3\"><\/span>\n\t\t\t\t\t\t<\/div>\t\t\t\t\n\t\t\t\t\t<\/div>\n\t\t\t\t\t<div class=\"person_plus_contact\">\n\t\t\t\t\t\t<ul class=\"person_plus_contact_list\"><li><span class=\"et-pb-icon\">&#xe090;<\/span> <a class=\"person_plus_contact\" href=\"tel:&#8221;+49\" target=\"_blank\">  &#8221;+49<\/a><\/li><li><span class=\"et-pb-icon\">&#xe076;<\/span> <a class=\"person_plus_contact\" href=\"mailto:&#8221;office@furniflair.com&#8221;\" target=\"_blank\">  &#8221;office@furniflair.com&#8221;<\/a><\/li><\/ul>\n\t\t\t\t\t<\/div>\n\t\t\t\t\t<div class=\"person_plus_availability\">\n\t\t\t\t\t\t<div class=\"availability-label\"><\/div>\n\t\t\t\t\t\t<p><\/p>\n\t\t\t\t\t<\/div>\n\t\t\t\t\t<div class=\"person_plus_networks square-off\">\n\t\t\t\t\t\t\n\t\t\t\t\t<\/div>\n\t\t\t\t<\/div>\n\t\t\t<\/div>\n\t\t\t<div class=\"person_plus_about\">\t\n\t\t\t\t<div class=\"person_plus_pre_bio_fields\">\n\t\t\t\t\t<ul class=\"person_plus_pre_bio_list\"><span><li><span class=\"pre-biofield-label prebio_field1_label\">&#8221;Fax&#8221;<\/span><span class=\"pre-biofield-text prebio_field1_text\">&#8221;+49<\/span><\/li><\/span><\/ul>\n\t\t\t\t<\/div>\n\t\t\t\t<div class=\"person_plus_bio person_plus_bio_desktop\">\n\t\t\t\t\t&#8221; \n\t\t\t\t<\/div>\n\t\t\t\t<div class=\"person_plus_bio person_plus_bio_tablet\">\n\t\t\t\t\t&#8221; \n\t\t\t\t<\/div>\t\n\t\t\t\t<div class=\"person_plus_bio person_plus_bio_phone\">\n\t\t\t\t\t&#8221; \n\t\t\t\t<\/div>\t\t\n\t\t\t<\/div>\n\t\t<\/div>\n\t\t\n\t\t\t\t<\/div>\n\t\t\t<\/div><\/p>","protected":false},"author":1,"featured_media":0,"parent":0,"menu_order":0,"comment_status":"closed","ping_status":"closed","template":"","meta":{"_acf_changed":false,"_et_pb_use_builder":"on","_et_pb_old_content":"","_et_gb_content_width":"","footnotes":""},"class_list":["post-52537","page","type-page","status-publish","hentry"],"acf":[],"yoast_head":"<!-- This site is optimized with the Yoast SEO plugin v26.3 - https:\/\/yoast.com\/wordpress\/plugins\/seo\/ -->\n<title>Old_RESELLERS - Conform Collection AB<\/title>\n<meta name=\"robots\" content=\"index, follow, max-snippet:-1, max-image-preview:large, max-video-preview:-1\" \/>\n<link rel=\"canonical\" href=\"https:\/\/conform.se\/de_de\/vertrieb\/\" \/>\n<meta property=\"og:locale\" content=\"de_DE\" \/>\n<meta property=\"og:type\" content=\"article\" \/>\n<meta property=\"og:title\" content=\"Old_RESELLERS - Conform Collection AB\" \/>\n<meta property=\"og:description\" content=\"Resellers Do you have any questions or comments about our furniture, where it can be purchased or the scope for you to design it in line with your requirements? Contact us, and we will be pleased to tell you more.\" \/>\n<meta property=\"og:url\" content=\"https:\/\/conform.se\/de_de\/vertrieb\/\" \/>\n<meta property=\"og:site_name\" content=\"Conform Collection AB\" \/>\n<meta property=\"article:modified_time\" content=\"2022-03-17T15:28:05+00:00\" \/>\n<meta name=\"twitter:card\" content=\"summary_large_image\" \/>\n<meta name=\"twitter:label1\" content=\"Gesch\u00e4tzte Lesezeit\" \/>\n\t<meta name=\"twitter:data1\" content=\"8\u00a0Minuten\" \/>\n<script type=\"application\/ld+json\" class=\"yoast-schema-graph\">{\"@context\":\"https:\/\/schema.org\",\"@graph\":[{\"@type\":\"WebPage\",\"@id\":\"https:\/\/conform.se\/old_resellers\/\",\"url\":\"https:\/\/conform.se\/old_resellers\/\",\"name\":\"Old_RESELLERS - Conform Collection AB\",\"isPartOf\":{\"@id\":\"https:\/\/conform.se\/#website\"},\"datePublished\":\"2021-06-17T11:50:59+00:00\",\"dateModified\":\"2022-03-17T15:28:05+00:00\",\"breadcrumb\":{\"@id\":\"https:\/\/conform.se\/old_resellers\/#breadcrumb\"},\"inLanguage\":\"de\",\"potentialAction\":[{\"@type\":\"ReadAction\",\"target\":[\"https:\/\/conform.se\/old_resellers\/\"]}]},{\"@type\":\"BreadcrumbList\",\"@id\":\"https:\/\/conform.se\/old_resellers\/#breadcrumb\",\"itemListElement\":[{\"@type\":\"ListItem\",\"position\":1,\"name\":\"Hem\",\"item\":\"https:\/\/conform.se\/\"},{\"@type\":\"ListItem\",\"position\":2,\"name\":\"Old_RESELLERS\"}]},{\"@type\":\"WebSite\",\"@id\":\"https:\/\/conform.se\/#website\",\"url\":\"https:\/\/conform.se\/\",\"name\":\"Conform Collection AB\",\"description\":\"En f\u00e5t\u00f6lj fr\u00e5n Conform \u00e4r en v\u00e4lgjord f\u00e5t\u00f6lj av h\u00f6gsta kvalitet.\",\"potentialAction\":[{\"@type\":\"SearchAction\",\"target\":{\"@type\":\"EntryPoint\",\"urlTemplate\":\"https:\/\/conform.se\/?s={search_term_string}\"},\"query-input\":{\"@type\":\"PropertyValueSpecification\",\"valueRequired\":true,\"valueName\":\"search_term_string\"}}],\"inLanguage\":\"de\"}]}<\/script>\n<!-- \/ Yoast SEO plugin. -->","yoast_head_json":{"title":"Old_RESELLERS - Conform Collection AB","robots":{"index":"index","follow":"follow","max-snippet":"max-snippet:-1","max-image-preview":"max-image-preview:large","max-video-preview":"max-video-preview:-1"},"canonical":"https:\/\/conform.se\/de_de\/vertrieb\/","og_locale":"de_DE","og_type":"article","og_title":"Old_RESELLERS - Conform Collection AB","og_description":"Resellers Do you have any questions or comments about our furniture, where it can be purchased or the scope for you to design it in line with your requirements? Contact us, and we will be pleased to tell you more.","og_url":"https:\/\/conform.se\/de_de\/vertrieb\/","og_site_name":"Conform Collection AB","article_modified_time":"2022-03-17T15:28:05+00:00","twitter_card":"summary_large_image","twitter_misc":{"Gesch\u00e4tzte Lesezeit":"8\u00a0Minuten"},"schema":{"@context":"https:\/\/schema.org","@graph":[{"@type":"WebPage","@id":"https:\/\/conform.se\/old_resellers\/","url":"https:\/\/conform.se\/old_resellers\/","name":"Old_RESELLERS - Conform Collection AB","isPartOf":{"@id":"https:\/\/conform.se\/#website"},"datePublished":"2021-06-17T11:50:59+00:00","dateModified":"2022-03-17T15:28:05+00:00","breadcrumb":{"@id":"https:\/\/conform.se\/old_resellers\/#breadcrumb"},"inLanguage":"de","potentialAction":[{"@type":"ReadAction","target":["https:\/\/conform.se\/old_resellers\/"]}]},{"@type":"BreadcrumbList","@id":"https:\/\/conform.se\/old_resellers\/#breadcrumb","itemListElement":[{"@type":"ListItem","position":1,"name":"Hem","item":"https:\/\/conform.se\/"},{"@type":"ListItem","position":2,"name":"Old_RESELLERS"}]},{"@type":"WebSite","@id":"https:\/\/conform.se\/#website","url":"https:\/\/conform.se\/","name":"Conform Collection AB","description":"En f\u00e5t\u00f6lj fr\u00e5n Conform \u00e4r en v\u00e4lgjord f\u00e5t\u00f6lj av h\u00f6gsta kvalitet.","potentialAction":[{"@type":"SearchAction","target":{"@type":"EntryPoint","urlTemplate":"https:\/\/conform.se\/?s={search_term_string}"},"query-input":{"@type":"PropertyValueSpecification","valueRequired":true,"valueName":"search_term_string"}}],"inLanguage":"de"}]}},"_links":{"self":[{"href":"https:\/\/conform.se\/de_de\/wp-json\/wp\/v2\/pages\/52537","targetHints":{"allow":["GET"]}}],"collection":[{"href":"https:\/\/conform.se\/de_de\/wp-json\/wp\/v2\/pages"}],"about":[{"href":"https:\/\/conform.se\/de_de\/wp-json\/wp\/v2\/types\/page"}],"author":[{"embeddable":true,"href":"https:\/\/conform.se\/de_de\/wp-json\/wp\/v2\/users\/1"}],"replies":[{"embeddable":true,"href":"https:\/\/conform.se\/de_de\/wp-json\/wp\/v2\/comments?post=52537"}],"version-history":[{"count":0,"href":"https:\/\/conform.se\/de_de\/wp-json\/wp\/v2\/pages\/52537\/revisions"}],"wp:attachment":[{"href":"https:\/\/conform.se\/de_de\/wp-json\/wp\/v2\/media?parent=52537"}],"curies":[{"name":"wp","href":"https:\/\/api.w.org\/{rel}","templated":true}]}}