{"id":57968,"date":"2024-07-10T13:31:38","date_gmt":"2024-07-10T11:31:38","guid":{"rendered":"https:\/\/conform.se\/?page_id=57968"},"modified":"2025-06-24T13:48:48","modified_gmt":"2025-06-24T11:48:48","slug":"take-care-of-your-product","status":"publish","type":"page","link":"https:\/\/conform.se\/de_de\/take-care-of-your-product\/","title":{"rendered":"K\u00fcmmern Sie sich um Ihr Produkt"},"content":{"rendered":"<p>[et_pb_section fb_built=&#8221;1&#8243; admin_label=&#8221;Section&#8221; _builder_version=&#8221;4.22.1&#8243; _module_preset=&#8221;default&#8221; global_colors_info=&#8221;{}&#8221;][et_pb_row admin_label=&#8221;Row&#8221; _builder_version=&#8221;4.22.1&#8243; _module_preset=&#8221;default&#8221; global_colors_info=&#8221;{}&#8221;][et_pb_column type=&#8221;4_4&#8243; admin_label=&#8221;Column&#8221; _builder_version=&#8221;4.22.1&#8243; _module_preset=&#8221;default&#8221; global_colors_info=&#8221;{}&#8221;][et_pb_image src=&#8221;https:\/\/conform.se\/wp-content\/uploads\/2021\/07\/24_2014_CONFORM_HOLSBYBRUNN_131122_2175-1.png&#8221; title_text=&#8221;24_2014_CONFORM_HOLSBYBRUNN_131122_2175 (1)&#8221; _builder_version=&#8221;4.27.0&#8243; _module_preset=&#8221;default&#8221; global_colors_info=&#8221;{}&#8221;][\/et_pb_image][\/et_pb_column][\/et_pb_row][\/et_pb_section][et_pb_section fb_built=&#8221;1&#8243; _builder_version=&#8221;4.22.1&#8243; _module_preset=&#8221;default&#8221; global_colors_info=&#8221;{}&#8221;][et_pb_row _builder_version=&#8221;4.22.1&#8243; _module_preset=&#8221;default&#8221; global_colors_info=&#8221;{}&#8221;][et_pb_column type=&#8221;4_4&#8243; admin_label=&#8221;Column&#8221; _builder_version=&#8221;4.22.1&#8243; _module_preset=&#8221;default&#8221; global_colors_info=&#8221;{}&#8221;][et_pb_text _builder_version=&#8221;4.27.0&#8243; _module_preset=&#8221;default&#8221; hover_enabled=&#8221;0&#8243; global_colors_info=&#8221;{}&#8221; sticky_enabled=&#8221;0&#8243;]<\/p>\n<h1 style=\"text-align: center;\">\u00a0 \u00a0 \u00a0 \u00a0 Pflege dein M\u00f6belst\u00fcck<\/h1>\n<div class=\"wp-block-columns is-layout-flex wp-container-core-columns-is-layout-2 wp-block-columns-is-layout-flex\" bis_skin_checked=\"1\">\n<div class=\"wp-block-column is-layout-flow wp-block-column-is-layout-flow\" bis_skin_checked=\"1\"><\/div>\n<\/div>\n<p>[\/et_pb_text][\/et_pb_column][\/et_pb_row][et_pb_row column_structure=&#8221;1_3,2_3&#8243; _builder_version=&#8221;4.22.1&#8243; _module_preset=&#8221;default&#8221; hover_enabled=&#8221;0&#8243; global_colors_info=&#8221;{}&#8221; sticky_enabled=&#8221;0&#8243;][et_pb_column type=&#8221;1_3&#8243; admin_label=&#8221;Column&#8221; _builder_version=&#8221;4.22.1&#8243; _module_preset=&#8221;default&#8221; global_colors_info=&#8221;{}&#8221;][\/et_pb_column][et_pb_column type=&#8221;2_3&#8243; admin_label=&#8221;Column&#8221; _builder_version=&#8221;4.22.1&#8243; _module_preset=&#8221;default&#8221; global_colors_info=&#8221;{}&#8221;][et_pb_text admin_label=&#8221;Text&#8221; _builder_version=&#8221;4.27.0&#8243; _module_preset=&#8221;default&#8221; hover_enabled=&#8221;0&#8243; global_colors_info=&#8221;{}&#8221; sticky_enabled=&#8221;0&#8243;]<\/p>\n<div class=\"breakheading\" bis_skin_checked=\"1\">\n<h3 style=\"text-align: justify;\">Pflege dein M\u00f6belst\u00fcck, denn wie alles im Leben wird auch dein Sessel im Laufe der Zeit sein Aussehen und sein Gef\u00fchl ver\u00e4ndern. Daher haben wir eine Liste mit Ratschl\u00e4gen zusammengestellt, die ber\u00fccksichtigt werden sollten, um dein Sessel so sorgenfrei und unkompliziert wie m\u00f6glich zu halten \u2013 damit ihr viele Jahre gl\u00fccklich zusammen leben k\u00f6nnt.<\/h3>\n<\/div>\n<div class=\"wp-block-columns is-layout-flex wp-container-core-columns-is-layout-2 wp-block-columns-is-layout-flex\" bis_skin_checked=\"1\">\n<div class=\"wp-block-column is-layout-flow wp-block-column-is-layout-flow\" bis_skin_checked=\"1\"><\/div>\n<\/div>\n<p>[\/et_pb_text][\/et_pb_column][\/et_pb_row][et_pb_row column_structure=&#8221;1_3,1_3,1_3&#8243; _builder_version=&#8221;4.22.1&#8243; _module_preset=&#8221;default&#8221; global_colors_info=&#8221;{}&#8221;][et_pb_column type=&#8221;1_3&#8243; admin_label=&#8221;Column&#8221; _builder_version=&#8221;4.22.1&#8243; _module_preset=&#8221;default&#8221; global_colors_info=&#8221;{}&#8221;][et_pb_image src=&#8221;https:\/\/conform.se\/wp-content\/uploads\/2021\/07\/Job_3079_adjusted_3-scaled.jpg&#8221; title_text=&#8221;Job_3079_adjusted_3&#8243; _builder_version=&#8221;4.27.0&#8243; _module_preset=&#8221;default&#8221; global_colors_info=&#8221;{}&#8221;][\/et_pb_image][\/et_pb_column][et_pb_column type=&#8221;1_3&#8243; _builder_version=&#8221;4.22.1&#8243; _module_preset=&#8221;default&#8221; global_colors_info=&#8221;{}&#8221;][et_pb_text _builder_version=&#8221;4.27.0&#8243; _module_preset=&#8221;default&#8221; global_colors_info=&#8221;{}&#8221;]<\/p>\n<h2>Lerne dein M\u00f6belst\u00fcck kennen.<\/h2>\n<p>Bei deinem neuen Sessel wird der Bezug zun\u00e4chst ziemlich straff sein. In den ersten ein oder zwei Monaten ist es nicht ungew\u00f6hnlich, dass man einige neue Falten sieht, wo der Bezug sich dehnt. Dies ist normal und passiert, wenn sich die Materialien anpassen und sich an deine Sitzgewohnheiten gew\u00f6hnen. Nach dem ersten Monaten, abh\u00e4ngig von der Nutzung, haben sich die Materialien aneinander angepasst und die Dehnung von dort aus wird in geringerem Ma\u00dfe erfolgen.<\/p>\n<p>[\/et_pb_text][et_pb_text _builder_version=&#8221;4.27.0&#8243; _module_preset=&#8221;default&#8221; global_colors_info=&#8221;{}&#8221;]<\/p>\n<h2><\/h2>\n<p>&nbsp;<\/p>\n<p>[\/et_pb_text][\/et_pb_column][et_pb_column type=&#8221;1_3&#8243; admin_label=&#8221;Column&#8221; _builder_version=&#8221;4.22.1&#8243; _module_preset=&#8221;default&#8221; global_colors_info=&#8221;{}&#8221;][et_pb_text _builder_version=&#8221;4.27.0&#8243; _module_preset=&#8221;default&#8221; global_colors_info=&#8221;{}&#8221;][\/et_pb_text][et_pb_text _builder_version=&#8221;4.27.0&#8243; _module_preset=&#8221;default&#8221; global_colors_info=&#8221;{}&#8221; min_height=&#8221;153.2px&#8221;]<\/p>\n<h2 class=\"wp-block-heading\" id=\"h-fabrics-and-leathers\">Stoffe und Leder<\/h2>\n<p>Erfahre mehr \u00fcber die verschiedenen Stoff- und Lederarten in unserem Sortiment.<\/p>\n<p><a href=\"https:\/\/furninova.com\/types-of-fabric\/\">Lesen mehr \u00fcber Stoffarten.<br \/>\n<\/a><a href=\"https:\/\/furninova.com\/types-of-leather\/\">Lesen mehr \u00fcber Lederarten.<\/a>[\/et_pb_text][\/et_pb_column][\/et_pb_row][\/et_pb_section][et_pb_section fb_built=&#8221;1&#8243; _builder_version=&#8221;4.22.1&#8243; _module_preset=&#8221;default&#8221; global_colors_info=&#8221;{}&#8221;][et_pb_row column_structure=&#8221;2_3,1_3&#8243; _builder_version=&#8221;4.22.1&#8243; _module_preset=&#8221;default&#8221; global_colors_info=&#8221;{}&#8221;][et_pb_column type=&#8221;2_3&#8243; _builder_version=&#8221;4.22.1&#8243; _module_preset=&#8221;default&#8221; global_colors_info=&#8221;{}&#8221;][et_pb_text _builder_version=&#8221;4.27.0&#8243; _module_preset=&#8221;default&#8221; global_colors_info=&#8221;{}&#8221;]<\/p>\n<div class=\"wp-block-columns is-layout-flex wp-container-core-columns-is-layout-4 wp-block-columns-is-layout-flex\" bis_skin_checked=\"1\">\n<div class=\"wp-block-column is-layout-flow wp-block-column-is-layout-flow\" bis_skin_checked=\"1\">\n<h2 class=\"wp-block-heading\" id=\"h-general-advice-on-fabrics\">\u00a0Stoff.<\/h2>\n<p>Sch\u00fctze dein M\u00f6bel vor direkter Sonneneinstrahlung und platziere es nicht zu nah an einer W\u00e4rmequelle. Staubsauge regelm\u00e4ssig. F\u00fcr die Pflege von Stoff siehe Stoffpflegeprodukte in deinem M\u00f6belhaus.\u00a0 <span style=\"font-size: 14px;\">Behandeln Sie Flecken immer sofort, wenn sie auftreten, und befolgen Sie die f\u00fcr Ihren Stoff geltenden Anweisungen.\u00a0 \u00a0 \u00a0 \u00a0 \u00a0 <\/span><span style=\"font-size: 14px;\">Legen Sie saugf\u00e4higes, ungef\u00e4rbtes Papier oder Stoff unter den Fleck auf dem Stoff. <\/span><span style=\"font-size: 14px;\">Vermeiden Sie es, direkt auf dem Stoff zu reiben, da dies zu Farbverlust und Bruch f\u00fchren kann. <\/span><span style=\"font-size: 14px;\">M\u00f6blerna ska alltid h\u00e5llas i normal inomhustemperatur.<\/span><\/p>\n<\/div>\n<\/div>\n<p>[\/et_pb_text][\/et_pb_column][et_pb_column type=&#8221;1_3&#8243; _builder_version=&#8221;4.22.1&#8243; _module_preset=&#8221;default&#8221; global_colors_info=&#8221;{}&#8221;][et_pb_image src=&#8221;https:\/\/conform.se\/wp-content\/uploads\/2021\/07\/991483-19-Marsel_Bronze_3D-files-1.png&#8221; title_text=&#8221;991483-19 Marsel_Bronze_3D files (1)&#8221; _builder_version=&#8221;4.27.0&#8243; _module_preset=&#8221;default&#8221; global_colors_info=&#8221;{}&#8221;][\/et_pb_image][\/et_pb_column][\/et_pb_row][\/et_pb_section][et_pb_section fb_built=&#8221;1&#8243; _builder_version=&#8221;4.22.1&#8243; _module_preset=&#8221;default&#8221; global_colors_info=&#8221;{}&#8221;][et_pb_row column_structure=&#8221;2_3,1_3&#8243; _builder_version=&#8221;4.22.1&#8243; _module_preset=&#8221;default&#8221; global_colors_info=&#8221;{}&#8221;][et_pb_column type=&#8221;2_3&#8243; admin_label=&#8221;Column&#8221; _builder_version=&#8221;4.22.1&#8243; _module_preset=&#8221;default&#8221; global_colors_info=&#8221;{}&#8221;][et_pb_text _builder_version=&#8221;4.27.0&#8243; _module_preset=&#8221;default&#8221; global_colors_info=&#8221;{}&#8221;]<\/p>\n<div class=\"wp-block-columns is-layout-flex wp-container-core-columns-is-layout-7 wp-block-columns-is-layout-flex\" bis_skin_checked=\"1\">\n<div class=\"wp-block-column is-layout-flow wp-block-column-is-layout-flow\" bis_skin_checked=\"1\">\n<h2 class=\"wp-block-heading\" id=\"h-general-advice-on-leathers\">Leder.<\/h2>\n<p class=\"has-normal-font-size\">Leder ist ein lebendiges, nat\u00fcrliches Material, das bei richtiger Pflege mit der Zeit sch\u00f6ner wird. Verschiedene Lederarten haben unterschiedliche Pflegehinweise. Informieren Sie sich, welche Art von Leder Sie gekauft haben, und wenden Sie sich bei Bedarf an Ihr n\u00e4chstgelegenes M\u00f6belhaus, um Ratschl\u00e4ge zu den geeigneten Lederpflegeprodukten zu erhalten. Sollten Sie sich entscheiden, eines dieser Produkte zu verwenden, kann sich die Farbe des Leders leicht ver\u00e4ndern; dies wird jedoch mit der Zeit wieder verschwinden. Sch\u00fctzen Sie das M\u00f6belst\u00fcck vor direkter Sonneneinstrahlung und stellen Sie es nicht zu nahe an eine W\u00e4rmequelle.\u00a0<\/p>\n<\/div>\n<\/div>\n<p>[\/et_pb_text][\/et_pb_column][et_pb_column type=&#8221;1_3&#8243; _builder_version=&#8221;4.22.1&#8243; _module_preset=&#8221;default&#8221; global_colors_info=&#8221;{}&#8221;][et_pb_image src=&#8221;https:\/\/conform.se\/wp-content\/uploads\/2021\/07\/891518-64-Grizzly-Salvia.png&#8221; title_text=&#8221;891518-64 Grizzly Salvia&#8221; _builder_version=&#8221;4.27.0&#8243; _module_preset=&#8221;default&#8221; global_colors_info=&#8221;{}&#8221;][\/et_pb_image][\/et_pb_column][\/et_pb_row][et_pb_row column_structure=&#8221;2_3,1_3&#8243; _builder_version=&#8221;4.22.1&#8243; _module_preset=&#8221;default&#8221; global_colors_info=&#8221;{}&#8221;][et_pb_column type=&#8221;2_3&#8243; admin_label=&#8221;Column&#8221; _builder_version=&#8221;4.22.1&#8243; _module_preset=&#8221;default&#8221; global_colors_info=&#8221;{}&#8221;][et_pb_text _builder_version=&#8221;4.27.0&#8243; _module_preset=&#8221;default&#8221; global_colors_info=&#8221;{}&#8221;]<\/p>\n<div class=\"wp-block-columns is-layout-flex wp-container-core-columns-is-layout-7 wp-block-columns-is-layout-flex\" bis_skin_checked=\"1\">\n<div class=\"wp-block-column is-layout-flow wp-block-column-is-layout-flow\" bis_skin_checked=\"1\">\n<h2 class=\"wp-block-heading\" id=\"h-general-advice-on-leathers\">Schaffell<\/h2>\n<p class=\"has-normal-font-size\">Unser SChaffell stammt aus Australien. Wir verwenden nur Schafe der Rasse Crossbred, welche eine hohe Qualit\u00e4t garantieren. Das Leder wird nach hohen Standards aufbereitet und gef\u00e4rbt, sowohl in Bezug auf Umweltaspekte, als auch auf die Tierhaltung. Menschen mit Pelzallergien k\u00f6nnen das Produkt verwenden. Unsese Farbmuster sind als Indikator zu verstehen. Variationen im Farbton und in der Wollstruktur kommen nat\u00fcrlicherweise vor.\u00a0<\/p>\n<p class=\"has-normal-font-size\"><span style=\"vertical-align: inherit;\"><span style=\"vertical-align: inherit;\"><\/span><\/span><\/p>\n<\/div>\n<\/div>\n<p>[\/et_pb_text][\/et_pb_column][et_pb_column type=&#8221;1_3&#8243; _builder_version=&#8221;4.22.1&#8243; _module_preset=&#8221;default&#8221; global_colors_info=&#8221;{}&#8221;][et_pb_image src=&#8221;https:\/\/conform.se\/wp-content\/uploads\/2021\/07\/Sheepskin_sahara.png&#8221; title_text=&#8221;Sheepskin_sahara&#8221; _builder_version=&#8221;4.27.0&#8243; _module_preset=&#8221;default&#8221; global_colors_info=&#8221;{}&#8221;][\/et_pb_image][\/et_pb_column][\/et_pb_row][et_pb_row module_id=&#8221;video&#8221; _builder_version=&#8221;4.27.0&#8243; _module_preset=&#8221;default&#8221; global_colors_info=&#8221;{}&#8221;][et_pb_column type=&#8221;4_4&#8243; admin_label=&#8221;Kolumn&#8221; _builder_version=&#8221;4.27.0&#8243; _module_preset=&#8221;default&#8221; global_colors_info=&#8221;{}&#8221;][et_pb_code _builder_version=&#8221;4.27.0&#8243; _module_preset=&#8221;default&#8221; global_colors_info=&#8221;{}&#8221;]<!-- [et_pb_line_break_holder] --><!-- [et_pb_line_break_holder] --><!-- [et_pb_line_break_holder] --><\/p>\n<div class=\"et_pb_module et_pb_video et_pb_video_0\" ><\/div>\n<p><!-- [et_pb_line_break_holder] -->    <\/p>\n<div class=\"et_pb_video_box\" ><!-- [et_pb_line_break_holder] -->        <video controls=\"\"><!-- [et_pb_line_break_holder] --><source type=\"video\/mp4\" src=\"https:\/\/conform.se\/wp-content\/uploads\/2024\/08\/ConformGER_2.mp4\"><!-- [et_pb_line_break_holder] --><\/video><!-- [et_pb_line_break_holder] -->    <\/div>\n<p><!-- [et_pb_line_break_holder] --><!-- [et_pb_line_break_holder] --><\/div>\n<p><!-- [et_pb_line_break_holder] -->[\/et_pb_code][\/et_pb_column][\/et_pb_row][\/et_pb_section][et_pb_section fb_built=&#8221;1&#8243; _builder_version=&#8221;4.27.0&#8243; _module_preset=&#8221;default&#8221; global_colors_info=&#8221;{}&#8221;][\/et_pb_section]<\/p>","protected":false},"excerpt":{"rendered":"<p>\u00a0 \u00a0 \u00a0 \u00a0 Ta hand om din m\u00f6bel Ta hand om din m\u00f6bel, f\u00f6r precis som allt i livet kommer \u00e4ven din\u00a0 f\u00e5t\u00f6lj att \u00e4ndra utseende och k\u00e4nsla med tiden. S\u00e5 vi har sammanst\u00e4llt en lista med r\u00e5d att \u00f6verv\u00e4ga f\u00f6r att h\u00e5lla ditt \u00e4gande s\u00e5 bekymmersfritt och okomplicerat som m\u00f6jligt \u2013 s\u00e5 att [&hellip;]<\/p>","protected":false},"author":5,"featured_media":0,"parent":0,"menu_order":0,"comment_status":"closed","ping_status":"closed","template":"","meta":{"_acf_changed":false,"_et_pb_use_builder":"on","_et_pb_old_content":"","_et_gb_content_width":"","footnotes":""},"class_list":["post-57968","page","type-page","status-publish","hentry"],"acf":[],"yoast_head":"<!-- This site is optimized with the Yoast SEO plugin v26.3 - https:\/\/yoast.com\/wordpress\/plugins\/seo\/ -->\n<title>Take care of your product - Conform Collection AB<\/title>\n<meta name=\"robots\" content=\"index, follow, max-snippet:-1, max-image-preview:large, max-video-preview:-1\" \/>\n<link rel=\"canonical\" href=\"https:\/\/conform.se\/de_de\/take-care-of-your-product\/\" \/>\n<meta property=\"og:locale\" content=\"de_DE\" \/>\n<meta property=\"og:type\" content=\"article\" \/>\n<meta property=\"og:title\" content=\"Take care of your product - Conform Collection AB\" \/>\n<meta property=\"og:description\" content=\"\u00a0 \u00a0 \u00a0 \u00a0 Ta hand om din m\u00f6bel Ta hand om din m\u00f6bel, f\u00f6r precis som allt i livet kommer \u00e4ven din\u00a0 f\u00e5t\u00f6lj att \u00e4ndra utseende och k\u00e4nsla med tiden. S\u00e5 vi har sammanst\u00e4llt en lista med r\u00e5d att \u00f6verv\u00e4ga f\u00f6r att h\u00e5lla ditt \u00e4gande s\u00e5 bekymmersfritt och okomplicerat som m\u00f6jligt \u2013 s\u00e5 att [&hellip;]\" \/>\n<meta property=\"og:url\" content=\"https:\/\/conform.se\/de_de\/take-care-of-your-product\/\" \/>\n<meta property=\"og:site_name\" content=\"Conform Collection AB\" \/>\n<meta property=\"article:modified_time\" content=\"2025-06-24T11:48:48+00:00\" \/>\n<meta name=\"twitter:card\" content=\"summary_large_image\" \/>\n<meta name=\"twitter:label1\" content=\"Gesch\u00e4tzte Lesezeit\" \/>\n\t<meta name=\"twitter:data1\" content=\"5\u00a0Minuten\" \/>\n<script type=\"application\/ld+json\" class=\"yoast-schema-graph\">{\"@context\":\"https:\/\/schema.org\",\"@graph\":[{\"@type\":\"WebPage\",\"@id\":\"https:\/\/conform.se\/take-care-of-your-product\/\",\"url\":\"https:\/\/conform.se\/take-care-of-your-product\/\",\"name\":\"Take care of your product - Conform Collection AB\",\"isPartOf\":{\"@id\":\"https:\/\/conform.se\/#website\"},\"datePublished\":\"2024-07-10T11:31:38+00:00\",\"dateModified\":\"2025-06-24T11:48:48+00:00\",\"breadcrumb\":{\"@id\":\"https:\/\/conform.se\/take-care-of-your-product\/#breadcrumb\"},\"inLanguage\":\"de\",\"potentialAction\":[{\"@type\":\"ReadAction\",\"target\":[\"https:\/\/conform.se\/take-care-of-your-product\/\"]}]},{\"@type\":\"BreadcrumbList\",\"@id\":\"https:\/\/conform.se\/take-care-of-your-product\/#breadcrumb\",\"itemListElement\":[{\"@type\":\"ListItem\",\"position\":1,\"name\":\"Hem\",\"item\":\"https:\/\/conform.se\/\"},{\"@type\":\"ListItem\",\"position\":2,\"name\":\"Take care of your product\"}]},{\"@type\":\"WebSite\",\"@id\":\"https:\/\/conform.se\/#website\",\"url\":\"https:\/\/conform.se\/\",\"name\":\"Conform Collection AB\",\"description\":\"En f\u00e5t\u00f6lj fr\u00e5n Conform \u00e4r en v\u00e4lgjord f\u00e5t\u00f6lj av h\u00f6gsta kvalitet.\",\"potentialAction\":[{\"@type\":\"SearchAction\",\"target\":{\"@type\":\"EntryPoint\",\"urlTemplate\":\"https:\/\/conform.se\/?s={search_term_string}\"},\"query-input\":{\"@type\":\"PropertyValueSpecification\",\"valueRequired\":true,\"valueName\":\"search_term_string\"}}],\"inLanguage\":\"de\"}]}<\/script>\n<!-- \/ Yoast SEO plugin. -->","yoast_head_json":{"title":"Take care of your product - Conform Collection AB","robots":{"index":"index","follow":"follow","max-snippet":"max-snippet:-1","max-image-preview":"max-image-preview:large","max-video-preview":"max-video-preview:-1"},"canonical":"https:\/\/conform.se\/de_de\/take-care-of-your-product\/","og_locale":"de_DE","og_type":"article","og_title":"Take care of your product - Conform Collection AB","og_description":"\u00a0 \u00a0 \u00a0 \u00a0 Ta hand om din m\u00f6bel Ta hand om din m\u00f6bel, f\u00f6r precis som allt i livet kommer \u00e4ven din\u00a0 f\u00e5t\u00f6lj att \u00e4ndra utseende och k\u00e4nsla med tiden. S\u00e5 vi har sammanst\u00e4llt en lista med r\u00e5d att \u00f6verv\u00e4ga f\u00f6r att h\u00e5lla ditt \u00e4gande s\u00e5 bekymmersfritt och okomplicerat som m\u00f6jligt \u2013 s\u00e5 att [&hellip;]","og_url":"https:\/\/conform.se\/de_de\/take-care-of-your-product\/","og_site_name":"Conform Collection AB","article_modified_time":"2025-06-24T11:48:48+00:00","twitter_card":"summary_large_image","twitter_misc":{"Gesch\u00e4tzte Lesezeit":"5\u00a0Minuten"},"schema":{"@context":"https:\/\/schema.org","@graph":[{"@type":"WebPage","@id":"https:\/\/conform.se\/take-care-of-your-product\/","url":"https:\/\/conform.se\/take-care-of-your-product\/","name":"Take care of your product - Conform Collection AB","isPartOf":{"@id":"https:\/\/conform.se\/#website"},"datePublished":"2024-07-10T11:31:38+00:00","dateModified":"2025-06-24T11:48:48+00:00","breadcrumb":{"@id":"https:\/\/conform.se\/take-care-of-your-product\/#breadcrumb"},"inLanguage":"de","potentialAction":[{"@type":"ReadAction","target":["https:\/\/conform.se\/take-care-of-your-product\/"]}]},{"@type":"BreadcrumbList","@id":"https:\/\/conform.se\/take-care-of-your-product\/#breadcrumb","itemListElement":[{"@type":"ListItem","position":1,"name":"Hem","item":"https:\/\/conform.se\/"},{"@type":"ListItem","position":2,"name":"Take care of your product"}]},{"@type":"WebSite","@id":"https:\/\/conform.se\/#website","url":"https:\/\/conform.se\/","name":"Conform Collection AB","description":"En f\u00e5t\u00f6lj fr\u00e5n Conform \u00e4r en v\u00e4lgjord f\u00e5t\u00f6lj av h\u00f6gsta kvalitet.","potentialAction":[{"@type":"SearchAction","target":{"@type":"EntryPoint","urlTemplate":"https:\/\/conform.se\/?s={search_term_string}"},"query-input":{"@type":"PropertyValueSpecification","valueRequired":true,"valueName":"search_term_string"}}],"inLanguage":"de"}]}},"_links":{"self":[{"href":"https:\/\/conform.se\/de_de\/wp-json\/wp\/v2\/pages\/57968","targetHints":{"allow":["GET"]}}],"collection":[{"href":"https:\/\/conform.se\/de_de\/wp-json\/wp\/v2\/pages"}],"about":[{"href":"https:\/\/conform.se\/de_de\/wp-json\/wp\/v2\/types\/page"}],"author":[{"embeddable":true,"href":"https:\/\/conform.se\/de_de\/wp-json\/wp\/v2\/users\/5"}],"replies":[{"embeddable":true,"href":"https:\/\/conform.se\/de_de\/wp-json\/wp\/v2\/comments?post=57968"}],"version-history":[{"count":32,"href":"https:\/\/conform.se\/de_de\/wp-json\/wp\/v2\/pages\/57968\/revisions"}],"predecessor-version":[{"id":60266,"href":"https:\/\/conform.se\/de_de\/wp-json\/wp\/v2\/pages\/57968\/revisions\/60266"}],"wp:attachment":[{"href":"https:\/\/conform.se\/de_de\/wp-json\/wp\/v2\/media?parent=57968"}],"curies":[{"name":"wp","href":"https:\/\/api.w.org\/{rel}","templated":true}]}}