{"id":58013,"date":"2024-08-27T08:21:21","date_gmt":"2024-08-27T06:21:21","guid":{"rendered":"https:\/\/conform.se\/?page_id=58013"},"modified":"2025-06-25T13:26:46","modified_gmt":"2025-06-25T11:26:46","slug":"about-our-fabrics","status":"publish","type":"page","link":"https:\/\/conform.se\/de_de\/about-our-fabrics\/","title":{"rendered":"\u00dcber unsere Stoffe"},"content":{"rendered":"<p>[et_pb_section fb_built=&#8221;1&#8243; admin_label=&#8221;Sektion&#8221; _builder_version=&#8221;4.22.1&#8243; _module_preset=&#8221;default&#8221; collapsed=&#8221;on&#8221; global_colors_info=&#8221;{}&#8221;][et_pb_row admin_label=&#8221;Row&#8221; _builder_version=&#8221;4.22.1&#8243; _module_preset=&#8221;default&#8221; collapsed=&#8221;on&#8221; global_colors_info=&#8221;{}&#8221;][et_pb_column type=&#8221;4_4&#8243; _builder_version=&#8221;4.22.1&#8243; _module_preset=&#8221;default&#8221; global_colors_info=&#8221;{}&#8221;][et_pb_text admin_label=&#8221;Text&#8221; _builder_version=&#8221;4.22.1&#8243; _module_preset=&#8221;default&#8221; text_font=&#8221;TradeGothicBold2||||||||&#8221; text_font_size=&#8221;60px&#8221; text_line_height=&#8221;1em&#8221; custom_margin=&#8221;||30px||false|false&#8221; text_font_size_tablet=&#8221;50px&#8221; text_font_size_phone=&#8221;40px&#8221; text_font_size_last_edited=&#8221;on|phone&#8221; global_colors_info=&#8221;{}&#8221;]<\/p>\n<p class=\"breakheading\" bis_skin_checked=\"1\" style=\"text-align: center;\"><span style=\"vertical-align: inherit;\"><span style=\"vertical-align: inherit;\"><span style=\"vertical-align: inherit;\"><span style=\"vertical-align: inherit;\"><span style=\"vertical-align: inherit;\"><span style=\"vertical-align: inherit;\">\u00dcber unsere Stoffe <\/span><\/span><\/span><\/span><\/span><\/span><\/p>\n<div class=\"wp-block-columns is-layout-flex wp-container-core-columns-is-layout-2 wp-block-columns-is-layout-flex\" bis_skin_checked=\"1\">\n<p class=\"wp-block-column is-layout-flow wp-block-column-is-layout-flow\" bis_skin_checked=\"1\" style=\"text-align: center;\">\n<\/div>\n<p>[\/et_pb_text][\/et_pb_column][\/et_pb_row][et_pb_row column_structure=&#8221;1_3,2_3&#8243; admin_label=&#8221;Row&#8221; _builder_version=&#8221;4.22.1&#8243; _module_preset=&#8221;default&#8221; global_colors_info=&#8221;{}&#8221;][et_pb_column type=&#8221;1_3&#8243; admin_label=&#8221;Column&#8221; _builder_version=&#8221;4.22.1&#8243; _module_preset=&#8221;default&#8221; global_colors_info=&#8221;{}&#8221;][et_pb_image src=&#8221;https:\/\/conform.se\/wp-content\/uploads\/2021\/07\/C-O-N-F-O-R-M-M-I-M-I15760_vepa-scaled.jpg&#8221; title_text=&#8221;C O N F O R M &#8211; M I M I15760_vepa&#8221; _builder_version=&#8221;4.27.0&#8243; _module_preset=&#8221;default&#8221; global_colors_info=&#8221;{}&#8221;][\/et_pb_image][\/et_pb_column][et_pb_column type=&#8221;2_3&#8243; admin_label=&#8221;Column&#8221; _builder_version=&#8221;4.22.1&#8243; _module_preset=&#8221;default&#8221; global_colors_info=&#8221;{}&#8221;][et_pb_text admin_label=&#8221;Text&#8221; _builder_version=&#8221;4.22.1&#8243; _module_preset=&#8221;default&#8221; text_font_size=&#8221;26px&#8221; text_line_height=&#8221;1.4em&#8221; text_font_size_tablet=&#8221;24px&#8221; text_font_size_phone=&#8221;22px&#8221; text_font_size_last_edited=&#8221;on|phone&#8221; global_colors_info=&#8221;{}&#8221;]<\/p>\n<p class=\"p1\">Unser erfahrenes Team von Eink\u00e4ufern und Designern hat \u00fcber Jahre hinweg eine Reihe von Stoffen entwickelt, die perfekt zu unserer Kollektion von Sesseln und St\u00fchlen passen. Wir aktualisieren st\u00e4ndig unsere Kollektion von Bez\u00fcgen, um eine der besten auf dem Markt zu sein. Conform bietet etwa 40-50 verschiedene Stoffe zur Auswahl und in jeder Stofffamilie gibt es 4-7 verschiedene Farben. Das gibt unseren Kunden eine breite Auswahl.<\/p>\n<p class=\"p1\">Unser Ziel ist es, Nachhaltigkeit in den \nMittelpunkt unserer Entwicklungsprozesse zu stellen und Kollektionen zu erstellen, welche die Auswirkungen auf die Umwelt minimieren, ohne Kompromisse bei Qualit\u00e4t oder Design einzugehen. Jedes Jahr streben wir an, das Angebot an nachhaltigen Optionen in unserer Kollektion zu erweitern.<\/p>\n<p>[\/et_pb_text][\/et_pb_column][\/et_pb_row][\/et_pb_section][et_pb_section fb_built=&#8221;1&#8243; _builder_version=&#8221;4.22.1&#8243; _module_preset=&#8221;default&#8221; collapsed=&#8221;off&#8221; global_colors_info=&#8221;{}&#8221;][et_pb_row column_structure=&#8221;1_3,1_3,1_3&#8243; _builder_version=&#8221;4.22.1&#8243; _module_preset=&#8221;default&#8221; custom_padding=&#8221;|||0px||&#8221; global_colors_info=&#8221;{}&#8221;][et_pb_column type=&#8221;1_3&#8243; _builder_version=&#8221;4.22.1&#8243; _module_preset=&#8221;default&#8221; global_colors_info=&#8221;{}&#8221;][et_pb_text _builder_version=&#8221;4.22.1&#8243; _module_preset=&#8221;default&#8221; text_font_size=&#8221;18px&#8221; text_line_height=&#8221;1.6em&#8221; header_2_font=&#8221;TradeGothicBold2||||||||&#8221; custom_padding=&#8221;||0px|||&#8221; global_colors_info=&#8221;{}&#8221;]<\/p>\n<h2 class=\"wp-block-heading\" id=\"h-pricing\"><span style=\"vertical-align: inherit;\"><span style=\"vertical-align: inherit;\">Preissetzung<\/span><\/span><\/h2>\n<p>Wir streben immer danach, die besten Stoffe zu einem vern\u00fcnftigen Preis zu finden. Unsere Stoffe sind in drei verschiedene Preiskategorien unterteilt: A, B und C. A ist die preiswerteste Kategorie, und C die teuerste. Die Kategorien basieren nur auf dem Preis, was bedeutet, dass Stoffe der Kategorie A ebenso gut sind wie Stoffe der Kategorie C, aber innerhalb der Stoffgruppen B und C k\u00f6nnen Sie zus\u00e4tzliche Werte in den Qualit\u00e4ten wie Effizienz und Pflegeleichtigkeit finden.\u00a0<\/p>\n<p>[\/et_pb_text][\/et_pb_column][et_pb_column type=&#8221;1_3&#8243; _builder_version=&#8221;4.22.1&#8243; _module_preset=&#8221;default&#8221; global_colors_info=&#8221;{}&#8221;][et_pb_text admin_label=&#8221;Text&#8221; _builder_version=&#8221;4.22.1&#8243; _module_preset=&#8221;default&#8221; text_font_size=&#8221;18px&#8221; text_line_height=&#8221;1.6em&#8221; header_2_font=&#8221;TradeGothicBold2||||||||&#8221; global_colors_info=&#8221;{}&#8221;]<\/p>\n<h2 class=\"wp-block-heading\" id=\"h-martindale\"><span style=\"vertical-align: inherit;\"><span style=\"vertical-align: inherit;\">Martindale\u00a0<\/span><\/span><\/h2>\n<p>Martindale ist ein Test, der durchgef\u00fchrt wird, um die Haltbarkeit der Garne im Stoff zu \u00fcberpr\u00fcfen. Der ausgew\u00e4hlte Stoff wird auf einer kleinen Platte abgedeckt und dann mit einem bestimmten Gewicht gegen einen anderen Typ von Standardstoff gedr\u00fcckt. Diese beiden werden gegeneinander gerieben, bis entweder zwei F\u00e4den brechen oder eine deutlich sichtbare Ver\u00e4nderung im getesteten Stoff auftritt. Wenn die Ver\u00e4nderung eintritt, gibt die Martindale-Maschine einen Wert an, wie viele Reibungen erforderlich waren, bis der Test gestoppt wurde. Um als M\u00f6belstoff qualifiziert zu werden, m\u00fcssen Sie 15.000 Reibungen erreichen.<\/p>\n<p>[\/et_pb_text][\/et_pb_column][et_pb_column type=&#8221;1_3&#8243; _builder_version=&#8221;4.22.1&#8243; _module_preset=&#8221;default&#8221; global_colors_info=&#8221;{}&#8221;][et_pb_text _builder_version=&#8221;4.22.1&#8243; _module_preset=&#8221;default&#8221; text_font_size=&#8221;18px&#8221; text_line_height=&#8221;1.6em&#8221; header_2_font=&#8221;TradeGothicBold2||||||||&#8221; global_colors_info=&#8221;{}&#8221;]<\/p>\n<h2 class=\"wp-block-heading\" id=\"h-lightfastness\"><span style=\"vertical-align: inherit;\"><span style=\"vertical-align: inherit;\">Lichtbest\u00e4ndigkeitstest\u00a0<\/span><\/span><\/h2>\n<p>Im Lichtbest\u00e4ndigkeitstest wird der ausgew\u00e4hlte Stoff in eine Maschine gelegt, die so eingestellt ist, dass sie den Stoff einer bestimmten Lichtart \u00fcber einen bestimmten Zeitraum aussetzt. Der Stoff wird dann anhand einer blauen Skala von Stoffen bewertet, die gleichzeitig mit deinem Stoff exponiert wurden. Die blaue Skala hat 8 verschiedene Erscheinungen, wobei Nummer 1 verblasst ist und Nummer 8 sich \u00fcberhaupt nicht ver\u00e4ndert hat. Bei M\u00f6belstoffen f\u00fcr den Innenbereich liegen die Werte normalerweise zwischen 4 und 6. Die besten Werte, 7 und 8, sind fast ausschlie\u00dflich f\u00fcr Stoffe vorgesehen, die im Au\u00dfenbereich verwendet werden.<\/p>\n<p>[\/et_pb_text][\/et_pb_column][\/et_pb_row][et_pb_row column_structure=&#8221;1_3,1_3,1_3&#8243; _builder_version=&#8221;4.22.1&#8243; _module_preset=&#8221;default&#8221; global_colors_info=&#8221;{}&#8221;][et_pb_column type=&#8221;1_3&#8243; _builder_version=&#8221;4.22.1&#8243; _module_preset=&#8221;default&#8221; global_colors_info=&#8221;{}&#8221;][et_pb_text _builder_version=&#8221;4.22.1&#8243; _module_preset=&#8221;default&#8221; text_font_size=&#8221;18px&#8221; text_line_height=&#8221;1.6em&#8221; header_2_font=&#8221;TradeGothicBold2||||||||&#8221; global_colors_info=&#8221;{}&#8221;]<\/p>\n<h2 class=\"wp-block-heading\" id=\"h-testing-methods\"><span style=\"vertical-align: inherit;\"><span style=\"vertical-align: inherit;\">Testmethoden\u00a0<\/span><\/span><\/h2>\n<p>\u00a0Martindale-, Pilling- und Lichtbest\u00e4ndigkeitspr\u00fcfungen wurden gem\u00e4\u00df einer internationalen Norm durchgef\u00fchrt. Die Kenntnis der verschiedenen Methoden erleichtert die Wahl des besten Stoffes. Wenn der Sessel oder Stuhl beispielsweise neben gro\u00dfen Fenstern platziert werden soll, ist es gut, einen zus\u00e4tzlichen Blick auf die Lichtbest\u00e4ndigkeit zu werfen. Wenn der Sessel f\u00fcr eine gro\u00dfe Familie mit Kindern und Haustieren gedacht ist, sollten besonders auf Pilling und Martindale-Werte geachtet. Haare und \u00e4u\u00dfere Fasern verursachen h\u00e4ufig Pilling.<\/p>\n<p>[\/et_pb_text][\/et_pb_column][et_pb_column type=&#8221;1_3&#8243; _builder_version=&#8221;4.22.1&#8243; _module_preset=&#8221;default&#8221; global_colors_info=&#8221;{}&#8221;][et_pb_text admin_label=&#8221;Text&#8221; _builder_version=&#8221;4.22.1&#8243; _module_preset=&#8221;default&#8221; text_font_size=&#8221;18px&#8221; text_line_height=&#8221;1.6em&#8221; header_2_font=&#8221;TradeGothicBold2||||||||&#8221; custom_padding=&#8221;||0px|||&#8221; global_colors_info=&#8221;{}&#8221;]<\/p>\n<h2 class=\"wp-block-heading\" id=\"h-pilling\"><span style=\"vertical-align: inherit;\"><span style=\"vertical-align: inherit;\">Pilling\u00a0<\/span><\/span><\/h2>\n<p>Der Pillingtest wird fast wie der Martindale-Test durchgef\u00fchrt, der Unterschied besteht darin, dass der ausgew\u00e4hlte Stoff gegen sich selbst und nicht gegen einen anderen Standardstoff gerieben wird. Die Maschine ist dann so eingestellt, dass sie entweder 3000 oder 5000 Reibungen ausf\u00fchrt, bevor sie gestoppt wird. Wenn die Maschine stoppt, wird der Stoff von einer Person im Labor bewertet und mit Standardbildern verglichen, um zu beurteilen, wie viel Pilling vorhanden ist. Die Skala reicht von 1 bis 5, wobei 1 sehr viel Pilling und 5 bedeutet, dass es keine Ver\u00e4nderung nach dem Test gibt.<\/p>\n<p>[\/et_pb_text][\/et_pb_column][et_pb_column type=&#8221;1_3&#8243; _builder_version=&#8221;4.22.1&#8243; _module_preset=&#8221;default&#8221; global_colors_info=&#8221;{}&#8221;][\/et_pb_column][\/et_pb_row][\/et_pb_section][et_pb_section fb_built=&#8221;1&#8243; _builder_version=&#8221;4.22.1&#8243; _module_preset=&#8221;default&#8221; global_colors_info=&#8221;{}&#8221;][et_pb_row _builder_version=&#8221;4.22.1&#8243; _module_preset=&#8221;default&#8221; global_colors_info=&#8221;{}&#8221;][et_pb_column type=&#8221;4_4&#8243; _builder_version=&#8221;4.22.1&#8243; _module_preset=&#8221;default&#8221; global_colors_info=&#8221;{}&#8221;][et_pb_text _builder_version=&#8221;4.27.0&#8243; _module_preset=&#8221;default&#8221; text_font=&#8221;TradeGothicBold2||||||||&#8221; text_font_size=&#8221;48px&#8221; text_line_height=&#8221;1em&#8221; text_orientation=&#8221;center&#8221; module_alignment=&#8221;center&#8221; custom_margin=&#8221;||30px||false|false&#8221; text_font_size_tablet=&#8221;40px&#8221; text_font_size_phone=&#8221;34px&#8221; text_font_size_last_edited=&#8221;on|phone&#8221; global_colors_info=&#8221;{}&#8221;]<\/p>\n<p style=\"text-align: center;\">Verwandet Artikel<\/p>\n<p>[\/et_pb_text][\/et_pb_column][\/et_pb_row][et_pb_row column_structure=&#8221;1_3,1_3,1_3&#8243; _builder_version=&#8221;4.22.1&#8243; _module_preset=&#8221;default&#8221; global_colors_info=&#8221;{}&#8221;][et_pb_column type=&#8221;1_3&#8243; _builder_version=&#8221;4.22.1&#8243; _module_preset=&#8221;default&#8221; global_colors_info=&#8221;{}&#8221;][et_pb_image src=&#8221;https:\/\/conform.se\/wp-content\/uploads\/2021\/07\/shutterstock_1766194481.webp&#8221; title_text=&#8221;shutterstock_1766194481&#8243; url=&#8221;https:\/\/conform.se\/take-care-of-your-product\/&#8221; url_new_window=&#8221;on&#8221; _builder_version=&#8221;4.27.0&#8243; _module_preset=&#8221;default&#8221; global_colors_info=&#8221;{}&#8221;][\/et_pb_image][et_pb_text _builder_version=&#8221;4.27.0&#8243; _module_preset=&#8221;default&#8221; text_font=&#8221;TradeGothicBold2||||||||&#8221; text_font_size=&#8221;24px&#8221; text_line_height=&#8221;1em&#8221; header_2_text_align=&#8221;center&#8221; text_orientation=&#8221;center&#8221; text_orientation_tablet=&#8221;center&#8221; text_orientation_phone=&#8221;center&#8221; text_orientation_last_edited=&#8221;on|desktop&#8221; global_colors_info=&#8221;{}&#8221;]<\/p>\n<p style=\"text-align: center;\">verschiedene Stofftypen<\/p>\n<p>[\/et_pb_text][\/et_pb_column][et_pb_column type=&#8221;1_3&#8243; _builder_version=&#8221;4.22.1&#8243; _module_preset=&#8221;default&#8221; global_colors_info=&#8221;{}&#8221;][et_pb_image src=&#8221;https:\/\/conform.se\/wp-content\/uploads\/2021\/07\/shutterstock_188950475-kopia.webp&#8221; title_text=&#8221;shutterstock_188950475-kopia&#8221; url=&#8221;https:\/\/conform.se\/about-our-fabrics\/&#8221; url_new_window=&#8221;on&#8221; _builder_version=&#8221;4.27.0&#8243; _module_preset=&#8221;default&#8221; global_colors_info=&#8221;{}&#8221;][\/et_pb_image][et_pb_text _builder_version=&#8221;4.27.0&#8243; _module_preset=&#8221;default&#8221; text_font=&#8221;TradeGothicBold2||||||||&#8221; text_font_size=&#8221;24px&#8221; text_line_height=&#8221;1em&#8221; header_2_text_align=&#8221;center&#8221; text_orientation=&#8221;center&#8221; global_colors_info=&#8221;{}&#8221;]<\/p>\n<p style=\"text-align: center;\">L\u00e4tt att reng\u00f6ra tyger<\/p>\n<p>[\/et_pb_text][\/et_pb_column][et_pb_column type=&#8221;1_3&#8243; _builder_version=&#8221;4.22.1&#8243; _module_preset=&#8221;default&#8221; global_colors_info=&#8221;{}&#8221;][et_pb_image src=&#8221;https:\/\/conform.se\/wp-content\/uploads\/2021\/07\/shutterstock_305127428.webp&#8221; title_text=&#8221;shutterstock_305127428&#8243; url=&#8221;https:\/\/conform.se\/about-our-leathers\/&#8221; url_new_window=&#8221;on&#8221; _builder_version=&#8221;4.27.0&#8243; _module_preset=&#8221;default&#8221; global_colors_info=&#8221;{}&#8221;][\/et_pb_image][et_pb_text _builder_version=&#8221;4.27.0&#8243; _module_preset=&#8221;default&#8221; text_font=&#8221;TradeGothicBold2||||||||&#8221; text_font_size=&#8221;24px&#8221; text_line_height=&#8221;1em&#8221; header_2_text_align=&#8221;center&#8221; text_orientation=&#8221;center&#8221; global_colors_info=&#8221;{}&#8221;]<\/p>\n<p style=\"text-align: center;\">\u00dcber unser Leder<\/p>\n<p>[\/et_pb_text][\/et_pb_column][\/et_pb_row][\/et_pb_section]<\/p>","protected":false},"excerpt":{"rendered":"<p>Om v\u00e5ra Tyger V\u00e5rt erfarna team av ink\u00f6pare och designers har i flera \u00e5r skapat en rad tyger som kommer att fungera perfekt med v\u00e5r kollektion av f\u00e5t\u00f6ljer och stolar. Vi uppdaterar st\u00e4ndigt v\u00e5r kollektion av kl\u00e4dsel f\u00f6r att vara en av de b\u00e4sta p\u00e5 marknaden. Conform har runt 40-50 olika tyger att v\u00e4lja mellan [&hellip;]<\/p>","protected":false},"author":5,"featured_media":0,"parent":0,"menu_order":0,"comment_status":"closed","ping_status":"closed","template":"","meta":{"_acf_changed":false,"_et_pb_use_builder":"on","_et_pb_old_content":"","_et_gb_content_width":"","footnotes":""},"class_list":["post-58013","page","type-page","status-publish","hentry"],"acf":[],"yoast_head":"<!-- This site is optimized with the Yoast SEO plugin v26.3 - https:\/\/yoast.com\/wordpress\/plugins\/seo\/ -->\n<title>About our fabrics - Conform Collection AB<\/title>\n<meta name=\"robots\" content=\"index, follow, max-snippet:-1, max-image-preview:large, max-video-preview:-1\" \/>\n<link rel=\"canonical\" href=\"https:\/\/conform.se\/de_de\/about-our-fabrics\/\" \/>\n<meta property=\"og:locale\" content=\"de_DE\" \/>\n<meta property=\"og:type\" content=\"article\" \/>\n<meta property=\"og:title\" content=\"About our fabrics - Conform Collection AB\" \/>\n<meta property=\"og:description\" content=\"Om v\u00e5ra Tyger V\u00e5rt erfarna team av ink\u00f6pare och designers har i flera \u00e5r skapat en rad tyger som kommer att fungera perfekt med v\u00e5r kollektion av f\u00e5t\u00f6ljer och stolar. Vi uppdaterar st\u00e4ndigt v\u00e5r kollektion av kl\u00e4dsel f\u00f6r att vara en av de b\u00e4sta p\u00e5 marknaden. Conform har runt 40-50 olika tyger att v\u00e4lja mellan [&hellip;]\" \/>\n<meta property=\"og:url\" content=\"https:\/\/conform.se\/de_de\/about-our-fabrics\/\" \/>\n<meta property=\"og:site_name\" content=\"Conform Collection AB\" \/>\n<meta property=\"article:modified_time\" content=\"2025-06-25T11:26:46+00:00\" \/>\n<meta name=\"twitter:card\" content=\"summary_large_image\" \/>\n<meta name=\"twitter:label1\" content=\"Gesch\u00e4tzte Lesezeit\" \/>\n\t<meta name=\"twitter:data1\" content=\"4\u00a0Minuten\" \/>\n<script type=\"application\/ld+json\" class=\"yoast-schema-graph\">{\"@context\":\"https:\/\/schema.org\",\"@graph\":[{\"@type\":\"WebPage\",\"@id\":\"https:\/\/conform.se\/about-our-fabrics\/\",\"url\":\"https:\/\/conform.se\/about-our-fabrics\/\",\"name\":\"About our fabrics - Conform Collection AB\",\"isPartOf\":{\"@id\":\"https:\/\/conform.se\/#website\"},\"datePublished\":\"2024-08-27T06:21:21+00:00\",\"dateModified\":\"2025-06-25T11:26:46+00:00\",\"breadcrumb\":{\"@id\":\"https:\/\/conform.se\/about-our-fabrics\/#breadcrumb\"},\"inLanguage\":\"de\",\"potentialAction\":[{\"@type\":\"ReadAction\",\"target\":[\"https:\/\/conform.se\/about-our-fabrics\/\"]}]},{\"@type\":\"BreadcrumbList\",\"@id\":\"https:\/\/conform.se\/about-our-fabrics\/#breadcrumb\",\"itemListElement\":[{\"@type\":\"ListItem\",\"position\":1,\"name\":\"Hem\",\"item\":\"https:\/\/conform.se\/\"},{\"@type\":\"ListItem\",\"position\":2,\"name\":\"About our fabrics\"}]},{\"@type\":\"WebSite\",\"@id\":\"https:\/\/conform.se\/#website\",\"url\":\"https:\/\/conform.se\/\",\"name\":\"Conform Collection AB\",\"description\":\"En f\u00e5t\u00f6lj fr\u00e5n Conform \u00e4r en v\u00e4lgjord f\u00e5t\u00f6lj av h\u00f6gsta kvalitet.\",\"potentialAction\":[{\"@type\":\"SearchAction\",\"target\":{\"@type\":\"EntryPoint\",\"urlTemplate\":\"https:\/\/conform.se\/?s={search_term_string}\"},\"query-input\":{\"@type\":\"PropertyValueSpecification\",\"valueRequired\":true,\"valueName\":\"search_term_string\"}}],\"inLanguage\":\"de\"}]}<\/script>\n<!-- \/ Yoast SEO plugin. -->","yoast_head_json":{"title":"About our fabrics - Conform Collection AB","robots":{"index":"index","follow":"follow","max-snippet":"max-snippet:-1","max-image-preview":"max-image-preview:large","max-video-preview":"max-video-preview:-1"},"canonical":"https:\/\/conform.se\/de_de\/about-our-fabrics\/","og_locale":"de_DE","og_type":"article","og_title":"About our fabrics - Conform Collection AB","og_description":"Om v\u00e5ra Tyger V\u00e5rt erfarna team av ink\u00f6pare och designers har i flera \u00e5r skapat en rad tyger som kommer att fungera perfekt med v\u00e5r kollektion av f\u00e5t\u00f6ljer och stolar. Vi uppdaterar st\u00e4ndigt v\u00e5r kollektion av kl\u00e4dsel f\u00f6r att vara en av de b\u00e4sta p\u00e5 marknaden. Conform har runt 40-50 olika tyger att v\u00e4lja mellan [&hellip;]","og_url":"https:\/\/conform.se\/de_de\/about-our-fabrics\/","og_site_name":"Conform Collection AB","article_modified_time":"2025-06-25T11:26:46+00:00","twitter_card":"summary_large_image","twitter_misc":{"Gesch\u00e4tzte Lesezeit":"4\u00a0Minuten"},"schema":{"@context":"https:\/\/schema.org","@graph":[{"@type":"WebPage","@id":"https:\/\/conform.se\/about-our-fabrics\/","url":"https:\/\/conform.se\/about-our-fabrics\/","name":"About our fabrics - Conform Collection AB","isPartOf":{"@id":"https:\/\/conform.se\/#website"},"datePublished":"2024-08-27T06:21:21+00:00","dateModified":"2025-06-25T11:26:46+00:00","breadcrumb":{"@id":"https:\/\/conform.se\/about-our-fabrics\/#breadcrumb"},"inLanguage":"de","potentialAction":[{"@type":"ReadAction","target":["https:\/\/conform.se\/about-our-fabrics\/"]}]},{"@type":"BreadcrumbList","@id":"https:\/\/conform.se\/about-our-fabrics\/#breadcrumb","itemListElement":[{"@type":"ListItem","position":1,"name":"Hem","item":"https:\/\/conform.se\/"},{"@type":"ListItem","position":2,"name":"About our fabrics"}]},{"@type":"WebSite","@id":"https:\/\/conform.se\/#website","url":"https:\/\/conform.se\/","name":"Conform Collection AB","description":"En f\u00e5t\u00f6lj fr\u00e5n Conform \u00e4r en v\u00e4lgjord f\u00e5t\u00f6lj av h\u00f6gsta kvalitet.","potentialAction":[{"@type":"SearchAction","target":{"@type":"EntryPoint","urlTemplate":"https:\/\/conform.se\/?s={search_term_string}"},"query-input":{"@type":"PropertyValueSpecification","valueRequired":true,"valueName":"search_term_string"}}],"inLanguage":"de"}]}},"_links":{"self":[{"href":"https:\/\/conform.se\/de_de\/wp-json\/wp\/v2\/pages\/58013","targetHints":{"allow":["GET"]}}],"collection":[{"href":"https:\/\/conform.se\/de_de\/wp-json\/wp\/v2\/pages"}],"about":[{"href":"https:\/\/conform.se\/de_de\/wp-json\/wp\/v2\/types\/page"}],"author":[{"embeddable":true,"href":"https:\/\/conform.se\/de_de\/wp-json\/wp\/v2\/users\/5"}],"replies":[{"embeddable":true,"href":"https:\/\/conform.se\/de_de\/wp-json\/wp\/v2\/comments?post=58013"}],"version-history":[{"count":56,"href":"https:\/\/conform.se\/de_de\/wp-json\/wp\/v2\/pages\/58013\/revisions"}],"predecessor-version":[{"id":60268,"href":"https:\/\/conform.se\/de_de\/wp-json\/wp\/v2\/pages\/58013\/revisions\/60268"}],"wp:attachment":[{"href":"https:\/\/conform.se\/de_de\/wp-json\/wp\/v2\/media?parent=58013"}],"curies":[{"name":"wp","href":"https:\/\/api.w.org\/{rel}","templated":true}]}}