{"id":58070,"date":"2024-08-27T08:21:06","date_gmt":"2024-08-27T06:21:06","guid":{"rendered":"https:\/\/conform.se\/?page_id=58070"},"modified":"2025-06-24T11:53:18","modified_gmt":"2025-06-24T09:53:18","slug":"about-our-leathers","status":"publish","type":"page","link":"https:\/\/conform.se\/de_de\/about-our-leathers\/","title":{"rendered":"\u00dcber unsere Leder"},"content":{"rendered":"<p>[et_pb_section fb_built=&#8221;1&#8243; _builder_version=&#8221;4.22.1&#8243; _module_preset=&#8221;default&#8221; global_colors_info=&#8221;{}&#8221;][et_pb_row _builder_version=&#8221;4.22.1&#8243; _module_preset=&#8221;default&#8221; global_colors_info=&#8221;{}&#8221;][et_pb_column type=&#8221;4_4&#8243; _builder_version=&#8221;4.22.1&#8243; _module_preset=&#8221;default&#8221; global_colors_info=&#8221;{}&#8221;][et_pb_text _builder_version=&#8221;4.22.1&#8243; _module_preset=&#8221;default&#8221; text_font=&#8221;TradeGothicBold2||||||||&#8221; text_font_size=&#8221;60px&#8221; text_line_height=&#8221;1em&#8221; custom_margin=&#8221;||85px||false|false&#8221; custom_margin_tablet=&#8221;||65px||false|false&#8221; custom_margin_phone=&#8221;||50px||false|false&#8221; custom_margin_last_edited=&#8221;on|phone&#8221; custom_padding=&#8221;||1px|||&#8221; text_font_size_tablet=&#8221;50px&#8221; text_font_size_phone=&#8221;40px&#8221; text_font_size_last_edited=&#8221;on|phone&#8221; global_colors_info=&#8221;{}&#8221;]<\/p>\n<p style=\"text-align: center;\"><span style=\"vertical-align: inherit;\"><span style=\"vertical-align: inherit;\"><span style=\"vertical-align: inherit;\"><span style=\"vertical-align: inherit;\">\u00dcber unser Leder<\/span><\/span><\/span><\/span><\/p>\n<p>[\/et_pb_text][et_pb_text _builder_version=&#8221;4.22.1&#8243; _module_preset=&#8221;default&#8221; text_font=&#8221;||||||||&#8221; text_font_size=&#8221;26px&#8221; text_line_height=&#8221;1.3em&#8221; text_font_size_tablet=&#8221;24px&#8221; text_font_size_phone=&#8221;22px&#8221; text_font_size_last_edited=&#8221;on|desktop&#8221; global_colors_info=&#8221;{}&#8221;]<\/p>\n<p>Unsere Leder werden aus sorgf\u00e4ltig ausgew\u00e4hlten, reinen Naturprodukten hergestellt, die in ihrem Aussehen \u00e4hnlich variieren wie Holz und Marmor in ihrem Aussehen. Dies wiederum bedeutet, dass jedes Leder ein Unikat ist, was dazu beitr\u00e4gt, die Geschichte des Materials zu erz\u00e4hlen. Abweichungen eines Leders stellen keinen Mangel dar, sondern sind als Zeichen daf\u00fcr zu sehen, dass es sich um echtes Leder handelt \u2013 sein individueller Charakter unterscheidet es von Kunstleder.<\/p>\n<p>Alle unsere Leder entsprechen der REACH-Verordnung und unseren hohen Qualit\u00e4tsstandards. Wir m\u00f6chten sicherstellen, dass jedes Leder einer umfassenden Pr\u00fcfung auf minimale Umweltauswirkungen sowie auf seine Herstellung und die Gewissheit unterzogen wurde, dass es keine sch\u00e4dlichen Chemikalien enth\u00e4lt. Unser Leder stammt von 6 verschiedenen Gerbereien in Europa \u2013 haupts\u00e4chlich aus Italien.<\/p>\n<p>[\/et_pb_text][\/et_pb_column][\/et_pb_row][\/et_pb_section][et_pb_section fb_built=&#8221;1&#8243; _builder_version=&#8221;4.22.1&#8243; _module_preset=&#8221;default&#8221; global_colors_info=&#8221;{}&#8221;][et_pb_row column_structure=&#8221;1_2,1_2&#8243; _builder_version=&#8221;4.22.1&#8243; _module_preset=&#8221;default&#8221; global_colors_info=&#8221;{}&#8221;][et_pb_column type=&#8221;1_2&#8243; _builder_version=&#8221;4.22.1&#8243; _module_preset=&#8221;default&#8221; global_colors_info=&#8221;{}&#8221;][et_pb_image src=&#8221;https:\/\/conform.se\/wp-content\/uploads\/2024\/08\/Anilin-leather-textur.webp&#8221; title_text=&#8221;Anilin-leather-textur&#8221; _builder_version=&#8221;4.22.1&#8243; _module_preset=&#8221;default&#8221; global_colors_info=&#8221;{}&#8221;][\/et_pb_image][et_pb_text _builder_version=&#8221;4.22.1&#8243; _module_preset=&#8221;default&#8221; text_font_size=&#8221;18px&#8221; text_line_height=&#8221;1.6em&#8221; header_2_font=&#8221;TradeGothicBold2||||||||&#8221; global_colors_info=&#8221;{}&#8221;]<\/p>\n<h2 id=\"h-aniline\" class=\"wp-block-heading\"><span style=\"vertical-align: inherit;\"><span style=\"vertical-align: inherit;\">Anilin<\/span><\/span><\/h2>\n<p>Anilinleder ist ein Premiumleder. Reines Anilin wird mit transparenten, l\u00f6slichen Farbstoffen behandelt, die die nat\u00fcrliche Hautoberfl\u00e4che bewahren, sodass alle Poren, Narben und Flecken des Tieres sichtbar bleiben. Dies ist das echteste und luxuri\u00f6seste Leder, das man f\u00fcr Geld kaufen kann. Es f\u00fchlt sich weich und geschmeidig an, hat ein rustikales, strukturiertes Aussehen und jede Haut ist einzigartig, wie ein Fingerabdruck. Mit der Zeit entwickelt Anilinleder die von Lederkennern gew\u00fcnschte satte Patina. Im Gegensatz zu den meisten anderen Materialien wird dieses Leder erst mit der Zeit besser. Allerdings kann Patina je nach Wunsch ein Vorteil oder ein Nachteil sein. Durch die minimale Behandlung ist dieses Leder anf\u00e4lliger f\u00fcr Flecken und Kratzer und ben\u00f6tigt normalerweise mehr Pflege als andere Lederarten. Nur 5 % aller heute auf dem Markt befindlichen Leder sind f\u00fcr Anilinleder geeignet. Wenn Sie m\u00f6chten, dass Ihr Leder sch\u00f6n altert, muss es mit speziell daf\u00fcr entwickelten Lederpflegeprodukten behandelt werden. Dies sollte etwa drei- bis viermal im Jahr erfolgen.<\/p>\n<h2 id=\"h-semi-aniline\" class=\"wp-block-heading\"><span style=\"vertical-align: inherit;\"><span style=\"vertical-align: inherit;\">Semi anilin<\/span><\/span><\/h2>\n<p>Bei Semianilinleder handelt es sich um durchgef\u00e4rbtes und mit einer zus\u00e4tzlichen Schutzschicht versehenes Anilinleder, das seine Widerstandsf\u00e4higkeit gegen Flecken erh\u00f6ht. Die nat\u00fcrlichen Markierungen eines Anilinleders k\u00f6nnen in manchen F\u00e4llen auch auf einem Semianilinleder gefunden werden. Dieses Leder ist im Allgemeinen bequem und bietet eine gute Atmungsaktivit\u00e4t. Semianilinleder ist im Winter weniger kalt, im Sommer weniger klebrig und widerstandsf\u00e4higer gegen Flecken und Kratzer. Dadurch ist es benutzerfreundlicher als echtes Anilin und besser f\u00fcr Haushalte mit Haustieren und Kindern geeignet.<\/p>\n<p>[\/et_pb_text][\/et_pb_column][et_pb_column type=&#8221;1_2&#8243; _builder_version=&#8221;4.22.1&#8243; _module_preset=&#8221;default&#8221; global_colors_info=&#8221;{}&#8221;][et_pb_image src=&#8221;https:\/\/conform.se\/wp-content\/uploads\/2024\/08\/Nubuck-leather.webp&#8221; title_text=&#8221;Nubuck-leather&#8221; _builder_version=&#8221;4.22.1&#8243; _module_preset=&#8221;default&#8221; global_colors_info=&#8221;{}&#8221;][\/et_pb_image][et_pb_text _builder_version=&#8221;4.22.1&#8243; _module_preset=&#8221;default&#8221; text_font_size=&#8221;18px&#8221; text_line_height=&#8221;1.6em&#8221; header_2_font=&#8221;TradeGothicBold2||||||||&#8221; global_colors_info=&#8221;{}&#8221;]<\/p>\n<h2 id=\"h-nubuck\" class=\"wp-block-heading\"><span style=\"vertical-align: inherit;\"><span style=\"vertical-align: inherit;\">Nubuck<\/span><\/span><\/h2>\n<p><span style=\"vertical-align: inherit;\"><span style=\"vertical-align: inherit;\">Nubuk ist ein leicht geschliffenes, durchgef\u00e4rbtes Anilinleder mit offenen Poren. Nubuk ist ein lebendiges Leder, das atmet und Feuchtigkeit, Fl\u00fcssigkeiten und nat\u00fcrliche Fette aufnimmt. Das Erscheinungsbild kann von Haut zu Haut unterschiedlich sein, mit Variationen in Textur und Farbe sowie Spuren beispielsweise von Insektenstichen, Narben und Kratzern. Diese Variationen sind charakteristisch f\u00fcr echtes Leder und beweisen die Echtheit des Leders. Das Leder erh\u00e4lt durch den Gebrauch seinen eigenen Charakter und seine Patina, die es mit zunehmendem Alter immer sch\u00f6ner macht. Unser Nubukleder ist behandelt, um es widerstandsf\u00e4higer gegen Spritzer und Flecken zu machen. Diese h\u00e4lt je nach Nutzung ca. 2 Jahre.<\/span><\/span><\/p>\n<h2 id=\"h-corrected-leather\" class=\"wp-block-heading\"><span style=\"vertical-align: inherit;\"><span style=\"vertical-align: inherit;\">Korrigiertes Leder\u00a0<\/span><\/span><\/h2>\n<p>Korrigiertes Leder ist Leder, das aus der obersten Schicht der Haut hergestellt wird, wobei die \u00e4u\u00dfere Schicht abgeschliffen wurde. Dies geschieht, um verschiedene Flecken wie Insektenstiche, Stacheldrahtschnitte, Kratzer und andere Sch\u00f6nheitsfehler zu entfernen. Die Haut wird geschliffen oder poliert, bevor eine Schutzschicht aufgetragen und eine k\u00fcnstliche Textur in die Oberfl\u00e4che gepr\u00e4gt wird. Diese Lederart ist hinsichtlich Muster und Farbe allgemein die am weitesten verbreitete. Es hat ein weniger nat\u00fcrliches Aussehen als Anilin- oder Semianilinleder, ist aber sehr widerstandsf\u00e4hig gegen Spritzer und Kratzer und erfordert daher weniger Pflege als andere Lederarten. Es passt beispielsweise zu Sofas f\u00fcr Familien mit Kindern.<\/p>\n<p>[\/et_pb_text][\/et_pb_column][\/et_pb_row][\/et_pb_section][et_pb_section fb_built=&#8221;1&#8243; _builder_version=&#8221;4.22.1&#8243; _module_preset=&#8221;default&#8221; global_colors_info=&#8221;{}&#8221;][et_pb_row _builder_version=&#8221;4.22.1&#8243; _module_preset=&#8221;default&#8221; global_colors_info=&#8221;{}&#8221;][et_pb_column type=&#8221;4_4&#8243; _builder_version=&#8221;4.22.1&#8243; _module_preset=&#8221;default&#8221; global_colors_info=&#8221;{}&#8221;][et_pb_text _builder_version=&#8221;4.22.1&#8243; _module_preset=&#8221;default&#8221; text_font=&#8221;TradeGothicBold2||||||||&#8221; text_font_size=&#8221;65px&#8221; text_line_height=&#8221;1em&#8221; custom_margin=&#8221;||60px||false|false&#8221; custom_margin_tablet=&#8221;||60px||false|false&#8221; custom_margin_phone=&#8221;||0px||false|false&#8221; custom_margin_last_edited=&#8221;on|phone&#8221; text_font_size_tablet=&#8221;50px&#8221; text_font_size_phone=&#8221;40px&#8221; text_font_size_last_edited=&#8221;on|phone&#8221; global_colors_info=&#8221;{}&#8221;]<\/p>\n<p id=\"h-what-happens-at-the-tannery\" class=\"has-text-align-center has-huge-font-size wp-block-heading\" style=\"text-align: center;\">Was passiert in der Gerberei?<\/p>\n<p>[\/et_pb_text][\/et_pb_column][\/et_pb_row][et_pb_row column_structure=&#8221;1_2,1_2&#8243; _builder_version=&#8221;4.22.1&#8243; _module_preset=&#8221;default&#8221; collapsed=&#8221;off&#8221; global_colors_info=&#8221;{}&#8221;][et_pb_column type=&#8221;1_2&#8243; _builder_version=&#8221;4.22.1&#8243; _module_preset=&#8221;default&#8221; global_colors_info=&#8221;{}&#8221;][et_pb_image src=&#8221;https:\/\/conform.se\/wp-content\/uploads\/2024\/08\/Tannery_907x1240.webp&#8221; title_text=&#8221;Tannery_907x1240&#8243; _builder_version=&#8221;4.22.1&#8243; _module_preset=&#8221;default&#8221; global_colors_info=&#8221;{}&#8221;][\/et_pb_image][\/et_pb_column][et_pb_column type=&#8221;1_2&#8243; _builder_version=&#8221;4.22.1&#8243; _module_preset=&#8221;default&#8221; global_colors_info=&#8221;{}&#8221;][et_pb_text _builder_version=&#8221;4.22.1&#8243; _module_preset=&#8221;default&#8221; text_font_size=&#8221;18px&#8221; text_line_height=&#8221;1.6em&#8221; header_2_font=&#8221;TradeGothicBold2||||||||&#8221; global_colors_info=&#8221;{}&#8221;]<\/p>\n<h2 id=\"h-tanning\" class=\"wp-block-heading\"><span style=\"vertical-align: inherit;\"><span style=\"vertical-align: inherit;\">Br\u00e4unen\u00a0<\/span><\/span><\/h2>\n<p>Dieser etwa 48 Stunden dauernde Prozess macht die Felle stabil und leicht zu handhaben. Die H\u00e4ute nehmen eine graublaue Farbe an.<\/p>\n<h2 id=\"h-splitting\" class=\"wp-block-heading\"><\/h2>\n<h2 id=\"h-sorting\" class=\"wp-block-heading\"><span style=\"vertical-align: inherit;\"><span style=\"vertical-align: inherit;\">Sortierung<\/span><\/span><\/h2>\n<p>Die Endkontrolle des genarbten Leders erfolgt manuell. Das Leder wird nach Narbensch\u00e4den sortiert: Die feinsten H\u00e4ute mit den geringsten Sch\u00e4den werden zu Anilin oder Semianilin verarbeitet. Nur 5 % der H\u00e4ute werden zu exklusivem Anilinleder verarbeitet. Beachten Sie, dass ein Semianilinleder nur dann Semianilin genannt werden darf, wenn die Narbung unber\u00fchrt ist. Als korrigiertes Leder wird das Leder bezeichnet, wenn die Narbung vor dem F\u00e4rben gemahlen wird. H\u00e4ute mit vielen Flecken werden geschliffen und korrigiert und in ein Standardleder umgewandelt, das ein gepr\u00e4gtes Muster und \u00fcberhaupt keine offenen Poren aufweist \u2013 ein korrigiertes Leder, aber immer noch ein k\u00f6rniges Leder.<\/p>\n<h2 id=\"h-dyeing-through\" class=\"wp-block-heading\">Durch Beizen<\/h2>\n<p>Alle Felle werden durchgef\u00e4rbt und erhalten dadurch ihre endg\u00fcltige Grundfarbe.<\/p>\n<h2 id=\"h-drying\" class=\"wp-block-heading\"><span style=\"vertical-align: inherit;\"><span style=\"vertical-align: inherit;\">Trocknen<\/span><\/span><\/h2>\n<p>Je nachdem, wozu sie verarbeitet werden sollen, werden die H\u00e4ute unterschiedlich gedehnt und getrocknet.<\/p>\n<h2 id=\"h-testing\" class=\"wp-block-heading\"><span style=\"vertical-align: inherit;\"><span style=\"vertical-align: inherit;\">Testen<\/span><\/span><\/h2>\n<p>Die Pr\u00fcfung des Endprodukts ist sehr wichtig, um die Haltbarkeit, Flammwidrigkeit, Lichtechtheit, Trockenreibung, Nassreibung, Schwei\u00dfreibung, Oberfl\u00e4chenhaftung, Rei\u00dffestigkeit und Dicke des Leders zu bestimmen. Alle diese Aspekte werden an jeder Charge fertigen Leders getestet. Von der Rohhaut bis zum fertigen Leder dauert es etwa 4 bis 6 Wochen.<\/p>\n<p>[\/et_pb_text][\/et_pb_column][\/et_pb_row][\/et_pb_section][et_pb_section fb_built=&#8221;1&#8243; _builder_version=&#8221;4.22.1&#8243; _module_preset=&#8221;default&#8221; hover_enabled=&#8221;0&#8243; global_colors_info=&#8221;{}&#8221; sticky_enabled=&#8221;0&#8243;][et_pb_row _builder_version=&#8221;4.22.1&#8243; _module_preset=&#8221;default&#8221; global_colors_info=&#8221;{}&#8221;][et_pb_column type=&#8221;4_4&#8243; _builder_version=&#8221;4.22.1&#8243; _module_preset=&#8221;default&#8221; global_colors_info=&#8221;{}&#8221;][et_pb_text _builder_version=&#8221;4.27.0&#8243; _module_preset=&#8221;default&#8221; text_font=&#8221;TradeGothicBold2||||||||&#8221; text_font_size=&#8221;48px&#8221; text_line_height=&#8221;1em&#8221; text_font_size_tablet=&#8221;40px&#8221; text_font_size_phone=&#8221;34px&#8221; text_font_size_last_edited=&#8221;on|phone&#8221; global_colors_info=&#8221;{}&#8221;]<\/p>\n<p id=\"h-related-articles\" class=\"has-text-align-center has-large-font-size wp-block-heading\" style=\"text-align: center;\">Verwandet Artikel<\/p>\n<p>[\/et_pb_text][\/et_pb_column][\/et_pb_row][et_pb_row column_structure=&#8221;1_3,1_3,1_3&#8243; _builder_version=&#8221;4.22.1&#8243; _module_preset=&#8221;default&#8221; global_colors_info=&#8221;{}&#8221;][et_pb_column type=&#8221;1_3&#8243; _builder_version=&#8221;4.22.1&#8243; _module_preset=&#8221;default&#8221; global_colors_info=&#8221;{}&#8221;][et_pb_image src=&#8221;https:\/\/conform.se\/wp-content\/uploads\/2024\/08\/Fabrics_details_46A0497.webp&#8221; title_text=&#8221;Fabrics_details_46A0497&#8243; url=&#8221;https:\/\/conform.se\/about-our-fabrics\/&#8221; url_new_window=&#8221;on&#8221; _builder_version=&#8221;4.27.0&#8243; _module_preset=&#8221;default&#8221; global_colors_info=&#8221;{}&#8221;][\/et_pb_image][et_pb_text _builder_version=&#8221;4.27.0&#8243; _module_preset=&#8221;default&#8221; text_font=&#8221;TradeGothicBold2||||||||&#8221; text_font_size=&#8221;24px&#8221; text_line_height=&#8221;1em&#8221; global_colors_info=&#8221;{}&#8221;]<\/p>\n<p id=\"h-about-our-fabrics\" class=\"has-text-align-center wp-block-heading\" style=\"text-align: center;\">\u00dcber unsere Stoffe<\/p>\n<p>[\/et_pb_text][\/et_pb_column][et_pb_column type=&#8221;1_3&#8243; _builder_version=&#8221;4.22.1&#8243; _module_preset=&#8221;default&#8221; global_colors_info=&#8221;{}&#8221;][et_pb_image src=&#8221;https:\/\/conform.se\/wp-content\/uploads\/2024\/08\/shutterstock_188950475-kopia-1.webp&#8221; title_text=&#8221;shutterstock_188950475-kopia (1)&#8221; url=&#8221;https:\/\/conform.se\/about-our-fabrics\/&#8221; url_new_window=&#8221;on&#8221; _builder_version=&#8221;4.27.0&#8243; _module_preset=&#8221;default&#8221; global_colors_info=&#8221;{}&#8221;][\/et_pb_image][et_pb_text _builder_version=&#8221;4.27.0&#8243; _module_preset=&#8221;default&#8221; text_font=&#8221;TradeGothicBold2||||||||&#8221; text_font_size=&#8221;24px&#8221; text_line_height=&#8221;1em&#8221; global_colors_info=&#8221;{}&#8221;]<\/p>\n<p id=\"h-easy-clean-fabrics\" class=\"has-text-align-center wp-block-heading\" style=\"text-align: center;\">L\u00e4tt att reng\u00f6ra tyger<\/p>\n<p>[\/et_pb_text][\/et_pb_column][et_pb_column type=&#8221;1_3&#8243; _builder_version=&#8221;4.22.1&#8243; _module_preset=&#8221;default&#8221; global_colors_info=&#8221;{}&#8221;][et_pb_image src=&#8221;https:\/\/conform.se\/wp-content\/uploads\/2024\/08\/Vacuum-sofa-2.webp&#8221; title_text=&#8221;Vacuum-sofa-2&#8243; url=&#8221;https:\/\/conform.se\/take-care-of-your-product\/&#8221; url_new_window=&#8221;on&#8221; _builder_version=&#8221;4.27.0&#8243; _module_preset=&#8221;default&#8221; global_colors_info=&#8221;{}&#8221;][\/et_pb_image][et_pb_text _builder_version=&#8221;4.27.0&#8243; _module_preset=&#8221;default&#8221; text_font=&#8221;TradeGothicBold2||||||||&#8221; text_font_size=&#8221;24px&#8221; text_line_height=&#8221;1em&#8221; global_colors_info=&#8221;{}&#8221;]<\/p>\n<p id=\"h-take-care-of-your-product\" class=\"has-text-align-center wp-block-heading\" style=\"text-align: center;\">K\u00fcmmern Sie sich um Ihr Produkt<\/p>\n<p>[\/et_pb_text][\/et_pb_column][\/et_pb_row][\/et_pb_section]<\/p>","protected":false},"excerpt":{"rendered":"<p>Om v\u00e5rt l\u00e4derV\u00e5ra l\u00e4der \u00e4r tillverkade av noggrant utvalda rena naturprodukter som varierar i utseende p\u00e5 ungef\u00e4r samma s\u00e4tt som tr\u00e4 och marmor varierar i utseende. Det betyder i sin tur att alla l\u00e4der \u00e4r unika vilket bidrar till att ber\u00e4tta materialets historia. Ett l\u00e4ders varianter \u00e4r inga defekter utan ska ses som ett tecken [&hellip;]<\/p>","protected":false},"author":5,"featured_media":0,"parent":0,"menu_order":0,"comment_status":"closed","ping_status":"closed","template":"","meta":{"_acf_changed":false,"_et_pb_use_builder":"on","_et_pb_old_content":"","_et_gb_content_width":"","footnotes":""},"class_list":["post-58070","page","type-page","status-publish","hentry"],"acf":[],"yoast_head":"<!-- This site is optimized with the Yoast SEO plugin v26.3 - https:\/\/yoast.com\/wordpress\/plugins\/seo\/ -->\n<title>About our leathers - Conform Collection AB<\/title>\n<meta name=\"robots\" content=\"index, follow, max-snippet:-1, max-image-preview:large, max-video-preview:-1\" \/>\n<link rel=\"canonical\" href=\"https:\/\/conform.se\/de_de\/about-our-leathers\/\" \/>\n<meta property=\"og:locale\" content=\"de_DE\" \/>\n<meta property=\"og:type\" content=\"article\" \/>\n<meta property=\"og:title\" content=\"About our leathers - Conform Collection AB\" \/>\n<meta property=\"og:description\" content=\"Om v\u00e5rt l\u00e4derV\u00e5ra l\u00e4der \u00e4r tillverkade av noggrant utvalda rena naturprodukter som varierar i utseende p\u00e5 ungef\u00e4r samma s\u00e4tt som tr\u00e4 och marmor varierar i utseende. Det betyder i sin tur att alla l\u00e4der \u00e4r unika vilket bidrar till att ber\u00e4tta materialets historia. Ett l\u00e4ders varianter \u00e4r inga defekter utan ska ses som ett tecken [&hellip;]\" \/>\n<meta property=\"og:url\" content=\"https:\/\/conform.se\/de_de\/about-our-leathers\/\" \/>\n<meta property=\"og:site_name\" content=\"Conform Collection AB\" \/>\n<meta property=\"article:modified_time\" content=\"2025-06-24T09:53:18+00:00\" \/>\n<meta name=\"twitter:card\" content=\"summary_large_image\" \/>\n<meta name=\"twitter:label1\" content=\"Gesch\u00e4tzte Lesezeit\" \/>\n\t<meta name=\"twitter:data1\" content=\"6\u00a0Minuten\" \/>\n<script type=\"application\/ld+json\" class=\"yoast-schema-graph\">{\"@context\":\"https:\/\/schema.org\",\"@graph\":[{\"@type\":\"WebPage\",\"@id\":\"https:\/\/conform.se\/about-our-leathers\/\",\"url\":\"https:\/\/conform.se\/about-our-leathers\/\",\"name\":\"About our leathers - Conform Collection AB\",\"isPartOf\":{\"@id\":\"https:\/\/conform.se\/#website\"},\"datePublished\":\"2024-08-27T06:21:06+00:00\",\"dateModified\":\"2025-06-24T09:53:18+00:00\",\"breadcrumb\":{\"@id\":\"https:\/\/conform.se\/about-our-leathers\/#breadcrumb\"},\"inLanguage\":\"de\",\"potentialAction\":[{\"@type\":\"ReadAction\",\"target\":[\"https:\/\/conform.se\/about-our-leathers\/\"]}]},{\"@type\":\"BreadcrumbList\",\"@id\":\"https:\/\/conform.se\/about-our-leathers\/#breadcrumb\",\"itemListElement\":[{\"@type\":\"ListItem\",\"position\":1,\"name\":\"Hem\",\"item\":\"https:\/\/conform.se\/\"},{\"@type\":\"ListItem\",\"position\":2,\"name\":\"About our leathers\"}]},{\"@type\":\"WebSite\",\"@id\":\"https:\/\/conform.se\/#website\",\"url\":\"https:\/\/conform.se\/\",\"name\":\"Conform Collection AB\",\"description\":\"En f\u00e5t\u00f6lj fr\u00e5n Conform \u00e4r en v\u00e4lgjord f\u00e5t\u00f6lj av h\u00f6gsta kvalitet.\",\"potentialAction\":[{\"@type\":\"SearchAction\",\"target\":{\"@type\":\"EntryPoint\",\"urlTemplate\":\"https:\/\/conform.se\/?s={search_term_string}\"},\"query-input\":{\"@type\":\"PropertyValueSpecification\",\"valueRequired\":true,\"valueName\":\"search_term_string\"}}],\"inLanguage\":\"de\"}]}<\/script>\n<!-- \/ Yoast SEO plugin. -->","yoast_head_json":{"title":"About our leathers - Conform Collection AB","robots":{"index":"index","follow":"follow","max-snippet":"max-snippet:-1","max-image-preview":"max-image-preview:large","max-video-preview":"max-video-preview:-1"},"canonical":"https:\/\/conform.se\/de_de\/about-our-leathers\/","og_locale":"de_DE","og_type":"article","og_title":"About our leathers - Conform Collection AB","og_description":"Om v\u00e5rt l\u00e4derV\u00e5ra l\u00e4der \u00e4r tillverkade av noggrant utvalda rena naturprodukter som varierar i utseende p\u00e5 ungef\u00e4r samma s\u00e4tt som tr\u00e4 och marmor varierar i utseende. Det betyder i sin tur att alla l\u00e4der \u00e4r unika vilket bidrar till att ber\u00e4tta materialets historia. Ett l\u00e4ders varianter \u00e4r inga defekter utan ska ses som ett tecken [&hellip;]","og_url":"https:\/\/conform.se\/de_de\/about-our-leathers\/","og_site_name":"Conform Collection AB","article_modified_time":"2025-06-24T09:53:18+00:00","twitter_card":"summary_large_image","twitter_misc":{"Gesch\u00e4tzte Lesezeit":"6\u00a0Minuten"},"schema":{"@context":"https:\/\/schema.org","@graph":[{"@type":"WebPage","@id":"https:\/\/conform.se\/about-our-leathers\/","url":"https:\/\/conform.se\/about-our-leathers\/","name":"About our leathers - Conform Collection AB","isPartOf":{"@id":"https:\/\/conform.se\/#website"},"datePublished":"2024-08-27T06:21:06+00:00","dateModified":"2025-06-24T09:53:18+00:00","breadcrumb":{"@id":"https:\/\/conform.se\/about-our-leathers\/#breadcrumb"},"inLanguage":"de","potentialAction":[{"@type":"ReadAction","target":["https:\/\/conform.se\/about-our-leathers\/"]}]},{"@type":"BreadcrumbList","@id":"https:\/\/conform.se\/about-our-leathers\/#breadcrumb","itemListElement":[{"@type":"ListItem","position":1,"name":"Hem","item":"https:\/\/conform.se\/"},{"@type":"ListItem","position":2,"name":"About our leathers"}]},{"@type":"WebSite","@id":"https:\/\/conform.se\/#website","url":"https:\/\/conform.se\/","name":"Conform Collection AB","description":"En f\u00e5t\u00f6lj fr\u00e5n Conform \u00e4r en v\u00e4lgjord f\u00e5t\u00f6lj av h\u00f6gsta kvalitet.","potentialAction":[{"@type":"SearchAction","target":{"@type":"EntryPoint","urlTemplate":"https:\/\/conform.se\/?s={search_term_string}"},"query-input":{"@type":"PropertyValueSpecification","valueRequired":true,"valueName":"search_term_string"}}],"inLanguage":"de"}]}},"_links":{"self":[{"href":"https:\/\/conform.se\/de_de\/wp-json\/wp\/v2\/pages\/58070","targetHints":{"allow":["GET"]}}],"collection":[{"href":"https:\/\/conform.se\/de_de\/wp-json\/wp\/v2\/pages"}],"about":[{"href":"https:\/\/conform.se\/de_de\/wp-json\/wp\/v2\/types\/page"}],"author":[{"embeddable":true,"href":"https:\/\/conform.se\/de_de\/wp-json\/wp\/v2\/users\/5"}],"replies":[{"embeddable":true,"href":"https:\/\/conform.se\/de_de\/wp-json\/wp\/v2\/comments?post=58070"}],"version-history":[{"count":31,"href":"https:\/\/conform.se\/de_de\/wp-json\/wp\/v2\/pages\/58070\/revisions"}],"predecessor-version":[{"id":60260,"href":"https:\/\/conform.se\/de_de\/wp-json\/wp\/v2\/pages\/58070\/revisions\/60260"}],"wp:attachment":[{"href":"https:\/\/conform.se\/de_de\/wp-json\/wp\/v2\/media?parent=58070"}],"curies":[{"name":"wp","href":"https:\/\/api.w.org\/{rel}","templated":true}]}}