{"id":51579,"date":"2021-06-08T14:28:51","date_gmt":"2021-06-08T12:28:51","guid":{"rendered":"http:\/\/cc.mathinic.nu\/?post_type=product&#038;p=51579"},"modified":"2025-06-02T11:32:09","modified_gmt":"2025-06-02T09:32:09","slug":"bord","status":"publish","type":"product","link":"https:\/\/conform.se\/de_de\/produkt\/tisch\/","title":{"rendered":"TISCH"},"content":{"rendered":"<p>[et_pb_section fb_built=&#8221;1&#8243; admin_label=&#8221;Product_section_1&#8243; _builder_version=&#8221;4.16&#8243; _module_preset=&#8221;88fbdada-cceb-4f9b-a9aa-d4c88a92628e&#8221; global_colors_info=&#8221;{}&#8221;][et_pb_row column_structure=&#8221;1_2,1_2&#8243; admin_label=&#8221;Product_section_1_Row_1&#8243; _builder_version=&#8221;4.16&#8243; _module_preset=&#8221;d8100359-4993-4682-be0c-ad19d9fec291&#8243; global_colors_info=&#8221;{}&#8221;][et_pb_column type=&#8221;1_2&#8243; _builder_version=&#8221;4.16&#8243; custom_padding=&#8221;|||&#8221; global_colors_info=&#8221;{}&#8221; custom_padding__hover=&#8221;|||&#8221;][et_pb_wc_images show_product_gallery=&#8221;off&#8221; _builder_version=&#8221;4.16&#8243; _module_preset=&#8221;4de49c00-9c2d-4d56-a498-50c324eed568&#8243; sale_badge_font=&#8221;TradeGothicBold2||||||||&#8221; custom_padding=&#8221;||||false|false&#8221; global_colors_info=&#8221;{}&#8221;][\/et_pb_wc_images][\/et_pb_column][et_pb_column type=&#8221;1_2&#8243; _builder_version=&#8221;4.16&#8243; custom_padding=&#8221;|||50px|false|false&#8221; global_colors_info=&#8221;{}&#8221; custom_padding__hover=&#8221;|||&#8221;][et_pb_wc_title _builder_version=&#8221;4.16&#8243; _module_preset=&#8221;30fa5348-02b2-4947-917b-7e8433a4bb74&#8243; global_colors_info=&#8221;{}&#8221;][\/et_pb_wc_title][et_pb_text admin_label=&#8221;Ingress&#8221; _builder_version=&#8221;4.16&#8243; _module_preset=&#8221;b3eba0ed-5070-44ae-bd74-b93490164372&#8243; global_colors_info=&#8221;{}&#8221;]UT\u00d6KA DIN KOMFORTZON.<br \/>\n[\/et_pb_text][et_pb_text _builder_version=&#8221;4.16&#8243; _module_preset=&#8221;57e3e4c1-dc67-483a-9069-9ec814ca6217&#8243; global_colors_info=&#8221;{}&#8221;]<\/p>\n<p>Sch\u00f6n, wir geben zu. Wir stellen nicht ausschlie\u00dflich Sessel her. Neben unserem Projekt \u2018\u2018Sesselentwicklung\u2018\u2018 haben wir uns daran versucht Beistelltische zu entwerfen und das Resultat war so gut, dass wir selbst nicht wiederstehen konnten. Nat\u00fcrlich, unsere Tische halten den gleichen hohen Standard wie der Rest unserer Kollektion \u2013 entworfen um deine Komfortzone zu erweitern.<\/p>\n<p>[\/et_pb_text][et_pb_button button_url=&#8221;https:\/\/conform.se\/aterforsaljare\/&#8221; button_text=&#8221;Hitta \u00e5terf\u00f6rs\u00e4ljare&#8221; _builder_version=&#8221;4.22.1&#8243; _module_preset=&#8221;default&#8221; custom_margin=&#8221;-5px|||||&#8221; global_module=&#8221;57928&#8243; saved_tabs=&#8221;all&#8221; locked=&#8221;off&#8221; global_colors_info=&#8221;{}&#8221;][\/et_pb_button][\/et_pb_column][\/et_pb_row][et_pb_row column_structure=&#8221;1_2,1_2&#8243; disabled_on=&#8221;on|on|on&#8221; admin_label=&#8221;Product_section_1_Row_2&#8243; _builder_version=&#8221;4.16&#8243; _module_preset=&#8221;9bc20d88-e95a-47c0-858d-fe9e55e8ca4e&#8221; disabled=&#8221;on&#8221; global_colors_info=&#8221;{}&#8221;][et_pb_column type=&#8221;1_2&#8243; _builder_version=&#8221;4.16&#8243; _module_preset=&#8221;default&#8221; global_colors_info=&#8221;{}&#8221;][et_pb_cta title=&#8221;Flerfaldig valfrihet&#8221; _builder_version=&#8221;4.16&#8243; _module_preset=&#8221;344fd0e8-9001-4c0d-8fff-9bfe59c1053c&#8221; global_colors_info=&#8221;{}&#8221;]V\u00e4lj mellan fler \u00e4r 500 tyger, f\u00e5rskinn och l\u00e4der. V\u00e4lj mellan flera olika tr\u00e4slag. Vid val av snurrfot kan du v\u00e4lja p\u00e5 tv\u00e5 olika sitth\u00f6jder.<br \/>\n[\/et_pb_cta][\/et_pb_column][et_pb_column type=&#8221;1_2&#8243; _builder_version=&#8221;4.16&#8243; _module_preset=&#8221;default&#8221; global_colors_info=&#8221;{}&#8221;][et_pb_cta button_url=&#8221;#&#8221; button_text=&#8221;DESIGNA DIN EGNA F\u00c5T\u00d6LJ&#8221; admin_label=&#8221;DESIGNA DIN EGNA F\u00c5T\u00d6LJ&#8221; _builder_version=&#8221;4.16&#8243; _module_preset=&#8221;f7e76898-d08c-406d-9fd8-431978f9d88a&#8221; background_image=&#8221;https:\/\/conform.se\/wp-content\/uploads\/2021\/05\/Design_your_own.jpg&#8221; global_colors_info=&#8221;{}&#8221;][\/et_pb_cta][\/et_pb_column][\/et_pb_row][\/et_pb_section][et_pb_section fb_built=&#8221;1&#8243; _builder_version=&#8221;4.16&#8243; _module_preset=&#8221;default&#8221; global_colors_info=&#8221;{}&#8221;][et_pb_row column_structure=&#8221;2_5,3_5&#8243; _builder_version=&#8221;4.16&#8243; _module_preset=&#8221;default&#8221; global_colors_info=&#8221;{}&#8221;][et_pb_column type=&#8221;2_5&#8243; _builder_version=&#8221;4.16&#8243; _module_preset=&#8221;default&#8221; global_colors_info=&#8221;{}&#8221;][et_pb_image src=&#8221;https:\/\/conform.se\/wp-content\/uploads\/2021\/06\/B05_Gazell.jpg&#8221; title_text=&#8221;B05_Gazell&#8221; align=&#8221;center&#8221; _builder_version=&#8221;4.16&#8243; _module_preset=&#8221;default&#8221; module_alignment=&#8221;center&#8221; max_height=&#8221;350px&#8221; global_colors_info=&#8221;{}&#8221;][\/et_pb_image][et_pb_blurb title=&#8221;GAZELL bord&#8221; image=&#8221;https:\/\/conform.se\/wp-content\/uploads\/2021\/06\/Gazell_bord_matt.png&#8221; icon_placement=&#8221;left&#8221; module_class=&#8221;noarrow&#8221; _builder_version=&#8221;4.16&#8243; _module_preset=&#8221;3f159da5-1177-409e-9fe4-1d205c2544d7&#8243; custom_css_blurb_image=&#8221;float:right !important;||width:100px;&#8221; global_colors_info=&#8221;{}&#8221;]Design by Jan Ekstr\u00f6m<br \/>\n<strong>HOLZ:<\/strong> Eiche (ge\u00f6lt oder schwarz gebeizt)<br \/>\n[\/et_pb_blurb][\/et_pb_column][et_pb_column type=&#8221;3_5&#8243; _builder_version=&#8221;4.16&#8243; _module_preset=&#8221;default&#8221; global_colors_info=&#8221;{}&#8221;][et_pb_image src=&#8221;https:\/\/conform.se\/wp-content\/uploads\/2021\/07\/CONFORM-2312057404-244&#215;300.png&#8221; title_text=&#8221;CONFORM 2312057404&#8243; _builder_version=&#8221;4.27.0&#8243; _module_preset=&#8221;default&#8221; width=&#8221;550px&#8221; width_tablet=&#8221;&#8221; width_phone=&#8221;&#8221; width_last_edited=&#8221;on|phone&#8221; module_alignment=&#8221;center&#8221; hover_enabled=&#8221;0&#8243; global_colors_info=&#8221;{}&#8221; sticky_enabled=&#8221;0&#8243;][\/et_pb_image][et_pb_blurb title=&#8221;FUNCO bord&#8221; image=&#8221;https:\/\/conform.se\/wp-content\/uploads\/2021\/06\/Funco_bord_matt-1.png&#8221; icon_placement=&#8221;left&#8221; module_class=&#8221;noarrow&#8221; _builder_version=&#8221;4.16&#8243; _module_preset=&#8221;3f159da5-1177-409e-9fe4-1d205c2544d7&#8243; module_alignment=&#8221;left&#8221; custom_css_blurb_image=&#8221;float:right !important;||width:100px;&#8221; global_colors_info=&#8221;{}&#8221;]<\/p>\n<p>Design by Jahn Aamodt<br \/><strong>HOLZ:<\/strong> Eiche (ge\u00f6lt, unbehandelt oder schwarz gebeizt), Esche weiss oder Walnuss (lackiert). <strong>BEINE:<\/strong> aluminium eller svartlackad aluminium.\u00a0<\/p>\n<p>[\/et_pb_blurb][\/et_pb_column][\/et_pb_row][et_pb_row column_structure=&#8221;3_5,2_5&#8243; _builder_version=&#8221;4.16&#8243; _module_preset=&#8221;default&#8221; global_colors_info=&#8221;{}&#8221;][et_pb_column type=&#8221;3_5&#8243; _builder_version=&#8221;4.16&#8243; _module_preset=&#8221;default&#8221; global_colors_info=&#8221;{}&#8221;][et_pb_image src=&#8221;https:\/\/conform.se\/wp-content\/uploads\/2021\/07\/O132_Timeout_table_walnut-294&#215;300.png&#8221; title_text=&#8221;O132_Timeout_table_walnut&#8221; _builder_version=&#8221;4.27.0&#8243; _module_preset=&#8221;default&#8221; width=&#8221;550px&#8221; width_tablet=&#8221;&#8221; width_phone=&#8221;&#8221; width_last_edited=&#8221;on|desktop&#8221; module_alignment=&#8221;center&#8221; hover_enabled=&#8221;0&#8243; global_colors_info=&#8221;{}&#8221; sticky_enabled=&#8221;0&#8243;][\/et_pb_image][et_pb_blurb title=&#8221;TIMEOUT bord&#8221; image=&#8221;https:\/\/conform.se\/wp-content\/uploads\/2021\/06\/timeout_table_matt.png&#8221; icon_placement=&#8221;left&#8221; module_class=&#8221;noarrow&#8221; _builder_version=&#8221;4.16&#8243; _module_preset=&#8221;3f159da5-1177-409e-9fe4-1d205c2544d7&#8243; custom_css_blurb_image=&#8221;float:right !important;||width:100px;&#8221; global_colors_info=&#8221;{}&#8221;]<\/p>\n<p>Design by Jahn Aamodt<br \/><strong>HOLZ:<\/strong> Eiche (ge\u00f6lt, unbehandelt oder schwarz gebeizt), Esche weiss oder Walnuss (lackiert). <strong>BEINE:<\/strong> aluminium eller svartlackad aluminium.\u00a0<\/p>\n<p>[\/et_pb_blurb][\/et_pb_column][et_pb_column type=&#8221;2_5&#8243; _builder_version=&#8221;4.16&#8243; _module_preset=&#8221;default&#8221; global_colors_info=&#8221;{}&#8221;][et_pb_image src=&#8221;https:\/\/conform.se\/wp-content\/uploads\/2021\/06\/G07_Gaga_bord.jpg&#8221; title_text=&#8221;G07_Gaga_bord&#8221; align=&#8221;center&#8221; _builder_version=&#8221;4.16&#8243; _module_preset=&#8221;default&#8221; max_height=&#8221;350px&#8221; global_colors_info=&#8221;{}&#8221;][\/et_pb_image][et_pb_blurb title=&#8221;GAGA bord&#8221; image=&#8221;https:\/\/conform.se\/wp-content\/uploads\/2021\/06\/Gaga_bord_matt.png&#8221; icon_placement=&#8221;left&#8221; module_class=&#8221;noarrow&#8221; _builder_version=&#8221;4.16&#8243; _module_preset=&#8221;3f159da5-1177-409e-9fe4-1d205c2544d7&#8243; custom_css_blurb_image=&#8221;float:right !important;||width:100px;&#8221; global_colors_info=&#8221;{}&#8221;]Design by Niels Gammelgaard<br \/>\n<strong>Kompaktlaminat:<\/strong> weiss mit Kern in schwarz. <strong>BEINE:<\/strong> Eiche (lackiert oder schwarz gebeizt)<br \/>\n[\/et_pb_blurb][\/et_pb_column][\/et_pb_row][\/et_pb_section][et_pb_section fb_built=&#8221;1&#8243; specialty=&#8221;on&#8221; disabled_on=&#8221;on|on|on&#8221; _builder_version=&#8221;4.16&#8243; _module_preset=&#8221;f6164458-f67e-4076-bb0b-f1656df2d236&#8243; disabled=&#8221;on&#8221; global_colors_info=&#8221;{}&#8221;][et_pb_column type=&#8221;1_2&#8243; specialty_columns=&#8221;2&#8243; _builder_version=&#8221;4.16&#8243; custom_padding=&#8221;|||&#8221; global_colors_info=&#8221;{}&#8221; custom_padding__hover=&#8221;|||&#8221;][et_pb_row_inner column_structure=&#8221;1_2,1_2&#8243; _builder_version=&#8221;4.16&#8243; _module_preset=&#8221;c0bf0339-669b-4b7b-925d-4fb636adf9a7&#8243; global_colors_info=&#8221;{}&#8221;][et_pb_column_inner type=&#8221;1_2&#8243; saved_specialty_column_type=&#8221;1_2&#8243; _builder_version=&#8221;4.16&#8243; _module_preset=&#8221;default&#8221; custom_padding=&#8221;0px|0px|0px|0px|false|false&#8221; global_colors_info=&#8221;{}&#8221;][et_pb_image src=&#8221;https:\/\/conform.se\/wp-content\/uploads\/2021\/03\/Timeout_untr_oak_Evita_taupe_2019-1.jpg&#8221; title_text=&#8221;Timeout_untr_oak_Evita_taupe_2019&#8243; force_fullwidth=&#8221;on&#8221; _builder_version=&#8221;4.16&#8243; _module_preset=&#8221;default&#8221; custom_margin=&#8221;0px|0px|0px|0px|false|false&#8221; custom_padding=&#8221;0px|10px|20px|0px|false|false&#8221; animation_style=&#8221;fade&#8221; global_colors_info=&#8221;{}&#8221;][\/et_pb_image][\/et_pb_column_inner][et_pb_column_inner type=&#8221;1_2&#8243; saved_specialty_column_type=&#8221;1_2&#8243; _builder_version=&#8221;4.16&#8243; _module_preset=&#8221;default&#8221; custom_padding=&#8221;0px|0px|0px|0px|false|false&#8221; global_colors_info=&#8221;{}&#8221;][et_pb_image src=&#8221;https:\/\/conform.se\/wp-content\/uploads\/2021\/03\/Timeout_brochure_2020-2.jpg&#8221; title_text=&#8221;Timeout_brochure_2020&#8243; force_fullwidth=&#8221;on&#8221; _builder_version=&#8221;4.16&#8243; _module_preset=&#8221;default&#8221; custom_margin=&#8221;0px|0px|0px|0px|false|false&#8221; custom_padding=&#8221;0px|0px|20px|10px|false|false&#8221; animation_style=&#8221;fade&#8221; global_colors_info=&#8221;{}&#8221;][\/et_pb_image][\/et_pb_column_inner][\/et_pb_row_inner][et_pb_row_inner _builder_version=&#8221;4.16&#8243; _module_preset=&#8221;ae50df15-011c-45d4-a903-32df0b5ce9c5&#8243; global_colors_info=&#8221;{}&#8221;][et_pb_column_inner saved_specialty_column_type=&#8221;1_2&#8243; _builder_version=&#8221;4.16&#8243; _module_preset=&#8221;default&#8221; global_colors_info=&#8221;{}&#8221;][et_pb_image src=&#8221;https:\/\/conform.se\/wp-content\/uploads\/2021\/03\/Timeout_Western_Cognac_2018-1.jpg&#8221; title_text=&#8221;HyperFocal: 0&#8243; _builder_version=&#8221;4.16&#8243; _module_preset=&#8221;default&#8221; animation_style=&#8221;fade&#8221; global_colors_info=&#8221;{}&#8221;][\/et_pb_image][\/et_pb_column_inner][\/et_pb_row_inner][\/et_pb_column][et_pb_column type=&#8221;1_2&#8243; _builder_version=&#8221;4.16&#8243; custom_padding=&#8221;|||&#8221; global_colors_info=&#8221;{}&#8221; custom_padding__hover=&#8221;|||&#8221;][et_pb_image src=&#8221;https:\/\/conform.se\/wp-content\/uploads\/2021\/03\/Timeout_Evita_Black_2018-1.jpg&#8221; title_text=&#8221;HyperFocal: 0&#8243; _builder_version=&#8221;4.16&#8243; _module_preset=&#8221;e50f6856-6ffe-470a-8576-4999d5f71d57&#8243; global_colors_info=&#8221;{}&#8221;][\/et_pb_image][\/et_pb_column][\/et_pb_section]<\/p>","protected":false},"excerpt":{"rendered":"<p>Gazell | Gaga | Funco<\/p>","protected":false},"featured_media":51583,"comment_status":"closed","ping_status":"closed","template":"","meta":{"_acf_changed":false,"_et_pb_use_builder":"on","_et_pb_old_content":"","_et_gb_content_width":""},"product_brand":[],"product_cat":[60],"product_tag":[],"class_list":{"0":"post-51579","1":"product","2":"type-product","3":"status-publish","4":"has-post-thumbnail","6":"product_cat-bord","8":"first","9":"instock","10":"shipping-taxable","11":"product-type-simple"},"acf":[],"yoast_head":"<!-- This site is optimized with the Yoast SEO plugin v26.3 - https:\/\/yoast.com\/wordpress\/plugins\/seo\/ -->\n<title>BORD - Conform Collection AB<\/title>\n<meta name=\"robots\" content=\"index, follow, max-snippet:-1, max-image-preview:large, max-video-preview:-1\" \/>\n<link rel=\"canonical\" href=\"https:\/\/conform.se\/de_de\/produkt\/tisch\/\" \/>\n<meta property=\"og:locale\" content=\"de_DE\" \/>\n<meta property=\"og:type\" content=\"article\" \/>\n<meta property=\"og:title\" content=\"BORD - Conform Collection AB\" \/>\n<meta property=\"og:description\" content=\"Gazell | Gaga | Funco\" \/>\n<meta property=\"og:url\" content=\"https:\/\/conform.se\/de_de\/produkt\/tisch\/\" \/>\n<meta property=\"og:site_name\" content=\"Conform Collection AB\" \/>\n<meta property=\"article:modified_time\" content=\"2025-06-02T09:32:09+00:00\" \/>\n<meta property=\"og:image\" content=\"https:\/\/conform.se\/wp-content\/uploads\/2021\/06\/Gaga_Nektar_1_broschyr_2020.jpg\" \/>\n\t<meta property=\"og:image:width\" content=\"899\" \/>\n\t<meta property=\"og:image:height\" content=\"1199\" \/>\n\t<meta property=\"og:image:type\" content=\"image\/jpeg\" \/>\n<meta name=\"twitter:card\" content=\"summary_large_image\" \/>\n<meta name=\"twitter:label1\" content=\"Gesch\u00e4tzte Lesezeit\" \/>\n\t<meta name=\"twitter:data1\" content=\"7\u00a0Minuten\" \/>\n<script type=\"application\/ld+json\" class=\"yoast-schema-graph\">{\"@context\":\"https:\/\/schema.org\",\"@graph\":[{\"@type\":\"WebPage\",\"@id\":\"https:\/\/conform.se\/produkt\/bord\/\",\"url\":\"https:\/\/conform.se\/produkt\/bord\/\",\"name\":\"BORD - Conform Collection AB\",\"isPartOf\":{\"@id\":\"https:\/\/conform.se\/#website\"},\"primaryImageOfPage\":{\"@id\":\"https:\/\/conform.se\/produkt\/bord\/#primaryimage\"},\"image\":{\"@id\":\"https:\/\/conform.se\/produkt\/bord\/#primaryimage\"},\"thumbnailUrl\":\"https:\/\/conform.se\/wp-content\/uploads\/2021\/06\/Gaga_Nektar_1_broschyr_2020.jpg\",\"datePublished\":\"2021-06-08T12:28:51+00:00\",\"dateModified\":\"2025-06-02T09:32:09+00:00\",\"breadcrumb\":{\"@id\":\"https:\/\/conform.se\/produkt\/bord\/#breadcrumb\"},\"inLanguage\":\"de\",\"potentialAction\":[{\"@type\":\"ReadAction\",\"target\":[\"https:\/\/conform.se\/produkt\/bord\/\"]}]},{\"@type\":\"ImageObject\",\"inLanguage\":\"de\",\"@id\":\"https:\/\/conform.se\/produkt\/bord\/#primaryimage\",\"url\":\"https:\/\/conform.se\/wp-content\/uploads\/2021\/06\/Gaga_Nektar_1_broschyr_2020.jpg\",\"contentUrl\":\"https:\/\/conform.se\/wp-content\/uploads\/2021\/06\/Gaga_Nektar_1_broschyr_2020.jpg\",\"width\":899,\"height\":1199},{\"@type\":\"BreadcrumbList\",\"@id\":\"https:\/\/conform.se\/produkt\/bord\/#breadcrumb\",\"itemListElement\":[{\"@type\":\"ListItem\",\"position\":1,\"name\":\"Hem\",\"item\":\"https:\/\/conform.se\/\"},{\"@type\":\"ListItem\",\"position\":2,\"name\":\"Webbutik\",\"item\":\"https:\/\/conform.se\/de_de\/butik\/\"},{\"@type\":\"ListItem\",\"position\":3,\"name\":\"BORD\"}]},{\"@type\":\"WebSite\",\"@id\":\"https:\/\/conform.se\/#website\",\"url\":\"https:\/\/conform.se\/\",\"name\":\"Conform Collection AB\",\"description\":\"En f\u00e5t\u00f6lj fr\u00e5n Conform \u00e4r en v\u00e4lgjord f\u00e5t\u00f6lj av h\u00f6gsta kvalitet.\",\"potentialAction\":[{\"@type\":\"SearchAction\",\"target\":{\"@type\":\"EntryPoint\",\"urlTemplate\":\"https:\/\/conform.se\/?s={search_term_string}\"},\"query-input\":{\"@type\":\"PropertyValueSpecification\",\"valueRequired\":true,\"valueName\":\"search_term_string\"}}],\"inLanguage\":\"de\"}]}<\/script>\n<!-- \/ Yoast SEO plugin. -->","yoast_head_json":{"title":"BORD - Conform Collection AB","robots":{"index":"index","follow":"follow","max-snippet":"max-snippet:-1","max-image-preview":"max-image-preview:large","max-video-preview":"max-video-preview:-1"},"canonical":"https:\/\/conform.se\/de_de\/produkt\/tisch\/","og_locale":"de_DE","og_type":"article","og_title":"BORD - Conform Collection AB","og_description":"Gazell | Gaga | Funco","og_url":"https:\/\/conform.se\/de_de\/produkt\/tisch\/","og_site_name":"Conform Collection AB","article_modified_time":"2025-06-02T09:32:09+00:00","og_image":[{"width":899,"height":1199,"url":"https:\/\/conform.se\/wp-content\/uploads\/2021\/06\/Gaga_Nektar_1_broschyr_2020.jpg","type":"image\/jpeg"}],"twitter_card":"summary_large_image","twitter_misc":{"Gesch\u00e4tzte Lesezeit":"7\u00a0Minuten"},"schema":{"@context":"https:\/\/schema.org","@graph":[{"@type":"WebPage","@id":"https:\/\/conform.se\/produkt\/bord\/","url":"https:\/\/conform.se\/produkt\/bord\/","name":"BORD - Conform Collection AB","isPartOf":{"@id":"https:\/\/conform.se\/#website"},"primaryImageOfPage":{"@id":"https:\/\/conform.se\/produkt\/bord\/#primaryimage"},"image":{"@id":"https:\/\/conform.se\/produkt\/bord\/#primaryimage"},"thumbnailUrl":"https:\/\/conform.se\/wp-content\/uploads\/2021\/06\/Gaga_Nektar_1_broschyr_2020.jpg","datePublished":"2021-06-08T12:28:51+00:00","dateModified":"2025-06-02T09:32:09+00:00","breadcrumb":{"@id":"https:\/\/conform.se\/produkt\/bord\/#breadcrumb"},"inLanguage":"de","potentialAction":[{"@type":"ReadAction","target":["https:\/\/conform.se\/produkt\/bord\/"]}]},{"@type":"ImageObject","inLanguage":"de","@id":"https:\/\/conform.se\/produkt\/bord\/#primaryimage","url":"https:\/\/conform.se\/wp-content\/uploads\/2021\/06\/Gaga_Nektar_1_broschyr_2020.jpg","contentUrl":"https:\/\/conform.se\/wp-content\/uploads\/2021\/06\/Gaga_Nektar_1_broschyr_2020.jpg","width":899,"height":1199},{"@type":"BreadcrumbList","@id":"https:\/\/conform.se\/produkt\/bord\/#breadcrumb","itemListElement":[{"@type":"ListItem","position":1,"name":"Hem","item":"https:\/\/conform.se\/"},{"@type":"ListItem","position":2,"name":"Webbutik","item":"https:\/\/conform.se\/de_de\/butik\/"},{"@type":"ListItem","position":3,"name":"BORD"}]},{"@type":"WebSite","@id":"https:\/\/conform.se\/#website","url":"https:\/\/conform.se\/","name":"Conform Collection AB","description":"En f\u00e5t\u00f6lj fr\u00e5n Conform \u00e4r en v\u00e4lgjord f\u00e5t\u00f6lj av h\u00f6gsta kvalitet.","potentialAction":[{"@type":"SearchAction","target":{"@type":"EntryPoint","urlTemplate":"https:\/\/conform.se\/?s={search_term_string}"},"query-input":{"@type":"PropertyValueSpecification","valueRequired":true,"valueName":"search_term_string"}}],"inLanguage":"de"}]}},"_links":{"self":[{"href":"https:\/\/conform.se\/de_de\/wp-json\/wp\/v2\/product\/51579","targetHints":{"allow":["GET"]}}],"collection":[{"href":"https:\/\/conform.se\/de_de\/wp-json\/wp\/v2\/product"}],"about":[{"href":"https:\/\/conform.se\/de_de\/wp-json\/wp\/v2\/types\/product"}],"replies":[{"embeddable":true,"href":"https:\/\/conform.se\/de_de\/wp-json\/wp\/v2\/comments?post=51579"}],"wp:featuredmedia":[{"embeddable":true,"href":"https:\/\/conform.se\/de_de\/wp-json\/wp\/v2\/media\/51583"}],"wp:attachment":[{"href":"https:\/\/conform.se\/de_de\/wp-json\/wp\/v2\/media?parent=51579"}],"wp:term":[{"taxonomy":"product_brand","embeddable":true,"href":"https:\/\/conform.se\/de_de\/wp-json\/wp\/v2\/product_brand?post=51579"},{"taxonomy":"product_cat","embeddable":true,"href":"https:\/\/conform.se\/de_de\/wp-json\/wp\/v2\/product_cat?post=51579"},{"taxonomy":"product_tag","embeddable":true,"href":"https:\/\/conform.se\/de_de\/wp-json\/wp\/v2\/product_tag?post=51579"}],"curies":[{"name":"wp","href":"https:\/\/api.w.org\/{rel}","templated":true}]}}