{"id":3,"date":"2021-02-08T14:04:13","date_gmt":"2021-02-08T13:04:13","guid":{"rendered":"http:\/\/cc.mathinic.nu\/?page_id=3"},"modified":"2021-06-23T09:52:17","modified_gmt":"2021-06-23T07:52:17","slug":"privacy","status":"publish","type":"page","link":"https:\/\/conform.se\/en_us\/privacy\/","title":{"rendered":"Privacy"},"content":{"rendered":"<p>[et_pb_section fb_built=&#8221;1&#8243; _builder_version=&#8221;3.22&#8243;][et_pb_row _builder_version=&#8221;4.9.4&#8243; background_size=&#8221;initial&#8221; background_position=&#8221;top_left&#8221; background_repeat=&#8221;repeat&#8221; width=&#8221;955px&#8221; max_width=&#8221;955px&#8221; module_alignment=&#8221;center&#8221;][et_pb_column type=&#8221;4_4&#8243; _builder_version=&#8221;3.25&#8243; custom_padding=&#8221;|||&#8221; custom_padding__hover=&#8221;|||&#8221;][et_pb_text _builder_version=&#8221;4.9.4&#8243; background_size=&#8221;initial&#8221; background_position=&#8221;top_left&#8221; background_repeat=&#8221;repeat&#8221; hover_enabled=&#8221;0&#8243; sticky_enabled=&#8221;0&#8243;]<\/p>\n<h2>Privacy policy<\/h2>\n<p>This privacy policy applies to all webpages on conform.se. Conform Collection AB is responsible for processing personal data that is collected on the website. This also applies to the data processing agreements for products and services supplied by Conform Collection AB. Contact us for further information about the terms and conditions that apply to our products and services.<\/p>\n<p>Personal data that is processed:<br \/>At conform.se, it may be the case that you have to enter your personal data in order to use a service or complete and submit a form. By registering the personal data, you consent to these being processed for the purpose in question, which is stated in connection to the service and registration of data. You only need to enter the data necessary for the specific purposes of the respective service and the data will not be used for any other purpose.<\/p>\n<p><strong>Example of information being gathered:<\/strong><\/p>\n<ul>\n<li>Company name<\/li>\n<li>Contact person<\/li>\n<li>Company address\/invoice address<\/li>\n<li>Telephone number and email address<\/li>\n<li>Information about the use of the website in the form of, for example, which sub-pages have been visited, browser settings and IP address.<\/li>\n<\/ul>\n<p><strong>How do we gather information?<\/strong><br \/>Conform Collection AB gathers information through forms on our webpages. This information is provided voluntary. If you choose not to provide personal data, we may be prevented from giving you access to certain products or services.<\/p>\n<p><strong>Example of a form:<\/strong><\/p>\n<ul>\n<li>Contact form<\/li>\n<li>When you wish to try a product or a service<\/li>\n<li>When purchasing products or services on our webpages<\/li>\n<li>When signing up for webinars, courses and conferences<\/li>\n<li>When signing up for our newsletter via email<\/li>\n<\/ul>\n<p><strong>The purpose of the information being gathered<\/strong><\/p>\n<ul>\n<li>In order to give you access to our products and services<\/li>\n<li>In order to send relevant information<\/li>\n<li>In order to make contact and offer our products and services<\/li>\n<\/ul>\n<p>We create profiles based on the background of the information gathered in order to enable us to offer you the most relevant products and provide you with good customer service. The profiles are based on the information you have given us voluntarily. We do not gather any information from third parties.<\/p>\n<p><strong>How is the information stored?<\/strong><br \/>Information that has been gathered through forms on conform.se is stored in our CRM system, which is used for automated marketing.<\/p>\n<p><strong>Collaboration partner<\/strong><br \/>Conform Collection AB uses several services from Google for purposes such as website statistics and advertisement. Therefore, Google\u2019s terms and conditions of use are also accepted when you accept the terms and conditions of use specified above.<\/p>\n<p><strong>Disclosure of information to third parties?<\/strong><br \/>Personal data is not shared with third parties, but Conform Collection AB may use subcontractors to deliver the whole or parts of the website. Such subcontractors may process personal data on behalf of Conform Collection AB.<\/p>\n<p>Rights<br \/>As a user of Conform Collection AB\u2019s website, conform.se, you have the right to demand that the processing of personal data is transparent. You can also demand corrections to, restrictions on or removal of personal data in accordance with the General Data Protection Regulation (GDPR).<\/p>\n<p>When the processing of personal data is based on consent, you can withdraw your consent at any time.<\/p>\n<p>If you believe that Conform Collection AB has not complied with your rights in accordance with the General Data Protection Regulation (GDPR), you have the right to appeal to the applicable supervisory authority. You do this by sending a complaint to the Swedish Data Protection Authority. Contact information can be found at: https:\/\/www.datainspektionen.se<\/p>\n<p><strong>Contact information<\/strong><br \/>Conform Collection AB, Vetlandav\u00e4gen 14, 570 15 Holsbybrunn<br \/><span class=\"textbold\">VAT:<\/span> SE556185797901<br \/>Phone: +46 383-508 90<br \/><a href=\"mailto:info@conform.se\">Send an email<\/a><\/p>\n<p>[\/et_pb_text][\/et_pb_column][\/et_pb_row][\/et_pb_section]<\/p>","protected":false},"excerpt":{"rendered":"<p>Integritetspolicy Denna integritetspolicy g\u00e4ller f\u00f6r samtliga webbsidor p\u00e5 conform.se. Conform Collection AB \u00e4r ansvarig f\u00f6r behandlingen av personuppgifter som samlas in p\u00e5 webbplatsen. Det g\u00e4ller \u00e4ven egna databehandlingsavtal f\u00f6r produkter och tj\u00e4nster som \u00e4r levererade av Conform Collection AB. Ta kontakt med oss f\u00f6r ytterligare information om villkoren som g\u00e4ller f\u00f6r v\u00e5ra produkter och tj\u00e4nster. [&hellip;]<\/p>","protected":false},"author":1,"featured_media":0,"parent":0,"menu_order":0,"comment_status":"closed","ping_status":"open","template":"","meta":{"_acf_changed":false,"_et_pb_use_builder":"on","_et_pb_old_content":"<h2>Integritetspolicy<\/h2><p>Denna integritetspolicy g\u00e4ller f\u00f6r samtliga webbsidor p\u00e5 conform.se. Conform Collection AB \u00e4r ansvarig f\u00f6r behandlingen av personuppgifter som samlas in p\u00e5 webbplatsen. Det g\u00e4ller \u00e4ven egna databehandlingsavtal f\u00f6r produkter och tj\u00e4nster som \u00e4r levererade av Conform Collection AB. Ta kontakt med oss f\u00f6r ytterligare information om villkoren som g\u00e4ller f\u00f6r v\u00e5ra produkter och tj\u00e4nster.<\/p><p>Personuppgifter som behandlas:<br \/>P\u00e5 conform.se kan det f\u00f6rekomma att du m\u00e5ste ange dina personuppgifter f\u00f6r att kunna anv\u00e4nda en tj\u00e4nst eller fylla i och skicka in ett formul\u00e4r. I och med att du registrerar personuppgifterna samtycker du till att dessa behandlas f\u00f6r aktuellt \u00e4ndam\u00e5l, vilken anges i anslutning till tj\u00e4nsten och uppgiftsregistreringen. Du beh\u00f6ver bara ange de uppgifter som beh\u00f6vs f\u00f6r respektive tj\u00e4nsts specifika \u00e4ndam\u00e5l och uppgifterna kommer inte att anv\u00e4ndas f\u00f6r n\u00e5got annat \u00e4ndam\u00e5l.<\/p><p><strong>Exempel p\u00e5 information som inh\u00e4mtas:<\/strong><\/p><ul><li>F\u00f6retagsnamn<\/li><li>Kontaktperson<\/li><li>F\u00f6retagsadress\/fakturaadress<\/li><li>Telefonnummer och e-postadress<\/li><li>Information om anv\u00e4ndningen av webbplatsen, i form av bland annat vilka undersidor som bes\u00f6kts, browserinst\u00e4llningar och IP-adress.<\/li><\/ul><p><strong>Hur h\u00e4mtar vi information?<\/strong><br \/>Conform Collection AB samlar in upplysningar genom formul\u00e4r p\u00e5 v\u00e5ra webbsidor. Det \u00e4r frivilligt att uppge denna information. Om du v\u00e4ljer att inte uppge personuppgifter, kan vi vara f\u00f6rhindrade fr\u00e5n att ge dig tillg\u00e5ng till vissa produkter eller tj\u00e4nster.<\/p><p><strong>Exempel p\u00e5 formul\u00e4r:<\/strong><\/p><ul><li>Kontaktformul\u00e4r<\/li><li>N\u00e4r man \u00f6nskar att prova en produkt eller tj\u00e4nst<\/li><li>Vid k\u00f6p av produkter eller tj\u00e4nster p\u00e5 v\u00e5ra webbsidor<\/li><li>Vid anm\u00e4lan till webinarer, kurser och konferenser<\/li><li>Vid anm\u00e4lan att motta v\u00e5ra nyhetsbrev per e-post<\/li><\/ul><p><strong>\u00c4ndam\u00e5let med information som inh\u00e4mtas<\/strong><\/p><ul><li>F\u00f6r att kunna ge tillg\u00e5ng till v\u00e5ra produkter och tj\u00e4nster<\/li><li>F\u00f6r att kunna s\u00e4nda relevant information<\/li><li>F\u00f6r att kunna ta kontakt och erbjuda v\u00e5ra produkter och tj\u00e4nster<\/li><\/ul><p>Vi uppr\u00e4ttar profiler baserat p\u00e5 bakgrunden av informationen som inh\u00e4mtas, detta f\u00f6r att kunna erbjuda dig de mest relevanta produkterna och ge dig en god kundservice. Profilerna baseras p\u00e5 den information som du frivilligt ger oss. Vi inh\u00e4mtar ingen information fr\u00e5n tredje part.<\/p><p><strong>Hur lagras informationen?<\/strong><br \/>Information som inh\u00e4mtats genom formul\u00e4r p\u00e5 conform.se lagras i v\u00e5rt CRM-system, som kan anv\u00e4ndas till automatiserad marknadsf\u00f6ring.<\/p><p><strong>Samarbetspartner<\/strong><br \/>Conform Collection AB anv\u00e4nder ett flertal tj\u00e4nster fr\u00e5n Google, bland annat f\u00f6r webbplatsstatistik och annonsering. D\u00e4rf\u00f6r godk\u00e4nns \u00e4ven Googles anv\u00e4ndarvillkor n\u00e4r du godk\u00e4nner de ovan specificerade anv\u00e4ndarvillkoren.<\/p><p><strong>Utl\u00e4mning av information till tredje part?<\/strong><br \/>Personuppgifter delas inte ut till tredje part, men Conform Collection AB kan anv\u00e4nda underleverant\u00f6rer f\u00f6r att leverera hela eller delar av webbplatsen. S\u00e5dana underleverant\u00f6rer kan behandla personuppgifter \u00e5 Conform Collection AB\u00b4s v\u00e4gnar.<\/p><p>R\u00e4ttigheter<br \/>Som anv\u00e4ndare av Conform Collection AB\u00b4s webbplats, conform.se, har du r\u00e4tt till att kr\u00e4va insyn i behandlingen av personuppgifter. Du kan ocks\u00e5 kr\u00e4va korrigeringar, begr\u00e4nsningar eller borttagande av personuppgifter i enlighet med dataskyddsf\u00f6rordningen (GDPR).<\/p><p>N\u00e4r behandlingen av personuppgifter \u00e4r baserad p\u00e5 samtycke, kan du n\u00e4rsomhelst ta samtycket tillbaka.<\/p><p>Om du tror att Conform Collection AB inte har uppfyllt dina r\u00e4ttigheter enligt dataskyddsf\u00f6rordningen (GDPR), har du r\u00e4tt att \u00f6verklaga till den aktuella tillsynsmyndigheten. Detta g\u00f6rs genom att skicka ett klagom\u00e5l till Datainspektionen. Kontaktuppgifter finns p\u00e5: https:\/\/www.datainspektionen.se<\/p><p><strong>Kontakt<\/strong><br \/>Conform Collection AB, Vetlandav\u00e4gen 14, 570 15 Holsbybrunn<br \/>Tel: 0383-508 90<br \/>Skicka ett e-postmeddelande<\/p>","_et_gb_content_width":"","footnotes":""},"class_list":["post-3","page","type-page","status-publish","hentry"],"acf":[],"yoast_head":"<!-- This site is optimized with the Yoast SEO plugin v26.3 - https:\/\/yoast.com\/wordpress\/plugins\/seo\/ -->\n<title>Privacy - Conform Collection AB<\/title>\n<meta name=\"robots\" content=\"index, follow, max-snippet:-1, max-image-preview:large, max-video-preview:-1\" \/>\n<link rel=\"canonical\" href=\"https:\/\/conform.se\/en_us\/privacy\/\" \/>\n<meta property=\"og:locale\" content=\"en_US\" \/>\n<meta property=\"og:type\" content=\"article\" \/>\n<meta property=\"og:title\" content=\"Privacy - Conform Collection AB\" \/>\n<meta property=\"og:description\" content=\"Integritetspolicy Denna integritetspolicy g\u00e4ller f\u00f6r samtliga webbsidor p\u00e5 conform.se. Conform Collection AB \u00e4r ansvarig f\u00f6r behandlingen av personuppgifter som samlas in p\u00e5 webbplatsen. Det g\u00e4ller \u00e4ven egna databehandlingsavtal f\u00f6r produkter och tj\u00e4nster som \u00e4r levererade av Conform Collection AB. Ta kontakt med oss f\u00f6r ytterligare information om villkoren som g\u00e4ller f\u00f6r v\u00e5ra produkter och tj\u00e4nster. [&hellip;]\" \/>\n<meta property=\"og:url\" content=\"https:\/\/conform.se\/en_us\/privacy\/\" \/>\n<meta property=\"og:site_name\" content=\"Conform Collection AB\" \/>\n<meta property=\"article:modified_time\" content=\"2021-06-23T07:52:17+00:00\" \/>\n<meta name=\"twitter:card\" content=\"summary_large_image\" \/>\n<meta name=\"twitter:label1\" content=\"Est. reading time\" \/>\n\t<meta name=\"twitter:data1\" content=\"3 minutes\" \/>\n<script type=\"application\/ld+json\" class=\"yoast-schema-graph\">{\"@context\":\"https:\/\/schema.org\",\"@graph\":[{\"@type\":\"WebPage\",\"@id\":\"https:\/\/conform.se\/privacy\/\",\"url\":\"https:\/\/conform.se\/privacy\/\",\"name\":\"Privacy - Conform Collection AB\",\"isPartOf\":{\"@id\":\"https:\/\/conform.se\/#website\"},\"datePublished\":\"2021-02-08T13:04:13+00:00\",\"dateModified\":\"2021-06-23T07:52:17+00:00\",\"breadcrumb\":{\"@id\":\"https:\/\/conform.se\/privacy\/#breadcrumb\"},\"inLanguage\":\"en-US\",\"potentialAction\":[{\"@type\":\"ReadAction\",\"target\":[\"https:\/\/conform.se\/privacy\/\"]}]},{\"@type\":\"BreadcrumbList\",\"@id\":\"https:\/\/conform.se\/privacy\/#breadcrumb\",\"itemListElement\":[{\"@type\":\"ListItem\",\"position\":1,\"name\":\"Hem\",\"item\":\"https:\/\/conform.se\/\"},{\"@type\":\"ListItem\",\"position\":2,\"name\":\"Privacy\"}]},{\"@type\":\"WebSite\",\"@id\":\"https:\/\/conform.se\/#website\",\"url\":\"https:\/\/conform.se\/\",\"name\":\"Conform Collection AB\",\"description\":\"En f\u00e5t\u00f6lj fr\u00e5n Conform \u00e4r en v\u00e4lgjord f\u00e5t\u00f6lj av h\u00f6gsta kvalitet.\",\"potentialAction\":[{\"@type\":\"SearchAction\",\"target\":{\"@type\":\"EntryPoint\",\"urlTemplate\":\"https:\/\/conform.se\/?s={search_term_string}\"},\"query-input\":{\"@type\":\"PropertyValueSpecification\",\"valueRequired\":true,\"valueName\":\"search_term_string\"}}],\"inLanguage\":\"en-US\"}]}<\/script>\n<!-- \/ Yoast SEO plugin. -->","yoast_head_json":{"title":"Privacy - Conform Collection AB","robots":{"index":"index","follow":"follow","max-snippet":"max-snippet:-1","max-image-preview":"max-image-preview:large","max-video-preview":"max-video-preview:-1"},"canonical":"https:\/\/conform.se\/en_us\/privacy\/","og_locale":"en_US","og_type":"article","og_title":"Privacy - Conform Collection AB","og_description":"Integritetspolicy Denna integritetspolicy g\u00e4ller f\u00f6r samtliga webbsidor p\u00e5 conform.se. Conform Collection AB \u00e4r ansvarig f\u00f6r behandlingen av personuppgifter som samlas in p\u00e5 webbplatsen. Det g\u00e4ller \u00e4ven egna databehandlingsavtal f\u00f6r produkter och tj\u00e4nster som \u00e4r levererade av Conform Collection AB. Ta kontakt med oss f\u00f6r ytterligare information om villkoren som g\u00e4ller f\u00f6r v\u00e5ra produkter och tj\u00e4nster. [&hellip;]","og_url":"https:\/\/conform.se\/en_us\/privacy\/","og_site_name":"Conform Collection AB","article_modified_time":"2021-06-23T07:52:17+00:00","twitter_card":"summary_large_image","twitter_misc":{"Est. reading time":"3 minutes"},"schema":{"@context":"https:\/\/schema.org","@graph":[{"@type":"WebPage","@id":"https:\/\/conform.se\/privacy\/","url":"https:\/\/conform.se\/privacy\/","name":"Privacy - Conform Collection AB","isPartOf":{"@id":"https:\/\/conform.se\/#website"},"datePublished":"2021-02-08T13:04:13+00:00","dateModified":"2021-06-23T07:52:17+00:00","breadcrumb":{"@id":"https:\/\/conform.se\/privacy\/#breadcrumb"},"inLanguage":"en-US","potentialAction":[{"@type":"ReadAction","target":["https:\/\/conform.se\/privacy\/"]}]},{"@type":"BreadcrumbList","@id":"https:\/\/conform.se\/privacy\/#breadcrumb","itemListElement":[{"@type":"ListItem","position":1,"name":"Hem","item":"https:\/\/conform.se\/"},{"@type":"ListItem","position":2,"name":"Privacy"}]},{"@type":"WebSite","@id":"https:\/\/conform.se\/#website","url":"https:\/\/conform.se\/","name":"Conform Collection AB","description":"En f\u00e5t\u00f6lj fr\u00e5n Conform \u00e4r en v\u00e4lgjord f\u00e5t\u00f6lj av h\u00f6gsta kvalitet.","potentialAction":[{"@type":"SearchAction","target":{"@type":"EntryPoint","urlTemplate":"https:\/\/conform.se\/?s={search_term_string}"},"query-input":{"@type":"PropertyValueSpecification","valueRequired":true,"valueName":"search_term_string"}}],"inLanguage":"en-US"}]}},"_links":{"self":[{"href":"https:\/\/conform.se\/en_us\/wp-json\/wp\/v2\/pages\/3","targetHints":{"allow":["GET"]}}],"collection":[{"href":"https:\/\/conform.se\/en_us\/wp-json\/wp\/v2\/pages"}],"about":[{"href":"https:\/\/conform.se\/en_us\/wp-json\/wp\/v2\/types\/page"}],"author":[{"embeddable":true,"href":"https:\/\/conform.se\/en_us\/wp-json\/wp\/v2\/users\/1"}],"replies":[{"embeddable":true,"href":"https:\/\/conform.se\/en_us\/wp-json\/wp\/v2\/comments?post=3"}],"version-history":[{"count":0,"href":"https:\/\/conform.se\/en_us\/wp-json\/wp\/v2\/pages\/3\/revisions"}],"wp:attachment":[{"href":"https:\/\/conform.se\/en_us\/wp-json\/wp\/v2\/media?parent=3"}],"curies":[{"name":"wp","href":"https:\/\/api.w.org\/{rel}","templated":true}]}}