{"id":50110,"date":"2021-05-26T07:57:56","date_gmt":"2021-05-26T05:57:56","guid":{"rendered":"http:\/\/cc.mathinic.nu\/?page_id=50110"},"modified":"2025-06-27T11:56:08","modified_gmt":"2025-06-27T09:56:08","slug":"funktionsfilm","status":"publish","type":"page","link":"https:\/\/conform.se\/en_us\/downloads\/function-movie\/","title":{"rendered":"Feature films"},"content":{"rendered":"<p>[et_pb_section fb_built=&#8221;1&#8243; specialty=&#8221;on&#8221; _builder_version=&#8221;4.16&#8243; _module_preset=&#8221;default&#8221; global_colors_info=&#8221;{}&#8221;][et_pb_column type=&#8221;1_4&#8243; _builder_version=&#8221;4.16&#8243; custom_padding=&#8221;|||&#8221; global_colors_info=&#8221;{}&#8221; custom_padding__hover=&#8221;|||&#8221;][et_pb_text _builder_version=&#8221;4.16&#8243; _module_preset=&#8221;default&#8221; text_font=&#8221;TradeGothicBold2||||||||&#8221; text_font_size=&#8221;16px&#8221; global_colors_info=&#8221;{}&#8221;]LADDA NER<br \/>\n[\/et_pb_text][et_pb_text admin_label=&#8221;laddaner_meny&#8221; _builder_version=&#8221;4.22.1&#8243; _module_preset=&#8221;default&#8221; text_font=&#8221;TradeGothicLight||||||||&#8221; text_font_size=&#8221;16px&#8221; text_line_height=&#8221;1em&#8221; global_module=&#8221;50117&#8243; saved_tabs=&#8221;all&#8221; global_colors_info=&#8221;{}&#8221;]<\/p>\n<p><a href=\"https:\/\/conform.se\/en_us\/downloads\/monteringsanvisningar\/\">ASSEMBLY INSTRUCTIONS<\/a><\/p>\n<p><a href=\"https:\/\/cld.bz\/mL7VE0w\" target=\"_blank\" rel=\"noopener\">CATALOG ONLINE<\/a><\/p>\n<p><a href=\"https:\/\/mediabank.tabergmediagroup.se\/Conform\/Account\/LogOn?ReturnUrl=%2fConform%2fImageDB%2fIndex%2f0\" target=\"_blank\" rel=\"noopener\">PRESS PHOTOS<\/a><\/p>\n<p><a href=\"\/en_us\/downloads\/orderdokument\/\">ORDER DOCUMENTS<\/a><\/p>\n<p><a href=\"\/en_us\/downloads\/produktblad\/\">PRODUCT SHEET<\/a><\/p>\n<p><a href=\"\/en_us\/downloads\/function-movie\/\">FUNCTION MOVIE<\/a><\/p>\n<p>[\/et_pb_text][\/et_pb_column][et_pb_column type=&#8221;3_4&#8243; specialty_columns=&#8221;3&#8243; _builder_version=&#8221;4.16&#8243; custom_padding=&#8221;|||&#8221; global_colors_info=&#8221;{}&#8221; custom_padding__hover=&#8221;|||&#8221;][et_pb_row_inner _builder_version=&#8221;4.16&#8243; _module_preset=&#8221;default&#8221; global_colors_info=&#8221;{}&#8221;][et_pb_column_inner saved_specialty_column_type=&#8221;3_4&#8243; _builder_version=&#8221;4.16&#8243; _module_preset=&#8221;default&#8221; global_colors_info=&#8221;{}&#8221;][et_pb_text _builder_version=&#8221;4.16&#8243; _module_preset=&#8221;default&#8221; header_line_height=&#8221;1.7em&#8221; global_colors_info=&#8221;{}&#8221;]<\/p>\n<h1>Function movie<\/h1>\n<p>[\/et_pb_text][\/et_pb_column_inner][\/et_pb_row_inner][et_pb_row_inner column_structure=&#8221;1_2,1_2&#8243; _builder_version=&#8221;4.16&#8243; _module_preset=&#8221;default&#8221; global_colors_info=&#8221;{}&#8221;][et_pb_column_inner type=&#8221;1_2&#8243; saved_specialty_column_type=&#8221;3_4&#8243; _builder_version=&#8221;4.16&#8243; _module_preset=&#8221;default&#8221; global_colors_info=&#8221;{}&#8221;][et_pb_video src=&#8221;https:\/\/conform.se\/wp-content\/uploads\/2021\/07\/Conform_Timeout_slideshow.mp4&#8243; image_src=&#8221;https:\/\/conform.se\/wp-content\/uploads\/2022\/01\/Timeout_film.png&#8221; _builder_version=&#8221;4.16&#8243; _module_preset=&#8221;default&#8221; global_colors_info=&#8221;{}&#8221;][\/et_pb_video][\/et_pb_column_inner][et_pb_column_inner type=&#8221;1_2&#8243; saved_specialty_column_type=&#8221;3_4&#8243; _builder_version=&#8221;4.16&#8243; _module_preset=&#8221;default&#8221; global_colors_info=&#8221;{}&#8221;][et_pb_video src=&#8221;https:\/\/conform.se\/wp-content\/uploads\/2022\/06\/Master_2019_web2.mp4&#8243; _builder_version=&#8221;4.17.3&#8243; _module_preset=&#8221;default&#8221; global_colors_info=&#8221;{}&#8221;][\/et_pb_video][et_pb_text _builder_version=&#8221;4.16&#8243; _module_preset=&#8221;default&#8221; custom_margin=&#8221;0px||||false|false&#8221; custom_padding=&#8221;0px||||false|false&#8221; global_colors_info=&#8221;{}&#8221;][\/et_pb_text][\/et_pb_column_inner][\/et_pb_row_inner][\/et_pb_column][\/et_pb_section]<\/p>","protected":false},"excerpt":{"rendered":"<p>LADDA NER MONTERINGSANVISNINGAR KATALOG ON-LINE PRESSBILDER ORDERDOKUMENT PRODUKTBLAD FUNKTIONSFILM Funktionsfilmer<\/p>","protected":false},"author":1,"featured_media":0,"parent":19,"menu_order":0,"comment_status":"closed","ping_status":"closed","template":"","meta":{"_acf_changed":false,"_et_pb_use_builder":"on","_et_pb_old_content":"","_et_gb_content_width":"","footnotes":""},"class_list":["post-50110","page","type-page","status-publish","hentry"],"acf":[],"yoast_head":"<!-- This site is optimized with the Yoast SEO plugin v26.3 - https:\/\/yoast.com\/wordpress\/plugins\/seo\/ -->\n<title>Funktionsfilm - Conform Collection AB<\/title>\n<meta name=\"robots\" content=\"index, follow, max-snippet:-1, max-image-preview:large, max-video-preview:-1\" \/>\n<link rel=\"canonical\" href=\"https:\/\/conform.se\/en_us\/downloads\/function-movie\/\" \/>\n<meta property=\"og:locale\" content=\"en_US\" \/>\n<meta property=\"og:type\" content=\"article\" \/>\n<meta property=\"og:title\" content=\"Funktionsfilm - Conform Collection AB\" \/>\n<meta property=\"og:description\" content=\"LADDA NER MONTERINGSANVISNINGAR KATALOG ON-LINE PRESSBILDER ORDERDOKUMENT PRODUKTBLAD FUNKTIONSFILM Funktionsfilmer\" \/>\n<meta property=\"og:url\" content=\"https:\/\/conform.se\/en_us\/downloads\/function-movie\/\" \/>\n<meta property=\"og:site_name\" content=\"Conform Collection AB\" \/>\n<meta property=\"article:modified_time\" content=\"2025-06-27T09:56:08+00:00\" \/>\n<meta name=\"twitter:card\" content=\"summary_large_image\" \/>\n<meta name=\"twitter:label1\" content=\"Est. reading time\" \/>\n\t<meta name=\"twitter:data1\" content=\"2 minutes\" \/>\n<script type=\"application\/ld+json\" class=\"yoast-schema-graph\">{\"@context\":\"https:\/\/schema.org\",\"@graph\":[{\"@type\":\"WebPage\",\"@id\":\"https:\/\/conform.se\/ladda-ner\/funktionsfilm\/\",\"url\":\"https:\/\/conform.se\/ladda-ner\/funktionsfilm\/\",\"name\":\"Funktionsfilm - Conform Collection AB\",\"isPartOf\":{\"@id\":\"https:\/\/conform.se\/#website\"},\"datePublished\":\"2021-05-26T05:57:56+00:00\",\"dateModified\":\"2025-06-27T09:56:08+00:00\",\"breadcrumb\":{\"@id\":\"https:\/\/conform.se\/ladda-ner\/funktionsfilm\/#breadcrumb\"},\"inLanguage\":\"en-US\",\"potentialAction\":[{\"@type\":\"ReadAction\",\"target\":[\"https:\/\/conform.se\/ladda-ner\/funktionsfilm\/\"]}]},{\"@type\":\"BreadcrumbList\",\"@id\":\"https:\/\/conform.se\/ladda-ner\/funktionsfilm\/#breadcrumb\",\"itemListElement\":[{\"@type\":\"ListItem\",\"position\":1,\"name\":\"Hem\",\"item\":\"https:\/\/conform.se\/\"},{\"@type\":\"ListItem\",\"position\":2,\"name\":\"LADDA NER\",\"item\":\"https:\/\/conform.se\/ladda-ner\/\"},{\"@type\":\"ListItem\",\"position\":3,\"name\":\"Funktionsfilm\"}]},{\"@type\":\"WebSite\",\"@id\":\"https:\/\/conform.se\/#website\",\"url\":\"https:\/\/conform.se\/\",\"name\":\"Conform Collection AB\",\"description\":\"En f\u00e5t\u00f6lj fr\u00e5n Conform \u00e4r en v\u00e4lgjord f\u00e5t\u00f6lj av h\u00f6gsta kvalitet.\",\"potentialAction\":[{\"@type\":\"SearchAction\",\"target\":{\"@type\":\"EntryPoint\",\"urlTemplate\":\"https:\/\/conform.se\/?s={search_term_string}\"},\"query-input\":{\"@type\":\"PropertyValueSpecification\",\"valueRequired\":true,\"valueName\":\"search_term_string\"}}],\"inLanguage\":\"en-US\"}]}<\/script>\n<!-- \/ Yoast SEO plugin. -->","yoast_head_json":{"title":"Funktionsfilm - Conform Collection AB","robots":{"index":"index","follow":"follow","max-snippet":"max-snippet:-1","max-image-preview":"max-image-preview:large","max-video-preview":"max-video-preview:-1"},"canonical":"https:\/\/conform.se\/en_us\/downloads\/function-movie\/","og_locale":"en_US","og_type":"article","og_title":"Funktionsfilm - Conform Collection AB","og_description":"LADDA NER MONTERINGSANVISNINGAR KATALOG ON-LINE PRESSBILDER ORDERDOKUMENT PRODUKTBLAD FUNKTIONSFILM Funktionsfilmer","og_url":"https:\/\/conform.se\/en_us\/downloads\/function-movie\/","og_site_name":"Conform Collection AB","article_modified_time":"2025-06-27T09:56:08+00:00","twitter_card":"summary_large_image","twitter_misc":{"Est. reading time":"2 minutes"},"schema":{"@context":"https:\/\/schema.org","@graph":[{"@type":"WebPage","@id":"https:\/\/conform.se\/ladda-ner\/funktionsfilm\/","url":"https:\/\/conform.se\/ladda-ner\/funktionsfilm\/","name":"Funktionsfilm - Conform Collection AB","isPartOf":{"@id":"https:\/\/conform.se\/#website"},"datePublished":"2021-05-26T05:57:56+00:00","dateModified":"2025-06-27T09:56:08+00:00","breadcrumb":{"@id":"https:\/\/conform.se\/ladda-ner\/funktionsfilm\/#breadcrumb"},"inLanguage":"en-US","potentialAction":[{"@type":"ReadAction","target":["https:\/\/conform.se\/ladda-ner\/funktionsfilm\/"]}]},{"@type":"BreadcrumbList","@id":"https:\/\/conform.se\/ladda-ner\/funktionsfilm\/#breadcrumb","itemListElement":[{"@type":"ListItem","position":1,"name":"Hem","item":"https:\/\/conform.se\/"},{"@type":"ListItem","position":2,"name":"LADDA NER","item":"https:\/\/conform.se\/ladda-ner\/"},{"@type":"ListItem","position":3,"name":"Funktionsfilm"}]},{"@type":"WebSite","@id":"https:\/\/conform.se\/#website","url":"https:\/\/conform.se\/","name":"Conform Collection AB","description":"En f\u00e5t\u00f6lj fr\u00e5n Conform \u00e4r en v\u00e4lgjord f\u00e5t\u00f6lj av h\u00f6gsta kvalitet.","potentialAction":[{"@type":"SearchAction","target":{"@type":"EntryPoint","urlTemplate":"https:\/\/conform.se\/?s={search_term_string}"},"query-input":{"@type":"PropertyValueSpecification","valueRequired":true,"valueName":"search_term_string"}}],"inLanguage":"en-US"}]}},"_links":{"self":[{"href":"https:\/\/conform.se\/en_us\/wp-json\/wp\/v2\/pages\/50110","targetHints":{"allow":["GET"]}}],"collection":[{"href":"https:\/\/conform.se\/en_us\/wp-json\/wp\/v2\/pages"}],"about":[{"href":"https:\/\/conform.se\/en_us\/wp-json\/wp\/v2\/types\/page"}],"author":[{"embeddable":true,"href":"https:\/\/conform.se\/en_us\/wp-json\/wp\/v2\/users\/1"}],"replies":[{"embeddable":true,"href":"https:\/\/conform.se\/en_us\/wp-json\/wp\/v2\/comments?post=50110"}],"version-history":[{"count":2,"href":"https:\/\/conform.se\/en_us\/wp-json\/wp\/v2\/pages\/50110\/revisions"}],"predecessor-version":[{"id":60284,"href":"https:\/\/conform.se\/en_us\/wp-json\/wp\/v2\/pages\/50110\/revisions\/60284"}],"up":[{"embeddable":true,"href":"https:\/\/conform.se\/en_us\/wp-json\/wp\/v2\/pages\/19"}],"wp:attachment":[{"href":"https:\/\/conform.se\/en_us\/wp-json\/wp\/v2\/media?parent=50110"}],"curies":[{"name":"wp","href":"https:\/\/api.w.org\/{rel}","templated":true}]}}