{"id":50963,"date":"2021-05-28T14:03:29","date_gmt":"2021-05-28T12:03:29","guid":{"rendered":"http:\/\/cc.mathinic.nu\/?page_id=50963"},"modified":"2021-06-23T09:56:55","modified_gmt":"2021-06-23T07:56:55","slug":"terms","status":"publish","type":"page","link":"https:\/\/conform.se\/en_us\/terms\/","title":{"rendered":"Terms"},"content":{"rendered":"<p>[et_pb_section fb_built=&#8221;1&#8243; _builder_version=&#8221;4.9.4&#8243; _module_preset=&#8221;default&#8221;][et_pb_row _builder_version=&#8221;4.9.4&#8243; _module_preset=&#8221;default&#8221; width=&#8221;955px&#8221; max_width=&#8221;955px&#8221; module_alignment=&#8221;center&#8221;][et_pb_column type=&#8221;4_4&#8243; _builder_version=&#8221;4.9.4&#8243; _module_preset=&#8221;default&#8221;][et_pb_text _builder_version=&#8221;4.9.4&#8243; _module_preset=&#8221;default&#8221; hover_enabled=&#8221;0&#8243; sticky_enabled=&#8221;0&#8243;]<\/p>\n<h2>Terms and conditions of use conform.se<\/h2>\n<p><strong>Here you will find specific information about our website. By entering and using the website you are considered to have accepted our terms and conditions of use. Conform Collection AB reserves the right to amend the terms and conditions, update or change the website and terminate or in another way limit the use of it at any time.<\/strong><\/p>\n<p><strong>If you are especially interested in our terms and conditions you can also read the following information:<\/strong><br \/><a href=\"\/en_us\/privacy\/\">How we use your information in accordance with the General Data Protection Regulation (GDPR)<\/a><br \/>At conform.se we use cookies.<\/p>\n<p><strong>Products and services on the website<\/strong><br \/>The products and services that are marketed or available via the website are in some cases not accessible for all visitors or markets.<br \/>If the terms and conditions for the products and services presented on the website were to be inconsistent with the website\u2019s terms and conditions of use, the terms and conditions of the product or service take precedence over the website\u2019s terms and conditions of use.<\/p>\n<p><strong>Limitation of liability<\/strong><br \/>Material on the website is only intended as general information. The information is not always comprehensive and fully updated. Typographical errors and technical faults may sometimes occur.<\/p>\n<p>In spite of a high level of ambition, we cannot guarantee that the website is free from viruses and other harmful components. Conform Collection AB is not responsible for damage that is directly or indirectly caused by using the website.<\/p>\n<p><strong>Right to use material on the website etc.<\/strong><br \/>Conform Collection AB\u00b4s varum\u00e4rke eller tj\u00e4nster f\u00e5r ej anv\u00e4ndas av annan \u00e4n den som godk\u00e4nts av Conform Collection AB. Varum\u00e4rke eller tj\u00e4nst f\u00e5r inte heller anv\u00e4ndas p\u00e5 s\u00e5 s\u00e4tt att det i en s\u00f6kmotor uppkommer som &#8220;felaktig tr\u00e4ff&#8221;.<br \/>Text and images on the website are in some cases protected by copyright. Copyrighted material may not be duplicated, distributed or made available in any other way without the rights holder\u2019s consent.<\/p>\n<p><strong>Right to link to and from the website<\/strong><br \/>Conform Collection AB is not responsible for links from the website to external websites or the external websites\u2019 content or functionality.<\/p>\n<p>Linking from another website to Conform Collection AB\u2019s website is permitted. However, the link may not misrepresent or fail to present the results on Conform Collection AB\u2019s website. When linking, it must always be clearly stated that the material has been retrieved from Conform Collection AB\u2019s website.<\/p>\n<p>The interpretation and application of these terms and conditions of use shall fall under Swedish law.<\/p>\n<p>Conform Collection AB is responsible for the website.<\/p>\n<p><strong>Contact information<\/strong><br \/>Conform Collection AB, Vetlandav\u00e4gen 14, 570 15 Holsbybrunn<br \/><span class=\"textbold\">VAT:<\/span> SE556185797901<br \/>Phone: +46 383-508 90<br \/><a href=\"mailto:info@conform.se\">Send an email<\/a><\/p>\n<p>[\/et_pb_text][\/et_pb_column][\/et_pb_row][\/et_pb_section]<\/p>","protected":false},"excerpt":{"rendered":"<p>Anv\u00e4ndarvillkor och regler f\u00f6r conform.se H\u00e4r hittar du specifik information om v\u00e5r webbplats. Genom att g\u00e5 in p\u00e5 och nyttja webbplatsen anses du ha accepterat v\u00e5ra anv\u00e4ndarvillkor. Conform Collection AB f\u00f6rbeh\u00e5ller sig r\u00e4tten att n\u00e4r som helst \u00e4ndra anv\u00e4ndarvillkoren, uppdatera eller \u00e4ndra webbplatsen samt avbryta eller p\u00e5 annat s\u00e4tt begr\u00e4nsa anv\u00e4ndandet av den. F\u00f6r dig [&hellip;]<\/p>","protected":false},"author":1,"featured_media":0,"parent":0,"menu_order":0,"comment_status":"closed","ping_status":"closed","template":"","meta":{"_acf_changed":false,"_et_pb_use_builder":"on","_et_pb_old_content":"","_et_gb_content_width":"","footnotes":""},"class_list":["post-50963","page","type-page","status-publish","hentry"],"acf":[],"yoast_head":"<!-- This site is optimized with the Yoast SEO plugin v26.3 - https:\/\/yoast.com\/wordpress\/plugins\/seo\/ -->\n<title>Terms - Conform Collection AB<\/title>\n<meta name=\"robots\" content=\"index, follow, max-snippet:-1, max-image-preview:large, max-video-preview:-1\" \/>\n<link rel=\"canonical\" href=\"https:\/\/conform.se\/en_us\/terms\/\" \/>\n<meta property=\"og:locale\" content=\"en_US\" \/>\n<meta property=\"og:type\" content=\"article\" \/>\n<meta property=\"og:title\" content=\"Terms - Conform Collection AB\" \/>\n<meta property=\"og:description\" content=\"Anv\u00e4ndarvillkor och regler f\u00f6r conform.se H\u00e4r hittar du specifik information om v\u00e5r webbplats. Genom att g\u00e5 in p\u00e5 och nyttja webbplatsen anses du ha accepterat v\u00e5ra anv\u00e4ndarvillkor. Conform Collection AB f\u00f6rbeh\u00e5ller sig r\u00e4tten att n\u00e4r som helst \u00e4ndra anv\u00e4ndarvillkoren, uppdatera eller \u00e4ndra webbplatsen samt avbryta eller p\u00e5 annat s\u00e4tt begr\u00e4nsa anv\u00e4ndandet av den. F\u00f6r dig [&hellip;]\" \/>\n<meta property=\"og:url\" content=\"https:\/\/conform.se\/en_us\/terms\/\" \/>\n<meta property=\"og:site_name\" content=\"Conform Collection AB\" \/>\n<meta property=\"article:modified_time\" content=\"2021-06-23T07:56:55+00:00\" \/>\n<meta name=\"twitter:card\" content=\"summary_large_image\" \/>\n<meta name=\"twitter:label1\" content=\"Est. reading time\" \/>\n\t<meta name=\"twitter:data1\" content=\"3 minutes\" \/>\n<script type=\"application\/ld+json\" class=\"yoast-schema-graph\">{\"@context\":\"https:\/\/schema.org\",\"@graph\":[{\"@type\":\"WebPage\",\"@id\":\"https:\/\/conform.se\/terms\/\",\"url\":\"https:\/\/conform.se\/terms\/\",\"name\":\"Terms - Conform Collection AB\",\"isPartOf\":{\"@id\":\"https:\/\/conform.se\/#website\"},\"datePublished\":\"2021-05-28T12:03:29+00:00\",\"dateModified\":\"2021-06-23T07:56:55+00:00\",\"breadcrumb\":{\"@id\":\"https:\/\/conform.se\/terms\/#breadcrumb\"},\"inLanguage\":\"en-US\",\"potentialAction\":[{\"@type\":\"ReadAction\",\"target\":[\"https:\/\/conform.se\/terms\/\"]}]},{\"@type\":\"BreadcrumbList\",\"@id\":\"https:\/\/conform.se\/terms\/#breadcrumb\",\"itemListElement\":[{\"@type\":\"ListItem\",\"position\":1,\"name\":\"Hem\",\"item\":\"https:\/\/conform.se\/\"},{\"@type\":\"ListItem\",\"position\":2,\"name\":\"Terms\"}]},{\"@type\":\"WebSite\",\"@id\":\"https:\/\/conform.se\/#website\",\"url\":\"https:\/\/conform.se\/\",\"name\":\"Conform Collection AB\",\"description\":\"En f\u00e5t\u00f6lj fr\u00e5n Conform \u00e4r en v\u00e4lgjord f\u00e5t\u00f6lj av h\u00f6gsta kvalitet.\",\"potentialAction\":[{\"@type\":\"SearchAction\",\"target\":{\"@type\":\"EntryPoint\",\"urlTemplate\":\"https:\/\/conform.se\/?s={search_term_string}\"},\"query-input\":{\"@type\":\"PropertyValueSpecification\",\"valueRequired\":true,\"valueName\":\"search_term_string\"}}],\"inLanguage\":\"en-US\"}]}<\/script>\n<!-- \/ Yoast SEO plugin. -->","yoast_head_json":{"title":"Terms - Conform Collection AB","robots":{"index":"index","follow":"follow","max-snippet":"max-snippet:-1","max-image-preview":"max-image-preview:large","max-video-preview":"max-video-preview:-1"},"canonical":"https:\/\/conform.se\/en_us\/terms\/","og_locale":"en_US","og_type":"article","og_title":"Terms - Conform Collection AB","og_description":"Anv\u00e4ndarvillkor och regler f\u00f6r conform.se H\u00e4r hittar du specifik information om v\u00e5r webbplats. Genom att g\u00e5 in p\u00e5 och nyttja webbplatsen anses du ha accepterat v\u00e5ra anv\u00e4ndarvillkor. Conform Collection AB f\u00f6rbeh\u00e5ller sig r\u00e4tten att n\u00e4r som helst \u00e4ndra anv\u00e4ndarvillkoren, uppdatera eller \u00e4ndra webbplatsen samt avbryta eller p\u00e5 annat s\u00e4tt begr\u00e4nsa anv\u00e4ndandet av den. F\u00f6r dig [&hellip;]","og_url":"https:\/\/conform.se\/en_us\/terms\/","og_site_name":"Conform Collection AB","article_modified_time":"2021-06-23T07:56:55+00:00","twitter_card":"summary_large_image","twitter_misc":{"Est. reading time":"3 minutes"},"schema":{"@context":"https:\/\/schema.org","@graph":[{"@type":"WebPage","@id":"https:\/\/conform.se\/terms\/","url":"https:\/\/conform.se\/terms\/","name":"Terms - Conform Collection AB","isPartOf":{"@id":"https:\/\/conform.se\/#website"},"datePublished":"2021-05-28T12:03:29+00:00","dateModified":"2021-06-23T07:56:55+00:00","breadcrumb":{"@id":"https:\/\/conform.se\/terms\/#breadcrumb"},"inLanguage":"en-US","potentialAction":[{"@type":"ReadAction","target":["https:\/\/conform.se\/terms\/"]}]},{"@type":"BreadcrumbList","@id":"https:\/\/conform.se\/terms\/#breadcrumb","itemListElement":[{"@type":"ListItem","position":1,"name":"Hem","item":"https:\/\/conform.se\/"},{"@type":"ListItem","position":2,"name":"Terms"}]},{"@type":"WebSite","@id":"https:\/\/conform.se\/#website","url":"https:\/\/conform.se\/","name":"Conform Collection AB","description":"En f\u00e5t\u00f6lj fr\u00e5n Conform \u00e4r en v\u00e4lgjord f\u00e5t\u00f6lj av h\u00f6gsta kvalitet.","potentialAction":[{"@type":"SearchAction","target":{"@type":"EntryPoint","urlTemplate":"https:\/\/conform.se\/?s={search_term_string}"},"query-input":{"@type":"PropertyValueSpecification","valueRequired":true,"valueName":"search_term_string"}}],"inLanguage":"en-US"}]}},"_links":{"self":[{"href":"https:\/\/conform.se\/en_us\/wp-json\/wp\/v2\/pages\/50963","targetHints":{"allow":["GET"]}}],"collection":[{"href":"https:\/\/conform.se\/en_us\/wp-json\/wp\/v2\/pages"}],"about":[{"href":"https:\/\/conform.se\/en_us\/wp-json\/wp\/v2\/types\/page"}],"author":[{"embeddable":true,"href":"https:\/\/conform.se\/en_us\/wp-json\/wp\/v2\/users\/1"}],"replies":[{"embeddable":true,"href":"https:\/\/conform.se\/en_us\/wp-json\/wp\/v2\/comments?post=50963"}],"version-history":[{"count":0,"href":"https:\/\/conform.se\/en_us\/wp-json\/wp\/v2\/pages\/50963\/revisions"}],"wp:attachment":[{"href":"https:\/\/conform.se\/en_us\/wp-json\/wp\/v2\/media?parent=50963"}],"curies":[{"name":"wp","href":"https:\/\/api.w.org\/{rel}","templated":true}]}}