{"id":51296,"date":"2021-06-07T10:25:36","date_gmt":"2021-06-07T08:25:36","guid":{"rendered":"http:\/\/cc.mathinic.nu\/?page_id=51296"},"modified":"2021-06-22T22:37:11","modified_gmt":"2021-06-22T20:37:11","slug":"imm-cologne","status":"publish","type":"page","link":"https:\/\/conform.se\/en_us\/about-us\/imm-cologne\/","title":{"rendered":"IMM Cologne"},"content":{"rendered":"<p>[et_pb_section fb_built=&#8221;1&#8243; _builder_version=&#8221;4.9.4&#8243; _module_preset=&#8221;default&#8221;][et_pb_row use_custom_gutter=&#8221;on&#8221; gutter_width=&#8221;2&#8243; _builder_version=&#8221;4.9.4&#8243; _module_preset=&#8221;default&#8221;][et_pb_column type=&#8221;4_4&#8243; _builder_version=&#8221;4.9.4&#8243; _module_preset=&#8221;default&#8221;][et_pb_text _builder_version=&#8221;4.9.4&#8243; _module_preset=&#8221;default&#8221; text_orientation=&#8221;center&#8221; hover_enabled=&#8221;0&#8243; header_2_font_size=&#8221;55px&#8221; sticky_enabled=&#8221;0&#8243;]<\/p>\n<h2>IMM Cologne 2020<\/h2>\n<p>[\/et_pb_text][el_masonry_gallery image_ids=&#8221;51328,51327,51326,51325,51324,51323,51322,51321,51320,51319,51318,51317,51316,51315,51314,51313,51312,51311,51310&#8243; column_spacing=&#8221;20px&#8221; enable_lightbox=&#8221;on&#8221; lightbox_effect=&#8221;zoom&#8221; _builder_version=&#8221;4.9.4&#8243; _module_preset=&#8221;default&#8221;][\/el_masonry_gallery][\/et_pb_column][\/et_pb_row][\/et_pb_section]<\/p>","protected":false},"excerpt":{"rendered":"<p>IMM Cologne 2020<div class=\"et_pb_module el_masonry_gallery el_masonry_gallery_0\">\n\t\t\t\t\n\t\t\t\t\n\t\t\t\t\n\t\t\t\t\n\t\t\t\t\n\t\t\t\t\n\t\t\t\t<div class=\"et_pb_module_inner\">\n\t\t\t\t\t\n\t\t\t<div class=\"el_masonry_gallery_wrapper\"data-enable_lightbox=\"on\" data-lightbox_effect=\"zoom\" data-enable_navigation=\"on\" data-lightbox_navigate_current=\"on\" data-isotope_transition_duration=\"400\" data-lightbox_transition_duration=\"300\">\n\t\t\t\t<div class=\"el_masonry_gallery_item_gutter\"><\/div>\n\t\t\t\t<div data-mfp-src=\"https:\/\/conform.se\/wp-content\/uploads\/2021\/06\/Conform-Timeout002.jpg\" class=\"el_masonry_gallery_item\">\n\t\t\t\t\t\t<div class=\"el_masonry_gallery_image_wrapper\"><img width=\"300\" height=\"158\" src=\"https:\/\/conform.se\/wp-content\/uploads\/2021\/06\/Conform-Timeout002-300x158.jpg\" class=\"attachment-medium size-medium no-lazyload skip-lazy\" alt=\"\" decoding=\"async\" loading=\"lazy\" \/> <\/div>\n\t\t\t\t\t\t\n\t\t\t\t\t<\/div><div data-mfp-src=\"https:\/\/conform.se\/wp-content\/uploads\/2021\/06\/Conform-Timeout001.jpg\" class=\"el_masonry_gallery_item\">\n\t\t\t\t\t\t<div class=\"el_masonry_gallery_image_wrapper\"><img width=\"281\" height=\"300\" src=\"https:\/\/conform.se\/wp-content\/uploads\/2021\/06\/Conform-Timeout001-281x300.jpg\" class=\"attachment-medium size-medium no-lazyload skip-lazy\" alt=\"\" decoding=\"async\" loading=\"lazy\" \/> <\/div>\n\t\t\t\t\t\t\n\t\t\t\t\t<\/div><div data-mfp-src=\"https:\/\/conform.se\/wp-content\/uploads\/2021\/06\/Conform-Starlight.jpg\" class=\"el_masonry_gallery_item\">\n\t\t\t\t\t\t<div class=\"el_masonry_gallery_image_wrapper\"><img width=\"300\" height=\"200\" src=\"https:\/\/conform.se\/wp-content\/uploads\/2021\/06\/Conform-Starlight-300x200.jpg\" class=\"attachment-medium size-medium no-lazyload skip-lazy\" alt=\"\" decoding=\"async\" loading=\"lazy\" \/> <\/div>\n\t\t\t\t\t\t\n\t\t\t\t\t<\/div><div data-mfp-src=\"https:\/\/conform.se\/wp-content\/uploads\/2021\/06\/Conform-Relieve.jpg\" class=\"el_masonry_gallery_item\">\n\t\t\t\t\t\t<div class=\"el_masonry_gallery_image_wrapper\"><img width=\"272\" height=\"300\" src=\"https:\/\/conform.se\/wp-content\/uploads\/2021\/06\/Conform-Relieve-272x300.jpg\" class=\"attachment-medium size-medium no-lazyload skip-lazy\" alt=\"\" decoding=\"async\" loading=\"lazy\" \/> <\/div>\n\t\t\t\t\t\t\n\t\t\t\t\t<\/div><div data-mfp-src=\"https:\/\/conform.se\/wp-content\/uploads\/2021\/06\/Conform-Partner_front.jpg\" class=\"el_masonry_gallery_item\">\n\t\t\t\t\t\t<div class=\"el_masonry_gallery_image_wrapper\"><img width=\"300\" height=\"200\" src=\"https:\/\/conform.se\/wp-content\/uploads\/2021\/06\/Conform-Partner_front-300x200.jpg\" class=\"attachment-medium size-medium no-lazyload skip-lazy\" alt=\"\" decoding=\"async\" loading=\"lazy\" \/> <\/div>\n\t\t\t\t\t\t\n\t\t\t\t\t<\/div><div data-mfp-src=\"https:\/\/conform.se\/wp-content\/uploads\/2021\/06\/Conform-Partner-w-people.jpg\" class=\"el_masonry_gallery_item\">\n\t\t\t\t\t\t<div class=\"el_masonry_gallery_image_wrapper\"><img width=\"300\" height=\"300\" src=\"https:\/\/conform.se\/wp-content\/uploads\/2021\/06\/Conform-Partner-w-people-300x300.jpg\" class=\"attachment-medium size-medium no-lazyload skip-lazy\" alt=\"\" decoding=\"async\" loading=\"lazy\" \/> <\/div>\n\t\t\t\t\t\t\n\t\t\t\t\t<\/div><div data-mfp-src=\"https:\/\/conform.se\/wp-content\/uploads\/2021\/06\/Conform-Partner-02.jpg\" class=\"el_masonry_gallery_item\">\n\t\t\t\t\t\t<div class=\"el_masonry_gallery_image_wrapper\"><img width=\"300\" height=\"200\" src=\"https:\/\/conform.se\/wp-content\/uploads\/2021\/06\/Conform-Partner-02-300x200.jpg\" class=\"attachment-medium size-medium no-lazyload skip-lazy\" alt=\"\" decoding=\"async\" loading=\"lazy\" \/> <\/div>\n\t\t\t\t\t\t\n\t\t\t\t\t<\/div><div data-mfp-src=\"https:\/\/conform.se\/wp-content\/uploads\/2021\/06\/Conform-Myplace_detail.jpg\" class=\"el_masonry_gallery_item\">\n\t\t\t\t\t\t<div class=\"el_masonry_gallery_image_wrapper\"><img width=\"300\" height=\"200\" src=\"https:\/\/conform.se\/wp-content\/uploads\/2021\/06\/Conform-Myplace_detail-300x200.jpg\" class=\"attachment-medium size-medium no-lazyload skip-lazy\" alt=\"\" decoding=\"async\" loading=\"lazy\" \/> <\/div>\n\t\t\t\t\t\t\n\t\t\t\t\t<\/div><div data-mfp-src=\"https:\/\/conform.se\/wp-content\/uploads\/2021\/06\/Conform-Myplace-w-people.jpg\" class=\"el_masonry_gallery_item\">\n\t\t\t\t\t\t<div class=\"el_masonry_gallery_image_wrapper\"><img width=\"300\" height=\"200\" src=\"https:\/\/conform.se\/wp-content\/uploads\/2021\/06\/Conform-Myplace-w-people-300x200.jpg\" class=\"attachment-medium size-medium no-lazyload skip-lazy\" alt=\"\" decoding=\"async\" loading=\"lazy\" \/> <\/div>\n\t\t\t\t\t\t\n\t\t\t\t\t<\/div><div data-mfp-src=\"https:\/\/conform.se\/wp-content\/uploads\/2021\/06\/Conform-Myplace-w-people_02.jpg\" class=\"el_masonry_gallery_item\">\n\t\t\t\t\t\t<div class=\"el_masonry_gallery_image_wrapper\"><img width=\"300\" height=\"200\" src=\"https:\/\/conform.se\/wp-content\/uploads\/2021\/06\/Conform-Myplace-w-people_02-300x200.jpg\" class=\"attachment-medium size-medium no-lazyload skip-lazy\" alt=\"\" decoding=\"async\" loading=\"lazy\" \/> <\/div>\n\t\t\t\t\t\t\n\t\t\t\t\t<\/div><div data-mfp-src=\"https:\/\/conform.se\/wp-content\/uploads\/2021\/06\/Conform-Myplace-006.jpg\" class=\"el_masonry_gallery_item\">\n\t\t\t\t\t\t<div class=\"el_masonry_gallery_image_wrapper\"><img width=\"300\" height=\"206\" src=\"https:\/\/conform.se\/wp-content\/uploads\/2021\/06\/Conform-Myplace-006-300x206.jpg\" class=\"attachment-medium size-medium no-lazyload skip-lazy\" alt=\"\" decoding=\"async\" loading=\"lazy\" \/> <\/div>\n\t\t\t\t\t\t\n\t\t\t\t\t<\/div><div data-mfp-src=\"https:\/\/conform.se\/wp-content\/uploads\/2021\/06\/Conform-Myplace-003.jpg\" class=\"el_masonry_gallery_item\">\n\t\t\t\t\t\t<div class=\"el_masonry_gallery_image_wrapper\"><img width=\"300\" height=\"200\" src=\"https:\/\/conform.se\/wp-content\/uploads\/2021\/06\/Conform-Myplace-003-300x200.jpg\" class=\"attachment-medium size-medium no-lazyload skip-lazy\" alt=\"\" decoding=\"async\" loading=\"lazy\" \/> <\/div>\n\t\t\t\t\t\t\n\t\t\t\t\t<\/div><div data-mfp-src=\"https:\/\/conform.se\/wp-content\/uploads\/2021\/06\/Conform-Myplace-002.jpg\" class=\"el_masonry_gallery_item\">\n\t\t\t\t\t\t<div class=\"el_masonry_gallery_image_wrapper\"><img width=\"300\" height=\"200\" src=\"https:\/\/conform.se\/wp-content\/uploads\/2021\/06\/Conform-Myplace-002-300x200.jpg\" class=\"attachment-medium size-medium no-lazyload skip-lazy\" alt=\"\" decoding=\"async\" loading=\"lazy\" \/> <\/div>\n\t\t\t\t\t\t\n\t\t\t\t\t<\/div><div data-mfp-src=\"https:\/\/conform.se\/wp-content\/uploads\/2021\/06\/Conform-Myplace-001.jpg\" class=\"el_masonry_gallery_item\">\n\t\t\t\t\t\t<div class=\"el_masonry_gallery_image_wrapper\"><img width=\"300\" height=\"200\" src=\"https:\/\/conform.se\/wp-content\/uploads\/2021\/06\/Conform-Myplace-001-300x200.jpg\" class=\"attachment-medium size-medium no-lazyload skip-lazy\" alt=\"\" decoding=\"async\" loading=\"lazy\" \/> <\/div>\n\t\t\t\t\t\t\n\t\t\t\t\t<\/div><div data-mfp-src=\"https:\/\/conform.se\/wp-content\/uploads\/2021\/06\/Conform-Globe.jpg\" class=\"el_masonry_gallery_item\">\n\t\t\t\t\t\t<div class=\"el_masonry_gallery_image_wrapper\"><img width=\"300\" height=\"200\" src=\"https:\/\/conform.se\/wp-content\/uploads\/2021\/06\/Conform-Globe-300x200.jpg\" class=\"attachment-medium size-medium no-lazyload skip-lazy\" alt=\"\" decoding=\"async\" loading=\"lazy\" \/> <\/div>\n\t\t\t\t\t\t\n\t\t\t\t\t<\/div><div data-mfp-src=\"https:\/\/conform.se\/wp-content\/uploads\/2021\/06\/Conform-Globe-Beyoung-Timeout.jpg\" class=\"el_masonry_gallery_item\">\n\t\t\t\t\t\t<div class=\"el_masonry_gallery_image_wrapper\"><img width=\"300\" height=\"200\" src=\"https:\/\/conform.se\/wp-content\/uploads\/2021\/06\/Conform-Globe-Beyoung-Timeout-300x200.jpg\" class=\"attachment-medium size-medium no-lazyload skip-lazy\" alt=\"\" decoding=\"async\" loading=\"lazy\" \/> <\/div>\n\t\t\t\t\t\t\n\t\t\t\t\t<\/div><div data-mfp-src=\"https:\/\/conform.se\/wp-content\/uploads\/2021\/06\/Conform-Bravo.jpg\" class=\"el_masonry_gallery_item\">\n\t\t\t\t\t\t<div class=\"el_masonry_gallery_image_wrapper\"><img width=\"300\" height=\"200\" src=\"https:\/\/conform.se\/wp-content\/uploads\/2021\/06\/Conform-Bravo-300x200.jpg\" class=\"attachment-medium size-medium no-lazyload skip-lazy\" alt=\"\" decoding=\"async\" loading=\"lazy\" \/> <\/div>\n\t\t\t\t\t\t\n\t\t\t\t\t<\/div><div data-mfp-src=\"https:\/\/conform.se\/wp-content\/uploads\/2021\/06\/Conform-Bravo-02.jpg\" class=\"el_masonry_gallery_item\">\n\t\t\t\t\t\t<div class=\"el_masonry_gallery_image_wrapper\"><img width=\"300\" height=\"200\" src=\"https:\/\/conform.se\/wp-content\/uploads\/2021\/06\/Conform-Bravo-02-300x200.jpg\" class=\"attachment-medium size-medium no-lazyload skip-lazy\" alt=\"\" decoding=\"async\" loading=\"lazy\" \/> <\/div>\n\t\t\t\t\t\t\n\t\t\t\t\t<\/div><div data-mfp-src=\"https:\/\/conform.se\/wp-content\/uploads\/2021\/06\/Conform-Beyoung.jpg\" class=\"el_masonry_gallery_item\">\n\t\t\t\t\t\t<div class=\"el_masonry_gallery_image_wrapper\"><img width=\"300\" height=\"200\" src=\"https:\/\/conform.se\/wp-content\/uploads\/2021\/06\/Conform-Beyoung-300x200.jpg\" class=\"attachment-medium size-medium no-lazyload skip-lazy\" alt=\"\" decoding=\"async\" loading=\"lazy\" \/> <\/div>\n\t\t\t\t\t\t\n\t\t\t\t\t<\/div>\n\t\t\t<\/div>\n\t\t\t\n\t\t\t\t<\/div>\n\t\t\t<\/div><\/p>","protected":false},"author":1,"featured_media":0,"parent":15,"menu_order":0,"comment_status":"closed","ping_status":"closed","template":"","meta":{"_acf_changed":false,"_et_pb_use_builder":"on","_et_pb_old_content":"","_et_gb_content_width":"","footnotes":""},"class_list":["post-51296","page","type-page","status-publish","hentry"],"acf":[],"yoast_head":"<!-- This site is optimized with the Yoast SEO plugin v26.3 - https:\/\/yoast.com\/wordpress\/plugins\/seo\/ -->\n<title>IMM Cologne - Conform Collection AB<\/title>\n<meta name=\"robots\" content=\"index, follow, max-snippet:-1, max-image-preview:large, max-video-preview:-1\" \/>\n<link rel=\"canonical\" href=\"https:\/\/conform.se\/en_us\/about-us\/imm-cologne\/\" \/>\n<meta property=\"og:locale\" content=\"en_US\" \/>\n<meta property=\"og:type\" content=\"article\" \/>\n<meta property=\"og:title\" content=\"IMM Cologne - Conform Collection AB\" \/>\n<meta property=\"og:description\" content=\"IMM Cologne 2020\" \/>\n<meta property=\"og:url\" content=\"https:\/\/conform.se\/en_us\/about-us\/imm-cologne\/\" \/>\n<meta property=\"og:site_name\" content=\"Conform Collection AB\" \/>\n<meta property=\"article:modified_time\" content=\"2021-06-22T20:37:11+00:00\" \/>\n<meta name=\"twitter:card\" content=\"summary_large_image\" \/>\n<script type=\"application\/ld+json\" class=\"yoast-schema-graph\">{\"@context\":\"https:\/\/schema.org\",\"@graph\":[{\"@type\":\"WebPage\",\"@id\":\"https:\/\/conform.se\/om-oss\/imm-cologne\/\",\"url\":\"https:\/\/conform.se\/om-oss\/imm-cologne\/\",\"name\":\"IMM Cologne - Conform Collection AB\",\"isPartOf\":{\"@id\":\"https:\/\/conform.se\/#website\"},\"datePublished\":\"2021-06-07T08:25:36+00:00\",\"dateModified\":\"2021-06-22T20:37:11+00:00\",\"breadcrumb\":{\"@id\":\"https:\/\/conform.se\/om-oss\/imm-cologne\/#breadcrumb\"},\"inLanguage\":\"en-US\",\"potentialAction\":[{\"@type\":\"ReadAction\",\"target\":[\"https:\/\/conform.se\/om-oss\/imm-cologne\/\"]}]},{\"@type\":\"BreadcrumbList\",\"@id\":\"https:\/\/conform.se\/om-oss\/imm-cologne\/#breadcrumb\",\"itemListElement\":[{\"@type\":\"ListItem\",\"position\":1,\"name\":\"Hem\",\"item\":\"https:\/\/conform.se\/\"},{\"@type\":\"ListItem\",\"position\":2,\"name\":\"OM OSS\",\"item\":\"https:\/\/conform.se\/om-oss\/\"},{\"@type\":\"ListItem\",\"position\":3,\"name\":\"IMM Cologne\"}]},{\"@type\":\"WebSite\",\"@id\":\"https:\/\/conform.se\/#website\",\"url\":\"https:\/\/conform.se\/\",\"name\":\"Conform Collection AB\",\"description\":\"En f\u00e5t\u00f6lj fr\u00e5n Conform \u00e4r en v\u00e4lgjord f\u00e5t\u00f6lj av h\u00f6gsta kvalitet.\",\"potentialAction\":[{\"@type\":\"SearchAction\",\"target\":{\"@type\":\"EntryPoint\",\"urlTemplate\":\"https:\/\/conform.se\/?s={search_term_string}\"},\"query-input\":{\"@type\":\"PropertyValueSpecification\",\"valueRequired\":true,\"valueName\":\"search_term_string\"}}],\"inLanguage\":\"en-US\"}]}<\/script>\n<!-- \/ Yoast SEO plugin. -->","yoast_head_json":{"title":"IMM Cologne - Conform Collection AB","robots":{"index":"index","follow":"follow","max-snippet":"max-snippet:-1","max-image-preview":"max-image-preview:large","max-video-preview":"max-video-preview:-1"},"canonical":"https:\/\/conform.se\/en_us\/about-us\/imm-cologne\/","og_locale":"en_US","og_type":"article","og_title":"IMM Cologne - Conform Collection AB","og_description":"IMM Cologne 2020","og_url":"https:\/\/conform.se\/en_us\/about-us\/imm-cologne\/","og_site_name":"Conform Collection AB","article_modified_time":"2021-06-22T20:37:11+00:00","twitter_card":"summary_large_image","schema":{"@context":"https:\/\/schema.org","@graph":[{"@type":"WebPage","@id":"https:\/\/conform.se\/om-oss\/imm-cologne\/","url":"https:\/\/conform.se\/om-oss\/imm-cologne\/","name":"IMM Cologne - Conform Collection AB","isPartOf":{"@id":"https:\/\/conform.se\/#website"},"datePublished":"2021-06-07T08:25:36+00:00","dateModified":"2021-06-22T20:37:11+00:00","breadcrumb":{"@id":"https:\/\/conform.se\/om-oss\/imm-cologne\/#breadcrumb"},"inLanguage":"en-US","potentialAction":[{"@type":"ReadAction","target":["https:\/\/conform.se\/om-oss\/imm-cologne\/"]}]},{"@type":"BreadcrumbList","@id":"https:\/\/conform.se\/om-oss\/imm-cologne\/#breadcrumb","itemListElement":[{"@type":"ListItem","position":1,"name":"Hem","item":"https:\/\/conform.se\/"},{"@type":"ListItem","position":2,"name":"OM OSS","item":"https:\/\/conform.se\/om-oss\/"},{"@type":"ListItem","position":3,"name":"IMM Cologne"}]},{"@type":"WebSite","@id":"https:\/\/conform.se\/#website","url":"https:\/\/conform.se\/","name":"Conform Collection AB","description":"En f\u00e5t\u00f6lj fr\u00e5n Conform \u00e4r en v\u00e4lgjord f\u00e5t\u00f6lj av h\u00f6gsta kvalitet.","potentialAction":[{"@type":"SearchAction","target":{"@type":"EntryPoint","urlTemplate":"https:\/\/conform.se\/?s={search_term_string}"},"query-input":{"@type":"PropertyValueSpecification","valueRequired":true,"valueName":"search_term_string"}}],"inLanguage":"en-US"}]}},"_links":{"self":[{"href":"https:\/\/conform.se\/en_us\/wp-json\/wp\/v2\/pages\/51296","targetHints":{"allow":["GET"]}}],"collection":[{"href":"https:\/\/conform.se\/en_us\/wp-json\/wp\/v2\/pages"}],"about":[{"href":"https:\/\/conform.se\/en_us\/wp-json\/wp\/v2\/types\/page"}],"author":[{"embeddable":true,"href":"https:\/\/conform.se\/en_us\/wp-json\/wp\/v2\/users\/1"}],"replies":[{"embeddable":true,"href":"https:\/\/conform.se\/en_us\/wp-json\/wp\/v2\/comments?post=51296"}],"version-history":[{"count":0,"href":"https:\/\/conform.se\/en_us\/wp-json\/wp\/v2\/pages\/51296\/revisions"}],"up":[{"embeddable":true,"href":"https:\/\/conform.se\/en_us\/wp-json\/wp\/v2\/pages\/15"}],"wp:attachment":[{"href":"https:\/\/conform.se\/en_us\/wp-json\/wp\/v2\/media?parent=51296"}],"curies":[{"name":"wp","href":"https:\/\/api.w.org\/{rel}","templated":true}]}}