{"id":51340,"date":"2021-06-07T11:34:00","date_gmt":"2021-06-07T09:34:00","guid":{"rendered":"http:\/\/cc.mathinic.nu\/?page_id=51340"},"modified":"2021-06-22T22:37:28","modified_gmt":"2021-06-22T20:37:28","slug":"inspiration","status":"publish","type":"page","link":"https:\/\/conform.se\/en_us\/about-us\/inspiration\/","title":{"rendered":"Inspiration"},"content":{"rendered":"<p>[et_pb_section fb_built=&#8221;1&#8243; _builder_version=&#8221;4.9.4&#8243; _module_preset=&#8221;default&#8221;][et_pb_row _builder_version=&#8221;4.9.4&#8243; _module_preset=&#8221;default&#8221;][et_pb_column type=&#8221;4_4&#8243; _builder_version=&#8221;4.9.4&#8243; _module_preset=&#8221;default&#8221;][et_pb_text _builder_version=&#8221;4.9.4&#8243; _module_preset=&#8221;default&#8221; text_orientation=&#8221;center&#8221; hover_enabled=&#8221;0&#8243; header_2_font_size=&#8221;55px&#8221; sticky_enabled=&#8221;0&#8243;]<\/p>\n<h2>Inspiration<\/h2>\n<p>[\/et_pb_text][el_masonry_gallery image_ids=&#8221;51144,51143,51145,50979,50992,50989,51055,51035,51289,51061,51062,51232,51230,51201,50934,51114,51083,1097,1100,49942,51183,51134,51176,51166,51177&#8243; column_spacing=&#8221;20px&#8221; enable_lightbox=&#8221;on&#8221; lightbox_effect=&#8221;zoom&#8221; _builder_version=&#8221;4.9.4&#8243; _module_preset=&#8221;default&#8221;][\/el_masonry_gallery][\/et_pb_column][\/et_pb_row][\/et_pb_section]<\/p>","protected":false},"excerpt":{"rendered":"<p>Inspiration<div class=\"et_pb_module el_masonry_gallery el_masonry_gallery_0\">\n\t\t\t\t\n\t\t\t\t\n\t\t\t\t\n\t\t\t\t\n\t\t\t\t\n\t\t\t\t\n\t\t\t\t<div class=\"et_pb_module_inner\">\n\t\t\t\t\t\n\t\t\t<div class=\"el_masonry_gallery_wrapper\"data-enable_lightbox=\"on\" data-lightbox_effect=\"zoom\" data-enable_navigation=\"on\" data-lightbox_navigate_current=\"on\" data-isotope_transition_duration=\"400\" data-lightbox_transition_duration=\"300\">\n\t\t\t\t<div class=\"el_masonry_gallery_item_gutter\"><\/div>\n\t\t\t\t<div data-mfp-src=\"https:\/\/conform.se\/wp-content\/uploads\/2021\/06\/Air_brochure_2020.jpg\" class=\"el_masonry_gallery_item\">\n\t\t\t\t\t\t<div class=\"el_masonry_gallery_image_wrapper\"><img width=\"225\" height=\"300\" src=\"https:\/\/conform.se\/wp-content\/uploads\/2021\/06\/Air_brochure_2020-225x300.jpg\" class=\"attachment-medium size-medium no-lazyload skip-lazy\" alt=\"\" decoding=\"async\" loading=\"lazy\" \/> <\/div>\n\t\t\t\t\t\t\n\t\t\t\t\t<\/div><div data-mfp-src=\"https:\/\/conform.se\/wp-content\/uploads\/2021\/06\/Air_2017.jpg\" class=\"el_masonry_gallery_item\">\n\t\t\t\t\t\t<div class=\"el_masonry_gallery_image_wrapper\"><img width=\"300\" height=\"193\" src=\"https:\/\/conform.se\/wp-content\/uploads\/2021\/06\/Air_2017-300x193.jpg\" class=\"attachment-medium size-medium no-lazyload skip-lazy\" alt=\"\" decoding=\"async\" loading=\"lazy\" \/> <\/div>\n\t\t\t\t\t\t\n\t\t\t\t\t<\/div><div data-mfp-src=\"https:\/\/conform.se\/wp-content\/uploads\/2021\/06\/Air_Oak_Fantasy_pure_white-2017.jpg\" class=\"el_masonry_gallery_item\">\n\t\t\t\t\t\t<div class=\"el_masonry_gallery_image_wrapper\"><img width=\"225\" height=\"300\" src=\"https:\/\/conform.se\/wp-content\/uploads\/2021\/06\/Air_Oak_Fantasy_pure_white-2017-225x300.jpg\" class=\"attachment-medium size-medium no-lazyload skip-lazy\" alt=\"\" decoding=\"async\" loading=\"lazy\" \/> <\/div>\n\t\t\t\t\t\t\n\t\t\t\t\t<\/div><div data-mfp-src=\"https:\/\/conform.se\/wp-content\/uploads\/2021\/05\/Beyoung_Evita_sand_2019.jpg\" class=\"el_masonry_gallery_item\">\n\t\t\t\t\t\t<div class=\"el_masonry_gallery_image_wrapper\"><img width=\"225\" height=\"300\" src=\"https:\/\/conform.se\/wp-content\/uploads\/2021\/05\/Beyoung_Evita_sand_2019-225x300.jpg\" class=\"attachment-medium size-medium no-lazyload skip-lazy\" alt=\"\" decoding=\"async\" loading=\"lazy\" \/> <\/div>\n\t\t\t\t\t\t\n\t\t\t\t\t<\/div><div data-mfp-src=\"https:\/\/conform.se\/wp-content\/uploads\/2021\/05\/Beyoung_with_footrest_brochure_2020.jpg\" class=\"el_masonry_gallery_item\">\n\t\t\t\t\t\t<div class=\"el_masonry_gallery_image_wrapper\"><img width=\"225\" height=\"300\" src=\"https:\/\/conform.se\/wp-content\/uploads\/2021\/05\/Beyoung_with_footrest_brochure_2020-225x300.jpg\" class=\"attachment-medium size-medium no-lazyload skip-lazy\" alt=\"\" decoding=\"async\" loading=\"lazy\" \/> <\/div>\n\t\t\t\t\t\t\n\t\t\t\t\t<\/div><div data-mfp-src=\"https:\/\/conform.se\/wp-content\/uploads\/2021\/05\/Beyoung_Low_broschyr_2020.jpg\" class=\"el_masonry_gallery_item\">\n\t\t\t\t\t\t<div class=\"el_masonry_gallery_image_wrapper\"><img width=\"225\" height=\"300\" src=\"https:\/\/conform.se\/wp-content\/uploads\/2021\/05\/Beyoung_Low_broschyr_2020-225x300.jpg\" class=\"attachment-medium size-medium no-lazyload skip-lazy\" alt=\"\" decoding=\"async\" loading=\"lazy\" \/> <\/div>\n\t\t\t\t\t\t\n\t\t\t\t\t<\/div><div data-mfp-src=\"https:\/\/conform.se\/wp-content\/uploads\/2021\/05\/Bravo_2019_5.jpg\" class=\"el_masonry_gallery_item\">\n\t\t\t\t\t\t<div class=\"el_masonry_gallery_image_wrapper\"><img width=\"300\" height=\"193\" src=\"https:\/\/conform.se\/wp-content\/uploads\/2021\/05\/Bravo_2019_5-300x193.jpg\" class=\"attachment-medium size-medium no-lazyload skip-lazy\" alt=\"\" decoding=\"async\" loading=\"lazy\" \/> <\/div>\n\t\t\t\t\t\t\n\t\t\t\t\t<\/div><div data-mfp-src=\"https:\/\/conform.se\/wp-content\/uploads\/2021\/05\/Bravo_Western_cognac_2019-1.jpg\" class=\"el_masonry_gallery_item\">\n\t\t\t\t\t\t<div class=\"el_masonry_gallery_image_wrapper\"><img width=\"225\" height=\"300\" src=\"https:\/\/conform.se\/wp-content\/uploads\/2021\/05\/Bravo_Western_cognac_2019-1-225x300.jpg\" class=\"attachment-medium size-medium no-lazyload skip-lazy\" alt=\"\" decoding=\"async\" loading=\"lazy\" \/> <\/div>\n\t\t\t\t\t\t\n\t\t\t\t\t<\/div><div data-mfp-src=\"https:\/\/conform.se\/wp-content\/uploads\/2021\/06\/Easy_oak_Sheepskin_graphite_2017.jpg\" class=\"el_masonry_gallery_item\">\n\t\t\t\t\t\t<div class=\"el_masonry_gallery_image_wrapper\"><img width=\"225\" height=\"300\" src=\"https:\/\/conform.se\/wp-content\/uploads\/2021\/06\/Easy_oak_Sheepskin_graphite_2017-225x300.jpg\" class=\"attachment-medium size-medium no-lazyload skip-lazy\" alt=\"\" decoding=\"async\" loading=\"lazy\" \/> <\/div>\n\t\t\t\t\t\t\n\t\t\t\t\t<\/div><div data-mfp-src=\"https:\/\/conform.se\/wp-content\/uploads\/2021\/06\/Flow_Mercedes_dark_blue_2019.jpg\" class=\"el_masonry_gallery_item\">\n\t\t\t\t\t\t<div class=\"el_masonry_gallery_image_wrapper\"><img width=\"225\" height=\"300\" src=\"https:\/\/conform.se\/wp-content\/uploads\/2021\/06\/Flow_Mercedes_dark_blue_2019-225x300.jpg\" class=\"attachment-medium size-medium no-lazyload skip-lazy\" alt=\"\" decoding=\"async\" loading=\"lazy\" \/> <\/div>\n\t\t\t\t\t\t\n\t\t\t\t\t<\/div><div data-mfp-src=\"https:\/\/conform.se\/wp-content\/uploads\/2021\/06\/Flow_Sheford_Dark_blue-2017.jpg\" class=\"el_masonry_gallery_item\">\n\t\t\t\t\t\t<div class=\"el_masonry_gallery_image_wrapper\"><img width=\"225\" height=\"300\" src=\"https:\/\/conform.se\/wp-content\/uploads\/2021\/06\/Flow_Sheford_Dark_blue-2017-225x300.jpg\" class=\"attachment-medium size-medium no-lazyload skip-lazy\" alt=\"\" decoding=\"async\" loading=\"lazy\" \/> <\/div>\n\t\t\t\t\t\t\n\t\t\t\t\t<\/div><div data-mfp-src=\"https:\/\/conform.se\/wp-content\/uploads\/2021\/06\/Gaga_Nektar_2_broschyr_2020.jpg\" class=\"el_masonry_gallery_item\">\n\t\t\t\t\t\t<div class=\"el_masonry_gallery_image_wrapper\"><img width=\"300\" height=\"193\" src=\"https:\/\/conform.se\/wp-content\/uploads\/2021\/06\/Gaga_Nektar_2_broschyr_2020-300x193.jpg\" class=\"attachment-medium size-medium no-lazyload skip-lazy\" alt=\"\" decoding=\"async\" loading=\"lazy\" \/> <\/div>\n\t\t\t\t\t\t\n\t\t\t\t\t<\/div><div data-mfp-src=\"https:\/\/conform.se\/wp-content\/uploads\/2021\/06\/Gaga_brochure_2020.jpg\" class=\"el_masonry_gallery_item\">\n\t\t\t\t\t\t<div class=\"el_masonry_gallery_image_wrapper\"><img width=\"225\" height=\"300\" src=\"https:\/\/conform.se\/wp-content\/uploads\/2021\/06\/Gaga_brochure_2020-225x300.jpg\" class=\"attachment-medium size-medium no-lazyload skip-lazy\" alt=\"\" decoding=\"async\" loading=\"lazy\" \/> <\/div>\n\t\t\t\t\t\t\n\t\t\t\t\t<\/div><div data-mfp-src=\"https:\/\/conform.se\/wp-content\/uploads\/2021\/06\/Conform_gazelle_151208_NY.jpg\" class=\"el_masonry_gallery_item\">\n\t\t\t\t\t\t<div class=\"el_masonry_gallery_image_wrapper\"><img width=\"225\" height=\"300\" src=\"https:\/\/conform.se\/wp-content\/uploads\/2021\/06\/Conform_gazelle_151208_NY-225x300.jpg\" class=\"attachment-medium size-medium no-lazyload skip-lazy\" alt=\"\" decoding=\"async\" loading=\"lazy\" \/> <\/div>\n\t\t\t\t\t\t\n\t\t\t\t\t<\/div><div data-mfp-src=\"https:\/\/conform.se\/wp-content\/uploads\/2021\/05\/Globe_Evita_Pearl-2_2018.jpg\" class=\"el_masonry_gallery_item\">\n\t\t\t\t\t\t<div class=\"el_masonry_gallery_image_wrapper\"><img width=\"225\" height=\"300\" src=\"https:\/\/conform.se\/wp-content\/uploads\/2021\/05\/Globe_Evita_Pearl-2_2018-225x300.jpg\" class=\"attachment-medium size-medium no-lazyload skip-lazy\" alt=\"\" decoding=\"async\" loading=\"lazy\" \/> <\/div>\n\t\t\t\t\t\t\n\t\t\t\t\t<\/div><div data-mfp-src=\"https:\/\/conform.se\/wp-content\/uploads\/2021\/06\/Gyro_Nubuck_pink_2016.jpg\" class=\"el_masonry_gallery_item\">\n\t\t\t\t\t\t<div class=\"el_masonry_gallery_image_wrapper\"><img width=\"225\" height=\"300\" src=\"https:\/\/conform.se\/wp-content\/uploads\/2021\/06\/Gyro_Nubuck_pink_2016-225x300.jpg\" class=\"attachment-medium size-medium no-lazyload skip-lazy\" alt=\"\" decoding=\"async\" loading=\"lazy\" \/> <\/div>\n\t\t\t\t\t\t\n\t\t\t\t\t<\/div><div data-mfp-src=\"https:\/\/conform.se\/wp-content\/uploads\/2021\/06\/Joy_Evita_Rasberry__2015.jpg\" class=\"el_masonry_gallery_item\">\n\t\t\t\t\t\t<div class=\"el_masonry_gallery_image_wrapper\"><img width=\"225\" height=\"300\" src=\"https:\/\/conform.se\/wp-content\/uploads\/2021\/06\/Joy_Evita_Rasberry__2015-225x300.jpg\" class=\"attachment-medium size-medium no-lazyload skip-lazy\" alt=\"\" decoding=\"async\" loading=\"lazy\" \/> <\/div>\n\t\t\t\t\t\t\n\t\t\t\t\t<\/div><div data-mfp-src=\"https:\/\/conform.se\/wp-content\/uploads\/2021\/03\/Timeout_Evita_Black_2018-1.jpg\" class=\"el_masonry_gallery_item\">\n\t\t\t\t\t\t<div class=\"el_masonry_gallery_image_wrapper\"><img width=\"225\" height=\"300\" src=\"https:\/\/conform.se\/wp-content\/uploads\/2021\/03\/Timeout_Evita_Black_2018-1-225x300.jpg\" class=\"attachment-medium size-medium no-lazyload skip-lazy\" alt=\"\" decoding=\"async\" loading=\"lazy\" \/> <\/div>\n\t\t\t\t\t\t\n\t\t\t\t\t<\/div><div data-mfp-src=\"https:\/\/conform.se\/wp-content\/uploads\/2021\/03\/Timeout_Western_Cognac_2018-1.jpg\" class=\"el_masonry_gallery_item\">\n\t\t\t\t\t\t<div class=\"el_masonry_gallery_image_wrapper\"><img width=\"300\" height=\"204\" src=\"https:\/\/conform.se\/wp-content\/uploads\/2021\/03\/Timeout_Western_Cognac_2018-1-300x204.jpg\" class=\"attachment-medium size-medium no-lazyload skip-lazy\" alt=\"\" decoding=\"async\" loading=\"lazy\" \/> <\/div>\n\t\t\t\t\t\t\n\t\t\t\t\t<\/div><div data-mfp-src=\"https:\/\/conform.se\/wp-content\/uploads\/2021\/05\/Timeout_Footrest.jpg\" class=\"el_masonry_gallery_item\">\n\t\t\t\t\t\t<div class=\"el_masonry_gallery_image_wrapper\"><img width=\"220\" height=\"300\" src=\"https:\/\/conform.se\/wp-content\/uploads\/2021\/05\/Timeout_Footrest-220x300.jpg\" class=\"attachment-medium size-medium no-lazyload skip-lazy\" alt=\"\" decoding=\"async\" loading=\"lazy\" \/> <\/div>\n\t\t\t\t\t\t\n\t\t\t\t\t<\/div><div data-mfp-src=\"https:\/\/conform.se\/wp-content\/uploads\/2021\/06\/Turtle_Evita_orange_2017.jpg\" class=\"el_masonry_gallery_item\">\n\t\t\t\t\t\t<div class=\"el_masonry_gallery_image_wrapper\"><img width=\"225\" height=\"300\" src=\"https:\/\/conform.se\/wp-content\/uploads\/2021\/06\/Turtle_Evita_orange_2017-225x300.jpg\" class=\"attachment-medium size-medium no-lazyload skip-lazy\" alt=\"\" decoding=\"async\" loading=\"lazy\" \/> <\/div>\n\t\t\t\t\t\t\n\t\t\t\t\t<\/div><div data-mfp-src=\"https:\/\/conform.se\/wp-content\/uploads\/2021\/06\/Starlight_Sheepskin_graphite_2019.jpg\" class=\"el_masonry_gallery_item\">\n\t\t\t\t\t\t<div class=\"el_masonry_gallery_image_wrapper\"><img width=\"225\" height=\"300\" src=\"https:\/\/conform.se\/wp-content\/uploads\/2021\/06\/Starlight_Sheepskin_graphite_2019-225x300.jpg\" class=\"attachment-medium size-medium no-lazyload skip-lazy\" alt=\"\" decoding=\"async\" loading=\"lazy\" \/> <\/div>\n\t\t\t\t\t\t\n\t\t\t\t\t<\/div><div data-mfp-src=\"https:\/\/conform.se\/wp-content\/uploads\/2021\/06\/Shabby_armchair_Jesolo_Cognac_-2017.jpg\" class=\"el_masonry_gallery_item\">\n\t\t\t\t\t\t<div class=\"el_masonry_gallery_image_wrapper\"><img width=\"300\" height=\"193\" src=\"https:\/\/conform.se\/wp-content\/uploads\/2021\/06\/Shabby_armchair_Jesolo_Cognac_-2017-300x193.jpg\" class=\"attachment-medium size-medium no-lazyload skip-lazy\" alt=\"\" decoding=\"async\" loading=\"lazy\" \/> <\/div>\n\t\t\t\t\t\t\n\t\t\t\t\t<\/div><div data-mfp-src=\"https:\/\/conform.se\/wp-content\/uploads\/2021\/06\/Shabby_brochure_2020.jpg\" class=\"el_masonry_gallery_item\">\n\t\t\t\t\t\t<div class=\"el_masonry_gallery_image_wrapper\"><img width=\"225\" height=\"300\" src=\"https:\/\/conform.se\/wp-content\/uploads\/2021\/06\/Shabby_brochure_2020-225x300.jpg\" class=\"attachment-medium size-medium no-lazyload skip-lazy\" alt=\"\" decoding=\"async\" loading=\"lazy\" \/> <\/div>\n\t\t\t\t\t\t\n\t\t\t\t\t<\/div><div data-mfp-src=\"https:\/\/conform.se\/wp-content\/uploads\/2021\/06\/Shabby_Jesolo_cognac_-2_-2017.jpg\" class=\"el_masonry_gallery_item\">\n\t\t\t\t\t\t<div class=\"el_masonry_gallery_image_wrapper\"><img width=\"300\" height=\"193\" src=\"https:\/\/conform.se\/wp-content\/uploads\/2021\/06\/Shabby_Jesolo_cognac_-2_-2017-300x193.jpg\" class=\"attachment-medium size-medium no-lazyload skip-lazy\" alt=\"\" decoding=\"async\" loading=\"lazy\" \/> <\/div>\n\t\t\t\t\t\t\n\t\t\t\t\t<\/div>\n\t\t\t<\/div>\n\t\t\t\n\t\t\t\t<\/div>\n\t\t\t<\/div><\/p>","protected":false},"author":1,"featured_media":0,"parent":15,"menu_order":0,"comment_status":"closed","ping_status":"closed","template":"","meta":{"_acf_changed":false,"_et_pb_use_builder":"on","_et_pb_old_content":"","_et_gb_content_width":"","footnotes":""},"class_list":["post-51340","page","type-page","status-publish","hentry"],"acf":[],"yoast_head":"<!-- This site is optimized with the Yoast SEO plugin v26.3 - https:\/\/yoast.com\/wordpress\/plugins\/seo\/ -->\n<title>Inspiration - Conform Collection AB<\/title>\n<meta name=\"robots\" content=\"index, follow, max-snippet:-1, max-image-preview:large, max-video-preview:-1\" \/>\n<link rel=\"canonical\" href=\"https:\/\/conform.se\/en_us\/about-us\/inspiration\/\" \/>\n<meta property=\"og:locale\" content=\"en_US\" \/>\n<meta property=\"og:type\" content=\"article\" \/>\n<meta property=\"og:title\" content=\"Inspiration - Conform Collection AB\" \/>\n<meta property=\"og:description\" content=\"Inspiration\" \/>\n<meta property=\"og:url\" content=\"https:\/\/conform.se\/en_us\/about-us\/inspiration\/\" \/>\n<meta property=\"og:site_name\" content=\"Conform Collection AB\" \/>\n<meta property=\"article:modified_time\" content=\"2021-06-22T20:37:28+00:00\" \/>\n<meta name=\"twitter:card\" content=\"summary_large_image\" \/>\n<script type=\"application\/ld+json\" class=\"yoast-schema-graph\">{\"@context\":\"https:\/\/schema.org\",\"@graph\":[{\"@type\":\"WebPage\",\"@id\":\"https:\/\/conform.se\/om-oss\/inspiration\/\",\"url\":\"https:\/\/conform.se\/om-oss\/inspiration\/\",\"name\":\"Inspiration - Conform Collection AB\",\"isPartOf\":{\"@id\":\"https:\/\/conform.se\/#website\"},\"datePublished\":\"2021-06-07T09:34:00+00:00\",\"dateModified\":\"2021-06-22T20:37:28+00:00\",\"breadcrumb\":{\"@id\":\"https:\/\/conform.se\/om-oss\/inspiration\/#breadcrumb\"},\"inLanguage\":\"en-US\",\"potentialAction\":[{\"@type\":\"ReadAction\",\"target\":[\"https:\/\/conform.se\/om-oss\/inspiration\/\"]}]},{\"@type\":\"BreadcrumbList\",\"@id\":\"https:\/\/conform.se\/om-oss\/inspiration\/#breadcrumb\",\"itemListElement\":[{\"@type\":\"ListItem\",\"position\":1,\"name\":\"Hem\",\"item\":\"https:\/\/conform.se\/\"},{\"@type\":\"ListItem\",\"position\":2,\"name\":\"OM OSS\",\"item\":\"https:\/\/conform.se\/om-oss\/\"},{\"@type\":\"ListItem\",\"position\":3,\"name\":\"Inspiration\"}]},{\"@type\":\"WebSite\",\"@id\":\"https:\/\/conform.se\/#website\",\"url\":\"https:\/\/conform.se\/\",\"name\":\"Conform Collection AB\",\"description\":\"En f\u00e5t\u00f6lj fr\u00e5n Conform \u00e4r en v\u00e4lgjord f\u00e5t\u00f6lj av h\u00f6gsta kvalitet.\",\"potentialAction\":[{\"@type\":\"SearchAction\",\"target\":{\"@type\":\"EntryPoint\",\"urlTemplate\":\"https:\/\/conform.se\/?s={search_term_string}\"},\"query-input\":{\"@type\":\"PropertyValueSpecification\",\"valueRequired\":true,\"valueName\":\"search_term_string\"}}],\"inLanguage\":\"en-US\"}]}<\/script>\n<!-- \/ Yoast SEO plugin. -->","yoast_head_json":{"title":"Inspiration - Conform Collection AB","robots":{"index":"index","follow":"follow","max-snippet":"max-snippet:-1","max-image-preview":"max-image-preview:large","max-video-preview":"max-video-preview:-1"},"canonical":"https:\/\/conform.se\/en_us\/about-us\/inspiration\/","og_locale":"en_US","og_type":"article","og_title":"Inspiration - Conform Collection AB","og_description":"Inspiration","og_url":"https:\/\/conform.se\/en_us\/about-us\/inspiration\/","og_site_name":"Conform Collection AB","article_modified_time":"2021-06-22T20:37:28+00:00","twitter_card":"summary_large_image","schema":{"@context":"https:\/\/schema.org","@graph":[{"@type":"WebPage","@id":"https:\/\/conform.se\/om-oss\/inspiration\/","url":"https:\/\/conform.se\/om-oss\/inspiration\/","name":"Inspiration - Conform Collection AB","isPartOf":{"@id":"https:\/\/conform.se\/#website"},"datePublished":"2021-06-07T09:34:00+00:00","dateModified":"2021-06-22T20:37:28+00:00","breadcrumb":{"@id":"https:\/\/conform.se\/om-oss\/inspiration\/#breadcrumb"},"inLanguage":"en-US","potentialAction":[{"@type":"ReadAction","target":["https:\/\/conform.se\/om-oss\/inspiration\/"]}]},{"@type":"BreadcrumbList","@id":"https:\/\/conform.se\/om-oss\/inspiration\/#breadcrumb","itemListElement":[{"@type":"ListItem","position":1,"name":"Hem","item":"https:\/\/conform.se\/"},{"@type":"ListItem","position":2,"name":"OM OSS","item":"https:\/\/conform.se\/om-oss\/"},{"@type":"ListItem","position":3,"name":"Inspiration"}]},{"@type":"WebSite","@id":"https:\/\/conform.se\/#website","url":"https:\/\/conform.se\/","name":"Conform Collection AB","description":"En f\u00e5t\u00f6lj fr\u00e5n Conform \u00e4r en v\u00e4lgjord f\u00e5t\u00f6lj av h\u00f6gsta kvalitet.","potentialAction":[{"@type":"SearchAction","target":{"@type":"EntryPoint","urlTemplate":"https:\/\/conform.se\/?s={search_term_string}"},"query-input":{"@type":"PropertyValueSpecification","valueRequired":true,"valueName":"search_term_string"}}],"inLanguage":"en-US"}]}},"_links":{"self":[{"href":"https:\/\/conform.se\/en_us\/wp-json\/wp\/v2\/pages\/51340","targetHints":{"allow":["GET"]}}],"collection":[{"href":"https:\/\/conform.se\/en_us\/wp-json\/wp\/v2\/pages"}],"about":[{"href":"https:\/\/conform.se\/en_us\/wp-json\/wp\/v2\/types\/page"}],"author":[{"embeddable":true,"href":"https:\/\/conform.se\/en_us\/wp-json\/wp\/v2\/users\/1"}],"replies":[{"embeddable":true,"href":"https:\/\/conform.se\/en_us\/wp-json\/wp\/v2\/comments?post=51340"}],"version-history":[{"count":0,"href":"https:\/\/conform.se\/en_us\/wp-json\/wp\/v2\/pages\/51340\/revisions"}],"up":[{"embeddable":true,"href":"https:\/\/conform.se\/en_us\/wp-json\/wp\/v2\/pages\/15"}],"wp:attachment":[{"href":"https:\/\/conform.se\/en_us\/wp-json\/wp\/v2\/media?parent=51340"}],"curies":[{"name":"wp","href":"https:\/\/api.w.org\/{rel}","templated":true}]}}