{"id":51737,"date":"2021-06-09T12:30:39","date_gmt":"2021-06-09T10:30:39","guid":{"rendered":"http:\/\/cc.mathinic.nu\/?page_id=51737"},"modified":"2023-01-20T13:44:33","modified_gmt":"2023-01-20T12:44:33","slug":"nagra-ord-om-lader","status":"publish","type":"page","link":"https:\/\/conform.se\/en_us\/products\/a-few-words-about\/","title":{"rendered":"N\u00e5gra ord om l\u00e4der"},"content":{"rendered":"<p>[et_pb_section fb_built=&#8221;1&#8243; _builder_version=&#8221;4.16&#8243; _module_preset=&#8221;default&#8221; custom_margin=&#8221;0px||||false|false&#8221; custom_padding=&#8221;0px||||false|false&#8221; global_colors_info=&#8221;{}&#8221;][et_pb_row column_structure=&#8221;2_3,1_3&#8243; _builder_version=&#8221;4.16&#8243; _module_preset=&#8221;default&#8221; global_colors_info=&#8221;{}&#8221;][et_pb_column type=&#8221;2_3&#8243; _builder_version=&#8221;4.16&#8243; _module_preset=&#8221;default&#8221; global_colors_info=&#8221;{}&#8221;][et_pb_image src=&#8221;https:\/\/conform.se\/wp-content\/uploads\/2021\/06\/23_2014_CONFORM_HOLSBYBRUNN_131122_2159.jpg&#8221; title_text=&#8221;23_2014_CONFORM_HOLSBYBRUNN_131122_2159&#8243; _builder_version=&#8221;4.16&#8243; _module_preset=&#8221;default&#8221; global_colors_info=&#8221;{}&#8221;][\/et_pb_image][\/et_pb_column][et_pb_column type=&#8221;1_3&#8243; _builder_version=&#8221;4.16&#8243; _module_preset=&#8221;default&#8221; global_colors_info=&#8221;{}&#8221;][et_pb_text _builder_version=&#8221;4.16&#8243; _module_preset=&#8221;default&#8221; text_text_color=&#8221;#000000&#8243; text_font_size=&#8221;16px&#8221; text_letter_spacing=&#8221;0.2px&#8221; text_line_height=&#8221;1.4em&#8221; header_font=&#8221;MillerBannerLight||||||||&#8221; header_font_size=&#8221;55px&#8221; width=&#8221;225px&#8221; width_tablet=&#8221;&#8221; width_phone=&#8221;&#8221; width_last_edited=&#8221;on|phone&#8221; max_width=&#8221;225px&#8221; max_width_tablet=&#8221;&#8221; max_width_phone=&#8221;&#8221; max_width_last_edited=&#8221;on|desktop&#8221; custom_margin=&#8221;50px||||false|false&#8221; custom_margin_phone=&#8221;20px|20px|20px|20px|false|false&#8221; custom_margin_last_edited=&#8221;off|desktop&#8221; custom_padding=&#8221;||||false|false&#8221; header_font_size_tablet=&#8221;&#8221; header_font_size_phone=&#8221;30px&#8221; header_font_size_last_edited=&#8221;on|phone&#8221; global_colors_info=&#8221;{}&#8221;]<\/p>\n<h1>A few words about\u2026<\/h1>\n<p>[\/et_pb_text][et_pb_text _builder_version=&#8221;4.16&#8243; _module_preset=&#8221;default&#8221; text_text_color=&#8221;#000000&#8243; text_font_size=&#8221;16px&#8221; text_letter_spacing=&#8221;0.2px&#8221; text_line_height=&#8221;1.4em&#8221; header_font=&#8221;MillerBannerLight||||||||&#8221; header_font_size=&#8221;55px&#8221; width_last_edited=&#8221;off|desktop&#8221; max_width_last_edited=&#8221;off|phone&#8221; custom_margin=&#8221;||||false|false&#8221; custom_margin_phone=&#8221;20px|20px|20px|20px|false|false&#8221; custom_margin_last_edited=&#8221;off|phone&#8221; custom_padding=&#8221;||||false|false&#8221; header_font_size_tablet=&#8221;&#8221; header_font_size_phone=&#8221;30px&#8221; header_font_size_last_edited=&#8221;on|phone&#8221; global_colors_info=&#8221;{}&#8221; width__hover_enabled=&#8221;off|desktop&#8221;]<strong>\u2026 leather.<\/strong><br \/>\nWe work primarily with three different  grades of leather: standard, semi-aniline,  and aniline leather. Their qualities differ \u2013 just like the preferences, taste and needs of our users.<\/p>\n<p>Our standard leather is a corrected, cover-dyed and grained leather, where most of the natural irregularities are removed. It is very resistant to stains and dirt, and easy to keep clean.<\/p>\n<p>Semi-aniline leather is soft and dyed with a light, slightly coloured coating. Some natural irregularities and marks may be present. It breathes well and offers good comfort.<br \/>\n[\/et_pb_text][et_pb_text disabled_on=&#8221;off|off|on&#8221; _builder_version=&#8221;4.18.1&#8243; _module_preset=&#8221;default&#8221; text_text_color=&#8221;#000000&#8243; text_font_size=&#8221;16px&#8221; text_letter_spacing=&#8221;0.2px&#8221; text_line_height=&#8221;1.4em&#8221; header_font=&#8221;MillerBannerLight||||||||&#8221; header_font_size=&#8221;55px&#8221; width_last_edited=&#8221;off|desktop&#8221; max_width_last_edited=&#8221;off|phone&#8221; custom_margin=&#8221;||||false|false&#8221; custom_margin_phone=&#8221;20px|20px|20px|20px|false|false&#8221; custom_margin_last_edited=&#8221;off|phone&#8221; custom_padding=&#8221;||||false|false&#8221; header_font_size_tablet=&#8221;&#8221; header_font_size_phone=&#8221;30px&#8221; header_font_size_last_edited=&#8221;on|phone&#8221; global_colors_info=&#8221;{}&#8221; width__hover_enabled=&#8221;off|desktop&#8221;]<\/p>\n<p>Aniline leather is our finest and most natural-looking leather. It has a light coating and is coloured only with dye. This very smooth leather gets beautifully patinated with age when properly treat-ed. It requires some extra care since the surface is bare, but it gives your furniture a unique character with its natural hues and marks.<\/p>\n<p><strong>\u2026 sheepskin.<\/strong><br \/>Our sheepskins come from some of the  most respected sheep farmers in Australia.  The skins are from Crossbred sheep only, guaranteeing a high quality. They are naturally curly, and can vary in terms of curl and shade.<\/p>\n<p><strong>\u2026 colour samples.<\/strong><br \/>Keep in mind that two different pieces of leather will not and should not look identical. Our samples are therefore  only an indication. The skins and leathers  are prepared and dyed according to  high standards of environmental and animal care.<\/p>\n<p>&nbsp;<\/p>\n<p>[\/et_pb_text][\/et_pb_column][\/et_pb_row][\/et_pb_section][et_pb_section fb_built=&#8221;1&#8243; _builder_version=&#8221;4.16&#8243; _module_preset=&#8221;default&#8221; custom_margin=&#8221;0px||||false|false&#8221; custom_padding=&#8221;0px||||false|false&#8221; global_colors_info=&#8221;{}&#8221;][et_pb_row column_structure=&#8221;1_3,1_3,1_3&#8243; disabled_on=&#8221;on|on|off&#8221; _builder_version=&#8221;4.18.1&#8243; _module_preset=&#8221;default&#8221; custom_margin=&#8221;0px||||false|false&#8221; custom_padding=&#8221;0px||||false|false&#8221; global_colors_info=&#8221;{}&#8221;][et_pb_column type=&#8221;1_3&#8243; _builder_version=&#8221;4.16&#8243; _module_preset=&#8221;default&#8221; global_colors_info=&#8221;{}&#8221;][et_pb_text _builder_version=&#8221;4.18.1&#8243; _module_preset=&#8221;default&#8221; text_font_size=&#8221;16px&#8221; width=&#8221;360px&#8221; max_width=&#8221;360px&#8221; custom_margin=&#8221;|||215px|false|false&#8221; custom_margin_tablet=&#8221;|||215px|false|false&#8221; custom_margin_phone=&#8221;|||0px|false|false&#8221; custom_margin_last_edited=&#8221;on|phone&#8221; global_colors_info=&#8221;{}&#8221;]<\/p>\n<p>Aniline leather is our finest and most natural-looking leather. It has a light coating and is coloured only with dye. This very smooth leather gets beautifully patinated with age when properly treat-ed. It requires some extra care since the surface is bare, but it gives your furniture a unique character with its natural hues and marks.<\/p>\n<p><strong>\u2026 sheepskin.<\/strong><br \/>Our sheepskins come from some of the  most respected sheep farmers in Australia.  The skins are from Crossbred sheep only, guaranteeing a high quality. They are naturally curly, and can vary in terms of curl and shade.<\/p>\n<p><strong>\u2026 colour samples.<\/strong><br \/>Keep in mind that two different pieces of leather will not and should not look identical. Our samples are therefore  only an indication. The skins and leathers  are prepared and dyed according to  high standards of environmental and animal care.<\/p>\n<p>[\/et_pb_text][\/et_pb_column][et_pb_column type=&#8221;1_3&#8243; _builder_version=&#8221;4.16&#8243; _module_preset=&#8221;default&#8221; global_colors_info=&#8221;{}&#8221;][et_pb_image src=&#8221;https:\/\/conform.se\/wp-content\/uploads\/2021\/06\/33_2014_CONFORM.jpg&#8221; title_text=&#8221;33_2014_CONFORM&#8221; align=&#8221;right&#8221; _builder_version=&#8221;4.16&#8243; _module_preset=&#8221;default&#8221; width=&#8221;200px&#8221; width_tablet=&#8221;&#8221; width_phone=&#8221;&#8221; width_last_edited=&#8221;on|phone&#8221; module_alignment=&#8221;right&#8221; custom_margin=&#8221;||||false|false&#8221; global_colors_info=&#8221;{}&#8221;][\/et_pb_image][\/et_pb_column][et_pb_column type=&#8221;1_3&#8243; _builder_version=&#8221;4.16&#8243; _module_preset=&#8221;default&#8221; global_colors_info=&#8221;{}&#8221;][et_pb_image src=&#8221;https:\/\/conform.se\/wp-content\/uploads\/2021\/03\/produktionspersonal-1.jpg&#8221; title_text=&#8221;produktionspersonal&#8221; _builder_version=&#8221;4.16&#8243; _module_preset=&#8221;default&#8221; custom_margin=&#8221;60px||||false|false&#8221; global_colors_info=&#8221;{}&#8221;][\/et_pb_image][et_pb_image src=&#8221;https:\/\/conform.se\/wp-content\/uploads\/2021\/06\/01_2014_CONFORM_HOLSBYBRUNN_131122_0166.jpg&#8221; title_text=&#8221;01_2014_CONFORM_HOLSBYBRUNN_131122_0166&#8243; _builder_version=&#8221;4.16&#8243; _module_preset=&#8221;default&#8221; width=&#8221;200px&#8221; width_tablet=&#8221;&#8221; width_phone=&#8221;&#8221; width_last_edited=&#8221;on|phone&#8221; custom_margin=&#8221;90px|||-200px|false|false&#8221; global_colors_info=&#8221;{}&#8221; width__hover_enabled=&#8221;off|desktop&#8221;][\/et_pb_image][\/et_pb_column][\/et_pb_row][\/et_pb_section][et_pb_section fb_built=&#8221;1&#8243; specialty=&#8221;on&#8221; _builder_version=&#8221;4.16&#8243; _module_preset=&#8221;default&#8221; global_colors_info=&#8221;{}&#8221;][et_pb_column type=&#8221;1_2&#8243; _builder_version=&#8221;4.16&#8243; custom_padding=&#8221;|||&#8221; global_colors_info=&#8221;{}&#8221; custom_padding__hover=&#8221;|||&#8221;][\/et_pb_column][et_pb_column type=&#8221;1_2&#8243; specialty_columns=&#8221;2&#8243; _builder_version=&#8221;4.16&#8243; custom_padding=&#8221;|||&#8221; global_colors_info=&#8221;{}&#8221; custom_padding__hover=&#8221;|||&#8221;][et_pb_row_inner column_structure=&#8221;1_2,1_2&#8243; use_custom_gutter=&#8221;on&#8221; admin_label=&#8221;Rad&#8221; _builder_version=&#8221;4.16&#8243; _module_preset=&#8221;default&#8221; global_colors_info=&#8221;{}&#8221;][et_pb_column_inner type=&#8221;1_2&#8243; saved_specialty_column_type=&#8221;2_3&#8243; _builder_version=&#8221;4.16&#8243; _module_preset=&#8221;default&#8221; global_colors_info=&#8221;{}&#8221;][\/et_pb_column_inner][et_pb_column_inner type=&#8221;1_2&#8243; saved_specialty_column_type=&#8221;2_3&#8243; _builder_version=&#8221;4.16&#8243; _module_preset=&#8221;default&#8221; global_colors_info=&#8221;{}&#8221;][\/et_pb_column_inner][\/et_pb_row_inner][\/et_pb_column][\/et_pb_section][et_pb_section fb_built=&#8221;1&#8243; _builder_version=&#8221;4.16&#8243; _module_preset=&#8221;default&#8221; background_color=&#8221;#E6E1DD&#8221; custom_margin=&#8221;||62px||false|false&#8221; custom_padding=&#8221;||40px||false|false&#8221; global_colors_info=&#8221;{}&#8221;][et_pb_row _builder_version=&#8221;4.16&#8243; _module_preset=&#8221;default&#8221; width=&#8221;955px&#8221; width_tablet=&#8221;&#8221; width_phone=&#8221;&#8221; width_last_edited=&#8221;on|phone&#8221; module_alignment=&#8221;center&#8221; animation_style=&#8221;fade&#8221; global_colors_info=&#8221;{}&#8221;][et_pb_column type=&#8221;4_4&#8243; _builder_version=&#8221;4.16&#8243; _module_preset=&#8221;default&#8221; global_colors_info=&#8221;{}&#8221;][et_pb_video src=&#8221;https:\/\/youtu.be\/OaWtu0FdZ7U&#8221; _builder_version=&#8221;4.16&#8243; _module_preset=&#8221;default&#8221; global_colors_info=&#8221;{}&#8221;][\/et_pb_video][\/et_pb_column][\/et_pb_row][\/et_pb_section]<\/p>","protected":false},"excerpt":{"rendered":"<p>N\u00e5gra ord om \u2026\u2026 l\u00e4der. Vi jobbar huvudsakligen med tre l\u00e4derkvaliteter: standard-, semi-anilin- och anilinl\u00e4der. Deras egenskaper skiljer sig \u00e5t en del \u2013 precis som tycke, smak och unika behov hos slutanv\u00e4ndarna. Standardl\u00e4der \u00e4r ett korrigerat, t\u00e4ckf\u00e4rgat och narvsatt l\u00e4der d\u00e4r de flesta naturliga oregelbundheter \u00e4r avl\u00e4gsnade. Kvaliteten \u00e4r ytterst best\u00e4ndig mot fl\u00e4ckar och smuts. [&hellip;]<\/p>","protected":false},"author":1,"featured_media":0,"parent":9,"menu_order":0,"comment_status":"closed","ping_status":"closed","template":"","meta":{"_acf_changed":false,"_et_pb_use_builder":"on","_et_pb_old_content":"","_et_gb_content_width":"","footnotes":""},"class_list":["post-51737","page","type-page","status-publish","hentry"],"acf":[],"yoast_head":"<!-- This site is optimized with the Yoast SEO plugin v26.3 - https:\/\/yoast.com\/wordpress\/plugins\/seo\/ -->\n<title>N\u00e5gra ord om l\u00e4der - Conform Collection AB<\/title>\n<meta name=\"robots\" content=\"index, follow, max-snippet:-1, max-image-preview:large, max-video-preview:-1\" \/>\n<link rel=\"canonical\" href=\"https:\/\/conform.se\/en_us\/products\/a-few-words-about\/\" \/>\n<meta property=\"og:locale\" content=\"en_US\" \/>\n<meta property=\"og:type\" content=\"article\" \/>\n<meta property=\"og:title\" content=\"N\u00e5gra ord om l\u00e4der - Conform Collection AB\" \/>\n<meta property=\"og:description\" content=\"N\u00e5gra ord om \u2026\u2026 l\u00e4der. Vi jobbar huvudsakligen med tre l\u00e4derkvaliteter: standard-, semi-anilin- och anilinl\u00e4der. Deras egenskaper skiljer sig \u00e5t en del \u2013 precis som tycke, smak och unika behov hos slutanv\u00e4ndarna. Standardl\u00e4der \u00e4r ett korrigerat, t\u00e4ckf\u00e4rgat och narvsatt l\u00e4der d\u00e4r de flesta naturliga oregelbundheter \u00e4r avl\u00e4gsnade. Kvaliteten \u00e4r ytterst best\u00e4ndig mot fl\u00e4ckar och smuts. [&hellip;]\" \/>\n<meta property=\"og:url\" content=\"https:\/\/conform.se\/en_us\/products\/a-few-words-about\/\" \/>\n<meta property=\"og:site_name\" content=\"Conform Collection AB\" \/>\n<meta property=\"article:modified_time\" content=\"2023-01-20T12:44:33+00:00\" \/>\n<meta name=\"twitter:card\" content=\"summary_large_image\" \/>\n<meta name=\"twitter:label1\" content=\"Est. reading time\" \/>\n\t<meta name=\"twitter:data1\" content=\"7 minutes\" \/>\n<script type=\"application\/ld+json\" class=\"yoast-schema-graph\">{\"@context\":\"https:\/\/schema.org\",\"@graph\":[{\"@type\":\"WebPage\",\"@id\":\"https:\/\/conform.se\/produkter\/nagra-ord-om-lader\/\",\"url\":\"https:\/\/conform.se\/produkter\/nagra-ord-om-lader\/\",\"name\":\"N\u00e5gra ord om l\u00e4der - Conform Collection AB\",\"isPartOf\":{\"@id\":\"https:\/\/conform.se\/#website\"},\"datePublished\":\"2021-06-09T10:30:39+00:00\",\"dateModified\":\"2023-01-20T12:44:33+00:00\",\"breadcrumb\":{\"@id\":\"https:\/\/conform.se\/produkter\/nagra-ord-om-lader\/#breadcrumb\"},\"inLanguage\":\"en-US\",\"potentialAction\":[{\"@type\":\"ReadAction\",\"target\":[\"https:\/\/conform.se\/produkter\/nagra-ord-om-lader\/\"]}]},{\"@type\":\"BreadcrumbList\",\"@id\":\"https:\/\/conform.se\/produkter\/nagra-ord-om-lader\/#breadcrumb\",\"itemListElement\":[{\"@type\":\"ListItem\",\"position\":1,\"name\":\"Hem\",\"item\":\"https:\/\/conform.se\/\"},{\"@type\":\"ListItem\",\"position\":2,\"name\":\"PRODUKTER\",\"item\":\"https:\/\/conform.se\/de_de\/produkte\/\"},{\"@type\":\"ListItem\",\"position\":3,\"name\":\"N\u00e5gra ord om l\u00e4der\"}]},{\"@type\":\"WebSite\",\"@id\":\"https:\/\/conform.se\/#website\",\"url\":\"https:\/\/conform.se\/\",\"name\":\"Conform Collection AB\",\"description\":\"En f\u00e5t\u00f6lj fr\u00e5n Conform \u00e4r en v\u00e4lgjord f\u00e5t\u00f6lj av h\u00f6gsta kvalitet.\",\"potentialAction\":[{\"@type\":\"SearchAction\",\"target\":{\"@type\":\"EntryPoint\",\"urlTemplate\":\"https:\/\/conform.se\/?s={search_term_string}\"},\"query-input\":{\"@type\":\"PropertyValueSpecification\",\"valueRequired\":true,\"valueName\":\"search_term_string\"}}],\"inLanguage\":\"en-US\"}]}<\/script>\n<!-- \/ Yoast SEO plugin. -->","yoast_head_json":{"title":"N\u00e5gra ord om l\u00e4der - Conform Collection AB","robots":{"index":"index","follow":"follow","max-snippet":"max-snippet:-1","max-image-preview":"max-image-preview:large","max-video-preview":"max-video-preview:-1"},"canonical":"https:\/\/conform.se\/en_us\/products\/a-few-words-about\/","og_locale":"en_US","og_type":"article","og_title":"N\u00e5gra ord om l\u00e4der - Conform Collection AB","og_description":"N\u00e5gra ord om \u2026\u2026 l\u00e4der. Vi jobbar huvudsakligen med tre l\u00e4derkvaliteter: standard-, semi-anilin- och anilinl\u00e4der. Deras egenskaper skiljer sig \u00e5t en del \u2013 precis som tycke, smak och unika behov hos slutanv\u00e4ndarna. Standardl\u00e4der \u00e4r ett korrigerat, t\u00e4ckf\u00e4rgat och narvsatt l\u00e4der d\u00e4r de flesta naturliga oregelbundheter \u00e4r avl\u00e4gsnade. Kvaliteten \u00e4r ytterst best\u00e4ndig mot fl\u00e4ckar och smuts. [&hellip;]","og_url":"https:\/\/conform.se\/en_us\/products\/a-few-words-about\/","og_site_name":"Conform Collection AB","article_modified_time":"2023-01-20T12:44:33+00:00","twitter_card":"summary_large_image","twitter_misc":{"Est. reading time":"7 minutes"},"schema":{"@context":"https:\/\/schema.org","@graph":[{"@type":"WebPage","@id":"https:\/\/conform.se\/produkter\/nagra-ord-om-lader\/","url":"https:\/\/conform.se\/produkter\/nagra-ord-om-lader\/","name":"N\u00e5gra ord om l\u00e4der - Conform Collection AB","isPartOf":{"@id":"https:\/\/conform.se\/#website"},"datePublished":"2021-06-09T10:30:39+00:00","dateModified":"2023-01-20T12:44:33+00:00","breadcrumb":{"@id":"https:\/\/conform.se\/produkter\/nagra-ord-om-lader\/#breadcrumb"},"inLanguage":"en-US","potentialAction":[{"@type":"ReadAction","target":["https:\/\/conform.se\/produkter\/nagra-ord-om-lader\/"]}]},{"@type":"BreadcrumbList","@id":"https:\/\/conform.se\/produkter\/nagra-ord-om-lader\/#breadcrumb","itemListElement":[{"@type":"ListItem","position":1,"name":"Hem","item":"https:\/\/conform.se\/"},{"@type":"ListItem","position":2,"name":"PRODUKTER","item":"https:\/\/conform.se\/de_de\/produkte\/"},{"@type":"ListItem","position":3,"name":"N\u00e5gra ord om l\u00e4der"}]},{"@type":"WebSite","@id":"https:\/\/conform.se\/#website","url":"https:\/\/conform.se\/","name":"Conform Collection AB","description":"En f\u00e5t\u00f6lj fr\u00e5n Conform \u00e4r en v\u00e4lgjord f\u00e5t\u00f6lj av h\u00f6gsta kvalitet.","potentialAction":[{"@type":"SearchAction","target":{"@type":"EntryPoint","urlTemplate":"https:\/\/conform.se\/?s={search_term_string}"},"query-input":{"@type":"PropertyValueSpecification","valueRequired":true,"valueName":"search_term_string"}}],"inLanguage":"en-US"}]}},"_links":{"self":[{"href":"https:\/\/conform.se\/en_us\/wp-json\/wp\/v2\/pages\/51737","targetHints":{"allow":["GET"]}}],"collection":[{"href":"https:\/\/conform.se\/en_us\/wp-json\/wp\/v2\/pages"}],"about":[{"href":"https:\/\/conform.se\/en_us\/wp-json\/wp\/v2\/types\/page"}],"author":[{"embeddable":true,"href":"https:\/\/conform.se\/en_us\/wp-json\/wp\/v2\/users\/1"}],"replies":[{"embeddable":true,"href":"https:\/\/conform.se\/en_us\/wp-json\/wp\/v2\/comments?post=51737"}],"version-history":[{"count":4,"href":"https:\/\/conform.se\/en_us\/wp-json\/wp\/v2\/pages\/51737\/revisions"}],"predecessor-version":[{"id":55120,"href":"https:\/\/conform.se\/en_us\/wp-json\/wp\/v2\/pages\/51737\/revisions\/55120"}],"up":[{"embeddable":true,"href":"https:\/\/conform.se\/en_us\/wp-json\/wp\/v2\/pages\/9"}],"wp:attachment":[{"href":"https:\/\/conform.se\/en_us\/wp-json\/wp\/v2\/media?parent=51737"}],"curies":[{"name":"wp","href":"https:\/\/api.w.org\/{rel}","templated":true}]}}