{"id":58013,"date":"2024-08-27T08:21:21","date_gmt":"2024-08-27T06:21:21","guid":{"rendered":"https:\/\/conform.se\/?page_id=58013"},"modified":"2025-06-25T13:26:46","modified_gmt":"2025-06-25T11:26:46","slug":"about-our-fabrics","status":"publish","type":"page","link":"https:\/\/conform.se\/en_us\/about-our-fabrics\/","title":{"rendered":"About our fabrics"},"content":{"rendered":"<p>[et_pb_section fb_built=&#8221;1&#8243; admin_label=&#8221;Sektion&#8221; _builder_version=&#8221;4.22.1&#8243; _module_preset=&#8221;default&#8221; collapsed=&#8221;on&#8221; global_colors_info=&#8221;{}&#8221;][et_pb_row admin_label=&#8221;Row&#8221; _builder_version=&#8221;4.22.1&#8243; _module_preset=&#8221;default&#8221; collapsed=&#8221;on&#8221; global_colors_info=&#8221;{}&#8221;][et_pb_column type=&#8221;4_4&#8243; _builder_version=&#8221;4.22.1&#8243; _module_preset=&#8221;default&#8221; global_colors_info=&#8221;{}&#8221;][et_pb_text admin_label=&#8221;Text&#8221; _builder_version=&#8221;4.22.1&#8243; _module_preset=&#8221;default&#8221; text_font=&#8221;TradeGothicBold2||||||||&#8221; text_font_size=&#8221;60px&#8221; text_line_height=&#8221;1em&#8221; custom_margin=&#8221;||30px||false|false&#8221; text_font_size_tablet=&#8221;50px&#8221; text_font_size_phone=&#8221;40px&#8221; text_font_size_last_edited=&#8221;on|phone&#8221; global_colors_info=&#8221;{}&#8221;]<\/p>\n<p class=\"breakheading\" bis_skin_checked=\"1\" style=\"text-align: center;\"><span style=\"vertical-align: inherit;\"><span style=\"vertical-align: inherit;\"><span style=\"vertical-align: inherit;\"><span style=\"vertical-align: inherit;\"><span style=\"vertical-align: inherit;\"><span style=\"vertical-align: inherit;\">About our Fabrics <\/span><\/span><\/span><\/span><\/span><\/span><\/p>\n<div class=\"wp-block-columns is-layout-flex wp-container-core-columns-is-layout-2 wp-block-columns-is-layout-flex\" bis_skin_checked=\"1\">\n<p class=\"wp-block-column is-layout-flow wp-block-column-is-layout-flow\" bis_skin_checked=\"1\" style=\"text-align: center;\">\n<\/div>\n<p>[\/et_pb_text][\/et_pb_column][\/et_pb_row][et_pb_row column_structure=&#8221;1_3,2_3&#8243; admin_label=&#8221;Row&#8221; _builder_version=&#8221;4.22.1&#8243; _module_preset=&#8221;default&#8221; global_colors_info=&#8221;{}&#8221;][et_pb_column type=&#8221;1_3&#8243; admin_label=&#8221;Column&#8221; _builder_version=&#8221;4.22.1&#8243; _module_preset=&#8221;default&#8221; global_colors_info=&#8221;{}&#8221;][et_pb_image src=&#8221;https:\/\/conform.se\/wp-content\/uploads\/2021\/07\/C-O-N-F-O-R-M-M-I-M-I15760_vepa-scaled.jpg&#8221; title_text=&#8221;C O N F O R M &#8211; M I M I15760_vepa&#8221; _builder_version=&#8221;4.27.0&#8243; _module_preset=&#8221;default&#8221; global_colors_info=&#8221;{}&#8221;][\/et_pb_image][\/et_pb_column][et_pb_column type=&#8221;2_3&#8243; admin_label=&#8221;Column&#8221; _builder_version=&#8221;4.22.1&#8243; _module_preset=&#8221;default&#8221; global_colors_info=&#8221;{}&#8221;][et_pb_text admin_label=&#8221;Text&#8221; _builder_version=&#8221;4.22.1&#8243; _module_preset=&#8221;default&#8221; text_font_size=&#8221;26px&#8221; text_line_height=&#8221;1.4em&#8221; text_font_size_tablet=&#8221;24px&#8221; text_font_size_phone=&#8221;22px&#8221; text_font_size_last_edited=&#8221;on|phone&#8221; global_colors_info=&#8221;{}&#8221;]<\/p>\n<p class=\"p1\">Our experienced team of buyers and designers have spent years creating a range of fabrics that will work perfectly with our collection of sofas, chairs and beds. We are constantly updating our collection of clothing to be one of the best on the market. Conform has around 40-50 different fabrics to choose from and in each fabric family there are 4-7 different colours. This gives our customers a wide range to choose from.<\/p>\n<p class=\"p1\">Our goal is to prioritize sustainability in our development processes and create collections that minimize environmental impact without compromising quality or design. Each year, we aim to expand the range of sustainable options within our collection.<\/p>\n<p>[\/et_pb_text][\/et_pb_column][\/et_pb_row][\/et_pb_section][et_pb_section fb_built=&#8221;1&#8243; _builder_version=&#8221;4.22.1&#8243; _module_preset=&#8221;default&#8221; collapsed=&#8221;off&#8221; global_colors_info=&#8221;{}&#8221;][et_pb_row column_structure=&#8221;1_3,1_3,1_3&#8243; _builder_version=&#8221;4.22.1&#8243; _module_preset=&#8221;default&#8221; custom_padding=&#8221;|||0px||&#8221; global_colors_info=&#8221;{}&#8221;][et_pb_column type=&#8221;1_3&#8243; _builder_version=&#8221;4.22.1&#8243; _module_preset=&#8221;default&#8221; global_colors_info=&#8221;{}&#8221;][et_pb_text _builder_version=&#8221;4.22.1&#8243; _module_preset=&#8221;default&#8221; text_font_size=&#8221;18px&#8221; text_line_height=&#8221;1.6em&#8221; header_2_font=&#8221;TradeGothicBold2||||||||&#8221; custom_padding=&#8221;||0px|||&#8221; global_colors_info=&#8221;{}&#8221;]<\/p>\n<h2 class=\"wp-block-heading\" id=\"h-pricing\"><span style=\"vertical-align: inherit;\"><span style=\"vertical-align: inherit;\">Pricing<\/span><\/span><\/h2>\n<p>We always strive to find the best fabrics at a reasonable price. Our fabrics are divided into three different price groups, A, B and C. A is the most affordable price group and C the most expensive. The groups are based on price only, which means that fabrics in category A are as good as fabrics in category C, but within fabric groups B and C you can find extra values \u200b\u200bin qualities such as efficiency and easy care.\u00a0<\/p>\n<p>[\/et_pb_text][\/et_pb_column][et_pb_column type=&#8221;1_3&#8243; _builder_version=&#8221;4.22.1&#8243; _module_preset=&#8221;default&#8221; global_colors_info=&#8221;{}&#8221;][et_pb_text admin_label=&#8221;Text&#8221; _builder_version=&#8221;4.22.1&#8243; _module_preset=&#8221;default&#8221; text_font_size=&#8221;18px&#8221; text_line_height=&#8221;1.6em&#8221; header_2_font=&#8221;TradeGothicBold2||||||||&#8221; global_colors_info=&#8221;{}&#8221;]<\/p>\n<h2 class=\"wp-block-heading\" id=\"h-martindale\"><span style=\"vertical-align: inherit;\"><span style=\"vertical-align: inherit;\">Martindale\u00a0<\/span><\/span><\/h2>\n<p>Martindale is a test made to verify the durability of the yarns in the fabric. The selected fabric is covered on a small disc and then pressed with a certain weight against another type of standard fabric. These two are rubbed against each other until there are two threads broken or a clearly visible change in the fabric being tested. When the change occurs, the Martindale machine gives a value of how many rubs it took before the test stopped. To qualify as an upholstery fabric, you must reach 15,000 rubs.<\/p>\n<p>[\/et_pb_text][\/et_pb_column][et_pb_column type=&#8221;1_3&#8243; _builder_version=&#8221;4.22.1&#8243; _module_preset=&#8221;default&#8221; global_colors_info=&#8221;{}&#8221;][et_pb_text _builder_version=&#8221;4.22.1&#8243; _module_preset=&#8221;default&#8221; text_font_size=&#8221;18px&#8221; text_line_height=&#8221;1.6em&#8221; header_2_font=&#8221;TradeGothicBold2||||||||&#8221; global_colors_info=&#8221;{}&#8221;]<\/p>\n<h2 class=\"wp-block-heading\" id=\"h-lightfastness\"><span style=\"vertical-align: inherit;\"><span style=\"vertical-align: inherit;\">Light test\u00a0<\/span><\/span><\/h2>\n<p>In the lightfastness test, the selected fabric is placed in a machine that is set to expose the fabric to a certain type of light for a certain amount of time. The fabric is then evaluated against a blue scale of fabrics that have been exposed at the same time as your fabric. The blue scale comes out with 8 different looks where number one has been bleached and number 8 has not changed at all. With upholstery fabrics for indoor use, the values \u200b\u200bare usually from 4-6. The best values, 7 and 8 are almost only set for fabrics used for outdoor use.<\/p>\n<p>[\/et_pb_text][\/et_pb_column][\/et_pb_row][et_pb_row column_structure=&#8221;1_3,1_3,1_3&#8243; _builder_version=&#8221;4.22.1&#8243; _module_preset=&#8221;default&#8221; global_colors_info=&#8221;{}&#8221;][et_pb_column type=&#8221;1_3&#8243; _builder_version=&#8221;4.22.1&#8243; _module_preset=&#8221;default&#8221; global_colors_info=&#8221;{}&#8221;][et_pb_text _builder_version=&#8221;4.22.1&#8243; _module_preset=&#8221;default&#8221; text_font_size=&#8221;18px&#8221; text_line_height=&#8221;1.6em&#8221; header_2_font=&#8221;TradeGothicBold2||||||||&#8221; global_colors_info=&#8221;{}&#8221;]<\/p>\n<h2 class=\"wp-block-heading\" id=\"h-testing-methods\"><span style=\"vertical-align: inherit;\"><span style=\"vertical-align: inherit;\">Test methods\u00a0<\/span><\/span><\/h2>\n<p>\u00a0Martindale, pilling, and lightfastness tests are all conducted according to international standards. Understanding these different methods makes it easier to choose the best fabric for a specific customer's needs.\n\nFor example, if an armchair or chair is intended to be placed next to large windows, it's wise to pay extra attention to the lightfastness rating. If the armchair is for a large family with children and pets, you should take an extra look at the pilling and Martindale values. Loose hairs and external fibers often cause pilling<\/p>\n<p>[\/et_pb_text][\/et_pb_column][et_pb_column type=&#8221;1_3&#8243; _builder_version=&#8221;4.22.1&#8243; _module_preset=&#8221;default&#8221; global_colors_info=&#8221;{}&#8221;][et_pb_text admin_label=&#8221;Text&#8221; _builder_version=&#8221;4.22.1&#8243; _module_preset=&#8221;default&#8221; text_font_size=&#8221;18px&#8221; text_line_height=&#8221;1.6em&#8221; header_2_font=&#8221;TradeGothicBold2||||||||&#8221; custom_padding=&#8221;||0px|||&#8221; global_colors_info=&#8221;{}&#8221;]<\/p>\n<h2 class=\"wp-block-heading\" id=\"h-pilling\"><span style=\"vertical-align: inherit;\"><span style=\"vertical-align: inherit;\">Pilling\u00a0<\/span><\/span><\/h2>\n<p>The pilling test is done almost like the Martindale test, the difference is that the selected fabric is rubbed against itself and not against another standard fabric. The machine is then set to rub either 3000 or 5000 rubs before stopping. When the machine stops, the fabric is evaluated by a person in the lab and compared to standard images to evaluate how much pilling there is. The scale goes from 1-5, where 1 is very much pilling and 5 means no change when the test is done.<\/p>\n<p>[\/et_pb_text][\/et_pb_column][et_pb_column type=&#8221;1_3&#8243; _builder_version=&#8221;4.22.1&#8243; _module_preset=&#8221;default&#8221; global_colors_info=&#8221;{}&#8221;][\/et_pb_column][\/et_pb_row][\/et_pb_section][et_pb_section fb_built=&#8221;1&#8243; _builder_version=&#8221;4.22.1&#8243; _module_preset=&#8221;default&#8221; global_colors_info=&#8221;{}&#8221;][et_pb_row _builder_version=&#8221;4.22.1&#8243; _module_preset=&#8221;default&#8221; global_colors_info=&#8221;{}&#8221;][et_pb_column type=&#8221;4_4&#8243; _builder_version=&#8221;4.22.1&#8243; _module_preset=&#8221;default&#8221; global_colors_info=&#8221;{}&#8221;][et_pb_text _builder_version=&#8221;4.27.0&#8243; _module_preset=&#8221;default&#8221; text_font=&#8221;TradeGothicBold2||||||||&#8221; text_font_size=&#8221;48px&#8221; text_line_height=&#8221;1em&#8221; text_orientation=&#8221;center&#8221; module_alignment=&#8221;center&#8221; custom_margin=&#8221;||30px||false|false&#8221; text_font_size_tablet=&#8221;40px&#8221; text_font_size_phone=&#8221;34px&#8221; text_font_size_last_edited=&#8221;on|phone&#8221; global_colors_info=&#8221;{}&#8221;]<\/p>\n<p style=\"text-align: center;\">Related articles<\/p>\n<p>[\/et_pb_text][\/et_pb_column][\/et_pb_row][et_pb_row column_structure=&#8221;1_3,1_3,1_3&#8243; _builder_version=&#8221;4.22.1&#8243; _module_preset=&#8221;default&#8221; global_colors_info=&#8221;{}&#8221;][et_pb_column type=&#8221;1_3&#8243; _builder_version=&#8221;4.22.1&#8243; _module_preset=&#8221;default&#8221; global_colors_info=&#8221;{}&#8221;][et_pb_image src=&#8221;https:\/\/conform.se\/wp-content\/uploads\/2021\/07\/shutterstock_1766194481.webp&#8221; title_text=&#8221;shutterstock_1766194481&#8243; url=&#8221;https:\/\/conform.se\/take-care-of-your-product\/&#8221; url_new_window=&#8221;on&#8221; _builder_version=&#8221;4.27.0&#8243; _module_preset=&#8221;default&#8221; global_colors_info=&#8221;{}&#8221;][\/et_pb_image][et_pb_text _builder_version=&#8221;4.27.0&#8243; _module_preset=&#8221;default&#8221; text_font=&#8221;TradeGothicBold2||||||||&#8221; text_font_size=&#8221;24px&#8221; text_line_height=&#8221;1em&#8221; header_2_text_align=&#8221;center&#8221; text_orientation=&#8221;center&#8221; text_orientation_tablet=&#8221;center&#8221; text_orientation_phone=&#8221;center&#8221; text_orientation_last_edited=&#8221;on|desktop&#8221; global_colors_info=&#8221;{}&#8221;]<\/p>\n<p style=\"text-align: center;\">Different types of fabrics<\/p>\n<p>[\/et_pb_text][\/et_pb_column][et_pb_column type=&#8221;1_3&#8243; _builder_version=&#8221;4.22.1&#8243; _module_preset=&#8221;default&#8221; global_colors_info=&#8221;{}&#8221;][et_pb_image src=&#8221;https:\/\/conform.se\/wp-content\/uploads\/2021\/07\/shutterstock_188950475-kopia.webp&#8221; title_text=&#8221;shutterstock_188950475-kopia&#8221; url=&#8221;https:\/\/conform.se\/about-our-fabrics\/&#8221; url_new_window=&#8221;on&#8221; _builder_version=&#8221;4.27.0&#8243; _module_preset=&#8221;default&#8221; global_colors_info=&#8221;{}&#8221;][\/et_pb_image][et_pb_text _builder_version=&#8221;4.27.0&#8243; _module_preset=&#8221;default&#8221; text_font=&#8221;TradeGothicBold2||||||||&#8221; text_font_size=&#8221;24px&#8221; text_line_height=&#8221;1em&#8221; header_2_text_align=&#8221;center&#8221; text_orientation=&#8221;center&#8221; global_colors_info=&#8221;{}&#8221;]<\/p>\n<p style=\"text-align: center;\">Easy to clean fabrics<\/p>\n<p>[\/et_pb_text][\/et_pb_column][et_pb_column type=&#8221;1_3&#8243; _builder_version=&#8221;4.22.1&#8243; _module_preset=&#8221;default&#8221; global_colors_info=&#8221;{}&#8221;][et_pb_image src=&#8221;https:\/\/conform.se\/wp-content\/uploads\/2021\/07\/shutterstock_305127428.webp&#8221; title_text=&#8221;shutterstock_305127428&#8243; url=&#8221;https:\/\/conform.se\/about-our-leathers\/&#8221; url_new_window=&#8221;on&#8221; _builder_version=&#8221;4.27.0&#8243; _module_preset=&#8221;default&#8221; global_colors_info=&#8221;{}&#8221;][\/et_pb_image][et_pb_text _builder_version=&#8221;4.27.0&#8243; _module_preset=&#8221;default&#8221; text_font=&#8221;TradeGothicBold2||||||||&#8221; text_font_size=&#8221;24px&#8221; text_line_height=&#8221;1em&#8221; header_2_text_align=&#8221;center&#8221; text_orientation=&#8221;center&#8221; global_colors_info=&#8221;{}&#8221;]<\/p>\n<p style=\"text-align: center;\">About our leathers<\/p>\n<p>[\/et_pb_text][\/et_pb_column][\/et_pb_row][\/et_pb_section]<\/p>","protected":false},"excerpt":{"rendered":"<p>Om v\u00e5ra Tyger V\u00e5rt erfarna team av ink\u00f6pare och designers har i flera \u00e5r skapat en rad tyger som kommer att fungera perfekt med v\u00e5r kollektion av f\u00e5t\u00f6ljer och stolar. Vi uppdaterar st\u00e4ndigt v\u00e5r kollektion av kl\u00e4dsel f\u00f6r att vara en av de b\u00e4sta p\u00e5 marknaden. Conform har runt 40-50 olika tyger att v\u00e4lja mellan [&hellip;]<\/p>","protected":false},"author":5,"featured_media":0,"parent":0,"menu_order":0,"comment_status":"closed","ping_status":"closed","template":"","meta":{"_acf_changed":false,"_et_pb_use_builder":"on","_et_pb_old_content":"","_et_gb_content_width":"","footnotes":""},"class_list":["post-58013","page","type-page","status-publish","hentry"],"acf":[],"yoast_head":"<!-- This site is optimized with the Yoast SEO plugin v26.3 - https:\/\/yoast.com\/wordpress\/plugins\/seo\/ -->\n<title>About our fabrics - Conform Collection AB<\/title>\n<meta name=\"robots\" content=\"index, follow, max-snippet:-1, max-image-preview:large, max-video-preview:-1\" \/>\n<link rel=\"canonical\" href=\"https:\/\/conform.se\/en_us\/about-our-fabrics\/\" \/>\n<meta property=\"og:locale\" content=\"en_US\" \/>\n<meta property=\"og:type\" content=\"article\" \/>\n<meta property=\"og:title\" content=\"About our fabrics - Conform Collection AB\" \/>\n<meta property=\"og:description\" content=\"Om v\u00e5ra Tyger V\u00e5rt erfarna team av ink\u00f6pare och designers har i flera \u00e5r skapat en rad tyger som kommer att fungera perfekt med v\u00e5r kollektion av f\u00e5t\u00f6ljer och stolar. Vi uppdaterar st\u00e4ndigt v\u00e5r kollektion av kl\u00e4dsel f\u00f6r att vara en av de b\u00e4sta p\u00e5 marknaden. Conform har runt 40-50 olika tyger att v\u00e4lja mellan [&hellip;]\" \/>\n<meta property=\"og:url\" content=\"https:\/\/conform.se\/en_us\/about-our-fabrics\/\" \/>\n<meta property=\"og:site_name\" content=\"Conform Collection AB\" \/>\n<meta property=\"article:modified_time\" content=\"2025-06-25T11:26:46+00:00\" \/>\n<meta name=\"twitter:card\" content=\"summary_large_image\" \/>\n<meta name=\"twitter:label1\" content=\"Est. reading time\" \/>\n\t<meta name=\"twitter:data1\" content=\"4 minutes\" \/>\n<script type=\"application\/ld+json\" class=\"yoast-schema-graph\">{\"@context\":\"https:\/\/schema.org\",\"@graph\":[{\"@type\":\"WebPage\",\"@id\":\"https:\/\/conform.se\/about-our-fabrics\/\",\"url\":\"https:\/\/conform.se\/about-our-fabrics\/\",\"name\":\"About our fabrics - Conform Collection AB\",\"isPartOf\":{\"@id\":\"https:\/\/conform.se\/#website\"},\"datePublished\":\"2024-08-27T06:21:21+00:00\",\"dateModified\":\"2025-06-25T11:26:46+00:00\",\"breadcrumb\":{\"@id\":\"https:\/\/conform.se\/about-our-fabrics\/#breadcrumb\"},\"inLanguage\":\"en-US\",\"potentialAction\":[{\"@type\":\"ReadAction\",\"target\":[\"https:\/\/conform.se\/about-our-fabrics\/\"]}]},{\"@type\":\"BreadcrumbList\",\"@id\":\"https:\/\/conform.se\/about-our-fabrics\/#breadcrumb\",\"itemListElement\":[{\"@type\":\"ListItem\",\"position\":1,\"name\":\"Hem\",\"item\":\"https:\/\/conform.se\/\"},{\"@type\":\"ListItem\",\"position\":2,\"name\":\"About our fabrics\"}]},{\"@type\":\"WebSite\",\"@id\":\"https:\/\/conform.se\/#website\",\"url\":\"https:\/\/conform.se\/\",\"name\":\"Conform Collection AB\",\"description\":\"En f\u00e5t\u00f6lj fr\u00e5n Conform \u00e4r en v\u00e4lgjord f\u00e5t\u00f6lj av h\u00f6gsta kvalitet.\",\"potentialAction\":[{\"@type\":\"SearchAction\",\"target\":{\"@type\":\"EntryPoint\",\"urlTemplate\":\"https:\/\/conform.se\/?s={search_term_string}\"},\"query-input\":{\"@type\":\"PropertyValueSpecification\",\"valueRequired\":true,\"valueName\":\"search_term_string\"}}],\"inLanguage\":\"en-US\"}]}<\/script>\n<!-- \/ Yoast SEO plugin. -->","yoast_head_json":{"title":"About our fabrics - Conform Collection AB","robots":{"index":"index","follow":"follow","max-snippet":"max-snippet:-1","max-image-preview":"max-image-preview:large","max-video-preview":"max-video-preview:-1"},"canonical":"https:\/\/conform.se\/en_us\/about-our-fabrics\/","og_locale":"en_US","og_type":"article","og_title":"About our fabrics - Conform Collection AB","og_description":"Om v\u00e5ra Tyger V\u00e5rt erfarna team av ink\u00f6pare och designers har i flera \u00e5r skapat en rad tyger som kommer att fungera perfekt med v\u00e5r kollektion av f\u00e5t\u00f6ljer och stolar. Vi uppdaterar st\u00e4ndigt v\u00e5r kollektion av kl\u00e4dsel f\u00f6r att vara en av de b\u00e4sta p\u00e5 marknaden. Conform har runt 40-50 olika tyger att v\u00e4lja mellan [&hellip;]","og_url":"https:\/\/conform.se\/en_us\/about-our-fabrics\/","og_site_name":"Conform Collection AB","article_modified_time":"2025-06-25T11:26:46+00:00","twitter_card":"summary_large_image","twitter_misc":{"Est. reading time":"4 minutes"},"schema":{"@context":"https:\/\/schema.org","@graph":[{"@type":"WebPage","@id":"https:\/\/conform.se\/about-our-fabrics\/","url":"https:\/\/conform.se\/about-our-fabrics\/","name":"About our fabrics - Conform Collection AB","isPartOf":{"@id":"https:\/\/conform.se\/#website"},"datePublished":"2024-08-27T06:21:21+00:00","dateModified":"2025-06-25T11:26:46+00:00","breadcrumb":{"@id":"https:\/\/conform.se\/about-our-fabrics\/#breadcrumb"},"inLanguage":"en-US","potentialAction":[{"@type":"ReadAction","target":["https:\/\/conform.se\/about-our-fabrics\/"]}]},{"@type":"BreadcrumbList","@id":"https:\/\/conform.se\/about-our-fabrics\/#breadcrumb","itemListElement":[{"@type":"ListItem","position":1,"name":"Hem","item":"https:\/\/conform.se\/"},{"@type":"ListItem","position":2,"name":"About our fabrics"}]},{"@type":"WebSite","@id":"https:\/\/conform.se\/#website","url":"https:\/\/conform.se\/","name":"Conform Collection AB","description":"En f\u00e5t\u00f6lj fr\u00e5n Conform \u00e4r en v\u00e4lgjord f\u00e5t\u00f6lj av h\u00f6gsta kvalitet.","potentialAction":[{"@type":"SearchAction","target":{"@type":"EntryPoint","urlTemplate":"https:\/\/conform.se\/?s={search_term_string}"},"query-input":{"@type":"PropertyValueSpecification","valueRequired":true,"valueName":"search_term_string"}}],"inLanguage":"en-US"}]}},"_links":{"self":[{"href":"https:\/\/conform.se\/en_us\/wp-json\/wp\/v2\/pages\/58013","targetHints":{"allow":["GET"]}}],"collection":[{"href":"https:\/\/conform.se\/en_us\/wp-json\/wp\/v2\/pages"}],"about":[{"href":"https:\/\/conform.se\/en_us\/wp-json\/wp\/v2\/types\/page"}],"author":[{"embeddable":true,"href":"https:\/\/conform.se\/en_us\/wp-json\/wp\/v2\/users\/5"}],"replies":[{"embeddable":true,"href":"https:\/\/conform.se\/en_us\/wp-json\/wp\/v2\/comments?post=58013"}],"version-history":[{"count":56,"href":"https:\/\/conform.se\/en_us\/wp-json\/wp\/v2\/pages\/58013\/revisions"}],"predecessor-version":[{"id":60268,"href":"https:\/\/conform.se\/en_us\/wp-json\/wp\/v2\/pages\/58013\/revisions\/60268"}],"wp:attachment":[{"href":"https:\/\/conform.se\/en_us\/wp-json\/wp\/v2\/media?parent=58013"}],"curies":[{"name":"wp","href":"https:\/\/api.w.org\/{rel}","templated":true}]}}