{"id":58070,"date":"2024-08-27T08:21:06","date_gmt":"2024-08-27T06:21:06","guid":{"rendered":"https:\/\/conform.se\/?page_id=58070"},"modified":"2025-06-24T11:53:18","modified_gmt":"2025-06-24T09:53:18","slug":"about-our-leathers","status":"publish","type":"page","link":"https:\/\/conform.se\/en_us\/about-our-leathers\/","title":{"rendered":"About our leathers"},"content":{"rendered":"<p>[et_pb_section fb_built=&#8221;1&#8243; _builder_version=&#8221;4.22.1&#8243; _module_preset=&#8221;default&#8221; global_colors_info=&#8221;{}&#8221;][et_pb_row _builder_version=&#8221;4.22.1&#8243; _module_preset=&#8221;default&#8221; global_colors_info=&#8221;{}&#8221;][et_pb_column type=&#8221;4_4&#8243; _builder_version=&#8221;4.22.1&#8243; _module_preset=&#8221;default&#8221; global_colors_info=&#8221;{}&#8221;][et_pb_text _builder_version=&#8221;4.22.1&#8243; _module_preset=&#8221;default&#8221; text_font=&#8221;TradeGothicBold2||||||||&#8221; text_font_size=&#8221;60px&#8221; text_line_height=&#8221;1em&#8221; custom_margin=&#8221;||85px||false|false&#8221; custom_margin_tablet=&#8221;||65px||false|false&#8221; custom_margin_phone=&#8221;||50px||false|false&#8221; custom_margin_last_edited=&#8221;on|phone&#8221; custom_padding=&#8221;||1px|||&#8221; text_font_size_tablet=&#8221;50px&#8221; text_font_size_phone=&#8221;40px&#8221; text_font_size_last_edited=&#8221;on|phone&#8221; global_colors_info=&#8221;{}&#8221;]<\/p>\n<p style=\"text-align: center;\"><span style=\"vertical-align: inherit;\"><span style=\"vertical-align: inherit;\"><span style=\"vertical-align: inherit;\"><span style=\"vertical-align: inherit;\">About our Leathers<\/span><\/span><\/span><\/span><\/p>\n<p>[\/et_pb_text][et_pb_text _builder_version=&#8221;4.22.1&#8243; _module_preset=&#8221;default&#8221; text_font=&#8221;||||||||&#8221; text_font_size=&#8221;26px&#8221; text_line_height=&#8221;1.3em&#8221; text_font_size_tablet=&#8221;24px&#8221; text_font_size_phone=&#8221;22px&#8221; text_font_size_last_edited=&#8221;on|desktop&#8221; global_colors_info=&#8221;{}&#8221;]<\/p>\n<p>Our leathers are made from carefully selected pure natural products that vary in appearance in much the same way that wood and marble vary in appearance. This in turn means that all leather is unique, which helps to tell the history of the material. A leather's variations are not defects but should be seen as a sign that it is genuine leather \u2013 its individual character is what distinguishes it from artificial leather.<\/p>\n<p>All our leather complies with the REACH regulation and our high quality standards. We want to\u00a0ensure that each leather has undergone extensive review for its minimal environmental impact as well as its manufacturing and assurance that it does not contain any harmful chemicals. Our leather comes from 6 different tanneries in Europe - mainly from Italy.<\/p>\n<p>[\/et_pb_text][\/et_pb_column][\/et_pb_row][\/et_pb_section][et_pb_section fb_built=&#8221;1&#8243; _builder_version=&#8221;4.22.1&#8243; _module_preset=&#8221;default&#8221; global_colors_info=&#8221;{}&#8221;][et_pb_row column_structure=&#8221;1_2,1_2&#8243; _builder_version=&#8221;4.22.1&#8243; _module_preset=&#8221;default&#8221; global_colors_info=&#8221;{}&#8221;][et_pb_column type=&#8221;1_2&#8243; _builder_version=&#8221;4.22.1&#8243; _module_preset=&#8221;default&#8221; global_colors_info=&#8221;{}&#8221;][et_pb_image src=&#8221;https:\/\/conform.se\/wp-content\/uploads\/2024\/08\/Anilin-leather-textur.webp&#8221; title_text=&#8221;Anilin-leather-textur&#8221; _builder_version=&#8221;4.22.1&#8243; _module_preset=&#8221;default&#8221; global_colors_info=&#8221;{}&#8221;][\/et_pb_image][et_pb_text _builder_version=&#8221;4.22.1&#8243; _module_preset=&#8221;default&#8221; text_font_size=&#8221;18px&#8221; text_line_height=&#8221;1.6em&#8221; header_2_font=&#8221;TradeGothicBold2||||||||&#8221; global_colors_info=&#8221;{}&#8221;]<\/p>\n<h2 id=\"h-aniline\" class=\"wp-block-heading\"><span style=\"vertical-align: inherit;\"><span style=\"vertical-align: inherit;\">Anilin<\/span><\/span><\/h2>\n<p>Aniline leather is a premium leather. Pure aniline is treated with transparent, soluble dyes that preserve the skin's natural surface so that all the animal's pores, scars and marks remain visible. This is the most genuine and luxurious leather money can buy. Soft and supple to the touch, it has a rustic, textured look and each skin is unique, like a fingerprint. Over time, aniline leather develops the rich patina desired by leather connoisseurs. Unlike most other materials, this leather only improves with age. That said, patina can be an advantage or a disadvantage, depending on what you're after. The minimal treatment of this leather makes it more prone to stains and scratches, and it normally needs more care than other types of leather. Only 5% of all leather on the market today is suitable for aniline leather. If you want your leather to age beautifully, it needs to be treated with leather care products designed for it. This should be done about 3 or 4 times a year.<\/p>\n<h2 id=\"h-semi-aniline\" class=\"wp-block-heading\"><span style=\"vertical-align: inherit;\"><span style=\"vertical-align: inherit;\">Semi aniline<\/span><\/span><\/h2>\n<p>Semi-aniline leather is an aniline leather that has been dyed through and has been treated with an extra protective layer to increase its resistance to stains. The natural marks found on an aniline leather can in some cases also be found on a semi-aniline leather. This leather is generally comfortable and offers good breathability. Semi-aniline leather is less cold in winter, less sticky in summer and more resistant to stains and scratches. This makes it more user-friendly than true aniline and more suitable for households with pets and children.<\/p>\n<p>[\/et_pb_text][\/et_pb_column][et_pb_column type=&#8221;1_2&#8243; _builder_version=&#8221;4.22.1&#8243; _module_preset=&#8221;default&#8221; global_colors_info=&#8221;{}&#8221;][et_pb_image src=&#8221;https:\/\/conform.se\/wp-content\/uploads\/2024\/08\/Nubuck-leather.webp&#8221; title_text=&#8221;Nubuck-leather&#8221; _builder_version=&#8221;4.22.1&#8243; _module_preset=&#8221;default&#8221; global_colors_info=&#8221;{}&#8221;][\/et_pb_image][et_pb_text _builder_version=&#8221;4.22.1&#8243; _module_preset=&#8221;default&#8221; text_font_size=&#8221;18px&#8221; text_line_height=&#8221;1.6em&#8221; header_2_font=&#8221;TradeGothicBold2||||||||&#8221; global_colors_info=&#8221;{}&#8221;]<\/p>\n<h2 id=\"h-nubuck\" class=\"wp-block-heading\"><span style=\"vertical-align: inherit;\"><span style=\"vertical-align: inherit;\">Nubuck<\/span><\/span><\/h2>\n<p><span style=\"vertical-align: inherit;\"><span style=\"vertical-align: inherit;\">Nubuck is a lightly sanded, through-dyed aniline leather with open pores. Nubuck is a living leather that breathes and absorbs moisture, liquids and natural fats. The appearance can vary from skin to skin, with variation in texture and color and marks from, for example, insect bites, scars and scratches. These variations are characteristic of genuine leather, proving that the leather is genuine. The leather acquires its own character and patina through use, making it more beautiful as it ages. Our nubuck is treated to make it more resistant to spills and stains. This lasts about 2 years depending on use.<\/span><\/span><\/p>\n<h2 id=\"h-corrected-leather\" class=\"wp-block-heading\"><span style=\"vertical-align: inherit;\"><span style=\"vertical-align: inherit;\">Corrected leather\u00a0<\/span><\/span><\/h2>\n<p>Corrected leather is leather made from the top layer of the skin, where the outer layer has been sanded away. This is done to remove various marks such as insect bites, barbed wire cuts, scratches and other blemishes. The skin is sanded or polished before a protective coating is applied and an artificial texture is embossed into the surface. This type of leather is the most common across the board in terms of pattern and color. It has a less natural appearance than aniline or semi-aniline, but is highly resistant to spills and scratches and therefore requires less maintenance than other types of leather. It fits, for example, sofas for families with children.<\/p>\n<p>[\/et_pb_text][\/et_pb_column][\/et_pb_row][\/et_pb_section][et_pb_section fb_built=&#8221;1&#8243; _builder_version=&#8221;4.22.1&#8243; _module_preset=&#8221;default&#8221; global_colors_info=&#8221;{}&#8221;][et_pb_row _builder_version=&#8221;4.22.1&#8243; _module_preset=&#8221;default&#8221; global_colors_info=&#8221;{}&#8221;][et_pb_column type=&#8221;4_4&#8243; _builder_version=&#8221;4.22.1&#8243; _module_preset=&#8221;default&#8221; global_colors_info=&#8221;{}&#8221;][et_pb_text _builder_version=&#8221;4.22.1&#8243; _module_preset=&#8221;default&#8221; text_font=&#8221;TradeGothicBold2||||||||&#8221; text_font_size=&#8221;65px&#8221; text_line_height=&#8221;1em&#8221; custom_margin=&#8221;||60px||false|false&#8221; custom_margin_tablet=&#8221;||60px||false|false&#8221; custom_margin_phone=&#8221;||0px||false|false&#8221; custom_margin_last_edited=&#8221;on|phone&#8221; text_font_size_tablet=&#8221;50px&#8221; text_font_size_phone=&#8221;40px&#8221; text_font_size_last_edited=&#8221;on|phone&#8221; global_colors_info=&#8221;{}&#8221;]<\/p>\n<p id=\"h-what-happens-at-the-tannery\" class=\"has-text-align-center has-huge-font-size wp-block-heading\" style=\"text-align: center;\">What happens at the tannery<\/p>\n<p>[\/et_pb_text][\/et_pb_column][\/et_pb_row][et_pb_row column_structure=&#8221;1_2,1_2&#8243; _builder_version=&#8221;4.22.1&#8243; _module_preset=&#8221;default&#8221; collapsed=&#8221;off&#8221; global_colors_info=&#8221;{}&#8221;][et_pb_column type=&#8221;1_2&#8243; _builder_version=&#8221;4.22.1&#8243; _module_preset=&#8221;default&#8221; global_colors_info=&#8221;{}&#8221;][et_pb_image src=&#8221;https:\/\/conform.se\/wp-content\/uploads\/2024\/08\/Tannery_907x1240.webp&#8221; title_text=&#8221;Tannery_907x1240&#8243; _builder_version=&#8221;4.22.1&#8243; _module_preset=&#8221;default&#8221; global_colors_info=&#8221;{}&#8221;][\/et_pb_image][\/et_pb_column][et_pb_column type=&#8221;1_2&#8243; _builder_version=&#8221;4.22.1&#8243; _module_preset=&#8221;default&#8221; global_colors_info=&#8221;{}&#8221;][et_pb_text _builder_version=&#8221;4.22.1&#8243; _module_preset=&#8221;default&#8221; text_font_size=&#8221;18px&#8221; text_line_height=&#8221;1.6em&#8221; header_2_font=&#8221;TradeGothicBold2||||||||&#8221; global_colors_info=&#8221;{}&#8221;]<\/p>\n<h2 id=\"h-tanning\" class=\"wp-block-heading\"><span style=\"vertical-align: inherit;\"><span style=\"vertical-align: inherit;\">Tanning\u00a0<\/span><\/span><\/h2>\n<p>This process, which takes about 48 hours, makes the skins stable and easy to handle. The skins take on a grey-blue colour.<\/p>\n<h2 id=\"h-splitting\" class=\"wp-block-heading\"><\/h2>\n<h2 id=\"h-sorting\" class=\"wp-block-heading\"><span style=\"vertical-align: inherit;\"><span style=\"vertical-align: inherit;\">Sorting<\/span><\/span><\/h2>\n<p>Final inspection of the grained leather is done manually. The leather is sorted according to grain damage: the finest hides with the least damage are turned into aniline or semianiline. Only 5% of the hides are transformed into exclusive aniline leather. Note that a semianiline leather may only be called semianiline if the grain is untouched. The leather is called corrected leather if the grain is ground before dyeing. Hides with many marks are sanded and corrected and transformed into a standard leather, which has an embossed pattern and no open pores at all \u2013 a corrected leather, but still a grainy leather.<\/p>\n<h2 id=\"h-dyeing-through\" class=\"wp-block-heading\">Through staining<\/h2>\n<p>All skins are dyed through, giving them their final base color.<\/p>\n<h2 id=\"h-drying\" class=\"wp-block-heading\"><span style=\"vertical-align: inherit;\"><span style=\"vertical-align: inherit;\">Drying<\/span><\/span><\/h2>\n<p>The hides are stretched and dried in different ways depending on what they are to be made into.<\/p>\n<h2 id=\"h-testing\" class=\"wp-block-heading\"><span style=\"vertical-align: inherit;\"><span style=\"vertical-align: inherit;\">Testing<\/span><\/span><\/h2>\n<p>Testing of the final product is very important to determine the durability, flame resistance, light fastness, dry rub, wet rub, sweat rub, surface adhesion, tear strength and thickness of the leather. All these aspects are tested on each batch of finished leather. It takes about 4 to 6 weeks to get from rawhide to finished leather.<\/p>\n<p>[\/et_pb_text][\/et_pb_column][\/et_pb_row][\/et_pb_section][et_pb_section fb_built=&#8221;1&#8243; _builder_version=&#8221;4.22.1&#8243; _module_preset=&#8221;default&#8221; hover_enabled=&#8221;0&#8243; global_colors_info=&#8221;{}&#8221; sticky_enabled=&#8221;0&#8243;][et_pb_row _builder_version=&#8221;4.22.1&#8243; _module_preset=&#8221;default&#8221; global_colors_info=&#8221;{}&#8221;][et_pb_column type=&#8221;4_4&#8243; _builder_version=&#8221;4.22.1&#8243; _module_preset=&#8221;default&#8221; global_colors_info=&#8221;{}&#8221;][et_pb_text _builder_version=&#8221;4.27.0&#8243; _module_preset=&#8221;default&#8221; text_font=&#8221;TradeGothicBold2||||||||&#8221; text_font_size=&#8221;48px&#8221; text_line_height=&#8221;1em&#8221; text_font_size_tablet=&#8221;40px&#8221; text_font_size_phone=&#8221;34px&#8221; text_font_size_last_edited=&#8221;on|phone&#8221; global_colors_info=&#8221;{}&#8221;]<\/p>\n<p id=\"h-related-articles\" class=\"has-text-align-center has-large-font-size wp-block-heading\" style=\"text-align: center;\">Related articles<\/p>\n<p>[\/et_pb_text][\/et_pb_column][\/et_pb_row][et_pb_row column_structure=&#8221;1_3,1_3,1_3&#8243; _builder_version=&#8221;4.22.1&#8243; _module_preset=&#8221;default&#8221; global_colors_info=&#8221;{}&#8221;][et_pb_column type=&#8221;1_3&#8243; _builder_version=&#8221;4.22.1&#8243; _module_preset=&#8221;default&#8221; global_colors_info=&#8221;{}&#8221;][et_pb_image src=&#8221;https:\/\/conform.se\/wp-content\/uploads\/2024\/08\/Fabrics_details_46A0497.webp&#8221; title_text=&#8221;Fabrics_details_46A0497&#8243; url=&#8221;https:\/\/conform.se\/about-our-fabrics\/&#8221; url_new_window=&#8221;on&#8221; _builder_version=&#8221;4.27.0&#8243; _module_preset=&#8221;default&#8221; global_colors_info=&#8221;{}&#8221;][\/et_pb_image][et_pb_text _builder_version=&#8221;4.27.0&#8243; _module_preset=&#8221;default&#8221; text_font=&#8221;TradeGothicBold2||||||||&#8221; text_font_size=&#8221;24px&#8221; text_line_height=&#8221;1em&#8221; global_colors_info=&#8221;{}&#8221;]<\/p>\n<p id=\"h-about-our-fabrics\" class=\"has-text-align-center wp-block-heading\" style=\"text-align: center;\">About our fabrics<\/p>\n<p>[\/et_pb_text][\/et_pb_column][et_pb_column type=&#8221;1_3&#8243; _builder_version=&#8221;4.22.1&#8243; _module_preset=&#8221;default&#8221; global_colors_info=&#8221;{}&#8221;][et_pb_image src=&#8221;https:\/\/conform.se\/wp-content\/uploads\/2024\/08\/shutterstock_188950475-kopia-1.webp&#8221; title_text=&#8221;shutterstock_188950475-kopia (1)&#8221; url=&#8221;https:\/\/conform.se\/about-our-fabrics\/&#8221; url_new_window=&#8221;on&#8221; _builder_version=&#8221;4.27.0&#8243; _module_preset=&#8221;default&#8221; global_colors_info=&#8221;{}&#8221;][\/et_pb_image][et_pb_text _builder_version=&#8221;4.27.0&#8243; _module_preset=&#8221;default&#8221; text_font=&#8221;TradeGothicBold2||||||||&#8221; text_font_size=&#8221;24px&#8221; text_line_height=&#8221;1em&#8221; global_colors_info=&#8221;{}&#8221;]<\/p>\n<p id=\"h-easy-clean-fabrics\" class=\"has-text-align-center wp-block-heading\" style=\"text-align: center;\">Easy to clean fabrics<\/p>\n<p>[\/et_pb_text][\/et_pb_column][et_pb_column type=&#8221;1_3&#8243; _builder_version=&#8221;4.22.1&#8243; _module_preset=&#8221;default&#8221; global_colors_info=&#8221;{}&#8221;][et_pb_image src=&#8221;https:\/\/conform.se\/wp-content\/uploads\/2024\/08\/Vacuum-sofa-2.webp&#8221; title_text=&#8221;Vacuum-sofa-2&#8243; url=&#8221;https:\/\/conform.se\/take-care-of-your-product\/&#8221; url_new_window=&#8221;on&#8221; _builder_version=&#8221;4.27.0&#8243; _module_preset=&#8221;default&#8221; global_colors_info=&#8221;{}&#8221;][\/et_pb_image][et_pb_text _builder_version=&#8221;4.27.0&#8243; _module_preset=&#8221;default&#8221; text_font=&#8221;TradeGothicBold2||||||||&#8221; text_font_size=&#8221;24px&#8221; text_line_height=&#8221;1em&#8221; global_colors_info=&#8221;{}&#8221;]<\/p>\n<p id=\"h-take-care-of-your-product\" class=\"has-text-align-center wp-block-heading\" style=\"text-align: center;\">Take care of your product<\/p>\n<p>[\/et_pb_text][\/et_pb_column][\/et_pb_row][\/et_pb_section]<\/p>","protected":false},"excerpt":{"rendered":"<p>Om v\u00e5rt l\u00e4derV\u00e5ra l\u00e4der \u00e4r tillverkade av noggrant utvalda rena naturprodukter som varierar i utseende p\u00e5 ungef\u00e4r samma s\u00e4tt som tr\u00e4 och marmor varierar i utseende. Det betyder i sin tur att alla l\u00e4der \u00e4r unika vilket bidrar till att ber\u00e4tta materialets historia. Ett l\u00e4ders varianter \u00e4r inga defekter utan ska ses som ett tecken [&hellip;]<\/p>","protected":false},"author":5,"featured_media":0,"parent":0,"menu_order":0,"comment_status":"closed","ping_status":"closed","template":"","meta":{"_acf_changed":false,"_et_pb_use_builder":"on","_et_pb_old_content":"","_et_gb_content_width":"","footnotes":""},"class_list":["post-58070","page","type-page","status-publish","hentry"],"acf":[],"yoast_head":"<!-- This site is optimized with the Yoast SEO plugin v26.3 - https:\/\/yoast.com\/wordpress\/plugins\/seo\/ -->\n<title>About our leathers - Conform Collection AB<\/title>\n<meta name=\"robots\" content=\"index, follow, max-snippet:-1, max-image-preview:large, max-video-preview:-1\" \/>\n<link rel=\"canonical\" href=\"https:\/\/conform.se\/en_us\/about-our-leathers\/\" \/>\n<meta property=\"og:locale\" content=\"en_US\" \/>\n<meta property=\"og:type\" content=\"article\" \/>\n<meta property=\"og:title\" content=\"About our leathers - Conform Collection AB\" \/>\n<meta property=\"og:description\" content=\"Om v\u00e5rt l\u00e4derV\u00e5ra l\u00e4der \u00e4r tillverkade av noggrant utvalda rena naturprodukter som varierar i utseende p\u00e5 ungef\u00e4r samma s\u00e4tt som tr\u00e4 och marmor varierar i utseende. Det betyder i sin tur att alla l\u00e4der \u00e4r unika vilket bidrar till att ber\u00e4tta materialets historia. Ett l\u00e4ders varianter \u00e4r inga defekter utan ska ses som ett tecken [&hellip;]\" \/>\n<meta property=\"og:url\" content=\"https:\/\/conform.se\/en_us\/about-our-leathers\/\" \/>\n<meta property=\"og:site_name\" content=\"Conform Collection AB\" \/>\n<meta property=\"article:modified_time\" content=\"2025-06-24T09:53:18+00:00\" \/>\n<meta name=\"twitter:card\" content=\"summary_large_image\" \/>\n<meta name=\"twitter:label1\" content=\"Est. reading time\" \/>\n\t<meta name=\"twitter:data1\" content=\"6 minutes\" \/>\n<script type=\"application\/ld+json\" class=\"yoast-schema-graph\">{\"@context\":\"https:\/\/schema.org\",\"@graph\":[{\"@type\":\"WebPage\",\"@id\":\"https:\/\/conform.se\/about-our-leathers\/\",\"url\":\"https:\/\/conform.se\/about-our-leathers\/\",\"name\":\"About our leathers - Conform Collection AB\",\"isPartOf\":{\"@id\":\"https:\/\/conform.se\/#website\"},\"datePublished\":\"2024-08-27T06:21:06+00:00\",\"dateModified\":\"2025-06-24T09:53:18+00:00\",\"breadcrumb\":{\"@id\":\"https:\/\/conform.se\/about-our-leathers\/#breadcrumb\"},\"inLanguage\":\"en-US\",\"potentialAction\":[{\"@type\":\"ReadAction\",\"target\":[\"https:\/\/conform.se\/about-our-leathers\/\"]}]},{\"@type\":\"BreadcrumbList\",\"@id\":\"https:\/\/conform.se\/about-our-leathers\/#breadcrumb\",\"itemListElement\":[{\"@type\":\"ListItem\",\"position\":1,\"name\":\"Hem\",\"item\":\"https:\/\/conform.se\/\"},{\"@type\":\"ListItem\",\"position\":2,\"name\":\"About our leathers\"}]},{\"@type\":\"WebSite\",\"@id\":\"https:\/\/conform.se\/#website\",\"url\":\"https:\/\/conform.se\/\",\"name\":\"Conform Collection AB\",\"description\":\"En f\u00e5t\u00f6lj fr\u00e5n Conform \u00e4r en v\u00e4lgjord f\u00e5t\u00f6lj av h\u00f6gsta kvalitet.\",\"potentialAction\":[{\"@type\":\"SearchAction\",\"target\":{\"@type\":\"EntryPoint\",\"urlTemplate\":\"https:\/\/conform.se\/?s={search_term_string}\"},\"query-input\":{\"@type\":\"PropertyValueSpecification\",\"valueRequired\":true,\"valueName\":\"search_term_string\"}}],\"inLanguage\":\"en-US\"}]}<\/script>\n<!-- \/ Yoast SEO plugin. -->","yoast_head_json":{"title":"About our leathers - Conform Collection AB","robots":{"index":"index","follow":"follow","max-snippet":"max-snippet:-1","max-image-preview":"max-image-preview:large","max-video-preview":"max-video-preview:-1"},"canonical":"https:\/\/conform.se\/en_us\/about-our-leathers\/","og_locale":"en_US","og_type":"article","og_title":"About our leathers - Conform Collection AB","og_description":"Om v\u00e5rt l\u00e4derV\u00e5ra l\u00e4der \u00e4r tillverkade av noggrant utvalda rena naturprodukter som varierar i utseende p\u00e5 ungef\u00e4r samma s\u00e4tt som tr\u00e4 och marmor varierar i utseende. Det betyder i sin tur att alla l\u00e4der \u00e4r unika vilket bidrar till att ber\u00e4tta materialets historia. Ett l\u00e4ders varianter \u00e4r inga defekter utan ska ses som ett tecken [&hellip;]","og_url":"https:\/\/conform.se\/en_us\/about-our-leathers\/","og_site_name":"Conform Collection AB","article_modified_time":"2025-06-24T09:53:18+00:00","twitter_card":"summary_large_image","twitter_misc":{"Est. reading time":"6 minutes"},"schema":{"@context":"https:\/\/schema.org","@graph":[{"@type":"WebPage","@id":"https:\/\/conform.se\/about-our-leathers\/","url":"https:\/\/conform.se\/about-our-leathers\/","name":"About our leathers - Conform Collection AB","isPartOf":{"@id":"https:\/\/conform.se\/#website"},"datePublished":"2024-08-27T06:21:06+00:00","dateModified":"2025-06-24T09:53:18+00:00","breadcrumb":{"@id":"https:\/\/conform.se\/about-our-leathers\/#breadcrumb"},"inLanguage":"en-US","potentialAction":[{"@type":"ReadAction","target":["https:\/\/conform.se\/about-our-leathers\/"]}]},{"@type":"BreadcrumbList","@id":"https:\/\/conform.se\/about-our-leathers\/#breadcrumb","itemListElement":[{"@type":"ListItem","position":1,"name":"Hem","item":"https:\/\/conform.se\/"},{"@type":"ListItem","position":2,"name":"About our leathers"}]},{"@type":"WebSite","@id":"https:\/\/conform.se\/#website","url":"https:\/\/conform.se\/","name":"Conform Collection AB","description":"En f\u00e5t\u00f6lj fr\u00e5n Conform \u00e4r en v\u00e4lgjord f\u00e5t\u00f6lj av h\u00f6gsta kvalitet.","potentialAction":[{"@type":"SearchAction","target":{"@type":"EntryPoint","urlTemplate":"https:\/\/conform.se\/?s={search_term_string}"},"query-input":{"@type":"PropertyValueSpecification","valueRequired":true,"valueName":"search_term_string"}}],"inLanguage":"en-US"}]}},"_links":{"self":[{"href":"https:\/\/conform.se\/en_us\/wp-json\/wp\/v2\/pages\/58070","targetHints":{"allow":["GET"]}}],"collection":[{"href":"https:\/\/conform.se\/en_us\/wp-json\/wp\/v2\/pages"}],"about":[{"href":"https:\/\/conform.se\/en_us\/wp-json\/wp\/v2\/types\/page"}],"author":[{"embeddable":true,"href":"https:\/\/conform.se\/en_us\/wp-json\/wp\/v2\/users\/5"}],"replies":[{"embeddable":true,"href":"https:\/\/conform.se\/en_us\/wp-json\/wp\/v2\/comments?post=58070"}],"version-history":[{"count":31,"href":"https:\/\/conform.se\/en_us\/wp-json\/wp\/v2\/pages\/58070\/revisions"}],"predecessor-version":[{"id":60260,"href":"https:\/\/conform.se\/en_us\/wp-json\/wp\/v2\/pages\/58070\/revisions\/60260"}],"wp:attachment":[{"href":"https:\/\/conform.se\/en_us\/wp-json\/wp\/v2\/media?parent=58070"}],"curies":[{"name":"wp","href":"https:\/\/api.w.org\/{rel}","templated":true}]}}