{"id":57462,"date":"2023-09-05T13:52:01","date_gmt":"2023-09-05T11:52:01","guid":{"rendered":"https:\/\/conform.se\/?post_type=product&#038;p=57462"},"modified":"2024-12-13T10:15:22","modified_gmt":"2024-12-13T09:15:22","slug":"daisy","status":"publish","type":"product","link":"https:\/\/conform.se\/en_us\/produkt\/daisy\/","title":{"rendered":"DAISY"},"content":{"rendered":"<p>[et_pb_section fb_built=&#8221;1&#8243; admin_label=&#8221;Product_section_1&#8243; _builder_version=&#8221;4.16&#8243; _module_preset=&#8221;88fbdada-cceb-4f9b-a9aa-d4c88a92628e&#8221; global_colors_info=&#8221;{}&#8221;][et_pb_row column_structure=&#8221;1_2,1_2&#8243; admin_label=&#8221;Product_section_1_Row_1&#8243; _builder_version=&#8221;4.16&#8243; _module_preset=&#8221;d8100359-4993-4682-be0c-ad19d9fec291&#8243; global_colors_info=&#8221;{}&#8221;][et_pb_column type=&#8221;1_2&#8243; _builder_version=&#8221;4.16&#8243; custom_padding=&#8221;|||&#8221; global_colors_info=&#8221;{}&#8221; custom_padding__hover=&#8221;|||&#8221;][et_pb_image src=&#8221;https:\/\/conform.se\/wp-content\/uploads\/2021\/07\/Daisy.jpg&#8221; title_text=&#8221;Daisy&#8221; _builder_version=&#8221;4.22.1&#8243; _module_preset=&#8221;default&#8221; global_colors_info=&#8221;{}&#8221;][\/et_pb_image][\/et_pb_column][et_pb_column type=&#8221;1_2&#8243; _builder_version=&#8221;4.16&#8243; custom_padding=&#8221;|||50px|false|false&#8221; custom_padding_tablet=&#8221;&#8221; custom_padding_phone=&#8221;|||0px|false|false&#8221; custom_padding_last_edited=&#8221;on|phone&#8221; global_colors_info=&#8221;{}&#8221; custom_padding__hover=&#8221;|||&#8221;][et_pb_wc_title _builder_version=&#8221;4.16&#8243; _module_preset=&#8221;30fa5348-02b2-4947-917b-7e8433a4bb74&#8243; global_colors_info=&#8221;{}&#8221;][\/et_pb_wc_title][et_pb_text admin_label=&#8221;Ingress&#8221; _builder_version=&#8221;4.22.1&#8243; _module_preset=&#8221;b3eba0ed-5070-44ae-bd74-b93490164372&#8243; custom_padding=&#8221;1px||30px||false|false&#8221; global_colors_info=&#8221;{}&#8221;]<\/p>\n<div class=\"et_pb_module et_pb_wc_description et_pb_wc_description_0 et_pb_bg_layout_light et_pb_text_align_left\">\n<div class=\"et_pb_module_inner\">\n<p>Springtime for relaxation by Eddie Gustafsson<\/p>\n<\/div>\n<\/div>\n<p>[\/et_pb_text][et_pb_text _builder_version=&#8221;4.18.1&#8243; _module_preset=&#8221;57e3e4c1-dc67-483a-9069-9ec814ca6217&#8243; global_colors_info=&#8221;{}&#8221;]<\/p>\n<p class=\"p1\">Carrying the natural beauty of the flower it takes its name from, Daisy grew up on the drawing board. Vibrant shapes meet grace and elegance in an armchair that is equally pleasing to eye and body. Pick materials and colours you like and make Daisy flourish in your living room, as an expression of your personality and style.\u00a0<\/p>\n<p>[\/et_pb_text][et_pb_button button_url=&#8221;https:\/\/conform.se\/aterforsaljare\/&#8221; button_text=&#8221;Hitta \u00e5terf\u00f6rs\u00e4ljare&#8221; _builder_version=&#8221;4.22.1&#8243; _module_preset=&#8221;default&#8221; custom_margin=&#8221;-5px|||||&#8221; global_module=&#8221;57928&#8243; saved_tabs=&#8221;all&#8221; global_colors_info=&#8221;{}&#8221;][\/et_pb_button][\/et_pb_column][\/et_pb_row][\/et_pb_section][et_pb_section fb_built=&#8221;1&#8243; admin_label=&#8221;Product_section_2&#8243; _builder_version=&#8221;4.16&#8243; _module_preset=&#8221;5a1abd58-b14c-4486-89d6-48b98ac05a0a&#8221; global_colors_info=&#8221;{}&#8221;][et_pb_row admin_label=&#8221;Product_section_2_row_1&#8243; _builder_version=&#8221;4.16&#8243; _module_preset=&#8221;47490dd1-508b-4bb9-9a11-e485b574fa1f&#8221; global_colors_info=&#8221;{}&#8221;][et_pb_column type=&#8221;4_4&#8243; _builder_version=&#8221;4.16&#8243; _module_preset=&#8221;default&#8221; global_colors_info=&#8221;{}&#8221;][et_pb_text admin_label=&#8221;Specifikationer&#8221; _builder_version=&#8221;4.16&#8243; _module_preset=&#8221;bd584a46-f2f6-4fdf-8b9d-3eb6e38c0377&#8243; global_colors_info=&#8221;{}&#8221;]<\/p>\n<h3>Specifications<\/h3>\n<p>[\/et_pb_text][\/et_pb_column][\/et_pb_row][et_pb_row column_structure=&#8221;1_2,1_2&#8243; admin_label=&#8221;Product_section_2_row_2&#8243; _builder_version=&#8221;4.16&#8243; _module_preset=&#8221;d6a4fbdc-b1ae-4ab3-adf3-f2e233f7bb2c&#8221; global_colors_info=&#8221;{}&#8221;][et_pb_column type=&#8221;1_2&#8243; _builder_version=&#8221;4.16&#8243; _module_preset=&#8221;default&#8221; global_colors_info=&#8221;{}&#8221;][et_pb_accordion admin_label=&#8221;F\u00e5t\u00f6lj kl\u00e4dsel&#8221; _builder_version=&#8221;4.16&#8243; _module_preset=&#8221;14d74532-4da1-407b-8de4-32312aa88f4f&#8221; global_colors_info=&#8221;{}&#8221;][et_pb_accordion_item title=&#8221;hide&#8221; open=&#8221;on&#8221; _builder_version=&#8221;4.16&#8243; _module_preset=&#8221;default&#8221; custom_css_main_element=&#8221;display:none;&#8221; global_colors_info=&#8221;{}&#8221;][\/et_pb_accordion_item][et_pb_accordion_item title=&#8221;F\u00e5t\u00f6lj kl\u00e4dsel&#8221; _builder_version=&#8221;4.16&#8243; _module_preset=&#8221;default&#8221; global_colors_info=&#8221;{}&#8221; open=&#8221;off&#8221;]<\/p>\n<p>Leather, fabric or mix<\/p>\n<p>[\/et_pb_accordion_item][\/et_pb_accordion][\/et_pb_column][et_pb_column type=&#8221;1_2&#8243; _builder_version=&#8221;4.16&#8243; _module_preset=&#8221;default&#8221; global_colors_info=&#8221;{}&#8221;][et_pb_accordion admin_label=&#8221;Rygg&#8221; _builder_version=&#8221;4.16&#8243; _module_preset=&#8221;14d74532-4da1-407b-8de4-32312aa88f4f&#8221; global_colors_info=&#8221;{}&#8221;][et_pb_accordion_item title=&#8221;hide&#8221; open=&#8221;on&#8221; _builder_version=&#8221;4.16&#8243; _module_preset=&#8221;default&#8221; custom_css_main_element=&#8221;display:none;&#8221; global_colors_info=&#8221;{}&#8221;][\/et_pb_accordion_item][et_pb_accordion_item title=&#8221;Rygg&#8221; _builder_version=&#8221;4.16&#8243; _module_preset=&#8221;default&#8221; global_colors_info=&#8221;{}&#8221; open=&#8221;off&#8221;]<\/p>\n<blockquote>\n<p>The backrest is available in standard height.<\/p>\n<\/blockquote>\n<p>[\/et_pb_accordion_item][\/et_pb_accordion][\/et_pb_column][\/et_pb_row][et_pb_row column_structure=&#8221;1_2,1_2&#8243; admin_label=&#8221;Product_section_2_row_2&#8243; _builder_version=&#8221;4.16&#8243; _module_preset=&#8221;d6a4fbdc-b1ae-4ab3-adf3-f2e233f7bb2c&#8221; global_colors_info=&#8221;{}&#8221;][et_pb_column type=&#8221;1_2&#8243; _builder_version=&#8221;4.16&#8243; _module_preset=&#8221;default&#8221; global_colors_info=&#8221;{}&#8221;][et_pb_accordion admin_label=&#8221;F\u00e5t\u00f6lj kl\u00e4dsel&#8221; _builder_version=&#8221;4.16&#8243; _module_preset=&#8221;14d74532-4da1-407b-8de4-32312aa88f4f&#8221; global_colors_info=&#8221;{}&#8221;][et_pb_accordion_item title=&#8221;hide&#8221; open=&#8221;on&#8221; _builder_version=&#8221;4.16&#8243; _module_preset=&#8221;default&#8221; custom_css_main_element=&#8221;display:none;&#8221; global_colors_info=&#8221;{}&#8221;][\/et_pb_accordion_item][et_pb_accordion_item title=&#8221;Fot&#8221; _builder_version=&#8221;4.16&#8243; _module_preset=&#8221;default&#8221; global_colors_info=&#8221;{}&#8221; open=&#8221;off&#8221;]<\/p>\n<p>Foot Swivel chair with return memory in molded aluminum, black coated molded aluminum<\/p>\n<p>[\/et_pb_accordion_item][\/et_pb_accordion][\/et_pb_column][et_pb_column type=&#8221;1_2&#8243; _builder_version=&#8221;4.16&#8243; _module_preset=&#8221;default&#8221; global_colors_info=&#8221;{}&#8221;][\/et_pb_column][\/et_pb_row][et_pb_row column_structure=&#8221;1_2,1_2&#8243; admin_label=&#8221;Product_section_2_row_5&#8243; _builder_version=&#8221;4.16&#8243; _module_preset=&#8221;0534f340-85a9-4dde-b84a-27d89b5eacdf&#8221; custom_margin=&#8221;0px|795px|0px|16px|false|false&#8221; global_colors_info=&#8221;{}&#8221;][et_pb_column type=&#8221;1_2&#8243; _builder_version=&#8221;4.16&#8243; _module_preset=&#8221;default&#8221; global_colors_info=&#8221;{}&#8221;][et_pb_accordion admin_label=&#8221;M\u00e5tt&#8221; _builder_version=&#8221;4.18.1&#8243; _module_preset=&#8221;14d74532-4da1-407b-8de4-32312aa88f4f&#8221; global_colors_info=&#8221;{}&#8221;][et_pb_accordion_item title=&#8221;hide&#8221; open=&#8221;on&#8221; _builder_version=&#8221;4.16&#8243; _module_preset=&#8221;default&#8221; custom_css_main_element=&#8221;display:none;&#8221; global_colors_info=&#8221;{}&#8221;][\/et_pb_accordion_item][et_pb_accordion_item title=&#8221;M\u00e5tt&#8221; _builder_version=&#8221;4.18.1&#8243; _module_preset=&#8221;default&#8221; global_colors_info=&#8221;{}&#8221; open=&#8221;off&#8221;]<\/p>\n<p>H\u00f6jd 79 cm, Width 71 cm, Seat high 41 cm, Depth 78 cm\u00a0<\/p>\n<p>&nbsp;<\/p>\n<p>&nbsp;<\/p>\n<p>[\/et_pb_accordion_item][\/et_pb_accordion][\/et_pb_column][et_pb_column type=&#8221;1_2&#8243; _builder_version=&#8221;4.16&#8243; _module_preset=&#8221;default&#8221; global_colors_info=&#8221;{}&#8221;][\/et_pb_column][\/et_pb_row][\/et_pb_section][et_pb_section fb_built=&#8221;1&#8243; admin_label=&#8221;Product_section_3&#8243; module_id=&#8221;mnfullwidht&#8221; _builder_version=&#8221;4.16&#8243; _module_preset=&#8221;1b37964d-d490-49fe-aa90-0e16039139c8&#8243; global_colors_info=&#8221;{}&#8221;][et_pb_row admin_label=&#8221;Product_section_3_row_1&#8243; _builder_version=&#8221;4.27.0&#8243; _module_preset=&#8221;81bfc6e4-730e-447a-a3c9-de204fb60d00&#8243; global_colors_info=&#8221;{}&#8221;][et_pb_column type=&#8221;4_4&#8243; _builder_version=&#8221;4.16&#8243; _module_preset=&#8221;default&#8221; global_colors_info=&#8221;{}&#8221;][et_pb_text admin_label=&#8221;Product_section_3_headline&#8221; _builder_version=&#8221;4.16&#8243; _module_preset=&#8221;a3c03cda-4e28-4279-be1b-15ddb1efb026&#8243; global_colors_info=&#8221;{}&#8221;]<\/p>\n<h3>Products<\/h3>\n<p>[\/et_pb_text][et_pb_gallery gallery_ids=&#8221;57459,57458,57457&#8243; posts_number=&#8221;8&#8243; admin_label=&#8221;Product_gallery_4_image&#8221; _builder_version=&#8221;4.27.0&#8243; _module_preset=&#8221;dd2c3d99-22b3-4e64-a828-7b0c36f3e27b&#8221; width=&#8221;99%&#8221; max_width=&#8221;88%&#8221; max_height=&#8221;1000px&#8221; hover_enabled=&#8221;0&#8243; border_radii_image=&#8221;off||||1px&#8221; border_color_all_image=&#8221;#FFFFFF&#8221; box_shadow_style_image=&#8221;preset1&#8243; global_colors_info=&#8221;{}&#8221; sticky_enabled=&#8221;0&#8243;][\/et_pb_gallery][\/et_pb_column][\/et_pb_row][\/et_pb_section][et_pb_section fb_built=&#8221;1&#8243; admin_label=&#8221;Product_sektion_4&#8243; _builder_version=&#8221;4.16&#8243; _module_preset=&#8221;fa8900ea-c194-4ed1-a983-24e9480016c6&#8243; global_colors_info=&#8221;{}&#8221;][et_pb_row column_structure=&#8221;1_2,1_2&#8243; admin_label=&#8221;Product_sektion_4_row_1&#8243; _builder_version=&#8221;4.9.4&#8243; _module_preset=&#8221;dd60bbaa-7f63-402e-8160-4f020fe0f6fc&#8221; global_module=&#8221;51764&#8243; global_colors_info=&#8221;{}&#8221;][et_pb_column type=&#8221;1_2&#8243; _builder_version=&#8221;4.16&#8243; _module_preset=&#8221;default&#8221; global_colors_info=&#8221;{}&#8221;][et_pb_cta button_url=&#8221;\/produkter\/obekvamt-testad\/&#8221; button_text=&#8221;OBEKV\u00c4MT TESTAD F\u00d6R ETT BEKV\u00c4MT LIV&#8221; admin_label=&#8221;OBEKV\u00c4MT TESTAD &#8221; _builder_version=&#8221;4.22.1&#8243; _module_preset=&#8221;f7e76898-d08c-406d-9fd8-431978f9d88a&#8221; background_image=&#8221;https:\/\/conform.se\/wp-content\/uploads\/2021\/03\/testning-kopia.jpg&#8221; link_option_url=&#8221;\/produkter\/obekvamt-testad\/&#8221; locked=&#8221;off&#8221; global_colors_info=&#8221;{}&#8221;][\/et_pb_cta][\/et_pb_column][et_pb_column type=&#8221;1_2&#8243; _builder_version=&#8221;4.16&#8243; _module_preset=&#8221;default&#8221; global_colors_info=&#8221;{}&#8221;][et_pb_cta button_url=&#8221;\/produkter\/nagra-ord-om-lader\/&#8221; button_text=&#8221;N\u00c5GRA ORD OM L\u00c4DER&#8221; admin_label=&#8221;N\u00c5GRA ORD OM L\u00c4DER&#8221; _builder_version=&#8221;4.16&#8243; _module_preset=&#8221;f7e76898-d08c-406d-9fd8-431978f9d88a&#8221; background_image=&#8221;https:\/\/conform.se\/wp-content\/uploads\/2021\/03\/lader.jpg&#8221; link_option_url=&#8221;\/produkter\/nagra-ord-om-lader\/&#8221; locked=&#8221;off&#8221; global_colors_info=&#8221;{}&#8221;][\/et_pb_cta][\/et_pb_column][\/et_pb_row][\/et_pb_section][et_pb_section fb_built=&#8221;1&#8243; admin_label=&#8221;Product_section_5&#8243; _builder_version=&#8221;4.22.1&#8243; _module_preset=&#8221;4c01d984-364f-4f17-be67-8816cb54f4e0&#8243; global_colors_info=&#8221;{}&#8221;][et_pb_row column_structure=&#8221;1_2,1_2&#8243; admin_label=&#8221;Eddie Gustafsson&#8221; _builder_version=&#8221;4.27.0&#8243; _module_preset=&#8221;1a340d68-bb79-4bc8-be1f-e9c578620d59&#8243; global_module=&#8221;57629&#8243; global_colors_info=&#8221;{}&#8221;][et_pb_column type=&#8221;1_2&#8243; _builder_version=&#8221;4.22.1&#8243; _module_preset=&#8221;default&#8221; global_colors_info=&#8221;{}&#8221;][et_pb_image src=&#8221;https:\/\/conform.se\/wp-content\/uploads\/2021\/07\/Eddie_Gustafsson_3-scaled.jpg&#8221; title_text=&#8221;Eddie_Gustafsson_3&#8243; _builder_version=&#8221;4.22.1&#8243; _module_preset=&#8221;78e3b363-6501-4b4b-b2aa-fa250c323c6d&#8221; global_colors_info=&#8221;{}&#8221;][\/et_pb_image][\/et_pb_column][et_pb_column type=&#8221;1_2&#8243; _builder_version=&#8221;4.22.1&#8243; _module_preset=&#8221;default&#8221; global_colors_info=&#8221;{}&#8221;][et_pb_text _builder_version=&#8221;4.27.0&#8243; _module_preset=&#8221;e45ffce1-9439-482b-87e8-fa625b31f1e6&#8243; width_tablet=&#8221;&#8221; width_phone=&#8221;100%&#8221; width_last_edited=&#8221;on|phone&#8221; custom_margin_phone=&#8221;20px|0px|0px|0px|false|false&#8221; custom_padding=&#8221;|30px||30px|false|false&#8221; text_orientation_tablet=&#8221;&#8221; text_orientation_phone=&#8221;center&#8221; text_orientation_last_edited=&#8221;on|phone&#8221; global_colors_info=&#8221;{}&#8221;]<\/p>\n<h4><span class=\"ui-provider eo bzm bzn bzo bzp bzq bzr bzs bzt bzu bzv bzw bzx bzy bzz caa cab cac cae caf cag cah cai caj cak cal cam can cao cap caq car cas cat cau\" dir=\"ltr\">Eddie Gustafsson<\/span><br \/><span class=\"ui-provider eo bzm bzn bzo bzp bzq bzr bzs bzt bzu bzv bzw bzx bzy bzz caa cab cac cae caf cag cah cai caj cak cal cam can cao cap caq car cas cat cau\" dir=\"ltr\">Designer, Sweden<\/span><\/h4>\n<p><span><span class=\"ui-provider eo bzm bzn bzo bzp bzq bzr bzs bzt bzu bzv bzw bzx bzy bzz caa cab cac cae caf cag cah cai caj cak cal cam can cao cap caq car cas cat cau\" dir=\"ltr\">\u201cIn my work I try to simplify and strip down the product, without losing depth and interest in the design. It\u2019s about creating a raw yet worked product.\u201d<\/span><\/span><\/p>\n<p>[\/et_pb_text][\/et_pb_column][\/et_pb_row][\/et_pb_section][et_pb_section fb_built=&#8221;1&#8243; specialty=&#8221;on&#8221; _builder_version=&#8221;4.16&#8243; _module_preset=&#8221;f6164458-f67e-4076-bb0b-f1656df2d236&#8243; global_colors_info=&#8221;{}&#8221;][et_pb_column type=&#8221;1_2&#8243; specialty_columns=&#8221;2&#8243; _builder_version=&#8221;4.16&#8243; custom_padding=&#8221;|||&#8221; global_colors_info=&#8221;{}&#8221; custom_padding__hover=&#8221;|||&#8221;][\/et_pb_column][et_pb_column type=&#8221;1_2&#8243; _builder_version=&#8221;4.16&#8243; custom_padding=&#8221;|||&#8221; global_colors_info=&#8221;{}&#8221; custom_padding__hover=&#8221;|||&#8221;][et_pb_image src=&#8221;https:\/\/conform.se\/wp-content\/uploads\/2021\/07\/Daisy-horizontal-image-scaled.jpg&#8221; title_text=&#8221;Daisy horizontal image&#8221; _builder_version=&#8221;4.22.1&#8243; _module_preset=&#8221;default&#8221; global_colors_info=&#8221;{}&#8221;][\/et_pb_image][\/et_pb_column][\/et_pb_section]<\/p>","protected":false},"excerpt":{"rendered":"<p>Springtime for relaxation<\/p>","protected":false},"featured_media":57891,"comment_status":"closed","ping_status":"closed","template":"","meta":{"_acf_changed":false,"_et_pb_use_builder":"on","_et_pb_old_content":"","_et_gb_content_width":""},"product_brand":[],"product_cat":[103],"product_tag":[],"class_list":{"0":"post-57462","1":"product","2":"type-product","3":"status-publish","4":"has-post-thumbnail","6":"product_cat-daisy","8":"first","9":"instock","10":"shipping-taxable","11":"purchasable","12":"product-type-simple"},"acf":[],"yoast_head":"<!-- This site is optimized with the Yoast SEO plugin v26.3 - https:\/\/yoast.com\/wordpress\/plugins\/seo\/ -->\n<title>DAISY - Conform Collection AB<\/title>\n<meta name=\"robots\" content=\"index, follow, max-snippet:-1, max-image-preview:large, max-video-preview:-1\" \/>\n<link rel=\"canonical\" href=\"https:\/\/conform.se\/en_us\/produkt\/daisy\/\" \/>\n<meta property=\"og:locale\" content=\"en_US\" \/>\n<meta property=\"og:type\" content=\"article\" \/>\n<meta property=\"og:title\" content=\"DAISY - Conform Collection AB\" \/>\n<meta property=\"og:description\" content=\"Springtime for relaxation\" \/>\n<meta property=\"og:url\" content=\"https:\/\/conform.se\/en_us\/produkt\/daisy\/\" \/>\n<meta property=\"og:site_name\" content=\"Conform Collection AB\" \/>\n<meta property=\"article:modified_time\" content=\"2024-12-13T09:15:22+00:00\" \/>\n<meta property=\"og:image\" content=\"https:\/\/conform.se\/wp-content\/uploads\/2021\/07\/Daisy.jpg\" \/>\n\t<meta property=\"og:image:width\" content=\"1919\" \/>\n\t<meta property=\"og:image:height\" content=\"2560\" \/>\n\t<meta property=\"og:image:type\" content=\"image\/jpeg\" \/>\n<meta name=\"twitter:card\" content=\"summary_large_image\" \/>\n<meta name=\"twitter:label1\" content=\"Est. reading time\" \/>\n\t<meta name=\"twitter:data1\" content=\"3 minutes\" \/>\n<script type=\"application\/ld+json\" class=\"yoast-schema-graph\">{\"@context\":\"https:\/\/schema.org\",\"@graph\":[{\"@type\":\"WebPage\",\"@id\":\"https:\/\/conform.se\/produkt\/daisy\/\",\"url\":\"https:\/\/conform.se\/produkt\/daisy\/\",\"name\":\"DAISY - Conform Collection AB\",\"isPartOf\":{\"@id\":\"https:\/\/conform.se\/#website\"},\"primaryImageOfPage\":{\"@id\":\"https:\/\/conform.se\/produkt\/daisy\/#primaryimage\"},\"image\":{\"@id\":\"https:\/\/conform.se\/produkt\/daisy\/#primaryimage\"},\"thumbnailUrl\":\"https:\/\/conform.se\/wp-content\/uploads\/2021\/07\/Daisy.jpg\",\"datePublished\":\"2023-09-05T11:52:01+00:00\",\"dateModified\":\"2024-12-13T09:15:22+00:00\",\"breadcrumb\":{\"@id\":\"https:\/\/conform.se\/produkt\/daisy\/#breadcrumb\"},\"inLanguage\":\"en-US\",\"potentialAction\":[{\"@type\":\"ReadAction\",\"target\":[\"https:\/\/conform.se\/produkt\/daisy\/\"]}]},{\"@type\":\"ImageObject\",\"inLanguage\":\"en-US\",\"@id\":\"https:\/\/conform.se\/produkt\/daisy\/#primaryimage\",\"url\":\"https:\/\/conform.se\/wp-content\/uploads\/2021\/07\/Daisy.jpg\",\"contentUrl\":\"https:\/\/conform.se\/wp-content\/uploads\/2021\/07\/Daisy.jpg\",\"width\":1919,\"height\":2560},{\"@type\":\"BreadcrumbList\",\"@id\":\"https:\/\/conform.se\/produkt\/daisy\/#breadcrumb\",\"itemListElement\":[{\"@type\":\"ListItem\",\"position\":1,\"name\":\"Hem\",\"item\":\"https:\/\/conform.se\/\"},{\"@type\":\"ListItem\",\"position\":2,\"name\":\"Webbutik\",\"item\":\"https:\/\/conform.se\/de_de\/butik\/\"},{\"@type\":\"ListItem\",\"position\":3,\"name\":\"DAISY\"}]},{\"@type\":\"WebSite\",\"@id\":\"https:\/\/conform.se\/#website\",\"url\":\"https:\/\/conform.se\/\",\"name\":\"Conform Collection AB\",\"description\":\"En f\u00e5t\u00f6lj fr\u00e5n Conform \u00e4r en v\u00e4lgjord f\u00e5t\u00f6lj av h\u00f6gsta kvalitet.\",\"potentialAction\":[{\"@type\":\"SearchAction\",\"target\":{\"@type\":\"EntryPoint\",\"urlTemplate\":\"https:\/\/conform.se\/?s={search_term_string}\"},\"query-input\":{\"@type\":\"PropertyValueSpecification\",\"valueRequired\":true,\"valueName\":\"search_term_string\"}}],\"inLanguage\":\"en-US\"}]}<\/script>\n<!-- \/ Yoast SEO plugin. -->","yoast_head_json":{"title":"DAISY - Conform Collection AB","robots":{"index":"index","follow":"follow","max-snippet":"max-snippet:-1","max-image-preview":"max-image-preview:large","max-video-preview":"max-video-preview:-1"},"canonical":"https:\/\/conform.se\/en_us\/produkt\/daisy\/","og_locale":"en_US","og_type":"article","og_title":"DAISY - Conform Collection AB","og_description":"Springtime for relaxation","og_url":"https:\/\/conform.se\/en_us\/produkt\/daisy\/","og_site_name":"Conform Collection AB","article_modified_time":"2024-12-13T09:15:22+00:00","og_image":[{"width":1919,"height":2560,"url":"https:\/\/conform.se\/wp-content\/uploads\/2021\/07\/Daisy.jpg","type":"image\/jpeg"}],"twitter_card":"summary_large_image","twitter_misc":{"Est. reading time":"3 minutes"},"schema":{"@context":"https:\/\/schema.org","@graph":[{"@type":"WebPage","@id":"https:\/\/conform.se\/produkt\/daisy\/","url":"https:\/\/conform.se\/produkt\/daisy\/","name":"DAISY - Conform Collection AB","isPartOf":{"@id":"https:\/\/conform.se\/#website"},"primaryImageOfPage":{"@id":"https:\/\/conform.se\/produkt\/daisy\/#primaryimage"},"image":{"@id":"https:\/\/conform.se\/produkt\/daisy\/#primaryimage"},"thumbnailUrl":"https:\/\/conform.se\/wp-content\/uploads\/2021\/07\/Daisy.jpg","datePublished":"2023-09-05T11:52:01+00:00","dateModified":"2024-12-13T09:15:22+00:00","breadcrumb":{"@id":"https:\/\/conform.se\/produkt\/daisy\/#breadcrumb"},"inLanguage":"en-US","potentialAction":[{"@type":"ReadAction","target":["https:\/\/conform.se\/produkt\/daisy\/"]}]},{"@type":"ImageObject","inLanguage":"en-US","@id":"https:\/\/conform.se\/produkt\/daisy\/#primaryimage","url":"https:\/\/conform.se\/wp-content\/uploads\/2021\/07\/Daisy.jpg","contentUrl":"https:\/\/conform.se\/wp-content\/uploads\/2021\/07\/Daisy.jpg","width":1919,"height":2560},{"@type":"BreadcrumbList","@id":"https:\/\/conform.se\/produkt\/daisy\/#breadcrumb","itemListElement":[{"@type":"ListItem","position":1,"name":"Hem","item":"https:\/\/conform.se\/"},{"@type":"ListItem","position":2,"name":"Webbutik","item":"https:\/\/conform.se\/de_de\/butik\/"},{"@type":"ListItem","position":3,"name":"DAISY"}]},{"@type":"WebSite","@id":"https:\/\/conform.se\/#website","url":"https:\/\/conform.se\/","name":"Conform Collection AB","description":"En f\u00e5t\u00f6lj fr\u00e5n Conform \u00e4r en v\u00e4lgjord f\u00e5t\u00f6lj av h\u00f6gsta kvalitet.","potentialAction":[{"@type":"SearchAction","target":{"@type":"EntryPoint","urlTemplate":"https:\/\/conform.se\/?s={search_term_string}"},"query-input":{"@type":"PropertyValueSpecification","valueRequired":true,"valueName":"search_term_string"}}],"inLanguage":"en-US"}]}},"_links":{"self":[{"href":"https:\/\/conform.se\/en_us\/wp-json\/wp\/v2\/product\/57462","targetHints":{"allow":["GET"]}}],"collection":[{"href":"https:\/\/conform.se\/en_us\/wp-json\/wp\/v2\/product"}],"about":[{"href":"https:\/\/conform.se\/en_us\/wp-json\/wp\/v2\/types\/product"}],"replies":[{"embeddable":true,"href":"https:\/\/conform.se\/en_us\/wp-json\/wp\/v2\/comments?post=57462"}],"wp:featuredmedia":[{"embeddable":true,"href":"https:\/\/conform.se\/en_us\/wp-json\/wp\/v2\/media\/57891"}],"wp:attachment":[{"href":"https:\/\/conform.se\/en_us\/wp-json\/wp\/v2\/media?parent=57462"}],"wp:term":[{"taxonomy":"product_brand","embeddable":true,"href":"https:\/\/conform.se\/en_us\/wp-json\/wp\/v2\/product_brand?post=57462"},{"taxonomy":"product_cat","embeddable":true,"href":"https:\/\/conform.se\/en_us\/wp-json\/wp\/v2\/product_cat?post=57462"},{"taxonomy":"product_tag","embeddable":true,"href":"https:\/\/conform.se\/en_us\/wp-json\/wp\/v2\/product_tag?post=57462"}],"curies":[{"name":"wp","href":"https:\/\/api.w.org\/{rel}","templated":true}]}}